{"id":961,"date":"2021-10-13T11:34:02","date_gmt":"2021-10-13T11:34:02","guid":{"rendered":"https:\/\/tacticseurope.com\/demos\/5aldia\/influencerzy\/"},"modified":"2023-07-03T07:53:50","modified_gmt":"2023-07-03T07:53:50","slug":"nasi-sportowcy","status":"publish","type":"page","link":"https:\/\/longlifechallenge.eu\/pl\/nasi-sportowcy\/","title":{"rendered":"Nasi sportowcy"},"content":{"rendered":"<p>[et_pb_section fb_built=&#8221;1&#8243; _builder_version=&#8221;4.11.1&#8243; _module_preset=&#8221;default&#8221; global_colors_info=&#8221;{}&#8221;][et_pb_row column_structure=&#8221;1_2,1_2&#8243; _builder_version=&#8221;4.11.1&#8243; _module_preset=&#8221;default&#8221; global_colors_info=&#8221;{}&#8221;][et_pb_column type=&#8221;1_2&#8243; _builder_version=&#8221;4.11.1&#8243; _module_preset=&#8221;default&#8221; global_colors_info=&#8221;{}&#8221;][et_pb_image src=&#8221;https:\/\/longlifechallenge.eu\/wp-content\/uploads\/2021\/10\/Healthy-PL.jpg&#8221; title_text=&#8221;Healthy PL&#8221; _builder_version=&#8221;4.11.2&#8243; _module_preset=&#8221;default&#8221; global_colors_info=&#8221;{}&#8221;][\/et_pb_image][\/et_pb_column][et_pb_column type=&#8221;1_2&#8243; _builder_version=&#8221;4.11.1&#8243; _module_preset=&#8221;default&#8221; global_colors_info=&#8221;{}&#8221;][et_pb_text _builder_version=&#8221;4.11.2&#8243; _module_preset=&#8221;default&#8221; text_font_size=&#8221;16px&#8221; header_font=&#8221;|800|||||||&#8221; header_text_color=&#8221;#a3195c&#8221; header_font_size=&#8221;60px&#8221; header_font_size_tablet=&#8221;&#8221; header_font_size_phone=&#8221;43px&#8221; header_font_size_last_edited=&#8221;on|phone&#8221; global_colors_info=&#8221;{}&#8221;]<\/p>\n<h1 style=\"text-align: center;\">NASI SPORTOWCY<\/h1>\n<p><strong>We\u017a udzia\u0142 w treningu LONG LIFE TRAINING z naszymi OLIMPIJCZYKAMI<\/strong><\/p>\n<p>Czy istnieje kto\u015b lepszy ni\u017c olimpijczyk, kto mo\u017ce powiedzie\u0107 kilka s\u0142\u00f3w na temat zbilansowanej diety i zdrowego trybu \u017cycia? Tak, 5 olimpijczyk\u00f3w! Naszych 5 mistrz\u00f3w #LongLifeChallenge.<\/p>\n<p>Dzi\u0119ki nim poznacie wszystkie tajemnice dotycz\u0105ce bardziej aktywnego trybu \u017cycia i zdrowszej diety.<\/p>\n<p>Od wskaz\u00f3wek, jak w \u0142atwy i ciekawy spos\u00f3b uwzgl\u0119dnia\u0107 warzywa i owoce w codziennej diecie, po porady dotycz\u0105ce sportu i odpoczynku.<\/p>\n<p>Do\u0142\u0105cz do nich i zawalcz o lepsze \u017cycie!<\/p>\n<p>Dowiedz si\u0119 wszystkiego o naszych sportowcach! \ud83d\ude09<\/p>\n<p>[\/et_pb_text][\/et_pb_column][\/et_pb_row][et_pb_row _builder_version=&#8221;4.11.1&#8243; _module_preset=&#8221;default&#8221; global_colors_info=&#8221;{}&#8221;][et_pb_column type=&#8221;4_4&#8243; _builder_version=&#8221;4.11.1&#8243; _module_preset=&#8221;default&#8221; global_colors_info=&#8221;{}&#8221;][et_pb_divider divider_weight=&#8221;2px&#8221; _builder_version=&#8221;4.11.1&#8243; _module_preset=&#8221;default&#8221; width=&#8221;75%&#8221; module_alignment=&#8221;center&#8221; global_colors_info=&#8221;{}&#8221;][\/et_pb_divider][\/et_pb_column][\/et_pb_row][et_pb_row column_structure=&#8221;1_2,1_2&#8243; disabled_on=&#8221;on|off|off&#8221; module_id=&#8221;Ona&#8221; _builder_version=&#8221;4.11.2&#8243; _module_preset=&#8221;default&#8221; global_colors_info=&#8221;{}&#8221;][et_pb_column type=&#8221;1_2&#8243; _builder_version=&#8221;4.11.1&#8243; _module_preset=&#8221;default&#8221; global_colors_info=&#8221;{}&#8221;][et_pb_image src=&#8221;https:\/\/longlifechallenge.eu\/wp-content\/uploads\/2021\/10\/ona_carbonell_pl.jpg&#8221; title_text=&#8221;ona_carbonell_pl&#8221; _builder_version=&#8221;4.11.2&#8243; _module_preset=&#8221;default&#8221; hover_enabled=&#8221;0&#8243; global_colors_info=&#8221;{}&#8221; url=&#8221;@ET-DC@eyJkeW5hbWljIjp0cnVlLCJjb250ZW50IjoicG9zdF9saW5rX3VybF9wYWdlIiwic2V0dGluZ3MiOnsicG9zdF9pZCI6IjQwMTcifX0=@&#8221; _dynamic_attributes=&#8221;url&#8221; sticky_enabled=&#8221;0&#8243;][\/et_pb_image][\/et_pb_column][et_pb_column type=&#8221;1_2&#8243; _builder_version=&#8221;4.11.1&#8243; _module_preset=&#8221;default&#8221; global_colors_info=&#8221;{}&#8221;][et_pb_image src=&#8221;https:\/\/longlifechallenge.eu\/wp-content\/uploads\/2021\/10\/lidia_valentin_pl.jpg&#8221; title_text=&#8221;lidia_valentin_pl&#8221; _builder_version=&#8221;4.11.2&#8243; _module_preset=&#8221;default&#8221; hover_enabled=&#8221;0&#8243; global_colors_info=&#8221;{}&#8221; url=&#8221;@ET-DC@eyJkeW5hbWljIjp0cnVlLCJjb250ZW50IjoicG9zdF9saW5rX3VybF9wYWdlIiwic2V0dGluZ3MiOnsicG9zdF9pZCI6IjQwMTEifX0=@&#8221; _dynamic_attributes=&#8221;url&#8221; sticky_enabled=&#8221;0&#8243;][\/et_pb_image][\/et_pb_column][\/et_pb_row][et_pb_row column_structure=&#8221;1_2,1_2&#8243; disabled_on=&#8221;on|off|off&#8221; module_id=&#8221;Sebastian&#8221; _builder_version=&#8221;4.11.2&#8243; _module_preset=&#8221;default&#8221; global_colors_info=&#8221;{}&#8221;][et_pb_column type=&#8221;1_2&#8243; _builder_version=&#8221;4.11.1&#8243; _module_preset=&#8221;default&#8221; global_colors_info=&#8221;{}&#8221;][et_pb_image src=&#8221;https:\/\/longlifechallenge.eu\/wp-content\/uploads\/2021\/10\/sebastian_brendel_pl.jpg&#8221; title_text=&#8221;sebastian_brendel_pl&#8221; _builder_version=&#8221;4.11.2&#8243; _module_preset=&#8221;default&#8221; hover_enabled=&#8221;0&#8243; global_colors_info=&#8221;{}&#8221; url=&#8221;@ET-DC@eyJkeW5hbWljIjp0cnVlLCJjb250ZW50IjoicG9zdF9saW5rX3VybF9wYWdlIiwic2V0dGluZ3MiOnsicG9zdF9pZCI6IjQwMjAifX0=@&#8221; _dynamic_attributes=&#8221;url&#8221; sticky_enabled=&#8221;0&#8243;][\/et_pb_image][\/et_pb_column][et_pb_column type=&#8221;1_2&#8243; _builder_version=&#8221;4.11.1&#8243; _module_preset=&#8221;default&#8221; global_colors_info=&#8221;{}&#8221;][et_pb_image src=&#8221;https:\/\/longlifechallenge.eu\/wp-content\/uploads\/2021\/10\/florent_manaudou_pl.jpg&#8221; title_text=&#8221;florent_manaudou_pl&#8221; _builder_version=&#8221;4.11.2&#8243; _module_preset=&#8221;default&#8221; hover_enabled=&#8221;0&#8243; global_colors_info=&#8221;{}&#8221; url=&#8221;@ET-DC@eyJkeW5hbWljIjp0cnVlLCJjb250ZW50IjoicG9zdF9saW5rX3VybF9wYWdlIiwic2V0dGluZ3MiOnsicG9zdF9pZCI6IjQwMDgifX0=@&#8221; _dynamic_attributes=&#8221;url&#8221; sticky_enabled=&#8221;0&#8243;][\/et_pb_image][\/et_pb_column][\/et_pb_row][et_pb_row column_structure=&#8221;1_2,1_2&#8243; disabled_on=&#8221;on|off|off&#8221; module_id=&#8221;Maja&#8221; _builder_version=&#8221;4.11.2&#8243; _module_preset=&#8221;default&#8221; global_colors_info=&#8221;{}&#8221;][et_pb_column type=&#8221;1_2&#8243; _builder_version=&#8221;4.11.1&#8243; _module_preset=&#8221;default&#8221; global_colors_info=&#8221;{}&#8221;][et_pb_image src=&#8221;https:\/\/longlifechallenge.eu\/wp-content\/uploads\/2021\/11\/maja_wloszczowska_PL.jpg&#8221; title_text=&#8221;maja_wloszczowska_PL&#8221; _builder_version=&#8221;4.11.2&#8243; _module_preset=&#8221;default&#8221; hover_enabled=&#8221;0&#8243; global_colors_info=&#8221;{}&#8221; url=&#8221;@ET-DC@eyJkeW5hbWljIjp0cnVlLCJjb250ZW50IjoicG9zdF9saW5rX3VybF9wYWdlIiwic2V0dGluZ3MiOnsicG9zdF9pZCI6IjQwMTQifX0=@&#8221; _dynamic_attributes=&#8221;url&#8221; sticky_enabled=&#8221;0&#8243;][\/et_pb_image][\/et_pb_column][et_pb_column type=&#8221;1_2&#8243; _builder_version=&#8221;4.11.1&#8243; _module_preset=&#8221;default&#8221; global_colors_info=&#8221;{}&#8221;][\/et_pb_column][\/et_pb_row][\/et_pb_section]<\/p>\n","protected":false},"excerpt":{"rendered":"<p>NASI SPORTOWCY We\u017a udzia\u0142 w treningu LONG LIFE TRAINING z naszymi OLIMPIJCZYKAMI Czy istnieje kto\u015b lepszy ni\u017c olimpijczyk, kto mo\u017ce powiedzie\u0107 kilka s\u0142\u00f3w na temat zbilansowanej diety i zdrowego trybu \u017cycia? Tak, 5 olimpijczyk\u00f3w! Naszych 5 mistrz\u00f3w #LongLifeChallenge. Dzi\u0119ki nim poznacie wszystkie tajemnice dotycz\u0105ce bardziej aktywnego trybu \u017cycia i zdrowszej diety. Od wskaz\u00f3wek, jak w [&hellip;]<\/p>\n","protected":false},"author":1,"featured_media":0,"parent":0,"menu_order":0,"comment_status":"closed","ping_status":"closed","template":"","meta":{"_et_pb_use_builder":"on","_et_pb_old_content":"","_et_gb_content_width":"","footnotes":""},"_links":{"self":[{"href":"https:\/\/longlifechallenge.eu\/pl\/wp-json\/wp\/v2\/pages\/961"}],"collection":[{"href":"https:\/\/longlifechallenge.eu\/pl\/wp-json\/wp\/v2\/pages"}],"about":[{"href":"https:\/\/longlifechallenge.eu\/pl\/wp-json\/wp\/v2\/types\/page"}],"author":[{"embeddable":true,"href":"https:\/\/longlifechallenge.eu\/pl\/wp-json\/wp\/v2\/users\/1"}],"replies":[{"embeddable":true,"href":"https:\/\/longlifechallenge.eu\/pl\/wp-json\/wp\/v2\/comments?post=961"}],"version-history":[{"count":10,"href":"https:\/\/longlifechallenge.eu\/pl\/wp-json\/wp\/v2\/pages\/961\/revisions"}],"predecessor-version":[{"id":4057,"href":"https:\/\/longlifechallenge.eu\/pl\/wp-json\/wp\/v2\/pages\/961\/revisions\/4057"}],"wp:attachment":[{"href":"https:\/\/longlifechallenge.eu\/pl\/wp-json\/wp\/v2\/media?parent=961"}],"curies":[{"name":"wp","href":"https:\/\/api.w.org\/{rel}","templated":true}]}}