{"id":958,"date":"2021-10-13T11:30:51","date_gmt":"2021-10-13T11:30:51","guid":{"rendered":"https:\/\/tacticseurope.com\/demos\/5aldia\/przepisy\/"},"modified":"2021-10-25T10:44:44","modified_gmt":"2021-10-25T10:44:44","slug":"przepisy","status":"publish","type":"page","link":"https:\/\/longlifechallenge.eu\/pl\/przepisy\/","title":{"rendered":"Przepisy"},"content":{"rendered":"<p>[et_pb_section fb_built=&#8221;1&#8243; _builder_version=&#8221;4.11.1&#8243; _module_preset=&#8221;default&#8221; global_colors_info=&#8221;{}&#8221;][et_pb_row column_structure=&#8221;1_2,1_2&#8243; _builder_version=&#8221;4.11.1&#8243; _module_preset=&#8221;default&#8221; global_colors_info=&#8221;{}&#8221;][et_pb_column type=&#8221;1_2&#8243; _builder_version=&#8221;4.11.1&#8243; _module_preset=&#8221;default&#8221; global_colors_info=&#8221;{}&#8221;][et_pb_image src=&#8221;https:\/\/longlifechallenge.eu\/wp-content\/uploads\/2021\/10\/recetas.jpg&#8221; title_text=&#8221;Rice crisp bread with strawberries and cottage cheese&#8221; _builder_version=&#8221;4.11.2&#8243; _module_preset=&#8221;default&#8221; global_colors_info=&#8221;{}&#8221;][\/et_pb_image][\/et_pb_column][et_pb_column type=&#8221;1_2&#8243; _builder_version=&#8221;4.11.1&#8243; _module_preset=&#8221;default&#8221; global_colors_info=&#8221;{}&#8221;][et_pb_text _builder_version=&#8221;4.11.1&#8243; _module_preset=&#8221;default&#8221; text_font_size=&#8221;16px&#8221; header_font=&#8221;|800|||||||&#8221; header_text_color=&#8221;#a3195c&#8221; header_font_size=&#8221;60px&#8221; header_font_size_tablet=&#8221;&#8221; header_font_size_phone=&#8221;45px&#8221; header_font_size_last_edited=&#8221;on|phone&#8221; global_colors_info=&#8221;{}&#8221;]<\/p>\n<h1 style=\"text-align: center;\"><strong>PRZEPISY<\/strong><\/h1>\n<p>Odkryj najzdrowsze i najciekawsze przepisy, by podj\u0105\u0107 nasze wyzwanie<br \/>Z europejskich warzyw i owoc\u00f3w wyczarujesz tysi\u0105ce potraw w Twojej kuchni!<\/p>\n<p>Pocz\u0105wszy od po\u017cywnych \u015bniada\u0144 po lekkie sa\u0142atki, od najzdrowszych przek\u0105sek po \u015bwie\u017cutkie koktajle smoothie. A wszystko to zawiera mn\u00f3stwo witamin i minera\u0142\u00f3w dla zdrowia \u2013 nie wspominaj\u0105c ju\u017c o smaku!<\/p>\n<p>Chcesz je odkry\u0107? A zatem do dzie\u0142a \u2013 przygotowali\u015bmy dla Ciebie kilka smakowitych propozycji \ud83d\ude09<\/p>\n<p>[\/et_pb_text][\/et_pb_column][\/et_pb_row][et_pb_row _builder_version=&#8221;4.11.1&#8243; _module_preset=&#8221;default&#8221; global_colors_info=&#8221;{}&#8221;][et_pb_column type=&#8221;4_4&#8243; _builder_version=&#8221;4.11.1&#8243; _module_preset=&#8221;default&#8221; global_colors_info=&#8221;{}&#8221;][et_pb_divider color=&#8221;#a3195c&#8221; divider_weight=&#8221;2px&#8221; _builder_version=&#8221;4.11.1&#8243; _module_preset=&#8221;default&#8221; width=&#8221;75%&#8221; module_alignment=&#8221;center&#8221; global_colors_info=&#8221;{}&#8221;][\/et_pb_divider][\/et_pb_column][\/et_pb_row][et_pb_row column_structure=&#8221;1_2,1_2&#8243; _builder_version=&#8221;4.11.1&#8243; _module_preset=&#8221;default&#8221; global_colors_info=&#8221;{}&#8221;][et_pb_column type=&#8221;1_2&#8243; _builder_version=&#8221;4.11.1&#8243; _module_preset=&#8221;default&#8221; global_colors_info=&#8221;{}&#8221;][et_pb_image src=&#8221;https:\/\/longlifechallenge.eu\/wp-content\/uploads\/2021\/10\/desayunos.jpg&#8221; title_text=&#8221;Citrus Crepes arrangement with fruits, berries, cocoa cream and varied vegetarian food&#8221; _builder_version=&#8221;4.11.2&#8243; _module_preset=&#8221;default&#8221; hover_enabled=&#8221;0&#8243; global_colors_info=&#8221;{}&#8221; url=&#8221;@ET-DC@eyJkeW5hbWljIjp0cnVlLCJjb250ZW50IjoicG9zdF9saW5rX3VybF9wYWdlIiwic2V0dGluZ3MiOnsicG9zdF9pZCI6IjI4NTEifX0=@&#8221; _dynamic_attributes=&#8221;url&#8221; sticky_enabled=&#8221;0&#8243;][\/et_pb_image][et_pb_text _builder_version=&#8221;4.11.1&#8243; _module_preset=&#8221;default&#8221; text_font_size=&#8221;16px&#8221; global_colors_info=&#8221;{}&#8221;]<\/p>\n<p><strong>\u015aNIADANIE<\/strong><\/p>\n<p>M\u00f3wi si\u0119, \u017ce to najwa\u017cniejszy posi\u0142ek dnia, i dlatego na dobry pocz\u0105tek dnia warto zadba\u0107 o energetyczne \u015bniadanie! Odkryj \u015bniadania zawieraj\u0105ce owoce i warzywa, dzi\u0119ki kt\u00f3rym na\u0142adujesz baterie na ca\u0142y dzie\u0144.<\/p>\n<p>[\/et_pb_text][\/et_pb_column][et_pb_column type=&#8221;1_2&#8243; _builder_version=&#8221;4.11.1&#8243; _module_preset=&#8221;default&#8221; global_colors_info=&#8221;{}&#8221;][et_pb_image src=&#8221;https:\/\/longlifechallenge.eu\/wp-content\/uploads\/2021\/10\/smothies.jpg&#8221; title_text=&#8221;Apple pie protein smoothie drink&#8221; _builder_version=&#8221;4.11.2&#8243; _module_preset=&#8221;default&#8221; hover_enabled=&#8221;0&#8243; global_colors_info=&#8221;{}&#8221; url=&#8221;@ET-DC@eyJkeW5hbWljIjp0cnVlLCJjb250ZW50IjoicG9zdF9saW5rX3VybF9wYWdlIiwic2V0dGluZ3MiOnsicG9zdF9pZCI6IjI4NjEifX0=@&#8221; _dynamic_attributes=&#8221;url&#8221; sticky_enabled=&#8221;0&#8243;][\/et_pb_image][et_pb_text _builder_version=&#8221;4.11.1&#8243; _module_preset=&#8221;default&#8221; text_font_size=&#8221;16px&#8221; global_colors_info=&#8221;{}&#8221;]<\/p>\n<p><strong>KOKTAJLE SMOOTHIE<\/strong><\/p>\n<p>Warto na\u0142adowa\u0107 swoje baterie przed p\u00f3j\u015bciem na si\u0142owni\u0119, a potem po zaj\u0119ciach na si\u0142owni&#8230; lub po prostu pokrzepi\u0107 si\u0119 o ka\u017cdej porze dnia! O ka\u017cdej porze dnia warto zrobi\u0107 sobie przyjemno\u015b\u0107 i delektowa\u0107 si\u0119 smacznym smoothie z europejskich warzyw i owoc\u00f3w. Dowiedz si\u0119 tutaj, jak przygotowa\u0107 te najpyszniejsze!<\/p>\n<p>[\/et_pb_text][\/et_pb_column][\/et_pb_row][et_pb_row column_structure=&#8221;1_2,1_2&#8243; _builder_version=&#8221;4.11.1&#8243; _module_preset=&#8221;default&#8221; global_colors_info=&#8221;{}&#8221;][et_pb_column type=&#8221;1_2&#8243; _builder_version=&#8221;4.11.1&#8243; _module_preset=&#8221;default&#8221; global_colors_info=&#8221;{}&#8221;][et_pb_image src=&#8221;https:\/\/longlifechallenge.eu\/wp-content\/uploads\/2021\/10\/Snacks.jpg&#8221; title_text=&#8221;Baked Dehydrated Apples Chips&#8221; _builder_version=&#8221;4.11.2&#8243; _module_preset=&#8221;default&#8221; hover_enabled=&#8221;0&#8243; global_colors_info=&#8221;{}&#8221; url=&#8221;@ET-DC@eyJkeW5hbWljIjp0cnVlLCJjb250ZW50IjoicG9zdF9saW5rX3VybF9wYWdlIiwic2V0dGluZ3MiOnsicG9zdF9pZCI6IjI4NzIifX0=@&#8221; _dynamic_attributes=&#8221;url&#8221; sticky_enabled=&#8221;0&#8243;][\/et_pb_image][et_pb_text _builder_version=&#8221;4.11.1&#8243; _module_preset=&#8221;default&#8221; text_font_size=&#8221;16px&#8221; global_colors_info=&#8221;{}&#8221;]<\/p>\n<p><strong>PRZEK\u0104SKI<\/strong><\/p>\n<p>Kto m\u00f3wi, \u017ce przek\u0105ska nie mo\u017ce by\u0107 zdrowa? I smaczna! I lekka! No w\u0142a\u015bnie \u2013 takie powinny by\u0107 przek\u0105ski, a warzywa i owoce to idealny wyb\u00f3r na ma\u0142e co nieco mi\u0119dzy posi\u0142kami. Odkryj tu najzdrowsze przek\u0105ski!<\/p>\n<p>[\/et_pb_text][\/et_pb_column][et_pb_column type=&#8221;1_2&#8243; _builder_version=&#8221;4.11.1&#8243; _module_preset=&#8221;default&#8221; global_colors_info=&#8221;{}&#8221;][et_pb_image src=&#8221;https:\/\/longlifechallenge.eu\/wp-content\/uploads\/2021\/10\/Ensaladas.jpg&#8221; title_text=&#8221;Asparagus and broccoli salad&#8221; _builder_version=&#8221;4.11.2&#8243; _module_preset=&#8221;default&#8221; hover_enabled=&#8221;0&#8243; global_colors_info=&#8221;{}&#8221; url=&#8221;@ET-DC@eyJkeW5hbWljIjp0cnVlLCJjb250ZW50IjoicG9zdF9saW5rX3VybF9wYWdlIiwic2V0dGluZ3MiOnsicG9zdF9pZCI6IjI4NTIifX0=@&#8221; _dynamic_attributes=&#8221;url&#8221; sticky_enabled=&#8221;0&#8243;][\/et_pb_image][et_pb_text _builder_version=&#8221;4.11.1&#8243; _module_preset=&#8221;default&#8221; text_font_size=&#8221;16px&#8221; global_colors_info=&#8221;{}&#8221;]<\/p>\n<p><strong>SA\u0141ATKI<\/strong><\/p>\n<p>Nie warto rezygnowa\u0107 z koloru, urozmaicenia, \u015bwie\u017co\u015bci i smaku na talerzu \u2013 takie w\u0142a\u015bnie s\u0105 sa\u0142atki! Odkryj najlepsze pomys\u0142y na najbardziej zdumiewaj\u0105ce sa\u0142atki! Pychota!<\/p>\n<p>[\/et_pb_text][\/et_pb_column][\/et_pb_row][\/et_pb_section]<\/p>\n","protected":false},"excerpt":{"rendered":"<p>PRZEPISY Odkryj najzdrowsze i najciekawsze przepisy, by podj\u0105\u0107 nasze wyzwanieZ europejskich warzyw i owoc\u00f3w wyczarujesz tysi\u0105ce potraw w Twojej kuchni! Pocz\u0105wszy od po\u017cywnych \u015bniada\u0144 po lekkie sa\u0142atki, od najzdrowszych przek\u0105sek po \u015bwie\u017cutkie koktajle smoothie. A wszystko to zawiera mn\u00f3stwo witamin i minera\u0142\u00f3w dla zdrowia \u2013 nie wspominaj\u0105c ju\u017c o smaku! Chcesz je odkry\u0107? A zatem [&hellip;]<\/p>\n","protected":false},"author":1,"featured_media":0,"parent":0,"menu_order":0,"comment_status":"closed","ping_status":"closed","template":"","meta":{"_et_pb_use_builder":"on","_et_pb_old_content":"","_et_gb_content_width":"","footnotes":""},"_links":{"self":[{"href":"https:\/\/longlifechallenge.eu\/pl\/wp-json\/wp\/v2\/pages\/958"}],"collection":[{"href":"https:\/\/longlifechallenge.eu\/pl\/wp-json\/wp\/v2\/pages"}],"about":[{"href":"https:\/\/longlifechallenge.eu\/pl\/wp-json\/wp\/v2\/types\/page"}],"author":[{"embeddable":true,"href":"https:\/\/longlifechallenge.eu\/pl\/wp-json\/wp\/v2\/users\/1"}],"replies":[{"embeddable":true,"href":"https:\/\/longlifechallenge.eu\/pl\/wp-json\/wp\/v2\/comments?post=958"}],"version-history":[{"count":3,"href":"https:\/\/longlifechallenge.eu\/pl\/wp-json\/wp\/v2\/pages\/958\/revisions"}],"predecessor-version":[{"id":2935,"href":"https:\/\/longlifechallenge.eu\/pl\/wp-json\/wp\/v2\/pages\/958\/revisions\/2935"}],"wp:attachment":[{"href":"https:\/\/longlifechallenge.eu\/pl\/wp-json\/wp\/v2\/media?parent=958"}],"curies":[{"name":"wp","href":"https:\/\/api.w.org\/{rel}","templated":true}]}}