{"id":943,"date":"2021-10-13T10:56:05","date_gmt":"2021-10-13T10:56:05","guid":{"rendered":"https:\/\/tacticseurope.com\/demos\/5aldia\/mandarynki-i-klementynki\/"},"modified":"2021-11-06T12:46:52","modified_gmt":"2021-11-06T12:46:52","slug":"mandarynki-i-klementynki","status":"publish","type":"page","link":"https:\/\/longlifechallenge.eu\/pl\/mandarynki-i-klementynki\/","title":{"rendered":"Mandarynki i klementynki"},"content":{"rendered":"<p>[et_pb_section fb_built=&#8221;1&#8243; custom_padding_last_edited=&#8221;on|phone&#8221; _builder_version=&#8221;4.11.1&#8243; _module_preset=&#8221;default&#8221; custom_margin_tablet=&#8221;&#8221; custom_margin_phone=&#8221;||-24px||false|false&#8221; custom_margin_last_edited=&#8221;on|phone&#8221; custom_padding=&#8221;0px||||false|false&#8221; custom_padding_tablet=&#8221;&#8221; custom_padding_phone=&#8221;||0px||false|false&#8221; global_colors_info=&#8221;{}&#8221;][et_pb_row column_structure=&#8221;1_2,1_2&#8243; _builder_version=&#8221;4.11.1&#8243; _module_preset=&#8221;default&#8221; global_colors_info=&#8221;{}&#8221;][et_pb_column type=&#8221;1_2&#8243; _builder_version=&#8221;4.11.1&#8243; _module_preset=&#8221;default&#8221; global_colors_info=&#8221;{}&#8221;][et_pb_image src=&#8221;https:\/\/longlifechallenge.eu\/wp-content\/uploads\/2021\/10\/mandarina-en.jpg&#8221; title_text=&#8221;mandarina-en&#8221; _builder_version=&#8221;4.11.1&#8243; _module_preset=&#8221;default&#8221; global_colors_info=&#8221;{}&#8221;][\/et_pb_image][et_pb_text _builder_version=&#8221;4.11.1&#8243; _module_preset=&#8221;default&#8221; header_text_color=&#8221;#a3195c&#8221; global_colors_info=&#8221;{}&#8221;]<\/p>\n<h1 style=\"text-align: center;\"><strong>SEZONOWO\u015a\u0106<\/strong><\/h1>\n<h3 style=\"text-align: center;\"><strong>MANDARYNKI<\/strong><\/h3>\n<p>[\/et_pb_text][et_pb_text _builder_version=&#8221;4.11.1&#8243; _module_preset=&#8221;default&#8221; header_4_font=&#8221;|800|||||||&#8221; header_4_text_color=&#8221;#a3195c&#8221; header_4_font_size=&#8221;25px&#8221; global_colors_info=&#8221;{}&#8221;]<\/p>\n<h4 style=\"text-align: center;\">PA\u0179DZIERNIK<\/h4>\n<p>[\/et_pb_text][et_pb_text _builder_version=&#8221;4.11.1&#8243; _module_preset=&#8221;default&#8221; header_4_font=&#8221;|800|||||||&#8221; header_4_text_color=&#8221;#b2b2b2&#8243; header_4_font_size=&#8221;25px&#8221; custom_margin=&#8221;-10px||10px||false|false&#8221; custom_padding=&#8221;0px||||false|false&#8221; global_colors_info=&#8221;{}&#8221;]<\/p>\n<h4 style=\"text-align: center;\">LISTOPAD<\/h4>\n<p>[\/et_pb_text][et_pb_text _builder_version=&#8221;4.11.1&#8243; _module_preset=&#8221;default&#8221; header_4_font=&#8221;|800|||||||&#8221; header_4_text_color=&#8221;#b2b2b2&#8243; header_4_font_size=&#8221;25px&#8221; custom_margin=&#8221;10px||10px||false|false&#8221; custom_padding=&#8221;0px||0px||false|false&#8221; global_colors_info=&#8221;{}&#8221;]<\/p>\n<h4 style=\"text-align: center;\">GRUDZIE\u0143<\/h4>\n<p>[\/et_pb_text][et_pb_text _builder_version=&#8221;4.11.1&#8243; _module_preset=&#8221;default&#8221; header_4_font=&#8221;|800|||||||&#8221; header_4_text_color=&#8221;#b2b2b2&#8243; header_4_font_size=&#8221;25px&#8221; custom_margin=&#8221;10px||10px||false|false&#8221; custom_padding=&#8221;0px||0px||false|false&#8221; global_colors_info=&#8221;{}&#8221;]<\/p>\n<h4 style=\"text-align: center;\">STYCZE\u0143<\/h4>\n<p>[\/et_pb_text][et_pb_text _builder_version=&#8221;4.11.1&#8243; _module_preset=&#8221;default&#8221; header_4_font=&#8221;|800|||||||&#8221; header_4_text_color=&#8221;#b2b2b2&#8243; header_4_font_size=&#8221;25px&#8221; custom_margin=&#8221;10px||10px||false|false&#8221; custom_padding=&#8221;0px||0px||false|false&#8221; global_colors_info=&#8221;{}&#8221;]<\/p>\n<h4 style=\"text-align: center;\">LUTY<\/h4>\n<p>[\/et_pb_text][et_pb_text _builder_version=&#8221;4.11.1&#8243; _module_preset=&#8221;default&#8221; header_4_font=&#8221;|800|||||||&#8221; header_4_text_color=&#8221;#b2b2b2&#8243; header_4_font_size=&#8221;25px&#8221; custom_margin=&#8221;10px||10px||false|false&#8221; custom_padding=&#8221;0px||0px||false|false&#8221; global_colors_info=&#8221;{}&#8221;]<\/p>\n<h4 style=\"text-align: center;\">MARZEC<\/h4>\n<p>[\/et_pb_text][et_pb_text _builder_version=&#8221;4.11.1&#8243; _module_preset=&#8221;default&#8221; header_text_color=&#8221;#a3195c&#8221; header_4_font=&#8221;|800|||||||&#8221; header_4_text_color=&#8221;#a3195c&#8221; header_4_font_size=&#8221;25px&#8221; custom_margin=&#8221;10px||10px||false|false&#8221; custom_padding=&#8221;0px||0px||false|false&#8221; global_colors_info=&#8221;{}&#8221;]<\/p>\n<h4 style=\"text-align: center;\">KWIECIE\u0143<\/h4>\n<p>[\/et_pb_text][et_pb_image src=&#8221;https:\/\/longlifechallenge.eu\/wp-content\/uploads\/2021\/10\/mandarina_v.png&#8221; title_text=&#8221;mandarina_v&#8221; align=&#8221;center&#8221; _builder_version=&#8221;4.11.1&#8243; _module_preset=&#8221;default&#8221; custom_margin=&#8221;0px||0px||false|false&#8221; custom_padding=&#8221;0px||0px||false|false&#8221; scroll_vertical_motion_enable=&#8221;on&#8221; scroll_vertical_motion=&#8221;0|50|50|100|-3.5|0|0&#8243; scroll_vertical_motion_tablet=&#8221;&#8221; scroll_vertical_motion_phone=&#8221;&#8221; scroll_vertical_motion_last_edited=&#8221;on|desktop&#8221; global_colors_info=&#8221;{}&#8221;][\/et_pb_image][et_pb_text _builder_version=&#8221;4.11.1&#8243; _module_preset=&#8221;default&#8221; custom_margin=&#8221;44px||||false|false&#8221; global_colors_info=&#8221;{}&#8221;]<\/p>\n<h3 style=\"text-align: center;\"><strong>KLEMENTYNKI<\/strong><\/h3>\n<p>[\/et_pb_text][et_pb_text _builder_version=&#8221;4.11.1&#8243; _module_preset=&#8221;default&#8221; header_4_font=&#8221;|800|||||||&#8221; header_4_text_color=&#8221;#a3195c&#8221; header_4_font_size=&#8221;25px&#8221; global_colors_info=&#8221;{}&#8221;]<\/p>\n<h4 style=\"text-align: center;\">PA\u0179DZIERNIK<\/h4>\n<p>[\/et_pb_text][et_pb_text _builder_version=&#8221;4.11.1&#8243; _module_preset=&#8221;default&#8221; header_4_font=&#8221;|800|||||||&#8221; header_4_text_color=&#8221;#b2b2b2&#8243; header_4_font_size=&#8221;25px&#8221; custom_margin=&#8221;-10px||10px||false|false&#8221; custom_padding=&#8221;0px||||false|false&#8221; global_colors_info=&#8221;{}&#8221;]<\/p>\n<h4 style=\"text-align: center;\">LISTOPAD<\/h4>\n<p>[\/et_pb_text][et_pb_text _builder_version=&#8221;4.11.1&#8243; _module_preset=&#8221;default&#8221; header_4_font=&#8221;|800|||||||&#8221; header_4_text_color=&#8221;#b2b2b2&#8243; header_4_font_size=&#8221;25px&#8221; custom_margin=&#8221;10px||10px||false|false&#8221; custom_padding=&#8221;0px||0px||false|false&#8221; global_colors_info=&#8221;{}&#8221;]<\/p>\n<h4 style=\"text-align: center;\">GRUDZIE\u0143<\/h4>\n<p>[\/et_pb_text][et_pb_text _builder_version=&#8221;4.11.1&#8243; _module_preset=&#8221;default&#8221; header_4_font=&#8221;|800|||||||&#8221; header_4_text_color=&#8221;#a3195c&#8221; header_4_font_size=&#8221;25px&#8221; custom_margin=&#8221;10px||10px||false|false&#8221; custom_padding=&#8221;0px||0px||false|false&#8221; global_colors_info=&#8221;{}&#8221;]<\/p>\n<h4 style=\"text-align: center;\">STYCZE\u0143<\/h4>\n<p>[\/et_pb_text][\/et_pb_column][et_pb_column type=&#8221;1_2&#8243; _builder_version=&#8221;4.11.1&#8243; _module_preset=&#8221;default&#8221; global_colors_info=&#8221;{}&#8221;][et_pb_text _builder_version=&#8221;4.11.1&#8243; _module_preset=&#8221;default&#8221; header_text_color=&#8221;#a3195c&#8221; header_font_size=&#8221;60px&#8221; header_font_size_tablet=&#8221;&#8221; header_font_size_phone=&#8221;43px&#8221; header_font_size_last_edited=&#8221;on|phone&#8221; global_colors_info=&#8221;{}&#8221;]<\/p>\n<h1 style=\"text-align: center;\"><strong>MANDARYNKI I KLEMENTYNKI<\/strong><\/h1>\n<p>[\/et_pb_text][et_pb_text _builder_version=&#8221;4.11.1&#8243; _module_preset=&#8221;default&#8221; text_font_size=&#8221;16px&#8221; header_2_text_color=&#8221;#a3195c&#8221; global_colors_info=&#8221;{}&#8221;]<\/p>\n<h2 style=\"text-align: center;\"><strong>W\u0141A\u015aCIWO\u015aCI OD\u017bYWCZE<\/strong><\/h2>\n<p>Podobnie jak pomara\u0144cze, mandarynki zawieraj\u0105 rozmaite minera\u0142y i witaminy. S\u0105 r\u00f3wnie\u017c znakomitym \u017ar\u00f3d\u0142em witaminy C, co zapewnia im w\u0142a\u015bciwo\u015bci przeciwutleniaj\u0105ce.<\/p>\n<p>Mandarynki sk\u0142adaj\u0105 si\u0119 g\u0142\u00f3wnie z wody, dzi\u0119ki czemu maj\u0105 w\u0142a\u015bciwo\u015bci orze\u017awiaj\u0105ce i nawadniaj\u0105ce nasz organizm. Dzi\u0119ki zawarto\u015bci b\u0142onnika wspomagaj\u0105 one procesy trawienne.<\/p>\n<p>[\/et_pb_text][et_pb_text _builder_version=&#8221;4.11.1&#8243; _module_preset=&#8221;default&#8221; text_font_size=&#8221;16px&#8221; header_2_text_color=&#8221;#a3195c&#8221; global_colors_info=&#8221;{}&#8221;]<\/p>\n<h2 style=\"text-align: center;\"><strong>ZALECENIA<\/strong><\/h2>\n<p>Soczyste i pyszne mandarynki to jeden z najbardziej cenionych w\u015br\u00f3d konsument\u00f3w owoc\u00f3w, kt\u00f3rzy lubi\u0105 szybk\u0105 i zdrow\u0105 przek\u0105sk\u0119.<\/p>\n<p>Wi\u0119ksze lub mniejsze, s\u0142odsze lub bardziej kwaskowate \u2013 istnieje wiele odmian mandarynek odpowiadaj\u0105cym r\u00f3\u017cnym gustom konsument\u00f3w.<\/p>\n<p>Dzi\u0119ki niewielkiemu rozmiarowi mandarynek oraz \u0142atwo\u015bci obierania klementynek oba te rodzaje owoc\u00f3w to zdrowa przek\u0105ska \u2013 idealna dla ka\u017cdej osoby \u017cyj\u0105cej w biegu.<\/p>\n<p>Wskaz\u00f3wka \u2013 mandarynki nie dojrzewaj\u0105 po ich zbiorze, a zatem mo\u017cna je zawsze je\u015b\u0107 od razu po ich zakupie!<\/p>\n<p>[\/et_pb_text][et_pb_image src=&#8221;https:\/\/longlifechallenge.eu\/wp-content\/uploads\/2021\/10\/imagen_mandarina.jpg&#8221; title_text=&#8221;imagen_mandarina&#8221; align=&#8221;center&#8221; _builder_version=&#8221;4.11.2&#8243; _module_preset=&#8221;default&#8221; global_colors_info=&#8221;{}&#8221;][\/et_pb_image][\/et_pb_column][\/et_pb_row][\/et_pb_section][et_pb_section fb_built=&#8221;1&#8243; admin_label=&#8221;Secci\u00f3n&#8221; _builder_version=&#8221;3.27.4&#8243; custom_padding=&#8221;68px||68px||true|&#8221; saved_tabs=&#8221;all&#8221; global_colors_info=&#8221;{}&#8221; global_module=&#8221;3405&#8243;][et_pb_row _builder_version=&#8221;4.11.2&#8243; width=&#8221;100%&#8221; max_width=&#8221;100%&#8221; custom_margin=&#8221;-40px||||false|false&#8221; global_colors_info=&#8221;{}&#8221;][et_pb_column type=&#8221;4_4&#8243; _builder_version=&#8221;3.27.4&#8243; global_colors_info=&#8221;{}&#8221;][dica_divi_carousel show_items_desktop=&#8221;4.25&#8243; centermode=&#8221;on&#8221; loop=&#8221;on&#8221; autoplay=&#8221;on&#8221; arrow_nav=&#8221;on&#8221; item_spacing=&#8221;20px&#8221; item_spacing_last_edited=&#8221;off|desktop&#8221; advanced_effect=&#8221;1&#8243; arrow_nav_color=&#8221;#ffffff&#8221; arrow_bg_color=&#8221;#242424&#8243; title_background=&#8221;RGBA(0,0,0,0)&#8221; content_container_margin=&#8221;-100px||||false|false&#8221; content_container_padding=&#8221;|25px|46px|25px|false|false&#8221; _builder_version=&#8221;4.11.2&#8243; title_font=&#8221;|700|||||||&#8221; title_text_align=&#8221;left&#8221; title_text_color=&#8221;#FFFFFF&#8221; title_font_size=&#8221;15px&#8221; subtitle_font=&#8221;|700|||||||&#8221; subtitle_text_color=&#8221;#ffffff&#8221; subtitle_font_size=&#8221;12px&#8221; border_radii_image=&#8221;on|8px|8px|8px|8px&#8221; global_colors_info=&#8221;{}&#8221;][dica_divi_carouselitem button_url_new_window=&#8221;1&#8243; image=&#8221;https:\/\/longlifechallenge.eu\/wp-content\/uploads\/2021\/10\/oranges.jpg&#8221; _builder_version=&#8221;4.11.2&#8243; _dynamic_attributes=&#8221;link_option_url&#8221; link_option_url=&#8221;@ET-DC@eyJkeW5hbWljIjp0cnVlLCJjb250ZW50IjoicG9zdF9saW5rX3VybF9wYWdlIiwic2V0dGluZ3MiOnsicG9zdF9pZCI6IjY0MiJ9fQ==@&#8221; global_colors_info=&#8221;{}&#8221;][\/dica_divi_carouselitem][dica_divi_carouselitem button_url_new_window=&#8221;1&#8243; image=&#8221;https:\/\/longlifechallenge.eu\/wp-content\/uploads\/2021\/10\/mandarina-en.jpg&#8221; _builder_version=&#8221;4.11.2&#8243; _dynamic_attributes=&#8221;link_option_url&#8221; link_option_url=&#8221;@ET-DC@eyJkeW5hbWljIjp0cnVlLCJjb250ZW50IjoicG9zdF9saW5rX3VybF9wYWdlIiwic2V0dGluZ3MiOnsicG9zdF9pZCI6IjY5MyJ9fQ==@&#8221; global_colors_info=&#8221;{}&#8221;][\/dica_divi_carouselitem][dica_divi_carouselitem button_url_new_window=&#8221;1&#8243; image=&#8221;https:\/\/longlifechallenge.eu\/wp-content\/uploads\/2021\/10\/fresas_en.jpg&#8221; _builder_version=&#8221;4.11.2&#8243; _dynamic_attributes=&#8221;link_option_url&#8221; link_option_url=&#8221;@ET-DC@eyJkeW5hbWljIjp0cnVlLCJjb250ZW50IjoicG9zdF9saW5rX3VybF9wYWdlIiwic2V0dGluZ3MiOnsicG9zdF9pZCI6IjY5NSJ9fQ==@&#8221; global_colors_info=&#8221;{}&#8221;][\/dica_divi_carouselitem][dica_divi_carouselitem button_url_new_window=&#8221;1&#8243; image=&#8221;https:\/\/longlifechallenge.eu\/wp-content\/uploads\/2021\/10\/brocoli_en.jpg&#8221; _builder_version=&#8221;4.11.2&#8243; _dynamic_attributes=&#8221;link_option_url&#8221; link_option_url=&#8221;@ET-DC@eyJkeW5hbWljIjp0cnVlLCJjb250ZW50IjoicG9zdF9saW5rX3VybF9wYWdlIiwic2V0dGluZ3MiOnsicG9zdF9pZCI6IjY5NyJ9fQ==@&#8221; global_colors_info=&#8221;{}&#8221;][\/dica_divi_carouselitem][dica_divi_carouselitem button_url_new_window=&#8221;1&#8243; image=&#8221;https:\/\/longlifechallenge.eu\/wp-content\/uploads\/2021\/11\/esparragoconfondo.jpg&#8221; _builder_version=&#8221;4.11.2&#8243; global_colors_info=&#8221;{}&#8221;][\/dica_divi_carouselitem][dica_divi_carouselitem button_url_new_window=&#8221;1&#8243; image=&#8221;https:\/\/longlifechallenge.eu\/wp-content\/uploads\/2021\/10\/manzana-en.jpg&#8221; _builder_version=&#8221;4.11.2&#8243; _dynamic_attributes=&#8221;link_option_url&#8221; link_option_url=&#8221;@ET-DC@eyJkeW5hbWljIjp0cnVlLCJjb250ZW50IjoicG9zdF9saW5rX3VybF9wYWdlIiwic2V0dGluZ3MiOnsicG9zdF9pZCI6IjcwMSJ9fQ==@&#8221; global_colors_info=&#8221;{}&#8221;][\/dica_divi_carouselitem][dica_divi_carouselitem button_url_new_window=&#8221;1&#8243; image=&#8221;https:\/\/longlifechallenge.eu\/wp-content\/uploads\/2021\/10\/Arandanos_es.jpg&#8221; _builder_version=&#8221;4.11.2&#8243; _dynamic_attributes=&#8221;link_option_url&#8221; link_option_url=&#8221;@ET-DC@eyJkeW5hbWljIjp0cnVlLCJjb250ZW50IjoicG9zdF9saW5rX3VybF9wYWdlIiwic2V0dGluZ3MiOnsicG9zdF9pZCI6IjcwMyJ9fQ==@&#8221; global_colors_info=&#8221;{}&#8221;][\/dica_divi_carouselitem][\/dica_divi_carousel][\/et_pb_column][\/et_pb_row][\/et_pb_section]<\/p>\n","protected":false},"excerpt":{"rendered":"<p>SEZONOWO\u015a\u0106 MANDARYNKIPA\u0179DZIERNIKLISTOPADGRUDZIE\u0143STYCZE\u0143LUTYMARZECKWIECIE\u0143KLEMENTYNKIPA\u0179DZIERNIKLISTOPADGRUDZIE\u0143STYCZE\u0143MANDARYNKI I KLEMENTYNKIW\u0141A\u015aCIWO\u015aCI OD\u017bYWCZE Podobnie jak pomara\u0144cze, mandarynki zawieraj\u0105 rozmaite minera\u0142y i witaminy. S\u0105 r\u00f3wnie\u017c znakomitym \u017ar\u00f3d\u0142em witaminy C, co zapewnia im w\u0142a\u015bciwo\u015bci przeciwutleniaj\u0105ce. Mandarynki sk\u0142adaj\u0105 si\u0119 g\u0142\u00f3wnie z wody, dzi\u0119ki czemu maj\u0105 w\u0142a\u015bciwo\u015bci orze\u017awiaj\u0105ce i nawadniaj\u0105ce nasz organizm. Dzi\u0119ki zawarto\u015bci b\u0142onnika wspomagaj\u0105 one procesy trawienne.ZALECENIA Soczyste i pyszne mandarynki to jeden z najbardziej [&hellip;]<\/p>\n","protected":false},"author":1,"featured_media":0,"parent":0,"menu_order":0,"comment_status":"closed","ping_status":"closed","template":"","meta":{"_et_pb_use_builder":"on","_et_pb_old_content":"","_et_gb_content_width":"","footnotes":""},"_links":{"self":[{"href":"https:\/\/longlifechallenge.eu\/pl\/wp-json\/wp\/v2\/pages\/943"}],"collection":[{"href":"https:\/\/longlifechallenge.eu\/pl\/wp-json\/wp\/v2\/pages"}],"about":[{"href":"https:\/\/longlifechallenge.eu\/pl\/wp-json\/wp\/v2\/types\/page"}],"author":[{"embeddable":true,"href":"https:\/\/longlifechallenge.eu\/pl\/wp-json\/wp\/v2\/users\/1"}],"replies":[{"embeddable":true,"href":"https:\/\/longlifechallenge.eu\/pl\/wp-json\/wp\/v2\/comments?post=943"}],"version-history":[{"count":3,"href":"https:\/\/longlifechallenge.eu\/pl\/wp-json\/wp\/v2\/pages\/943\/revisions"}],"predecessor-version":[{"id":3429,"href":"https:\/\/longlifechallenge.eu\/pl\/wp-json\/wp\/v2\/pages\/943\/revisions\/3429"}],"wp:attachment":[{"href":"https:\/\/longlifechallenge.eu\/pl\/wp-json\/wp\/v2\/media?parent=943"}],"curies":[{"name":"wp","href":"https:\/\/api.w.org\/{rel}","templated":true}]}}