{"id":938,"date":"2021-10-13T10:31:57","date_gmt":"2021-10-13T10:31:57","guid":{"rendered":"https:\/\/tacticseurope.com\/demos\/5aldia\/partnerzy\/"},"modified":"2021-11-24T17:16:01","modified_gmt":"2021-11-24T17:16:01","slug":"partnerzy","status":"publish","type":"page","link":"https:\/\/longlifechallenge.eu\/pl\/partnerzy\/","title":{"rendered":"Partnerzy"},"content":{"rendered":"<p>[et_pb_section fb_built=&#8221;1&#8243; _builder_version=&#8221;4.9.10&#8243; _module_preset=&#8221;default&#8221; custom_margin=&#8221;||50px||false|false&#8221; global_colors_info=&#8221;{}&#8221;][et_pb_row _builder_version=&#8221;4.9.10&#8243; _module_preset=&#8221;default&#8221; z_index=&#8221;75&#8243; global_colors_info=&#8221;{}&#8221;][et_pb_column type=&#8221;4_4&#8243; _builder_version=&#8221;4.9.10&#8243; _module_preset=&#8221;default&#8221; global_colors_info=&#8221;{}&#8221;][et_pb_text _builder_version=&#8221;4.11.1&#8243; _module_preset=&#8221;default&#8221; text_font_size=&#8221;16px&#8221; header_text_align=&#8221;center&#8221; header_text_color=&#8221;#a3195c&#8221; header_line_height=&#8221;1.2em&#8221; custom_padding=&#8221;||0px|||&#8221; header_font_size_tablet=&#8221;&#8221; header_font_size_phone=&#8221;25px&#8221; header_font_size_last_edited=&#8221;on|phone&#8221; header_2_font_size_tablet=&#8221;&#8221; header_2_font_size_phone=&#8221;22px&#8221; header_2_font_size_last_edited=&#8221;on|phone&#8221; global_colors_info=&#8221;{}&#8221;]<\/p>\n<h1><strong>KTO PODEJMUJE WYZWANIE #LONGLIFECHALLENGE W EUROPIE?<\/strong><\/h1>\n<h2 style=\"text-align: center;\"><strong>Tu dowiesz si\u0119 wszystkiego o naszych partnerach!<\/strong><\/h2>\n<p>&nbsp;<\/p>\n<p>[\/et_pb_text][\/et_pb_column][\/et_pb_row][et_pb_row _builder_version=&#8221;4.11.1&#8243; _module_preset=&#8221;default&#8221; global_colors_info=&#8221;{}&#8221;][et_pb_column type=&#8221;4_4&#8243; _builder_version=&#8221;4.11.1&#8243; _module_preset=&#8221;default&#8221; global_colors_info=&#8221;{}&#8221;][et_pb_divider divider_weight=&#8221;2px&#8221; _builder_version=&#8221;4.11.1&#8243; _module_preset=&#8221;default&#8221; width=&#8221;75%&#8221; module_alignment=&#8221;center&#8221; global_colors_info=&#8221;{}&#8221;][\/et_pb_divider][\/et_pb_column][\/et_pb_row][et_pb_row column_structure=&#8221;1_3,2_3&#8243; _builder_version=&#8221;4.11.1&#8243; _module_preset=&#8221;default&#8221; global_colors_info=&#8221;{}&#8221;][et_pb_column type=&#8221;1_3&#8243; _builder_version=&#8221;4.11.1&#8243; _module_preset=&#8221;default&#8221; global_colors_info=&#8221;{}&#8221;][et_pb_image src=&#8221;https:\/\/longlifechallenge.eu\/wp-content\/uploads\/2021\/10\/Eucofeles.png&#8221; title_text=&#8221;Eucofeles&#8221; _builder_version=&#8221;4.11.2&#8243; _module_preset=&#8221;default&#8221; hover_enabled=&#8221;0&#8243; global_colors_info=&#8221;{}&#8221; url=&#8221;https:\/\/eucofel.eu\/&#8221; url_new_window=&#8221;on&#8221; sticky_enabled=&#8221;0&#8243;][\/et_pb_image][\/et_pb_column][et_pb_column type=&#8221;2_3&#8243; _builder_version=&#8221;4.11.1&#8243; _module_preset=&#8221;default&#8221; global_colors_info=&#8221;{}&#8221;][et_pb_text _builder_version=&#8221;4.11.1&#8243; _module_preset=&#8221;default&#8221; text_font_size=&#8221;16px&#8221; global_colors_info=&#8221;{}&#8221;]<\/p>\n<h3><strong>FruitVegetablesEUROPE (EUCOFEL):<\/strong><\/h3>\n<p>FruitVegetablesEUROPE (EUCOFEL) to europejskie stowarzyszenie za\u0142o\u017cone ponad 60 lat temu, kt\u00f3rego celem jest podejmowanie dzia\u0142a\u0144 na rzecz producent\u00f3w oraz sprzedawc\u00f3w warzyw i owoc\u00f3w na poziomie europejskim. Stowarzyszenie \u2013 z siedzib\u0105 w Brukseli \u2013po\u015bredniczy mi\u0119dzy podmiotami na poziomie sektorowym i regionalnym a decydentami z instytucji europejskich, reprezentuj\u0105c interesy europejskich producent\u00f3w i sprzedawc\u00f3w warzyw i owoc\u00f3w.<\/p>\n<p>Misj\u0105 stowarzyszenia FruitVegetablesEUROPE jest reprezentowa\u0107, broni\u0107 oraz promowa\u0107 europejskich producent\u00f3w warzyw i owoc\u00f3w.<\/p>\n<p>[\/et_pb_text][\/et_pb_column][\/et_pb_row][et_pb_row _builder_version=&#8221;4.11.1&#8243; _module_preset=&#8221;default&#8221; global_colors_info=&#8221;{}&#8221;][et_pb_column type=&#8221;4_4&#8243; _builder_version=&#8221;4.11.1&#8243; _module_preset=&#8221;default&#8221; global_colors_info=&#8221;{}&#8221;][et_pb_divider divider_weight=&#8221;2px&#8221; _builder_version=&#8221;4.11.1&#8243; _module_preset=&#8221;default&#8221; width=&#8221;75%&#8221; module_alignment=&#8221;center&#8221; global_colors_info=&#8221;{}&#8221;][\/et_pb_divider][\/et_pb_column][\/et_pb_row][et_pb_row column_structure=&#8221;1_3,2_3&#8243; _builder_version=&#8221;4.11.1&#8243; _module_preset=&#8221;default&#8221; global_colors_info=&#8221;{}&#8221;][et_pb_column type=&#8221;1_3&#8243; _builder_version=&#8221;4.11.1&#8243; _module_preset=&#8221;default&#8221; global_colors_info=&#8221;{}&#8221;][et_pb_image src=&#8221;https:\/\/longlifechallenge.eu\/wp-content\/uploads\/2021\/10\/CGC.png&#8221; title_text=&#8221;CGC&#8221; _builder_version=&#8221;4.11.2&#8243; _module_preset=&#8221;default&#8221; hover_enabled=&#8221;0&#8243; global_colors_info=&#8221;{}&#8221; url=&#8221;https:\/\/www.citricos.org\/&#8221; url_new_window=&#8221;on&#8221; sticky_enabled=&#8221;0&#8243;][\/et_pb_image][\/et_pb_column][et_pb_column type=&#8221;2_3&#8243; _builder_version=&#8221;4.11.1&#8243; _module_preset=&#8221;default&#8221; global_colors_info=&#8221;{}&#8221;][et_pb_text _builder_version=&#8221;4.11.1&#8243; _module_preset=&#8221;default&#8221; text_font_size=&#8221;16px&#8221; global_colors_info=&#8221;{}&#8221;]<\/p>\n<h3><strong>Comit\u00e9 de Gesti\u00f3n de C\u00edtricos (Komitet ds. zarz\u0105dzania owocami cytrusowymi):<\/strong><\/h3>\n<p>Comit\u00e9 de Gesti\u00f3n de C\u00edtricos to stowarzyszenie zawodowe skupiaj\u0105ce przedstawicieli hiszpa\u0144skiego prywatnego sektora owoc\u00f3w cytrusowych \u2013 od producent\u00f3w po specjalist\u00f3w z zakresu marketingu. Oko\u0142o 3\/4 wolumenu hiszpa\u0144skich \u015bwie\u017cych owoc\u00f3w cytrusowych wprowadzonych na rynek (w opakowaniach) jest zebrane, przechowywane, pakowane i eksportowane przez prywatnych eksporter\u00f3w i przedsi\u0119biorc\u00f3w reprezentowanych przez Komitet ds. zarz\u0105dzania owocami cytrusowymi).<\/p>\n<p>[\/et_pb_text][\/et_pb_column][\/et_pb_row][et_pb_row _builder_version=&#8221;4.11.1&#8243; _module_preset=&#8221;default&#8221; global_colors_info=&#8221;{}&#8221;][et_pb_column type=&#8221;4_4&#8243; _builder_version=&#8221;4.11.1&#8243; _module_preset=&#8221;default&#8221; global_colors_info=&#8221;{}&#8221;][et_pb_divider divider_weight=&#8221;2px&#8221; _builder_version=&#8221;4.11.1&#8243; _module_preset=&#8221;default&#8221; width=&#8221;75%&#8221; module_alignment=&#8221;center&#8221; global_colors_info=&#8221;{}&#8221;][\/et_pb_divider][\/et_pb_column][\/et_pb_row][et_pb_row column_structure=&#8221;1_3,2_3&#8243; _builder_version=&#8221;4.11.1&#8243; _module_preset=&#8221;default&#8221; global_colors_info=&#8221;{}&#8221;][et_pb_column type=&#8221;1_3&#8243; _builder_version=&#8221;4.11.1&#8243; _module_preset=&#8221;default&#8221; global_colors_info=&#8221;{}&#8221;][et_pb_image src=&#8221;https:\/\/longlifechallenge.eu\/wp-content\/uploads\/2021\/10\/fresa-francia.png&#8221; title_text=&#8221;fresa francia&#8221; _builder_version=&#8221;4.11.2&#8243; _module_preset=&#8221;default&#8221; hover_enabled=&#8221;0&#8243; global_colors_info=&#8221;{}&#8221; url=&#8221;https:\/\/fraisesdefrance.fr\/&#8221; url_new_window=&#8221;on&#8221; sticky_enabled=&#8221;0&#8243;][\/et_pb_image][\/et_pb_column][et_pb_column type=&#8221;2_3&#8243; _builder_version=&#8221;4.11.1&#8243; _module_preset=&#8221;default&#8221; global_colors_info=&#8221;{}&#8221;][et_pb_text _builder_version=&#8221;4.11.1&#8243; _module_preset=&#8221;default&#8221; text_font_size=&#8221;16px&#8221; global_colors_info=&#8221;{}&#8221;]<\/p>\n<h3><strong>AOPn Fraises de France:<\/strong><\/h3>\n<p>AOPn Fraises de France to krajowe stowarzyszenie producent\u00f3w truskawek we Francji, kt\u00f3re powsta\u0142o w 2008 roku. Zrzesza ono ponad 300 producent\u00f3w francuskich, co stanowi ponad 45% krajowej produkcji truskawek. <br \/>W\u015br\u00f3d cel\u00f3w stowarzyszenia wskaza\u0107 mo\u017cna mi\u0119dzy innymi kontynuacj\u0119 i dalszy rozw\u00f3j produkcji truskawek francuskich poprzez oferowanie klientom smacznych i dobrych jako\u015bciowo odmian, ale r\u00f3wnie\u017c poprzez finansowanie bada\u0144 agronomicznych i naukowych.<\/p>\n<p>[\/et_pb_text][\/et_pb_column][\/et_pb_row][et_pb_row _builder_version=&#8221;4.11.1&#8243; _module_preset=&#8221;default&#8221; global_colors_info=&#8221;{}&#8221;][et_pb_column type=&#8221;4_4&#8243; _builder_version=&#8221;4.11.1&#8243; _module_preset=&#8221;default&#8221; global_colors_info=&#8221;{}&#8221;][et_pb_divider divider_weight=&#8221;2px&#8221; _builder_version=&#8221;4.11.1&#8243; _module_preset=&#8221;default&#8221; width=&#8221;75%&#8221; module_alignment=&#8221;center&#8221; global_colors_info=&#8221;{}&#8221;][\/et_pb_divider][\/et_pb_column][\/et_pb_row][et_pb_row column_structure=&#8221;1_3,2_3&#8243; _builder_version=&#8221;4.11.1&#8243; _module_preset=&#8221;default&#8221; global_colors_info=&#8221;{}&#8221;][et_pb_column type=&#8221;1_3&#8243; _builder_version=&#8221;4.11.1&#8243; _module_preset=&#8221;default&#8221; global_colors_info=&#8221;{}&#8221;][et_pb_image src=&#8221;https:\/\/longlifechallenge.eu\/wp-content\/uploads\/2021\/10\/Brocoli.png&#8221; title_text=&#8221;Brocoli&#8221; _builder_version=&#8221;4.11.2&#8243; _module_preset=&#8221;default&#8221; hover_enabled=&#8221;0&#8243; global_colors_info=&#8221;{}&#8221; url=&#8221;https:\/\/masbrocoli.com\/&#8221; url_new_window=&#8221;on&#8221; sticky_enabled=&#8221;0&#8243;][\/et_pb_image][\/et_pb_column][et_pb_column type=&#8221;2_3&#8243; _builder_version=&#8221;4.11.1&#8243; _module_preset=&#8221;default&#8221; global_colors_info=&#8221;{}&#8221;][et_pb_text _builder_version=&#8221;4.11.1&#8243; _module_preset=&#8221;default&#8221; text_font_size=&#8221;16px&#8221; global_colors_info=&#8221;{}&#8221;]<\/p>\n<h3><strong>+Brocoli:<\/strong><\/h3>\n<p>Stowarzyszenie +BROCCOLI, promuj\u0105ce spo\u017cycie broku\u0142\u00f3w, powsta\u0142o w 2010 r. jako organizacja niedzia\u0142aj\u0105ca dla zysku. Jego zasadniczym celem jest zwi\u0119kszenie spo\u017cycia broku\u0142\u00f3w w\u015br\u00f3d konsument\u00f3w. Zrzesza ono rolnik\u00f3w, handlowc\u00f3w, badaczy, specjalist\u00f3w z zakresu \u017cywienia, restaurator\u00f3w oraz wszelkie powi\u0105zane podmioty i osoby zainteresowane rozpowszechnianiem wiedzy na temat produkt\u00f3w pochodz\u0105cych z danej uprawy oraz ich niezwykle dobroczynnych w\u0142a\u015bciwo\u015bci \u2013 nawet w dowolnie przetworzonej postaci \u2013 oraz wybornego smaku.<\/p>\n<p>[\/et_pb_text][\/et_pb_column][\/et_pb_row][et_pb_row _builder_version=&#8221;4.11.1&#8243; _module_preset=&#8221;default&#8221; global_colors_info=&#8221;{}&#8221;][et_pb_column type=&#8221;4_4&#8243; _builder_version=&#8221;4.11.1&#8243; _module_preset=&#8221;default&#8221; global_colors_info=&#8221;{}&#8221;][et_pb_divider divider_weight=&#8221;2px&#8221; _builder_version=&#8221;4.11.1&#8243; _module_preset=&#8221;default&#8221; width=&#8221;75%&#8221; module_alignment=&#8221;center&#8221; global_colors_info=&#8221;{}&#8221;][\/et_pb_divider][\/et_pb_column][\/et_pb_row][et_pb_row column_structure=&#8221;1_3,2_3&#8243; _builder_version=&#8221;4.11.1&#8243; _module_preset=&#8221;default&#8221; global_colors_info=&#8221;{}&#8221;][et_pb_column type=&#8221;1_3&#8243; _builder_version=&#8221;4.11.1&#8243; _module_preset=&#8221;default&#8221; global_colors_info=&#8221;{}&#8221;][et_pb_image src=&#8221;https:\/\/longlifechallenge.eu\/wp-content\/uploads\/2021\/10\/Manzana-polonia.png&#8221; title_text=&#8221;Manzana polonia&#8221; _builder_version=&#8221;4.11.2&#8243; _module_preset=&#8221;default&#8221; hover_enabled=&#8221;0&#8243; global_colors_info=&#8221;{}&#8221; url=&#8221;http:\/\/www.grupyogrodnicze.pl\/&#8221; url_new_window=&#8221;on&#8221; sticky_enabled=&#8221;0&#8243;][\/et_pb_image][\/et_pb_column][et_pb_column type=&#8221;2_3&#8243; _builder_version=&#8221;4.11.1&#8243; _module_preset=&#8221;default&#8221; global_colors_info=&#8221;{}&#8221;][et_pb_text _builder_version=&#8221;4.11.1&#8243; _module_preset=&#8221;default&#8221; text_font_size=&#8221;16px&#8221; global_colors_info=&#8221;{}&#8221;]<\/p>\n<h3><strong>KZGPOiW:<\/strong><\/h3>\n<p>Krajowy Zwi\u0105zek Grup Producent\u00f3w Owoc\u00f3w i Warzyw powsta\u0142 jako pierwsze stowarzyszenie handlowe w skali kraju organizowane przez grupy producent\u00f3w. Zwi\u0105zek jest z jednej strony organizacj\u0105 lobbingow\u0105, ale jego g\u0142\u00f3wne zadanie skupia si\u0119 wok\u00f3\u0142 zapewniania zrzeszonym w nim podmiotom wsparcia w ich codziennej dzia\u0142alno\u015bci. Zwi\u0105zek to r\u00f3wnie\u017c forum umo\u017cliwiaj\u0105ce nawi\u0105zanie kontakt\u00f3w, a tak\u017ce wsp\u00f3\u0142pracy ekonomicznej mi\u0119dzy grupami i organizacjami.<\/p>\n<p>[\/et_pb_text][\/et_pb_column][\/et_pb_row][et_pb_row _builder_version=&#8221;4.11.1&#8243; _module_preset=&#8221;default&#8221; global_colors_info=&#8221;{}&#8221;][et_pb_column type=&#8221;4_4&#8243; _builder_version=&#8221;4.11.1&#8243; _module_preset=&#8221;default&#8221; global_colors_info=&#8221;{}&#8221;][et_pb_divider divider_weight=&#8221;2px&#8221; _builder_version=&#8221;4.11.1&#8243; _module_preset=&#8221;default&#8221; width=&#8221;75%&#8221; module_alignment=&#8221;center&#8221; global_colors_info=&#8221;{}&#8221;][\/et_pb_divider][\/et_pb_column][\/et_pb_row][et_pb_row column_structure=&#8221;1_3,2_3&#8243; _builder_version=&#8221;4.11.1&#8243; _module_preset=&#8221;default&#8221; global_colors_info=&#8221;{}&#8221;][et_pb_column type=&#8221;1_3&#8243; _builder_version=&#8221;4.11.1&#8243; _module_preset=&#8221;default&#8221; global_colors_info=&#8221;{}&#8221;][et_pb_image src=&#8221;https:\/\/longlifechallenge.eu\/wp-content\/uploads\/2021\/10\/Esparragos.png&#8221; title_text=&#8221;Esparragos&#8221; _builder_version=&#8221;4.11.2&#8243; _module_preset=&#8221;default&#8221; hover_enabled=&#8221;0&#8243; global_colors_info=&#8221;{}&#8221; url=&#8221;https:\/\/www.faecagranada.com\/&#8221; url_new_window=&#8221;on&#8221; sticky_enabled=&#8221;0&#8243;][\/et_pb_image][\/et_pb_column][et_pb_column type=&#8221;2_3&#8243; _builder_version=&#8221;4.11.1&#8243; _module_preset=&#8221;default&#8221; global_colors_info=&#8221;{}&#8221;][et_pb_text _builder_version=&#8221;4.11.1&#8243; _module_preset=&#8221;default&#8221; text_font_size=&#8221;16px&#8221; global_colors_info=&#8221;{}&#8221;]<\/p>\n<h3><strong>Interprofesional del Esp\u00e1rrago Verde de Espa\u00f1a:<\/strong><\/h3>\n<p>Stowarzyszenie Producent\u00f3w Zielonych Szparag\u00f3w w Hiszpanii zrzesza tysi\u0105ce rolnik\u00f3w oraz producent\u00f3w zielonych szparag\u00f3w. Hiszpania to wiod\u0105cy producent szparag\u00f3w zielonych w Europie. Ponad po\u0142owa uprawy szparag\u00f3w znajduje si\u0119 w prowincji Grenady. Jest to inicjatywa wdro\u017cona przez najbardziej reprezentatywne organizacje, sp\u00f3\u0142dzielnie i firmy dzia\u0142aj\u0105ce w tym sektorze na poziomie krajowym i regionalnym, kt\u00f3re zobowi\u0105za\u0142y si\u0119 do realizacji wsp\u00f3lnego celu: ochrony i poprawy konkurencyjno\u015bci rynku zielonych szparag\u00f3w.<\/p>\n<p>[\/et_pb_text][\/et_pb_column][\/et_pb_row][\/et_pb_section]<\/p>\n","protected":false},"excerpt":{"rendered":"<p>KTO PODEJMUJE WYZWANIE #LONGLIFECHALLENGE W EUROPIE? Tu dowiesz si\u0119 wszystkiego o naszych partnerach! &nbsp;FruitVegetablesEUROPE (EUCOFEL): FruitVegetablesEUROPE (EUCOFEL) to europejskie stowarzyszenie za\u0142o\u017cone ponad 60 lat temu, kt\u00f3rego celem jest podejmowanie dzia\u0142a\u0144 na rzecz producent\u00f3w oraz sprzedawc\u00f3w warzyw i owoc\u00f3w na poziomie europejskim. Stowarzyszenie \u2013 z siedzib\u0105 w Brukseli \u2013po\u015bredniczy mi\u0119dzy podmiotami na poziomie sektorowym i regionalnym [&hellip;]<\/p>\n","protected":false},"author":1,"featured_media":0,"parent":0,"menu_order":0,"comment_status":"closed","ping_status":"closed","template":"","meta":{"_et_pb_use_builder":"on","_et_pb_old_content":"","_et_gb_content_width":"","footnotes":""},"_links":{"self":[{"href":"https:\/\/longlifechallenge.eu\/pl\/wp-json\/wp\/v2\/pages\/938"}],"collection":[{"href":"https:\/\/longlifechallenge.eu\/pl\/wp-json\/wp\/v2\/pages"}],"about":[{"href":"https:\/\/longlifechallenge.eu\/pl\/wp-json\/wp\/v2\/types\/page"}],"author":[{"embeddable":true,"href":"https:\/\/longlifechallenge.eu\/pl\/wp-json\/wp\/v2\/users\/1"}],"replies":[{"embeddable":true,"href":"https:\/\/longlifechallenge.eu\/pl\/wp-json\/wp\/v2\/comments?post=938"}],"version-history":[{"count":2,"href":"https:\/\/longlifechallenge.eu\/pl\/wp-json\/wp\/v2\/pages\/938\/revisions"}],"predecessor-version":[{"id":3600,"href":"https:\/\/longlifechallenge.eu\/pl\/wp-json\/wp\/v2\/pages\/938\/revisions\/3600"}],"wp:attachment":[{"href":"https:\/\/longlifechallenge.eu\/pl\/wp-json\/wp\/v2\/media?parent=938"}],"curies":[{"name":"wp","href":"https:\/\/api.w.org\/{rel}","templated":true}]}}