{"id":936,"date":"2021-10-13T10:29:54","date_gmt":"2021-10-13T10:29:54","guid":{"rendered":"https:\/\/tacticseurope.com\/demos\/5aldia\/kampania\/"},"modified":"2021-11-06T10:54:33","modified_gmt":"2021-11-06T10:54:33","slug":"kampania","status":"publish","type":"page","link":"https:\/\/longlifechallenge.eu\/pl\/kampania\/","title":{"rendered":"Kampania"},"content":{"rendered":"<p>[et_pb_section fb_built=&#8221;1&#8243; _builder_version=&#8221;4.9.10&#8243; _module_preset=&#8221;default&#8221; custom_margin=&#8221;||50px||false|false&#8221; global_colors_info=&#8221;{}&#8221;][et_pb_row column_structure=&#8221;1_2,1_2&#8243; _builder_version=&#8221;4.9.10&#8243; _module_preset=&#8221;default&#8221; z_index=&#8221;75&#8243; global_colors_info=&#8221;{}&#8221;][et_pb_column type=&#8221;1_2&#8243; _builder_version=&#8221;4.9.10&#8243; _module_preset=&#8221;default&#8221; global_colors_info=&#8221;{}&#8221;][et_pb_image src=&#8221;https:\/\/longlifechallenge.eu\/wp-content\/uploads\/2021\/11\/Gen_PL.jpg&#8221; title_text=&#8221;01_grafica_generica_healthy PL&#8221; _builder_version=&#8221;4.11.2&#8243; _module_preset=&#8221;default&#8221; hover_enabled=&#8221;0&#8243; global_colors_info=&#8221;{}&#8221; sticky_enabled=&#8221;0&#8243;][\/et_pb_image][\/et_pb_column][et_pb_column type=&#8221;1_2&#8243; _builder_version=&#8221;4.9.10&#8243; _module_preset=&#8221;default&#8221; global_colors_info=&#8221;{}&#8221;][et_pb_text _builder_version=&#8221;4.11.1&#8243; _module_preset=&#8221;default&#8221; text_font_size=&#8221;16px&#8221; header_text_align=&#8221;center&#8221; header_text_color=&#8221;#a3195c&#8221; header_line_height=&#8221;1.2em&#8221; global_colors_info=&#8221;{}&#8221;]<\/p>\n<h1><strong>OTO NAJZDROWSZE WYZWANIE W EUROPIE<\/strong><\/h1>\n<p>&nbsp;<\/p>\n<p>Aby prowadzi\u0107 zdrowszy i bardziej zr\u00f3wnowa\u017cony tryb \u017cycia, nie musisz podejmowa\u0107 wysi\u0142ku na miar\u0119 olimpijczyk\u00f3w ani nale\u017ce\u0107 do elity sportowc\u00f3w. Wystarczy kilka drobnych codziennych nawyk\u00f3w \u2013 na przyk\u0142ad przek\u0105ski pod postaci\u0105 warzyw i owoc\u00f3w. To takie proste!<\/p>\n<p>Wystarczy rozpocz\u0105\u0107 ka\u017cdy dzie\u0144 od daj\u0105cej energi\u0119 szklanki pomara\u0144czowej mocy pe\u0142nej witamin z pomara\u0144czy i mandarynek z Hiszpanii.<\/p>\n<p>Wystarczy wzi\u0105\u0107 jedno jab\u0142ko do pracy i przekona\u0107 si\u0119, \u017ce przek\u0105ska mo\u017ce by\u0107 r\u00f3wnie\u017c zdrowa.<\/p>\n<p>Wystarczy skosztowa\u0107 szparag\u00f3w i broku\u0142\u00f3w, odkrywaj\u0105c, \u017ce sa\u0142atka wcale nie musi by\u0107 nudna!<\/p>\n<p>Mo\u017cna te\u017c rozsmakowa\u0107 si\u0119 w owocach \u2013 co powiesz na miseczk\u0119 \u015bwie\u017cych truskawek lub smoothie jagodowe przed \u0107wiczeniami lub po zaj\u0119ciach w si\u0142owni?!<\/p>\n<p>Na co czekasz? Podejmij najzdrowsze wyzwanie w Europie!<\/p>\n<p>Podejmij wyzwanie #LongLifeChallenge i zawalcz o lepsze \u017cycie, jedz\u0105c 5 porcji warzyw i owoc\u00f3w dziennie.<\/p>\n<p>[\/et_pb_text][\/et_pb_column][\/et_pb_row][et_pb_row column_structure=&#8221;1_2,1_2&#8243; _builder_version=&#8221;4.11.2&#8243; _module_preset=&#8221;default&#8221; module_alignment=&#8221;center&#8221; global_colors_info=&#8221;{}&#8221;][et_pb_column type=&#8221;1_2&#8243; _builder_version=&#8221;4.9.10&#8243; _module_preset=&#8221;default&#8221; global_colors_info=&#8221;{}&#8221;][et_pb_image src=&#8221;https:\/\/longlifechallenge.eu\/wp-content\/uploads\/2021\/11\/Man_PL.jpg&#8221; title_text=&#8221;05_grafica_healthy_manzana_maja PL&#8221; _builder_version=&#8221;4.11.2&#8243; _module_preset=&#8221;default&#8221; hover_enabled=&#8221;0&#8243; global_colors_info=&#8221;{}&#8221; sticky_enabled=&#8221;0&#8243;][\/et_pb_image][\/et_pb_column][et_pb_column type=&#8221;1_2&#8243; _builder_version=&#8221;4.9.10&#8243; _module_preset=&#8221;default&#8221; global_colors_info=&#8221;{}&#8221;][et_pb_image src=&#8221;https:\/\/longlifechallenge.eu\/wp-content\/uploads\/2021\/11\/Aran_PL.jpg&#8221; title_text=&#8221;05_grafica_healthy_arandano_maja PL&#8221; _builder_version=&#8221;4.11.2&#8243; _module_preset=&#8221;default&#8221; hover_enabled=&#8221;0&#8243; global_colors_info=&#8221;{}&#8221; sticky_enabled=&#8221;0&#8243;][\/et_pb_image][\/et_pb_column][\/et_pb_row][\/et_pb_section]<\/p>\n","protected":false},"excerpt":{"rendered":"<p>OTO NAJZDROWSZE WYZWANIE W EUROPIE &nbsp; Aby prowadzi\u0107 zdrowszy i bardziej zr\u00f3wnowa\u017cony tryb \u017cycia, nie musisz podejmowa\u0107 wysi\u0142ku na miar\u0119 olimpijczyk\u00f3w ani nale\u017ce\u0107 do elity sportowc\u00f3w. Wystarczy kilka drobnych codziennych nawyk\u00f3w \u2013 na przyk\u0142ad przek\u0105ski pod postaci\u0105 warzyw i owoc\u00f3w. To takie proste! Wystarczy rozpocz\u0105\u0107 ka\u017cdy dzie\u0144 od daj\u0105cej energi\u0119 szklanki pomara\u0144czowej mocy pe\u0142nej witamin [&hellip;]<\/p>\n","protected":false},"author":1,"featured_media":0,"parent":0,"menu_order":0,"comment_status":"closed","ping_status":"closed","template":"","meta":{"_et_pb_use_builder":"on","_et_pb_old_content":"","_et_gb_content_width":"","footnotes":""},"_links":{"self":[{"href":"https:\/\/longlifechallenge.eu\/pl\/wp-json\/wp\/v2\/pages\/936"}],"collection":[{"href":"https:\/\/longlifechallenge.eu\/pl\/wp-json\/wp\/v2\/pages"}],"about":[{"href":"https:\/\/longlifechallenge.eu\/pl\/wp-json\/wp\/v2\/types\/page"}],"author":[{"embeddable":true,"href":"https:\/\/longlifechallenge.eu\/pl\/wp-json\/wp\/v2\/users\/1"}],"replies":[{"embeddable":true,"href":"https:\/\/longlifechallenge.eu\/pl\/wp-json\/wp\/v2\/comments?post=936"}],"version-history":[{"count":6,"href":"https:\/\/longlifechallenge.eu\/pl\/wp-json\/wp\/v2\/pages\/936\/revisions"}],"predecessor-version":[{"id":3300,"href":"https:\/\/longlifechallenge.eu\/pl\/wp-json\/wp\/v2\/pages\/936\/revisions\/3300"}],"wp:attachment":[{"href":"https:\/\/longlifechallenge.eu\/pl\/wp-json\/wp\/v2\/media?parent=936"}],"curies":[{"name":"wp","href":"https:\/\/api.w.org\/{rel}","templated":true}]}}