{"id":4011,"date":"2023-07-03T07:15:20","date_gmt":"2023-07-03T07:15:20","guid":{"rendered":"https:\/\/longlifechallenge.eu\/nasi-sportowcy\/lydia-valentin\/"},"modified":"2023-07-03T07:39:17","modified_gmt":"2023-07-03T07:39:17","slug":"lydia-valentin","status":"publish","type":"page","link":"https:\/\/longlifechallenge.eu\/pl\/nasi-sportowcy\/lydia-valentin\/","title":{"rendered":"Lydia Valent\u00edn"},"content":{"rendered":"<p>[et_pb_section fb_built=&#8221;1&#8243; _builder_version=&#8221;4.11.1&#8243; _module_preset=&#8221;default&#8221; global_colors_info=&#8221;{}&#8221;][et_pb_row column_structure=&#8221;1_2,1_2&#8243; disabled_on=&#8221;on|off|off&#8221; admin_label=&#8221;Lydia&#8221; module_id=&#8221;Lydia&#8221; _builder_version=&#8221;4.11.1&#8243; _module_preset=&#8221;default&#8221; global_colors_info=&#8221;{}&#8221;][et_pb_column type=&#8221;1_2&#8243; _builder_version=&#8221;4.11.1&#8243; _module_preset=&#8221;default&#8221; global_colors_info=&#8221;{}&#8221;][et_pb_text _builder_version=&#8221;4.11.2&#8243; _module_preset=&#8221;default&#8221; text_font_size=&#8221;16px&#8221; header_3_font=&#8221;|800|||||||&#8221; header_3_text_color=&#8221;#a3195c&#8221; header_3_font_size=&#8221;40px&#8221; custom_margin=&#8221;160px||||false|false&#8221; hover_enabled=&#8221;0&#8243; header_3_font_size_tablet=&#8221;&#8221; header_3_font_size_phone=&#8221;35px&#8221; header_3_font_size_last_edited=&#8221;on|phone&#8221; global_colors_info=&#8221;{}&#8221; sticky_enabled=&#8221;0&#8243;]<\/p>\n<h3 style=\"text-align: center;\">LYDIA VALENT\u00cdN<\/h3>\n<p><span>Nie ma wielu sportowc\u00f3w, kt\u00f3rzy mog\u0105 pochwali\u0107 si\u0119 startami w 4 igrzyskach olimpijskich i zdobyciem 3 medali olimpijskich; mowa tu o Lydii Valentin, trzykrotnej medalistce olimpijskiej w podnoszeniu ci\u0119\u017car\u00f3w: zdoby\u0142a ona srebrny medal w igrzyskach olimpijskich w Pekinie w 2008 r., z\u0142oty medal w igrzyskach olimpijskich w Londynie w 2012 r., a tak\u017ce br\u0105zowy medal w igrzyskach olimpijskich w Rio w 2016 r.<\/span><\/p>\n<p>[\/et_pb_text][\/et_pb_column][et_pb_column type=&#8221;1_2&#8243; _builder_version=&#8221;4.11.1&#8243; _module_preset=&#8221;default&#8221; global_colors_info=&#8221;{}&#8221;][et_pb_image src=&#8221;https:\/\/longlifechallenge.eu\/wp-content\/uploads\/2021\/10\/lidia_valentin_pl.jpg&#8221; title_text=&#8221;lidia_valentin_pl&#8221; _builder_version=&#8221;4.11.2&#8243; _module_preset=&#8221;default&#8221; hover_enabled=&#8221;0&#8243; global_colors_info=&#8221;{}&#8221; sticky_enabled=&#8221;0&#8243;][\/et_pb_image][\/et_pb_column][\/et_pb_row][\/et_pb_section][et_pb_section fb_built=&#8221;1&#8243; _builder_version=&#8221;4.11.2&#8243; _module_preset=&#8221;default&#8221; global_colors_info=&#8221;{}&#8221;][et_pb_row column_structure=&#8221;1_2,1_2&#8243; _builder_version=&#8221;4.11.2&#8243; _module_preset=&#8221;default&#8221; global_colors_info=&#8221;{}&#8221;][et_pb_column type=&#8221;1_2&#8243; _builder_version=&#8221;4.11.2&#8243; _module_preset=&#8221;default&#8221; global_colors_info=&#8221;{}&#8221;][et_pb_image src=&#8221;https:\/\/longlifechallenge.eu\/wp-content\/uploads\/2023\/07\/lydia_valentin_01.jpg&#8221; title_text=&#8221;lydia_valentin_01&#8243; url=&#8221;https:\/\/www.instagram.com\/p\/CqnMYuLIDxf\/&#8221; _builder_version=&#8221;4.11.2&#8243; _module_preset=&#8221;default&#8221; global_colors_info=&#8221;{}&#8221;][\/et_pb_image][\/et_pb_column][et_pb_column type=&#8221;1_2&#8243; _builder_version=&#8221;4.11.2&#8243; _module_preset=&#8221;default&#8221; global_colors_info=&#8221;{}&#8221;][\/et_pb_column][\/et_pb_row][\/et_pb_section]<\/p>\n","protected":false},"excerpt":{"rendered":"<p>LYDIA VALENT\u00cdN Nie ma wielu sportowc\u00f3w, kt\u00f3rzy mog\u0105 pochwali\u0107 si\u0119 startami w 4 igrzyskach olimpijskich i zdobyciem 3 medali olimpijskich; mowa tu o Lydii Valentin, trzykrotnej medalistce olimpijskiej w podnoszeniu ci\u0119\u017car\u00f3w: zdoby\u0142a ona srebrny medal w igrzyskach olimpijskich w Pekinie w 2008 r., z\u0142oty medal w igrzyskach olimpijskich w Londynie w 2012 r., a tak\u017ce [&hellip;]<\/p>\n","protected":false},"author":1,"featured_media":0,"parent":961,"menu_order":0,"comment_status":"closed","ping_status":"closed","template":"","meta":{"_et_pb_use_builder":"on","_et_pb_old_content":"","_et_gb_content_width":"","footnotes":""},"_links":{"self":[{"href":"https:\/\/longlifechallenge.eu\/pl\/wp-json\/wp\/v2\/pages\/4011"}],"collection":[{"href":"https:\/\/longlifechallenge.eu\/pl\/wp-json\/wp\/v2\/pages"}],"about":[{"href":"https:\/\/longlifechallenge.eu\/pl\/wp-json\/wp\/v2\/types\/page"}],"author":[{"embeddable":true,"href":"https:\/\/longlifechallenge.eu\/pl\/wp-json\/wp\/v2\/users\/1"}],"replies":[{"embeddable":true,"href":"https:\/\/longlifechallenge.eu\/pl\/wp-json\/wp\/v2\/comments?post=4011"}],"version-history":[{"count":1,"href":"https:\/\/longlifechallenge.eu\/pl\/wp-json\/wp\/v2\/pages\/4011\/revisions"}],"predecessor-version":[{"id":4045,"href":"https:\/\/longlifechallenge.eu\/pl\/wp-json\/wp\/v2\/pages\/4011\/revisions\/4045"}],"up":[{"embeddable":true,"href":"https:\/\/longlifechallenge.eu\/pl\/wp-json\/wp\/v2\/pages\/961"}],"wp:attachment":[{"href":"https:\/\/longlifechallenge.eu\/pl\/wp-json\/wp\/v2\/media?parent=4011"}],"curies":[{"name":"wp","href":"https:\/\/api.w.org\/{rel}","templated":true}]}}