{"id":4008,"date":"2023-07-03T07:14:36","date_gmt":"2023-07-03T07:14:36","guid":{"rendered":"https:\/\/longlifechallenge.eu\/nasi-sportowcy\/florent-manaudou\/"},"modified":"2023-07-03T07:38:21","modified_gmt":"2023-07-03T07:38:21","slug":"florent-manaudou","status":"publish","type":"page","link":"https:\/\/longlifechallenge.eu\/pl\/nasi-sportowcy\/florent-manaudou\/","title":{"rendered":"Florent Manaudou"},"content":{"rendered":"<p>[et_pb_section fb_built=&#8221;1&#8243; _builder_version=&#8221;4.11.1&#8243; _module_preset=&#8221;default&#8221; global_colors_info=&#8221;{}&#8221;][et_pb_row column_structure=&#8221;1_2,1_2&#8243; disabled_on=&#8221;on|off|off&#8221; admin_label=&#8221;Florent&#8221; module_id=&#8221;Florent&#8221; _builder_version=&#8221;4.11.1&#8243; _module_preset=&#8221;default&#8221; global_colors_info=&#8221;{}&#8221;][et_pb_column type=&#8221;1_2&#8243; _builder_version=&#8221;4.11.1&#8243; _module_preset=&#8221;default&#8221; global_colors_info=&#8221;{}&#8221;][et_pb_text _builder_version=&#8221;4.11.2&#8243; _module_preset=&#8221;default&#8221; text_font_size=&#8221;16px&#8221; header_3_font=&#8221;|800|||||||&#8221; header_3_text_color=&#8221;#a3195c&#8221; header_3_font_size=&#8221;40px&#8221; custom_margin=&#8221;130px||||false|false&#8221; custom_padding=&#8221;0px|||||&#8221; hover_enabled=&#8221;0&#8243; header_3_font_size_tablet=&#8221;&#8221; header_3_font_size_phone=&#8221;35px&#8221; header_3_font_size_last_edited=&#8221;on|phone&#8221; global_colors_info=&#8221;{}&#8221; sticky_enabled=&#8221;0&#8243;]<\/p>\n<h3 style=\"text-align: center;\">FLORENT MANAUDOU<\/h3>\n<p><span>Francuski p\u0142ywak, kt\u00f3ry wcze\u015bniej trenowa\u0142 pi\u0142k\u0119 r\u0119czn\u0105. Manaudou wywalczy\u0142 z\u0142oty medal na igrzyskach olimpijskich w Londynie w 2012 r. w konkurencji 50 m stylem dowolnym. Na igrzyskach olimpijskich w Rio w 2016 r. zdoby\u0142 2 srebrne medale (jeden w konkurencji 50 m stylem dowolnym, a drugi w sztafecie 4 x 100 stylem dowolnym), a podczas igrzysk w Tokio w 2020 r. wywalczy\u0142 srebro (w konkurencji 50 m stylem dowolnym). Wymarzony partner do p\u0142ywania \ud83d\ude09<\/span><\/p>\n<p>[\/et_pb_text][\/et_pb_column][et_pb_column type=&#8221;1_2&#8243; _builder_version=&#8221;4.11.1&#8243; _module_preset=&#8221;default&#8221; global_colors_info=&#8221;{}&#8221;][et_pb_image src=&#8221;https:\/\/longlifechallenge.eu\/wp-content\/uploads\/2021\/10\/florent_manaudou_pl.jpg&#8221; title_text=&#8221;florent_manaudou_pl&#8221; _builder_version=&#8221;4.11.2&#8243; _module_preset=&#8221;default&#8221; hover_enabled=&#8221;0&#8243; global_colors_info=&#8221;{}&#8221; sticky_enabled=&#8221;0&#8243;][\/et_pb_image][\/et_pb_column][\/et_pb_row][\/et_pb_section][et_pb_section fb_built=&#8221;1&#8243; _builder_version=&#8221;4.11.2&#8243; _module_preset=&#8221;default&#8221; global_colors_info=&#8221;{}&#8221;][et_pb_row column_structure=&#8221;1_2,1_2&#8243; _builder_version=&#8221;4.11.2&#8243; _module_preset=&#8221;default&#8221; global_colors_info=&#8221;{}&#8221;][et_pb_column type=&#8221;1_2&#8243; _builder_version=&#8221;4.11.2&#8243; _module_preset=&#8221;default&#8221; global_colors_info=&#8221;{}&#8221;][et_pb_image src=&#8221;https:\/\/longlifechallenge.eu\/wp-content\/uploads\/2023\/07\/florentmanaudou_01.jpg&#8221; title_text=&#8221;florentmanaudou_01&#8243; url=&#8221;https:\/\/www.instagram.com\/p\/Cs_h5HpKViq\/&#8221; _builder_version=&#8221;4.11.2&#8243; _module_preset=&#8221;default&#8221; global_colors_info=&#8221;{}&#8221;][\/et_pb_image][\/et_pb_column][et_pb_column type=&#8221;1_2&#8243; _builder_version=&#8221;4.11.2&#8243; _module_preset=&#8221;default&#8221; global_colors_info=&#8221;{}&#8221;][et_pb_image src=&#8221;https:\/\/longlifechallenge.eu\/wp-content\/uploads\/2023\/07\/florentmanaudou_02.jpg&#8221; title_text=&#8221;florentmanaudou_02&#8243; url=&#8221;https:\/\/www.instagram.com\/p\/CqqLVswKjYV\/&#8221; _builder_version=&#8221;4.11.2&#8243; _module_preset=&#8221;default&#8221; global_colors_info=&#8221;{}&#8221;][\/et_pb_image][\/et_pb_column][\/et_pb_row][\/et_pb_section]<\/p>\n","protected":false},"excerpt":{"rendered":"<p>FLORENT MANAUDOU Francuski p\u0142ywak, kt\u00f3ry wcze\u015bniej trenowa\u0142 pi\u0142k\u0119 r\u0119czn\u0105. Manaudou wywalczy\u0142 z\u0142oty medal na igrzyskach olimpijskich w Londynie w 2012 r. w konkurencji 50 m stylem dowolnym. Na igrzyskach olimpijskich w Rio w 2016 r. zdoby\u0142 2 srebrne medale (jeden w konkurencji 50 m stylem dowolnym, a drugi w sztafecie 4 x 100 stylem dowolnym), [&hellip;]<\/p>\n","protected":false},"author":1,"featured_media":0,"parent":961,"menu_order":0,"comment_status":"closed","ping_status":"closed","template":"","meta":{"_et_pb_use_builder":"on","_et_pb_old_content":"","_et_gb_content_width":"","footnotes":""},"_links":{"self":[{"href":"https:\/\/longlifechallenge.eu\/pl\/wp-json\/wp\/v2\/pages\/4008"}],"collection":[{"href":"https:\/\/longlifechallenge.eu\/pl\/wp-json\/wp\/v2\/pages"}],"about":[{"href":"https:\/\/longlifechallenge.eu\/pl\/wp-json\/wp\/v2\/types\/page"}],"author":[{"embeddable":true,"href":"https:\/\/longlifechallenge.eu\/pl\/wp-json\/wp\/v2\/users\/1"}],"replies":[{"embeddable":true,"href":"https:\/\/longlifechallenge.eu\/pl\/wp-json\/wp\/v2\/comments?post=4008"}],"version-history":[{"count":1,"href":"https:\/\/longlifechallenge.eu\/pl\/wp-json\/wp\/v2\/pages\/4008\/revisions"}],"predecessor-version":[{"id":4044,"href":"https:\/\/longlifechallenge.eu\/pl\/wp-json\/wp\/v2\/pages\/4008\/revisions\/4044"}],"up":[{"embeddable":true,"href":"https:\/\/longlifechallenge.eu\/pl\/wp-json\/wp\/v2\/pages\/961"}],"wp:attachment":[{"href":"https:\/\/longlifechallenge.eu\/pl\/wp-json\/wp\/v2\/media?parent=4008"}],"curies":[{"name":"wp","href":"https:\/\/api.w.org\/{rel}","templated":true}]}}