{"id":2877,"date":"2021-10-24T18:17:10","date_gmt":"2021-10-24T18:17:10","guid":{"rendered":"https:\/\/tacticseurope.com\/demos\/5aldia\/przepisy\/przekaski\/strudel-lub-rolada-z-brokulami-cebula-i-weganska-mozarella\/"},"modified":"2021-10-25T09:19:07","modified_gmt":"2021-10-25T09:19:07","slug":"strudel-lub-rolada-z-brokulami-cebula-i-weganska-mozarella","status":"publish","type":"page","link":"https:\/\/longlifechallenge.eu\/pl\/przepisy\/przekaski\/strudel-lub-rolada-z-brokulami-cebula-i-weganska-mozarella\/","title":{"rendered":"Strudel lub rolada z broku\u0142ami, cebul\u0105 i wega\u0144sk\u0105 mozarell\u0105"},"content":{"rendered":"<p>[et_pb_section fb_built=&#8221;1&#8243; specialty=&#8221;on&#8221; _builder_version=&#8221;4.11.2&#8243; _module_preset=&#8221;default&#8221; global_colors_info=&#8221;{}&#8221;][et_pb_column type=&#8221;1_2&#8243; _builder_version=&#8221;3.25&#8243; custom_padding=&#8221;|||&#8221; global_colors_info=&#8221;{}&#8221; custom_padding__hover=&#8221;|||&#8221;][et_pb_image src=&#8221;https:\/\/longlifechallenge.eu\/wp-content\/uploads\/2021\/10\/snack-brocoli.jpg&#8221; title_text=&#8221;snack brocoli&#8221; _builder_version=&#8221;4.11.2&#8243; _module_preset=&#8221;default&#8221; custom_margin=&#8221;|-3px||||&#8221; global_colors_info=&#8221;{}&#8221;][\/et_pb_image][et_pb_text _builder_version=&#8221;4.11.2&#8243; _module_preset=&#8221;default&#8221; text_text_color=&#8221;#000000&#8243; text_font_size=&#8221;16px&#8221; hover_enabled=&#8221;0&#8243; global_colors_info=&#8221;{}&#8221; sticky_enabled=&#8221;0&#8243;]<\/p>\n<p style=\"text-align: center;\">Bez laktozy &#8211; Danie wegetaria\u0144skie &#8211; Danie wega\u0144skie<\/p>\n<p>[\/et_pb_text][\/et_pb_column][et_pb_column type=&#8221;1_2&#8243; specialty_columns=&#8221;2&#8243; _builder_version=&#8221;3.25&#8243; custom_padding=&#8221;|||&#8221; global_colors_info=&#8221;{}&#8221; custom_padding__hover=&#8221;|||&#8221;][et_pb_row_inner _builder_version=&#8221;4.11.2&#8243; _module_preset=&#8221;default&#8221; global_colors_info=&#8221;{}&#8221;][et_pb_column_inner saved_specialty_column_type=&#8221;1_2&#8243; _builder_version=&#8221;4.11.2&#8243; _module_preset=&#8221;default&#8221; global_colors_info=&#8221;{}&#8221;][et_pb_text _builder_version=&#8221;4.11.2&#8243; _module_preset=&#8221;default&#8221; header_font=&#8221;|600|||||||&#8221; header_text_align=&#8221;center&#8221; header_text_color=&#8221;#a3195c&#8221; header_font_size=&#8221;40px&#8221; hover_enabled=&#8221;0&#8243; global_colors_info=&#8221;{}&#8221; sticky_enabled=&#8221;0&#8243;]<\/p>\n<h1>Strudel lub rolada z broku\u0142ami, cebul\u0105 i wega\u0144sk\u0105 mozarell\u0105<\/h1>\n<p>[\/et_pb_text][\/et_pb_column_inner][\/et_pb_row_inner][et_pb_row_inner column_structure=&#8221;1_3,1_3,1_3&#8243; use_custom_gutter=&#8221;on&#8221; gutter_width=&#8221;1&#8243; _builder_version=&#8221;4.11.2&#8243; _module_preset=&#8221;default&#8221; custom_margin=&#8221;||||false|false&#8221; custom_padding=&#8221;0px||||false|false&#8221; global_colors_info=&#8221;{}&#8221;][et_pb_column_inner type=&#8221;1_3&#8243; saved_specialty_column_type=&#8221;1_2&#8243; _builder_version=&#8221;4.11.2&#8243; _module_preset=&#8221;default&#8221; global_colors_info=&#8221;{}&#8221;][et_pb_image src=&#8221;https:\/\/longlifechallenge.eu\/wp-content\/uploads\/2021\/10\/icon_person_ES.png&#8221; title_text=&#8221;icon_person_ES&#8221; _builder_version=&#8221;4.11.2&#8243; _module_preset=&#8221;default&#8221; width=&#8221;40%&#8221; width_tablet=&#8221;&#8221; width_phone=&#8221;20%&#8221; width_last_edited=&#8221;on|phone&#8221; module_alignment=&#8221;center&#8221; global_colors_info=&#8221;{}&#8221;][\/et_pb_image][et_pb_text _builder_version=&#8221;4.11.2&#8243; _module_preset=&#8221;default&#8221; text_font_size=&#8221;18px&#8221; global_colors_info=&#8221;{}&#8221;]<\/p>\n<p style=\"text-align: center;\"><strong>4<\/strong><\/p>\n<p>[\/et_pb_text][\/et_pb_column_inner][et_pb_column_inner type=&#8221;1_3&#8243; saved_specialty_column_type=&#8221;1_2&#8243; _builder_version=&#8221;4.11.2&#8243; _module_preset=&#8221;default&#8221; global_colors_info=&#8221;{}&#8221;][et_pb_image src=&#8221;https:\/\/longlifechallenge.eu\/wp-content\/uploads\/2021\/10\/icon_dificulty.png&#8221; title_text=&#8221;icon_dificulty&#8221; _builder_version=&#8221;4.11.2&#8243; _module_preset=&#8221;default&#8221; width=&#8221;40%&#8221; width_tablet=&#8221;&#8221; width_phone=&#8221;20%&#8221; width_last_edited=&#8221;on|phone&#8221; module_alignment=&#8221;center&#8221; custom_margin_tablet=&#8221;&#8221; custom_margin_phone=&#8221;12px||||false|false&#8221; custom_margin_last_edited=&#8221;on|phone&#8221; global_colors_info=&#8221;{}&#8221;][\/et_pb_image][et_pb_text _builder_version=&#8221;4.11.2&#8243; _module_preset=&#8221;default&#8221; text_font_size=&#8221;18px&#8221; global_colors_info=&#8221;{}&#8221;]<\/p>\n<p style=\"text-align: center;\"><strong>3<\/strong><\/p>\n<p>[\/et_pb_text][\/et_pb_column_inner][et_pb_column_inner type=&#8221;1_3&#8243; saved_specialty_column_type=&#8221;1_2&#8243; _builder_version=&#8221;4.11.2&#8243; _module_preset=&#8221;default&#8221; global_colors_info=&#8221;{}&#8221;][et_pb_image src=&#8221;https:\/\/longlifechallenge.eu\/wp-content\/uploads\/2021\/10\/icon_timer.png&#8221; title_text=&#8221;icon_timer&#8221; _builder_version=&#8221;4.11.2&#8243; _module_preset=&#8221;default&#8221; width=&#8221;40%&#8221; width_tablet=&#8221;&#8221; width_phone=&#8221;20%&#8221; width_last_edited=&#8221;on|phone&#8221; module_alignment=&#8221;center&#8221; custom_margin_tablet=&#8221;&#8221; custom_margin_phone=&#8221;12px||||false|false&#8221; custom_margin_last_edited=&#8221;on|phone&#8221; global_colors_info=&#8221;{}&#8221;][\/et_pb_image][et_pb_text _builder_version=&#8221;4.11.2&#8243; _module_preset=&#8221;default&#8221; text_font_size=&#8221;18px&#8221; global_colors_info=&#8221;{}&#8221;]<\/p>\n<p style=\"text-align: center;\"><strong>25 min<\/strong><\/p>\n<p>[\/et_pb_text][\/et_pb_column_inner][\/et_pb_row_inner][et_pb_row_inner _builder_version=&#8221;4.11.2&#8243; _module_preset=&#8221;default&#8221; custom_margin=&#8221;0px||||false|false&#8221; custom_padding=&#8221;0px||0px||false|false&#8221; global_colors_info=&#8221;{}&#8221;][et_pb_column_inner saved_specialty_column_type=&#8221;1_2&#8243; _builder_version=&#8221;4.11.2&#8243; _module_preset=&#8221;default&#8221; global_colors_info=&#8221;{}&#8221;][et_pb_text _builder_version=&#8221;4.11.2&#8243; _module_preset=&#8221;default&#8221; header_2_font=&#8221;|700|||||||&#8221; header_2_text_align=&#8221;center&#8221; hover_enabled=&#8221;0&#8243; global_colors_info=&#8221;{}&#8221; sticky_enabled=&#8221;0&#8243;]<\/p>\n<h2>SK\u0141ADNIKI<\/h2>\n<p>[\/et_pb_text][\/et_pb_column_inner][\/et_pb_row_inner][et_pb_row_inner column_structure=&#8221;1_2,1_2&#8243; _builder_version=&#8221;4.11.2&#8243; _module_preset=&#8221;default&#8221; global_colors_info=&#8221;{}&#8221;][et_pb_column_inner type=&#8221;1_2&#8243; saved_specialty_column_type=&#8221;1_2&#8243; _builder_version=&#8221;4.11.2&#8243; _module_preset=&#8221;default&#8221; global_colors_info=&#8221;{}&#8221;][et_pb_text _builder_version=&#8221;4.11.2&#8243; _module_preset=&#8221;default&#8221; text_font_size=&#8221;16px&#8221; custom_margin=&#8221;||0px||false|false&#8221; custom_margin_tablet=&#8221;&#8221; custom_margin_phone=&#8221;-12px||||false|false&#8221; custom_margin_last_edited=&#8221;on|phone&#8221; custom_padding=&#8221;||0px||false|false&#8221; hover_enabled=&#8221;0&#8243; global_colors_info=&#8221;{}&#8221; sticky_enabled=&#8221;0&#8243;]<\/p>\n<ul>\n<li>200 g broku\u0142\u00f3w<\/li>\n<li>1 cebula<\/li>\n<li>250 g wega\u0144skiego sera mozarella<\/li>\n<li>2 szt. ciasta francuskiego<\/li>\n<\/ul>\n<p>[\/et_pb_text][\/et_pb_column_inner][et_pb_column_inner type=&#8221;1_2&#8243; saved_specialty_column_type=&#8221;1_2&#8243; _builder_version=&#8221;4.11.2&#8243; _module_preset=&#8221;default&#8221; global_colors_info=&#8221;{}&#8221;][et_pb_text _builder_version=&#8221;4.11.2&#8243; _module_preset=&#8221;default&#8221; text_font_size=&#8221;16px&#8221; custom_margin=&#8221;||0px||false|false&#8221; custom_margin_tablet=&#8221;&#8221; custom_margin_phone=&#8221;-45px||||false|false&#8221; custom_margin_last_edited=&#8221;on|phone&#8221; custom_padding=&#8221;||0px||false|false&#8221; custom_padding_tablet=&#8221;&#8221; custom_padding_phone=&#8221;||35px||false|false&#8221; custom_padding_last_edited=&#8221;on|phone&#8221; hover_enabled=&#8221;0&#8243; global_colors_info=&#8221;{}&#8221; sticky_enabled=&#8221;0&#8243;]<\/p>\n<ul>\n<li>4 \u0142y\u017cki oliwy Extra Virgin<\/li>\n<li>S\u00f3l<\/li>\n<li>Pieprz<\/li>\n<li>2 lub 3 \u0142y\u017cki nasion orkiszu<\/li>\n<li>Papier do pieczenia<\/li>\n<\/ul>\n<p>[\/et_pb_text][\/et_pb_column_inner][\/et_pb_row_inner][et_pb_row_inner _builder_version=&#8221;4.11.2&#8243; _module_preset=&#8221;default&#8221; custom_margin=&#8221;-63px||0px||false|false&#8221; custom_padding=&#8221;0px||0px||false|false&#8221; global_colors_info=&#8221;{}&#8221;][et_pb_column_inner saved_specialty_column_type=&#8221;1_2&#8243; _builder_version=&#8221;4.11.2&#8243; _module_preset=&#8221;default&#8221; global_colors_info=&#8221;{}&#8221;][et_pb_text _builder_version=&#8221;4.11.2&#8243; _module_preset=&#8221;default&#8221; header_2_font=&#8221;|700|||||||&#8221; header_2_text_align=&#8221;center&#8221; hover_enabled=&#8221;0&#8243; global_colors_info=&#8221;{}&#8221; sticky_enabled=&#8221;0&#8243;]<\/p>\n<h2>PRZYRZ\u0104DZANIE<\/h2>\n<p>[\/et_pb_text][\/et_pb_column_inner][\/et_pb_row_inner][et_pb_row_inner _builder_version=&#8221;4.11.2&#8243; _module_preset=&#8221;default&#8221; global_colors_info=&#8221;{}&#8221;][et_pb_column_inner saved_specialty_column_type=&#8221;1_2&#8243; _builder_version=&#8221;4.11.2&#8243; _module_preset=&#8221;default&#8221; global_colors_info=&#8221;{}&#8221;][et_pb_text _builder_version=&#8221;4.11.2&#8243; _module_preset=&#8221;default&#8221; text_font_size=&#8221;16px&#8221; custom_margin_tablet=&#8221;&#8221; custom_margin_phone=&#8221;-12px||||false|false&#8221; custom_margin_last_edited=&#8221;on|phone&#8221; hover_enabled=&#8221;0&#8243; global_colors_info=&#8221;{}&#8221; sticky_enabled=&#8221;0&#8243;]<\/p>\n<p>Myjemy broku\u0142y i gotujemy je w du\u017cej ilo\u015bci wrz\u0105cej wody z dwiema \u0142y\u017ceczkami soli przez 5 minut. W ten spos\u00f3b uzyskamy broku\u0142y \u201eal dente\u201d. Odcedzamy i dostawiamy. Kroimy broku\u0142y w ma\u0142e kawa\u0142ki.<\/p>\n<p>Obieramy cebul\u0119 i kroimy j\u0105 w drobn\u0105 kostk\u0119. Na patelni, na \u015brednim ogniu, wlewamy dwie \u0142y\u017cki oliwy i podsma\u017camy cebulk\u0119 do zarumienienia. Dodajemy broku\u0142y i podsma\u017camy dalej razem jeszcze kilka minut. Zdejmujemy z ognia i doprawiamy sol\u0105 i pieprzem. Odstawiamy do ostudzenia. Dodajemy rozdrobniony wega\u0144ski ser mozarella i mieszamy wszystko razem.<\/p>\n<p>Ciasto francuskie rozci\u0105gamy i wyk\u0142adamy na brytfank\u0119 wy\u0142o\u017con\u0105 papierem do pieczenia. W dolnej cz\u0119\u015bci z boku uk\u0142adamy farsz z broku\u0142\u00f3w, cebuli i mozarelli. Zwijamy mas\u0119, zachowuj\u0105c zak\u0142adki po brzegach, kt\u00f3re wsuniemy pod sp\u00f3d naszej rolady.<\/p>\n<p>Wierzch ciasta francuskiego nak\u0142uwamy widelcem, aby umo\u017cliwi\u0107 uchodzenie pary, smarujemy oliw\u0105 przy pomocy p\u0119dzelka i posypujemy nasionami orkiszu.<\/p>\n<p>Pieczemy rolad\u0119 w piekarniku rozgrzanym wcze\u015bniej do 200\u00ba przez 20 minut, lub do podpieczenia wierzchu. Wyjmujemy z piekarnika i kroimy na kawa\u0142ki o grubo\u015bci 4 cm do podania.<\/p>\n<p>[\/et_pb_text][\/et_pb_column_inner][\/et_pb_row_inner][\/et_pb_column][\/et_pb_section][et_pb_section fb_built=&#8221;1&#8243; _builder_version=&#8221;3.27.4&#8243; custom_padding=&#8221;68px||68px||true|&#8221; global_module=&#8221;1689&#8243; global_colors_info=&#8221;{}&#8221;][et_pb_row _builder_version=&#8221;3.27.4&#8243; width=&#8221;100%&#8221; max_width=&#8221;100%&#8221; global_colors_info=&#8221;{}&#8221;][et_pb_column type=&#8221;4_4&#8243; _builder_version=&#8221;3.27.4&#8243; global_colors_info=&#8221;{}&#8221;][dica_divi_carousel show_items_desktop=&#8221;6.25&#8243; centermode=&#8221;on&#8221; loop=&#8221;on&#8221; autoplay=&#8221;on&#8221; arrow_nav=&#8221;on&#8221; item_spacing=&#8221;20px&#8221; item_spacing_last_edited=&#8221;off|desktop&#8221; advanced_effect=&#8221;1&#8243; arrow_nav_color=&#8221;#ffffff&#8221; arrow_bg_color=&#8221;#242424&#8243; title_background=&#8221;RGBA(0,0,0,0)&#8221; content_container_margin=&#8221;-100px||||false|false&#8221; content_container_padding=&#8221;|25px|46px|25px|false|false&#8221; _builder_version=&#8221;4.11.2&#8243; title_font=&#8221;|700|||||||&#8221; title_text_align=&#8221;left&#8221; title_text_color=&#8221;#FFFFFF&#8221; title_font_size=&#8221;15px&#8221; subtitle_font=&#8221;|700|||||||&#8221; subtitle_text_color=&#8221;#ffffff&#8221; subtitle_font_size=&#8221;12px&#8221; border_radii_image=&#8221;on|8px|8px|8px|8px&#8221; global_colors_info=&#8221;{}&#8221;][dica_divi_carouselitem title=&#8221;TIRAMISU POMARA\u0143CZOWE&#8221; sub_title=&#8221;Przek\u0105ski&#8221; url=&#8221;https:\/\/longlifechallenge.eu\/pl\/przepisy\/przekaski\/tiramisu-pomaranczowe\/&#8221; button_url_new_window=&#8221;1&#8243; image=&#8221;https:\/\/longlifechallenge.eu\/wp-content\/uploads\/2021\/10\/snack-naranjas-boton.jpg&#8221; _builder_version=&#8221;4.11.2&#8243; global_colors_info=&#8221;{}&#8221;][\/dica_divi_carouselitem][dica_divi_carouselitem title=&#8221;BUDY\u0143 Z CHIA, POMARA\u0143CZY I KOKOSA&#8221; sub_title=&#8221;Przek\u0105ski&#8221; url=&#8221;https:\/\/longlifechallenge.eu\/pl\/przepisy\/przekaski\/budyn-z-chia-pomaranczy-i-kokosa\/&#8221; button_url_new_window=&#8221;1&#8243; image=&#8221;https:\/\/longlifechallenge.eu\/wp-content\/uploads\/2021\/10\/snack-naranjas-2-boton.jpg&#8221; _builder_version=&#8221;4.11.2&#8243; global_colors_info=&#8221;{}&#8221;][\/dica_divi_carouselitem][dica_divi_carouselitem title=&#8221;PRZEK\u0104SKA Z MANDARYNEK W CZEKOLADZIE Z PRA\u017bONYMI ORZECHAMI&#8230;&#8221; sub_title=&#8221;Przek\u0105ski&#8221; url=&#8221;https:\/\/longlifechallenge.eu\/pl\/przepisy\/przekaski\/przekaska-z-mandarynek-w-czekoladzie-z-prazonymi-orzechami-i-platkami-soli\/&#8221; button_url_new_window=&#8221;1&#8243; image=&#8221;https:\/\/longlifechallenge.eu\/wp-content\/uploads\/2021\/10\/smoothie-fresas-boton.jpg&#8221; _builder_version=&#8221;4.11.2&#8243; global_colors_info=&#8221;{}&#8221;][\/dica_divi_carouselitem][dica_divi_carouselitem title=&#8221;SAJGONKI Z FRANCUSKIMI TRUSKAWKAMI&#8221; sub_title=&#8221;Przek\u0105ski&#8221; url=&#8221;https:\/\/longlifechallenge.eu\/pl\/przepisy\/przekaski\/sajgonki-z-francuskimi-truskawkami\/&#8221; button_url_new_window=&#8221;1&#8243; image=&#8221;https:\/\/longlifechallenge.eu\/wp-content\/uploads\/2021\/10\/snack-fresas-boton.jpg&#8221; _builder_version=&#8221;4.11.2&#8243; global_colors_info=&#8221;{}&#8221;][\/dica_divi_carouselitem][dica_divi_carouselitem title=&#8221;STRUDEL LUB ROLADA Z BROKU\u0141AMI, CEBUL\u0104 I&#8230;&#8221; sub_title=&#8221;Przek\u0105ski&#8221; url=&#8221;https:\/\/longlifechallenge.eu\/recetas\/snacks\/strudel-o-brazo-gitano-de-brocoli-cebolla-y-mozarella-vegano\/&#8221; button_url_new_window=&#8221;1&#8243; image=&#8221;https:\/\/longlifechallenge.eu\/wp-content\/uploads\/2021\/10\/snack-brocoli-boton.jpg&#8221; _builder_version=&#8221;4.11.2&#8243; global_colors_info=&#8221;{}&#8221;][\/dica_divi_carouselitem][dica_divi_carouselitem title=&#8221;CIASTO FRANCUSKIE ZE SZPARAGAMI, SEREM MOZARELLA I HISZPA\u0143SK\u0104&#8230;&#8221; sub_title=&#8221;Przek\u0105ski&#8221; url=&#8221;https:\/\/longlifechallenge.eu\/pl\/przepisy\/przekaski\/ciasto-francuskie-ze-szparagami-serem-mozarella-i-hiszpanska-szynka-serrano\/&#8221; button_url_new_window=&#8221;1&#8243; image=&#8221;https:\/\/longlifechallenge.eu\/wp-content\/uploads\/2021\/10\/snack-esparragos-boton.jpg&#8221; _builder_version=&#8221;4.11.2&#8243; global_colors_info=&#8221;{}&#8221;][\/dica_divi_carouselitem][dica_divi_carouselitem title=&#8221;CHIPSY JAB\u0141KOWE&#8221; sub_title=&#8221;Przek\u0105ski&#8221; url=&#8221;https:\/\/longlifechallenge.eu\/pl\/przepisy\/przekaski\/chipsy-jablkowe\/&#8221; button_url_new_window=&#8221;1&#8243; image=&#8221;https:\/\/longlifechallenge.eu\/wp-content\/uploads\/2021\/10\/snack-manzana-boton.jpg&#8221; _builder_version=&#8221;4.11.2&#8243; global_colors_info=&#8221;{}&#8221;][\/dica_divi_carouselitem][dica_divi_carouselitem title=&#8221;LODY NA PATYKU Z BOR\u00d3WEK, MIGDA\u0141\u00d3W I WEGA\u0143SKIEGO JOGURTU&#8221; sub_title=&#8221;Przek\u0105ski&#8221; url=&#8221;https:\/\/longlifechallenge.eu\/pl\/przepisy\/przekaski\/lody-na-patyku-z-borowek-migdalow-i-weganskiego-jogurtu\/&#8221; button_url_new_window=&#8221;1&#8243; image=&#8221;https:\/\/longlifechallenge.eu\/wp-content\/uploads\/2021\/10\/snack-arandanos-boton.jpg&#8221; _builder_version=&#8221;4.11.2&#8243; global_colors_info=&#8221;{}&#8221;][\/dica_divi_carouselitem][\/dica_divi_carousel][\/et_pb_column][\/et_pb_row][\/et_pb_section]<\/p>\n","protected":false},"excerpt":{"rendered":"<p>Bez laktozy &#8211; Danie wegetaria\u0144skie &#8211; Danie wega\u0144skieStrudel lub rolada z broku\u0142ami, cebul\u0105 i wega\u0144sk\u0105 mozarell\u01054325 minSK\u0141ADNIKI 200 g broku\u0142\u00f3w 1 cebula 250 g wega\u0144skiego sera mozarella 2 szt. ciasta francuskiego 4 \u0142y\u017cki oliwy Extra Virgin S\u00f3l Pieprz 2 lub 3 \u0142y\u017cki nasion orkiszu Papier do pieczenia PRZYRZ\u0104DZANIEMyjemy broku\u0142y i gotujemy je w du\u017cej ilo\u015bci [&hellip;]<\/p>\n","protected":false},"author":1,"featured_media":0,"parent":2872,"menu_order":5,"comment_status":"closed","ping_status":"closed","template":"","meta":{"_et_pb_use_builder":"on","_et_pb_old_content":"","_et_gb_content_width":"","footnotes":""},"_links":{"self":[{"href":"https:\/\/longlifechallenge.eu\/pl\/wp-json\/wp\/v2\/pages\/2877"}],"collection":[{"href":"https:\/\/longlifechallenge.eu\/pl\/wp-json\/wp\/v2\/pages"}],"about":[{"href":"https:\/\/longlifechallenge.eu\/pl\/wp-json\/wp\/v2\/types\/page"}],"author":[{"embeddable":true,"href":"https:\/\/longlifechallenge.eu\/pl\/wp-json\/wp\/v2\/users\/1"}],"replies":[{"embeddable":true,"href":"https:\/\/longlifechallenge.eu\/pl\/wp-json\/wp\/v2\/comments?post=2877"}],"version-history":[{"count":1,"href":"https:\/\/longlifechallenge.eu\/pl\/wp-json\/wp\/v2\/pages\/2877\/revisions"}],"predecessor-version":[{"id":2914,"href":"https:\/\/longlifechallenge.eu\/pl\/wp-json\/wp\/v2\/pages\/2877\/revisions\/2914"}],"up":[{"embeddable":true,"href":"https:\/\/longlifechallenge.eu\/pl\/wp-json\/wp\/v2\/pages\/2872"}],"wp:attachment":[{"href":"https:\/\/longlifechallenge.eu\/pl\/wp-json\/wp\/v2\/media?parent=2877"}],"curies":[{"name":"wp","href":"https:\/\/api.w.org\/{rel}","templated":true}]}}