{"id":2868,"date":"2021-10-24T18:11:50","date_gmt":"2021-10-24T18:11:50","guid":{"rendered":"https:\/\/tacticseurope.com\/demos\/5aldia\/przepisy\/smoothies\/koktajl-bialkowy-z-jablka-migdalow-i-cynamonu\/"},"modified":"2021-10-25T09:04:07","modified_gmt":"2021-10-25T09:04:07","slug":"koktajl-bialkowy-z-jablka-migdalow-i-cynamonu","status":"publish","type":"page","link":"https:\/\/longlifechallenge.eu\/pl\/przepisy\/smoothies\/koktajl-bialkowy-z-jablka-migdalow-i-cynamonu\/","title":{"rendered":"Koktajl bia\u0142kowy z jab\u0142ka, migda\u0142\u00f3w i cynamonu"},"content":{"rendered":"<p>[et_pb_section fb_built=&#8221;1&#8243; specialty=&#8221;on&#8221; _builder_version=&#8221;4.11.2&#8243; _module_preset=&#8221;default&#8221; global_colors_info=&#8221;{}&#8221;][et_pb_column type=&#8221;1_2&#8243; _builder_version=&#8221;3.25&#8243; custom_padding=&#8221;|||&#8221; global_colors_info=&#8221;{}&#8221; custom_padding__hover=&#8221;|||&#8221;][et_pb_image src=&#8221;https:\/\/longlifechallenge.eu\/wp-content\/uploads\/2021\/10\/smoothie-manzana.jpg&#8221; title_text=&#8221;smoothie manzana&#8221; _builder_version=&#8221;4.11.2&#8243; _module_preset=&#8221;default&#8221; custom_margin=&#8221;|-3px||||&#8221; global_colors_info=&#8221;{}&#8221;][\/et_pb_image][et_pb_text _builder_version=&#8221;4.11.2&#8243; _module_preset=&#8221;default&#8221; text_text_color=&#8221;#000000&#8243; text_font_size=&#8221;16px&#8221; hover_enabled=&#8221;0&#8243; global_colors_info=&#8221;{}&#8221; sticky_enabled=&#8221;0&#8243;]<\/p>\n<p style=\"text-align: center;\">Bez dodatku cukru &#8211; Bez glutenu &#8211; Bez laktozy &#8211; Danie wegetaria\u0144skie &#8211; Danie wega\u0144skie<\/p>\n<p>[\/et_pb_text][\/et_pb_column][et_pb_column type=&#8221;1_2&#8243; specialty_columns=&#8221;2&#8243; _builder_version=&#8221;3.25&#8243; custom_padding=&#8221;|||&#8221; global_colors_info=&#8221;{}&#8221; custom_padding__hover=&#8221;|||&#8221;][et_pb_row_inner _builder_version=&#8221;4.11.2&#8243; _module_preset=&#8221;default&#8221; global_colors_info=&#8221;{}&#8221;][et_pb_column_inner saved_specialty_column_type=&#8221;1_2&#8243; _builder_version=&#8221;4.11.2&#8243; _module_preset=&#8221;default&#8221; global_colors_info=&#8221;{}&#8221;][et_pb_text _builder_version=&#8221;4.11.2&#8243; _module_preset=&#8221;default&#8221; header_font=&#8221;|600|||||||&#8221; header_text_align=&#8221;center&#8221; header_text_color=&#8221;#a3195c&#8221; header_font_size=&#8221;40px&#8221; hover_enabled=&#8221;0&#8243; global_colors_info=&#8221;{}&#8221; sticky_enabled=&#8221;0&#8243;]<\/p>\n<h1>Koktajl bia\u0142kowy z jab\u0142ka, migda\u0142\u00f3w i cynamonu<\/h1>\n<p>[\/et_pb_text][\/et_pb_column_inner][\/et_pb_row_inner][et_pb_row_inner column_structure=&#8221;1_3,1_3,1_3&#8243; use_custom_gutter=&#8221;on&#8221; gutter_width=&#8221;1&#8243; _builder_version=&#8221;4.11.2&#8243; _module_preset=&#8221;default&#8221; custom_margin=&#8221;||||false|false&#8221; custom_padding=&#8221;0px||||false|false&#8221; global_colors_info=&#8221;{}&#8221;][et_pb_column_inner type=&#8221;1_3&#8243; saved_specialty_column_type=&#8221;1_2&#8243; _builder_version=&#8221;4.11.2&#8243; _module_preset=&#8221;default&#8221; global_colors_info=&#8221;{}&#8221;][et_pb_image src=&#8221;https:\/\/longlifechallenge.eu\/wp-content\/uploads\/2021\/10\/icon_person_ES.png&#8221; title_text=&#8221;icon_person_ES&#8221; _builder_version=&#8221;4.11.2&#8243; _module_preset=&#8221;default&#8221; width=&#8221;40%&#8221; width_tablet=&#8221;&#8221; width_phone=&#8221;20%&#8221; width_last_edited=&#8221;on|phone&#8221; module_alignment=&#8221;center&#8221; global_colors_info=&#8221;{}&#8221;][\/et_pb_image][et_pb_text _builder_version=&#8221;4.11.2&#8243; _module_preset=&#8221;default&#8221; text_font_size=&#8221;18px&#8221; global_colors_info=&#8221;{}&#8221;]<\/p>\n<p style=\"text-align: center;\"><strong>4<\/strong><\/p>\n<p>[\/et_pb_text][\/et_pb_column_inner][et_pb_column_inner type=&#8221;1_3&#8243; saved_specialty_column_type=&#8221;1_2&#8243; _builder_version=&#8221;4.11.2&#8243; _module_preset=&#8221;default&#8221; global_colors_info=&#8221;{}&#8221;][et_pb_image src=&#8221;https:\/\/longlifechallenge.eu\/wp-content\/uploads\/2021\/10\/icon_dificulty.png&#8221; title_text=&#8221;icon_dificulty&#8221; _builder_version=&#8221;4.11.2&#8243; _module_preset=&#8221;default&#8221; width=&#8221;40%&#8221; width_tablet=&#8221;&#8221; width_phone=&#8221;20%&#8221; width_last_edited=&#8221;on|phone&#8221; module_alignment=&#8221;center&#8221; custom_margin_tablet=&#8221;&#8221; custom_margin_phone=&#8221;12px||||false|false&#8221; custom_margin_last_edited=&#8221;on|phone&#8221; global_colors_info=&#8221;{}&#8221;][\/et_pb_image][et_pb_text _builder_version=&#8221;4.11.2&#8243; _module_preset=&#8221;default&#8221; text_font_size=&#8221;18px&#8221; global_colors_info=&#8221;{}&#8221;]<\/p>\n<p style=\"text-align: center;\"><strong>1<\/strong><\/p>\n<p>[\/et_pb_text][\/et_pb_column_inner][et_pb_column_inner type=&#8221;1_3&#8243; saved_specialty_column_type=&#8221;1_2&#8243; _builder_version=&#8221;4.11.2&#8243; _module_preset=&#8221;default&#8221; global_colors_info=&#8221;{}&#8221;][et_pb_image src=&#8221;https:\/\/longlifechallenge.eu\/wp-content\/uploads\/2021\/10\/icon_timer.png&#8221; title_text=&#8221;icon_timer&#8221; _builder_version=&#8221;4.11.2&#8243; _module_preset=&#8221;default&#8221; width=&#8221;40%&#8221; width_tablet=&#8221;&#8221; width_phone=&#8221;20%&#8221; width_last_edited=&#8221;on|phone&#8221; module_alignment=&#8221;center&#8221; custom_margin_tablet=&#8221;&#8221; custom_margin_phone=&#8221;12px||||false|false&#8221; custom_margin_last_edited=&#8221;on|phone&#8221; global_colors_info=&#8221;{}&#8221;][\/et_pb_image][et_pb_text _builder_version=&#8221;4.11.2&#8243; _module_preset=&#8221;default&#8221; text_font_size=&#8221;18px&#8221; global_colors_info=&#8221;{}&#8221;]<\/p>\n<p style=\"text-align: center;\"><strong>10 min<\/strong><\/p>\n<p>[\/et_pb_text][\/et_pb_column_inner][\/et_pb_row_inner][et_pb_row_inner _builder_version=&#8221;4.11.2&#8243; _module_preset=&#8221;default&#8221; custom_margin=&#8221;0px||||false|false&#8221; custom_padding=&#8221;0px||0px||false|false&#8221; global_colors_info=&#8221;{}&#8221;][et_pb_column_inner saved_specialty_column_type=&#8221;1_2&#8243; _builder_version=&#8221;4.11.2&#8243; _module_preset=&#8221;default&#8221; global_colors_info=&#8221;{}&#8221;][et_pb_text _builder_version=&#8221;4.11.2&#8243; _module_preset=&#8221;default&#8221; header_2_font=&#8221;|700|||||||&#8221; header_2_text_align=&#8221;center&#8221; hover_enabled=&#8221;0&#8243; global_colors_info=&#8221;{}&#8221; sticky_enabled=&#8221;0&#8243;]<\/p>\n<h2>SK\u0141ADNIKI<\/h2>\n<p>[\/et_pb_text][\/et_pb_column_inner][\/et_pb_row_inner][et_pb_row_inner column_structure=&#8221;1_2,1_2&#8243; _builder_version=&#8221;4.11.2&#8243; _module_preset=&#8221;default&#8221; global_colors_info=&#8221;{}&#8221;][et_pb_column_inner type=&#8221;1_2&#8243; saved_specialty_column_type=&#8221;1_2&#8243; _builder_version=&#8221;4.11.2&#8243; _module_preset=&#8221;default&#8221; global_colors_info=&#8221;{}&#8221;][et_pb_text _builder_version=&#8221;4.11.2&#8243; _module_preset=&#8221;default&#8221; text_font_size=&#8221;16px&#8221; custom_margin=&#8221;||0px||false|false&#8221; custom_margin_tablet=&#8221;&#8221; custom_margin_phone=&#8221;-12px||||false|false&#8221; custom_margin_last_edited=&#8221;on|phone&#8221; custom_padding=&#8221;||0px||false|false&#8221; hover_enabled=&#8221;0&#8243; global_colors_info=&#8221;{}&#8221; sticky_enabled=&#8221;0&#8243;]<\/p>\n<ul>\n<li>4 czerwone jab\u0142ka<\/li>\n<li>600 ml napoju migda\u0142owego<\/li>\n<li>2 \u0142y\u017cki wega\u0144skiego bia\u0142ka w proszku<\/li>\n<\/ul>\n<p>[\/et_pb_text][\/et_pb_column_inner][et_pb_column_inner type=&#8221;1_2&#8243; saved_specialty_column_type=&#8221;1_2&#8243; _builder_version=&#8221;4.11.2&#8243; _module_preset=&#8221;default&#8221; global_colors_info=&#8221;{}&#8221;][et_pb_text _builder_version=&#8221;4.11.2&#8243; _module_preset=&#8221;default&#8221; text_font_size=&#8221;16px&#8221; custom_margin=&#8221;||0px||false|false&#8221; custom_margin_tablet=&#8221;&#8221; custom_margin_phone=&#8221;-45px||||false|false&#8221; custom_margin_last_edited=&#8221;on|phone&#8221; custom_padding=&#8221;||0px||false|false&#8221; custom_padding_tablet=&#8221;&#8221; custom_padding_phone=&#8221;||35px||false|false&#8221; custom_padding_last_edited=&#8221;on|phone&#8221; hover_enabled=&#8221;0&#8243; global_colors_info=&#8221;{}&#8221; sticky_enabled=&#8221;0&#8243;]<\/p>\n<ul>\n<li>1 \u0142y\u017ceczka sproszkowanego cynamonu<\/li>\n<li>3 kostki lodu<\/li>\n<li>4 s\u0142omki ekologiczne<\/li>\n<\/ul>\n<p>[\/et_pb_text][\/et_pb_column_inner][\/et_pb_row_inner][et_pb_row_inner _builder_version=&#8221;4.11.2&#8243; _module_preset=&#8221;default&#8221; custom_margin=&#8221;-63px||0px||false|false&#8221; custom_padding=&#8221;0px||0px||false|false&#8221; global_colors_info=&#8221;{}&#8221;][et_pb_column_inner saved_specialty_column_type=&#8221;1_2&#8243; _builder_version=&#8221;4.11.2&#8243; _module_preset=&#8221;default&#8221; global_colors_info=&#8221;{}&#8221;][et_pb_text _builder_version=&#8221;4.11.2&#8243; _module_preset=&#8221;default&#8221; header_2_font=&#8221;|700|||||||&#8221; header_2_text_align=&#8221;center&#8221; hover_enabled=&#8221;0&#8243; global_colors_info=&#8221;{}&#8221; sticky_enabled=&#8221;0&#8243;]<\/p>\n<h2>PRZYRZ\u0104DZANIE<\/h2>\n<p>[\/et_pb_text][\/et_pb_column_inner][\/et_pb_row_inner][et_pb_row_inner _builder_version=&#8221;4.11.2&#8243; _module_preset=&#8221;default&#8221; global_colors_info=&#8221;{}&#8221;][et_pb_column_inner saved_specialty_column_type=&#8221;1_2&#8243; _builder_version=&#8221;4.11.2&#8243; _module_preset=&#8221;default&#8221; global_colors_info=&#8221;{}&#8221;][et_pb_text _builder_version=&#8221;4.11.2&#8243; _module_preset=&#8221;default&#8221; text_font_size=&#8221;16px&#8221; custom_margin_tablet=&#8221;&#8221; custom_margin_phone=&#8221;-12px||||false|false&#8221; custom_margin_last_edited=&#8221;on|phone&#8221; hover_enabled=&#8221;0&#8243; global_colors_info=&#8221;{}&#8221; sticky_enabled=&#8221;0&#8243;]<\/p>\n<p>Umyte jab\u0142ka obra\u0107 ze sk\u00f3rki i wydr\u0105\u017cy\u0107. Pokroi\u0107 w grub\u0105 kostk\u0119.<\/p>\n<p>W\u0142o\u017cy\u0107 do blendera pokrojone jab\u0142ko, nap\u00f3j migda\u0142owy, bia\u0142ko w proszku, sproszkowany cynamon i l\u00f3d. Miksowa\u0107 2 minuty na najwy\u017cszych obrotach.<\/p>\n<p>Koktajl przela\u0107 do szklanek. Do picia podawa\u0107 wraz ze s\u0142omk\u0105 ekologiczn\u0105.<\/p>\n<p>[\/et_pb_text][\/et_pb_column_inner][\/et_pb_row_inner][\/et_pb_column][\/et_pb_section][et_pb_section fb_built=&#8221;1&#8243; _builder_version=&#8221;3.27.4&#8243; custom_padding=&#8221;68px||68px||true|&#8221; global_module=&#8221;1649&#8243; global_colors_info=&#8221;{}&#8221;][et_pb_row _builder_version=&#8221;3.27.4&#8243; width=&#8221;100%&#8221; max_width=&#8221;100%&#8221; global_colors_info=&#8221;{}&#8221;][et_pb_column type=&#8221;4_4&#8243; _builder_version=&#8221;3.27.4&#8243; global_colors_info=&#8221;{}&#8221;][dica_divi_carousel show_items_desktop=&#8221;6.25&#8243; centermode=&#8221;on&#8221; loop=&#8221;on&#8221; autoplay=&#8221;on&#8221; arrow_nav=&#8221;on&#8221; item_spacing=&#8221;20px&#8221; item_spacing_last_edited=&#8221;off|desktop&#8221; advanced_effect=&#8221;1&#8243; arrow_nav_color=&#8221;#ffffff&#8221; arrow_bg_color=&#8221;#242424&#8243; title_background=&#8221;RGBA(0,0,0,0)&#8221; content_container_margin=&#8221;-100px||||false|false&#8221; content_container_padding=&#8221;|25px|46px|25px|false|false&#8221; _builder_version=&#8221;4.11.2&#8243; title_font=&#8221;|700|||||||&#8221; title_text_align=&#8221;left&#8221; title_text_color=&#8221;#FFFFFF&#8221; title_font_size=&#8221;15px&#8221; subtitle_font=&#8221;|700|||||||&#8221; subtitle_text_color=&#8221;#ffffff&#8221; subtitle_font_size=&#8221;12px&#8221; border_radii_image=&#8221;on|8px|8px|8px|8px&#8221; global_colors_info=&#8221;{}&#8221;][dica_divi_carouselitem title=&#8221;SMOOTHIE Z POMARA\u0143CZY, MANGO I BANANA&#8221; sub_title=&#8221;Koktajle Smoothie&#8221; url=&#8221;https:\/\/longlifechallenge.eu\/pl\/przepisy\/smoothies\/smoothie-z-pomaranczy-mango-i-banana\/&#8221; button_url_new_window=&#8221;1&#8243; image=&#8221;https:\/\/longlifechallenge.eu\/wp-content\/uploads\/2021\/10\/smoothie-naranja-boton.jpg&#8221; _builder_version=&#8221;4.11.2&#8243; global_colors_info=&#8221;{}&#8221;][\/dica_divi_carouselitem][dica_divi_carouselitem title=&#8221;SMOOTHIE Z MANDARYNKI, BANANA I MI\u0118TY ZIELONEJ&#8221; sub_title=&#8221;Koktajle Smoothie&#8221; url=&#8221;https:\/\/longlifechallenge.eu\/pl\/przepisy\/smoothies\/smoothie-z-mandarynki-banana-i-miety-zielonej\/&#8221; button_url_new_window=&#8221;1&#8243; image=&#8221;https:\/\/longlifechallenge.eu\/wp-content\/uploads\/2021\/10\/smoothie-mandarina-boton.jpg&#8221; _builder_version=&#8221;4.11.2&#8243; global_colors_info=&#8221;{}&#8221;][\/dica_divi_carouselitem][dica_divi_carouselitem title=&#8221;SMOOTHIE Z TRUSKAWEK, KOKOSA I JOGURTU&#8221; sub_title=&#8221;Koktajle Smoothie&#8221; url=&#8221;https:\/\/longlifechallenge.eu\/pl\/przepisy\/smoothies\/smoothie-z-truskawek-kokosa-i-jogurtu\/&#8221; button_url_new_window=&#8221;1&#8243; image=&#8221;https:\/\/longlifechallenge.eu\/wp-content\/uploads\/2021\/10\/smoothie-fresas-boton.jpg&#8221; _builder_version=&#8221;4.11.2&#8243; global_colors_info=&#8221;{}&#8221;][\/dica_divi_carouselitem][dica_divi_carouselitem title=&#8221;KOKTAJL Z BROKU\u0141A, AWOKADO, SZPINAKU I JAB\u0141KA&#8221; sub_title=&#8221;Koktajle Smoothie&#8221; url=&#8221;https:\/\/longlifechallenge.eu\/pl\/przepisy\/smoothies\/koktajl-z-brokula-awokado-szpinaku-i-jablka\/&#8221; button_url_new_window=&#8221;1&#8243; image=&#8221;https:\/\/longlifechallenge.eu\/wp-content\/uploads\/2021\/10\/smoothie-brocoli-boton.jpg&#8221; _builder_version=&#8221;4.11.2&#8243; global_colors_info=&#8221;{}&#8221;][\/dica_divi_carouselitem][dica_divi_carouselitem title=&#8221;ORZE\u017bWIAJ\u0104CY KOKTAJL ZE SZPARAG\u00d3W, BAZYLII, LIMONKI I LODU&#8221; sub_title=&#8221;Koktajle Smoothie&#8221; url=&#8221;https:\/\/longlifechallenge.eu\/pl\/przepisy\/smoothies\/orzezwiajacy-koktajl-ze-szparagow-bazylii-limonki-i-lodu\/&#8221; button_url_new_window=&#8221;1&#8243; image=&#8221;https:\/\/longlifechallenge.eu\/wp-content\/uploads\/2021\/10\/smoothie-esparragos-boton.jpg&#8221; _builder_version=&#8221;4.11.2&#8243; global_colors_info=&#8221;{}&#8221;][\/dica_divi_carouselitem][dica_divi_carouselitem title=&#8221;NAP\u00d3J JAB\u0141KOWY&#8221; sub_title=&#8221;Koktajle Smoothie&#8221; url=&#8221;https:\/\/longlifechallenge.eu\/pl\/przepisy\/smoothies\/napoj-jablkowy\/&#8221; button_url_new_window=&#8221;1&#8243; image=&#8221;https:\/\/longlifechallenge.eu\/wp-content\/uploads\/2021\/10\/refresco-manzana-boton.jpg&#8221; _builder_version=&#8221;4.11.2&#8243; global_colors_info=&#8221;{}&#8221;][\/dica_divi_carouselitem][dica_divi_carouselitem title=&#8221;KOKTAJL BIA\u0141KOWY Z JAB\u0141KA, MIGDA\u0141\u00d3W I CYNAMONU&#8221; sub_title=&#8221;Koktajle Smoothie&#8221; url=&#8221;https:\/\/longlifechallenge.eu\/pl\/przepisy\/smoothies\/koktajl-bialkowy-z-jablka-migdalow-i-cynamonu\/&#8221; button_url_new_window=&#8221;1&#8243; image=&#8221;https:\/\/longlifechallenge.eu\/wp-content\/uploads\/2021\/10\/smoothie-manzana-boton.jpg&#8221; _builder_version=&#8221;4.11.2&#8243; global_colors_info=&#8221;{}&#8221;][\/dica_divi_carouselitem][dica_divi_carouselitem title=&#8221;SMOOTHIE Z JAG\u00d3D I SOI&#8221; sub_title=&#8221;Koktajle Smoothie&#8221; url=&#8221;https:\/\/longlifechallenge.eu\/pl\/przepisy\/smoothies\/smoothie-z-jagod-i-soi\/&#8221; button_url_new_window=&#8221;1&#8243; image=&#8221;https:\/\/longlifechallenge.eu\/wp-content\/uploads\/2021\/10\/smoothie-arandanos-boton.jpg&#8221; _builder_version=&#8221;4.11.2&#8243; global_colors_info=&#8221;{}&#8221;][\/dica_divi_carouselitem][\/dica_divi_carousel][\/et_pb_column][\/et_pb_row][\/et_pb_section]<\/p>\n","protected":false},"excerpt":{"rendered":"<p>Bez dodatku cukru &#8211; Bez glutenu &#8211; Bez laktozy &#8211; Danie wegetaria\u0144skie &#8211; Danie wega\u0144skieKoktajl bia\u0142kowy z jab\u0142ka, migda\u0142\u00f3w i cynamonu4110 minSK\u0141ADNIKI 4 czerwone jab\u0142ka 600 ml napoju migda\u0142owego 2 \u0142y\u017cki wega\u0144skiego bia\u0142ka w proszku 1 \u0142y\u017ceczka sproszkowanego cynamonu 3 kostki lodu 4 s\u0142omki ekologiczne PRZYRZ\u0104DZANIEUmyte jab\u0142ka obra\u0107 ze sk\u00f3rki i wydr\u0105\u017cy\u0107. Pokroi\u0107 w grub\u0105 [&hellip;]<\/p>\n","protected":false},"author":1,"featured_media":0,"parent":2861,"menu_order":7,"comment_status":"closed","ping_status":"closed","template":"","meta":{"_et_pb_use_builder":"on","_et_pb_old_content":"","_et_gb_content_width":"","footnotes":""},"_links":{"self":[{"href":"https:\/\/longlifechallenge.eu\/pl\/wp-json\/wp\/v2\/pages\/2868"}],"collection":[{"href":"https:\/\/longlifechallenge.eu\/pl\/wp-json\/wp\/v2\/pages"}],"about":[{"href":"https:\/\/longlifechallenge.eu\/pl\/wp-json\/wp\/v2\/types\/page"}],"author":[{"embeddable":true,"href":"https:\/\/longlifechallenge.eu\/pl\/wp-json\/wp\/v2\/users\/1"}],"replies":[{"embeddable":true,"href":"https:\/\/longlifechallenge.eu\/pl\/wp-json\/wp\/v2\/comments?post=2868"}],"version-history":[{"count":2,"href":"https:\/\/longlifechallenge.eu\/pl\/wp-json\/wp\/v2\/pages\/2868\/revisions"}],"predecessor-version":[{"id":2908,"href":"https:\/\/longlifechallenge.eu\/pl\/wp-json\/wp\/v2\/pages\/2868\/revisions\/2908"}],"up":[{"embeddable":true,"href":"https:\/\/longlifechallenge.eu\/pl\/wp-json\/wp\/v2\/pages\/2861"}],"wp:attachment":[{"href":"https:\/\/longlifechallenge.eu\/pl\/wp-json\/wp\/v2\/media?parent=2868"}],"curies":[{"name":"wp","href":"https:\/\/api.w.org\/{rel}","templated":true}]}}