{"id":2848,"date":"2021-10-24T18:02:45","date_gmt":"2021-10-24T18:02:45","guid":{"rendered":"https:\/\/tacticseurope.com\/demos\/5aldia\/omlet-z-dzikimi-szparagami-bazylia-i-parmezanem\/"},"modified":"2021-10-25T10:38:52","modified_gmt":"2021-10-25T10:38:52","slug":"omlet-z-dzikimi-szparagami-bazylia-i-parmezanem","status":"publish","type":"page","link":"https:\/\/longlifechallenge.eu\/pl\/przepisy\/sniadanie\/omlet-z-dzikimi-szparagami-bazylia-i-parmezanem\/","title":{"rendered":"Omlet z dzikimi szparagami, bazyli\u0105 i parmezanem"},"content":{"rendered":"<p>[et_pb_section fb_built=&#8221;1&#8243; specialty=&#8221;on&#8221; _builder_version=&#8221;4.11.2&#8243; _module_preset=&#8221;default&#8221; global_colors_info=&#8221;{}&#8221;][et_pb_column type=&#8221;1_2&#8243; _builder_version=&#8221;3.25&#8243; custom_padding=&#8221;|||&#8221; global_colors_info=&#8221;{}&#8221; custom_padding__hover=&#8221;|||&#8221;][et_pb_image src=&#8221;https:\/\/longlifechallenge.eu\/wp-content\/uploads\/2021\/10\/tortilla-esparragos.jpg&#8221; title_text=&#8221;tortilla esparragos&#8221; _builder_version=&#8221;4.11.2&#8243; _module_preset=&#8221;default&#8221; custom_margin=&#8221;|-3px||||&#8221; global_colors_info=&#8221;{}&#8221;][\/et_pb_image][et_pb_text _builder_version=&#8221;4.11.2&#8243; _module_preset=&#8221;default&#8221; text_text_color=&#8221;#000000&#8243; text_font_size=&#8221;16px&#8221; hover_enabled=&#8221;0&#8243; global_colors_info=&#8221;{}&#8221; sticky_enabled=&#8221;0&#8243;]<\/p>\n<p style=\"text-align: center;\">Bez dodatku cukru \u2013 Bez glutenu<\/p>\n<p>[\/et_pb_text][\/et_pb_column][et_pb_column type=&#8221;1_2&#8243; specialty_columns=&#8221;2&#8243; _builder_version=&#8221;3.25&#8243; custom_padding=&#8221;|||&#8221; global_colors_info=&#8221;{}&#8221; custom_padding__hover=&#8221;|||&#8221;][et_pb_row_inner _builder_version=&#8221;4.11.2&#8243; _module_preset=&#8221;default&#8221; global_colors_info=&#8221;{}&#8221;][et_pb_column_inner saved_specialty_column_type=&#8221;1_2&#8243; _builder_version=&#8221;4.11.2&#8243; _module_preset=&#8221;default&#8221; global_colors_info=&#8221;{}&#8221;][et_pb_text _builder_version=&#8221;4.11.2&#8243; _module_preset=&#8221;default&#8221; header_font=&#8221;|600|||||||&#8221; header_text_align=&#8221;center&#8221; header_text_color=&#8221;#a3195c&#8221; header_font_size=&#8221;40px&#8221; hover_enabled=&#8221;0&#8243; global_colors_info=&#8221;{}&#8221; sticky_enabled=&#8221;0&#8243;]<\/p>\n<h1>Omlet z dzikimi szparagami, bazyli\u0105 i parmezanem<\/h1>\n<p>[\/et_pb_text][\/et_pb_column_inner][\/et_pb_row_inner][et_pb_row_inner column_structure=&#8221;1_3,1_3,1_3&#8243; use_custom_gutter=&#8221;on&#8221; gutter_width=&#8221;1&#8243; _builder_version=&#8221;4.11.2&#8243; _module_preset=&#8221;default&#8221; custom_margin=&#8221;||||false|false&#8221; custom_padding=&#8221;0px||||false|false&#8221; global_colors_info=&#8221;{}&#8221;][et_pb_column_inner type=&#8221;1_3&#8243; saved_specialty_column_type=&#8221;1_2&#8243; _builder_version=&#8221;4.11.2&#8243; _module_preset=&#8221;default&#8221; global_colors_info=&#8221;{}&#8221;][et_pb_image src=&#8221;https:\/\/longlifechallenge.eu\/wp-content\/uploads\/2021\/10\/icon_person_ES.png&#8221; title_text=&#8221;icon_person_ES&#8221; _builder_version=&#8221;4.11.2&#8243; _module_preset=&#8221;default&#8221; width=&#8221;40%&#8221; width_tablet=&#8221;&#8221; width_phone=&#8221;20%&#8221; width_last_edited=&#8221;on|phone&#8221; module_alignment=&#8221;center&#8221; global_colors_info=&#8221;{}&#8221;][\/et_pb_image][et_pb_text _builder_version=&#8221;4.11.2&#8243; _module_preset=&#8221;default&#8221; text_font_size=&#8221;18px&#8221; custom_margin_tablet=&#8221;&#8221; custom_margin_phone=&#8221;||||false|false&#8221; custom_margin_last_edited=&#8221;on|phone&#8221; global_colors_info=&#8221;{}&#8221;]<\/p>\n<p style=\"text-align: center;\"><strong>4<\/strong><\/p>\n<p>[\/et_pb_text][\/et_pb_column_inner][et_pb_column_inner type=&#8221;1_3&#8243; saved_specialty_column_type=&#8221;1_2&#8243; _builder_version=&#8221;4.11.2&#8243; _module_preset=&#8221;default&#8221; global_colors_info=&#8221;{}&#8221;][et_pb_image src=&#8221;https:\/\/longlifechallenge.eu\/wp-content\/uploads\/2021\/10\/icon_dificulty.png&#8221; title_text=&#8221;icon_dificulty&#8221; _builder_version=&#8221;4.11.2&#8243; _module_preset=&#8221;default&#8221; width=&#8221;40%&#8221; width_tablet=&#8221;&#8221; width_phone=&#8221;20%&#8221; width_last_edited=&#8221;on|phone&#8221; module_alignment=&#8221;center&#8221; custom_margin_tablet=&#8221;&#8221; custom_margin_phone=&#8221;12px||||false|false&#8221; custom_margin_last_edited=&#8221;on|phone&#8221; global_colors_info=&#8221;{}&#8221;][\/et_pb_image][et_pb_text _builder_version=&#8221;4.11.2&#8243; _module_preset=&#8221;default&#8221; text_font_size=&#8221;18px&#8221; global_colors_info=&#8221;{}&#8221;]<\/p>\n<p style=\"text-align: center;\"><strong>3<\/strong><\/p>\n<p>[\/et_pb_text][\/et_pb_column_inner][et_pb_column_inner type=&#8221;1_3&#8243; saved_specialty_column_type=&#8221;1_2&#8243; _builder_version=&#8221;4.11.2&#8243; _module_preset=&#8221;default&#8221; global_colors_info=&#8221;{}&#8221;][et_pb_image src=&#8221;https:\/\/longlifechallenge.eu\/wp-content\/uploads\/2021\/10\/icon_timer.png&#8221; title_text=&#8221;icon_timer&#8221; _builder_version=&#8221;4.11.2&#8243; _module_preset=&#8221;default&#8221; width=&#8221;40%&#8221; width_tablet=&#8221;&#8221; width_phone=&#8221;20%&#8221; width_last_edited=&#8221;on|phone&#8221; module_alignment=&#8221;center&#8221; custom_margin_tablet=&#8221;&#8221; custom_margin_phone=&#8221;12px||||false|false&#8221; custom_margin_last_edited=&#8221;on|phone&#8221; global_colors_info=&#8221;{}&#8221;][\/et_pb_image][et_pb_text _builder_version=&#8221;4.11.2&#8243; _module_preset=&#8221;default&#8221; text_font_size=&#8221;18px&#8221; global_colors_info=&#8221;{}&#8221;]<\/p>\n<p style=\"text-align: center;\"><strong>30 min<\/strong><\/p>\n<p>[\/et_pb_text][\/et_pb_column_inner][\/et_pb_row_inner][et_pb_row_inner _builder_version=&#8221;4.11.2&#8243; _module_preset=&#8221;default&#8221; custom_margin=&#8221;0px||||false|false&#8221; custom_padding=&#8221;0px||0px||false|false&#8221; global_colors_info=&#8221;{}&#8221;][et_pb_column_inner saved_specialty_column_type=&#8221;1_2&#8243; _builder_version=&#8221;4.11.2&#8243; _module_preset=&#8221;default&#8221; global_colors_info=&#8221;{}&#8221;][et_pb_text _builder_version=&#8221;4.11.2&#8243; _module_preset=&#8221;default&#8221; header_2_font=&#8221;|700|||||||&#8221; header_2_text_align=&#8221;center&#8221; hover_enabled=&#8221;0&#8243; global_colors_info=&#8221;{}&#8221; sticky_enabled=&#8221;0&#8243;]<\/p>\n<h2>SK\u0141ADNIKI<\/h2>\n<p>[\/et_pb_text][\/et_pb_column_inner][\/et_pb_row_inner][et_pb_row_inner column_structure=&#8221;1_2,1_2&#8243; _builder_version=&#8221;4.11.2&#8243; _module_preset=&#8221;default&#8221; global_colors_info=&#8221;{}&#8221;][et_pb_column_inner type=&#8221;1_2&#8243; saved_specialty_column_type=&#8221;1_2&#8243; _builder_version=&#8221;4.11.2&#8243; _module_preset=&#8221;default&#8221; global_colors_info=&#8221;{}&#8221;][et_pb_text _builder_version=&#8221;4.11.2&#8243; _module_preset=&#8221;default&#8221; text_font_size=&#8221;16px&#8221; custom_margin=&#8221;||0px||false|false&#8221; custom_margin_tablet=&#8221;&#8221; custom_margin_phone=&#8221;-12px||0px||false|false&#8221; custom_margin_last_edited=&#8221;on|phone&#8221; custom_padding=&#8221;||0px||false|false&#8221; hover_enabled=&#8221;0&#8243; global_colors_info=&#8221;{}&#8221; sticky_enabled=&#8221;0&#8243;]<\/p>\n<ul>\n<li>8 jaj z wolnego wybiegu<\/li>\n<li>120 g sera parmezan<\/li>\n<li>1 fili\u017canka listk\u00f3w bazylii<\/li>\n<\/ul>\n<p>[\/et_pb_text][\/et_pb_column_inner][et_pb_column_inner type=&#8221;1_2&#8243; saved_specialty_column_type=&#8221;1_2&#8243; _builder_version=&#8221;4.11.2&#8243; _module_preset=&#8221;default&#8221; global_colors_info=&#8221;{}&#8221;][et_pb_text _builder_version=&#8221;4.11.2&#8243; _module_preset=&#8221;default&#8221; text_font_size=&#8221;16px&#8221; custom_margin=&#8221;||0px||false|false&#8221; custom_margin_tablet=&#8221;&#8221; custom_margin_phone=&#8221;-45px||||false|false&#8221; custom_margin_last_edited=&#8221;on|phone&#8221; custom_padding=&#8221;||0px||false|false&#8221; custom_padding_tablet=&#8221;&#8221; custom_padding_phone=&#8221;||35px||false|false&#8221; custom_padding_last_edited=&#8221;on|phone&#8221; hover_enabled=&#8221;0&#8243; global_colors_info=&#8221;{}&#8221; sticky_enabled=&#8221;0&#8243;]<\/p>\n<ul>\n<li>6 \u0142y\u017cek oliwy z oliwek z pierwszego t\u0142oczenia<\/li>\n<li>1 \u0142y\u017ceczka soli morskiej<\/li>\n<li>1 p\u0119k zielonych szparag\u00f3w<\/li>\n<\/ul>\n<p>[\/et_pb_text][\/et_pb_column_inner][\/et_pb_row_inner][et_pb_row_inner _builder_version=&#8221;4.11.2&#8243; _module_preset=&#8221;default&#8221; custom_margin=&#8221;-63px||0px||false|false&#8221; custom_padding=&#8221;0px||0px||false|false&#8221; global_colors_info=&#8221;{}&#8221;][et_pb_column_inner saved_specialty_column_type=&#8221;1_2&#8243; _builder_version=&#8221;4.11.2&#8243; _module_preset=&#8221;default&#8221; global_colors_info=&#8221;{}&#8221;][et_pb_text _builder_version=&#8221;4.11.2&#8243; _module_preset=&#8221;default&#8221; header_2_font=&#8221;|700|||||||&#8221; header_2_text_align=&#8221;center&#8221; hover_enabled=&#8221;0&#8243; global_colors_info=&#8221;{}&#8221; sticky_enabled=&#8221;0&#8243;]<\/p>\n<h2>PRZYRZ\u0104DZANIE<\/h2>\n<p>[\/et_pb_text][\/et_pb_column_inner][\/et_pb_row_inner][et_pb_row_inner _builder_version=&#8221;4.11.2&#8243; _module_preset=&#8221;default&#8221; global_colors_info=&#8221;{}&#8221;][et_pb_column_inner saved_specialty_column_type=&#8221;1_2&#8243; _builder_version=&#8221;4.11.2&#8243; _module_preset=&#8221;default&#8221; global_colors_info=&#8221;{}&#8221;][et_pb_text _builder_version=&#8221;4.11.2&#8243; _module_preset=&#8221;default&#8221; text_font_size=&#8221;16px&#8221; custom_margin_tablet=&#8221;&#8221; custom_margin_phone=&#8221;-12px||||false|false&#8221; custom_margin_last_edited=&#8221;on|phone&#8221; hover_enabled=&#8221;0&#8243; global_colors_info=&#8221;{}&#8221; sticky_enabled=&#8221;0&#8243;]<\/p>\n<p>Od \u0142ody\u017cek szparag\u00f3w odci\u0105\u0107 ich dolne, twarde ko\u0144c\u00f3wki.<\/p>\n<p>Do garnka wla\u0107 troch\u0119 wody i zagotowa\u0107. Szparagi w\u0142o\u017cy\u0107 do cedzaka, umie\u015bci\u0107 na garnku tak aby nie dotyka\u0142y wody i przykry\u0107 pokrywk\u0105. Gotowa\u0107 na parze 10 minut, wy\u0142o\u017cy\u0107 na talerz i posoli\u0107.<\/p>\n<p>Nast\u0119pnie usma\u017cy\u0107 oddzielnie 4 omlety. W tym celu ubi\u0107 dwa jajka, doda\u0107 garstk\u0119 utartego parmezanu i wymiesza\u0107. Na rozgrzan\u0105 patelni\u0119 wla\u0107 p\u00f3\u0142 \u0142y\u017cki oliwy, rozprowadzi\u0107 i wla\u0107 mas\u0119 jajeczn\u0105. Sma\u017cy\u0107 a\u017c do pojawienia si\u0119 b\u0105belk\u00f3w powietrza na powierzchni i prze\u0142o\u017cy\u0107 na drug\u0105 stron\u0119 za pomoc\u0105 \u0142opatki lub talerza. Powt\u00f3rzy\u0107 wymienione czynno\u015bci a\u017c do usma\u017cenia czterech omlet\u00f3w.<\/p>\n<p>W\u0142o\u017cy\u0107 do mo\u017adzierza listki bazylii wraz z trzema \u0142y\u017ckami oliwy i \u0142y\u017ceczk\u0105 soli. Rozetrze\u0107 a\u017c do uzyskania miazgi. W przypadku braku mo\u017adzierza, pokroi\u0107 drobno bazyli\u0119 no\u017cem.<\/p>\n<p>Wy\u0142o\u017cy\u0107 omlety na talerz i posmarowa\u0107 roztart\u0105 bazyli\u0105. Na wierzch u\u0142o\u017cy\u0107 kilka szparag\u00f3w i z\u0142o\u017cy\u0107 omlety na p\u00f3\u0142. Na koniec wy\u0142o\u017cy\u0107 pozosta\u0142e szparagi i posypa\u0107 startym parmezanem.<\/p>\n<p>[\/et_pb_text][\/et_pb_column_inner][\/et_pb_row_inner][\/et_pb_column][\/et_pb_section][et_pb_section fb_built=&#8221;1&#8243; _builder_version=&#8221;3.27.4&#8243; custom_padding=&#8221;68px||68px||true|&#8221; global_module=&#8221;1508&#8243; global_colors_info=&#8221;{}&#8221;][et_pb_row _builder_version=&#8221;3.27.4&#8243; width=&#8221;100%&#8221; max_width=&#8221;100%&#8221; global_colors_info=&#8221;{}&#8221;][et_pb_column type=&#8221;4_4&#8243; _builder_version=&#8221;3.27.4&#8243; global_colors_info=&#8221;{}&#8221;][dica_divi_carousel show_items_desktop=&#8221;6.25&#8243; centermode=&#8221;on&#8221; loop=&#8221;on&#8221; autoplay=&#8221;on&#8221; arrow_nav=&#8221;on&#8221; item_spacing=&#8221;20px&#8221; item_spacing_last_edited=&#8221;off|desktop&#8221; advanced_effect=&#8221;1&#8243; arrow_nav_color=&#8221;#ffffff&#8221; arrow_bg_color=&#8221;#242424&#8243; title_background=&#8221;RGBA(0,0,0,0)&#8221; content_container_margin=&#8221;-100px||||false|false&#8221; content_container_padding=&#8221;|25px|46px|25px|false|false&#8221; _builder_version=&#8221;4.11.2&#8243; title_font=&#8221;|700|||||||&#8221; title_text_align=&#8221;left&#8221; title_text_color=&#8221;#FFFFFF&#8221; title_font_size=&#8221;15px&#8221; subtitle_font=&#8221;|700|||||||&#8221; subtitle_text_color=&#8221;#ffffff&#8221; subtitle_font_size=&#8221;12px&#8221; border_radii_image=&#8221;on|8px|8px|8px|8px&#8221; global_colors_info=&#8221;{}&#8221;][dica_divi_carouselitem title=&#8221;NALE\u015aNIKI CYTRUSOWE Z POMARA\u0143CZ\u0104, OWOCAMI JAGODOWYMI I &#8230;&#8221; sub_title=&#8221;\u015aniadanie&#8221; url=&#8221;https:\/\/longlifechallenge.eu\/pl\/przepisy\/sniadanie\/nalesniki-cytrusowe-z-pomarancza-owocami-jagodowymi-i-kremem-kakaowym\/&#8221; button_url_new_window=&#8221;1&#8243; image=&#8221;https:\/\/longlifechallenge.eu\/wp-content\/uploads\/2021\/10\/naranja-boton.jpg&#8221; _builder_version=&#8221;4.11.2&#8243; global_colors_info=&#8221;{}&#8221;][\/dica_divi_carouselitem][dica_divi_carouselitem title=&#8221;NALE\u015aNIKI KAKAOWO-BANANOWO-KOKOSOWE Z KEFIREM I MANDARYNKAMI&#8221; sub_title=&#8221;\u015aniadanie&#8221; url=&#8221;https:\/\/longlifechallenge.eu\/pl\/przepisy\/sniadanie\/nalesniki-kakaowo-bananowo-kokosowe-z-kefirem-i-mandarynkami\/&#8221; button_url_new_window=&#8221;1&#8243; image=&#8221;https:\/\/longlifechallenge.eu\/wp-content\/uploads\/2021\/10\/Pancake-Mandarinas-boton.jpg&#8221; _builder_version=&#8221;4.11.2&#8243; global_colors_info=&#8221;{}&#8221;][\/dica_divi_carouselitem][dica_divi_carouselitem title=&#8221;MUSLI Z JOGURTEM NATURALNYM I TRUSKAWKAMI&#8221; sub_title=&#8221;\u015aniadanie&#8221; url=&#8221;https:\/\/longlifechallenge.eu\/pl\/przepisy\/sniadanie\/musli-z-jogurtem-naturalnym-i-truskawkami\/&#8221; button_url_new_window=&#8221;1&#8243; image=&#8221;https:\/\/longlifechallenge.eu\/wp-content\/uploads\/2021\/10\/vasito-muesli-fresas-boton.jpg&#8221; _builder_version=&#8221;4.11.2&#8243; global_colors_info=&#8221;{}&#8221;][\/dica_divi_carouselitem][dica_divi_carouselitem title=&#8221;WAFLE RY\u017bOWE Z TWARO\u017bKIEM WIEJSKIM, MIODEM, TRUSKAWKAMI I&#8230;&#8221; sub_title=&#8221;\u015aniadanie&#8221; url=&#8221;https:\/\/longlifechallenge.eu\/pl\/przepisy\/sniadanie\/wafle-ryzowe-z-twarozkiem-wiejskim-miodem-truskawkami-i-sezamem\/&#8221; button_url_new_window=&#8221;1&#8243; image=&#8221;https:\/\/longlifechallenge.eu\/wp-content\/uploads\/2021\/10\/tortitas-arroz-fresas-boton.jpg&#8221; _builder_version=&#8221;4.11.2&#8243; global_colors_info=&#8221;{}&#8221;][\/dica_divi_carouselitem][dica_divi_carouselitem title=&#8221;KISZ Z BROKU\u0141AMI I \u0141OSOSIEM&#8221; sub_title=&#8221;\u015aniadanie&#8221; url=&#8221;https:\/\/longlifechallenge.eu\/pl\/przepisy\/sniadanie\/kisz-z-brokulami-i-lososiem\/&#8221; button_url_new_window=&#8221;1&#8243; image=&#8221;https:\/\/longlifechallenge.eu\/wp-content\/uploads\/2021\/10\/quiche-brocoli-boton.jpg&#8221; _builder_version=&#8221;4.11.2&#8243; global_colors_info=&#8221;{}&#8221;][\/dica_divi_carouselitem][dica_divi_carouselitem title=&#8221;OMLET Z DZIKIMI SZPARAGAMI, BAZYLI\u0104 I PARMEZANEM&#8221; sub_title=&#8221;\u015aniadanie&#8221; url=&#8221;https:\/\/longlifechallenge.eu\/pl\/przepisy\/sniadanie\/omlet-z-dzikimi-szparagami-bazylia-i-parmezanem\/&#8221; button_url_new_window=&#8221;1&#8243; image=&#8221;https:\/\/longlifechallenge.eu\/wp-content\/uploads\/2021\/10\/tortilla-esparragos-boton.jpg&#8221; _builder_version=&#8221;4.11.2&#8243; global_colors_info=&#8221;{}&#8221;][\/dica_divi_carouselitem][dica_divi_carouselitem title=&#8221;CYNAMONOWY PUDDING CHIA Z JAB\u0141KAMI&#8221; sub_title=&#8221;\u015aniadanie&#8221; url=&#8221;https:\/\/longlifechallenge.eu\/pl\/przepisy\/sniadanie\/cynamonowy-pudding-chia-z-jablkami\/&#8221; button_url_new_window=&#8221;1&#8243; image=&#8221;https:\/\/longlifechallenge.eu\/wp-content\/uploads\/2021\/10\/pudin-manzana-boton.jpg&#8221; _builder_version=&#8221;4.11.2&#8243; global_colors_info=&#8221;{}&#8221;][\/dica_divi_carouselitem][dica_divi_carouselitem title=&#8221;\u015aNIADANIE Z BEZGLUTENOWEJ GRANOLI, JOGURTU NATURALNEGO I JAG\u00d3D&#8221; sub_title=&#8221;Desayuno&#8221; url=&#8221;https:\/\/longlifechallenge.eu\/pl\/przepisy\/sniadanie\/sniadanie-z-bezglutenowej-granoli-jogurtu-naturalnego-i-jagod\/&#8221; button_url_new_window=&#8221;1&#8243; image=&#8221;https:\/\/longlifechallenge.eu\/wp-content\/uploads\/2021\/10\/arandanos-boton.jpg&#8221; _builder_version=&#8221;4.11.2&#8243; global_colors_info=&#8221;{}&#8221;][\/dica_divi_carouselitem][\/dica_divi_carousel][\/et_pb_column][\/et_pb_row][\/et_pb_section]<\/p>\n","protected":false},"excerpt":{"rendered":"<p>Bez dodatku cukru \u2013 Bez glutenuOmlet z dzikimi szparagami, bazyli\u0105 i parmezanem4330 minSK\u0141ADNIKI 8 jaj z wolnego wybiegu 120 g sera parmezan 1 fili\u017canka listk\u00f3w bazylii 6 \u0142y\u017cek oliwy z oliwek z pierwszego t\u0142oczenia 1 \u0142y\u017ceczka soli morskiej 1 p\u0119k zielonych szparag\u00f3w PRZYRZ\u0104DZANIEOd \u0142ody\u017cek szparag\u00f3w odci\u0105\u0107 ich dolne, twarde ko\u0144c\u00f3wki. Do garnka wla\u0107 troch\u0119 wody [&hellip;]<\/p>\n","protected":false},"author":1,"featured_media":0,"parent":2851,"menu_order":6,"comment_status":"closed","ping_status":"closed","template":"","meta":{"_et_pb_use_builder":"on","_et_pb_old_content":"","_et_gb_content_width":"","footnotes":""},"_links":{"self":[{"href":"https:\/\/longlifechallenge.eu\/pl\/wp-json\/wp\/v2\/pages\/2848"}],"collection":[{"href":"https:\/\/longlifechallenge.eu\/pl\/wp-json\/wp\/v2\/pages"}],"about":[{"href":"https:\/\/longlifechallenge.eu\/pl\/wp-json\/wp\/v2\/types\/page"}],"author":[{"embeddable":true,"href":"https:\/\/longlifechallenge.eu\/pl\/wp-json\/wp\/v2\/users\/1"}],"replies":[{"embeddable":true,"href":"https:\/\/longlifechallenge.eu\/pl\/wp-json\/wp\/v2\/comments?post=2848"}],"version-history":[{"count":1,"href":"https:\/\/longlifechallenge.eu\/pl\/wp-json\/wp\/v2\/pages\/2848\/revisions"}],"predecessor-version":[{"id":2932,"href":"https:\/\/longlifechallenge.eu\/pl\/wp-json\/wp\/v2\/pages\/2848\/revisions\/2932"}],"up":[{"embeddable":true,"href":"https:\/\/longlifechallenge.eu\/pl\/wp-json\/wp\/v2\/pages\/2851"}],"wp:attachment":[{"href":"https:\/\/longlifechallenge.eu\/pl\/wp-json\/wp\/v2\/media?parent=2848"}],"curies":[{"name":"wp","href":"https:\/\/api.w.org\/{rel}","templated":true}]}}