{"id":2847,"date":"2021-10-24T18:02:25","date_gmt":"2021-10-24T18:02:25","guid":{"rendered":"https:\/\/tacticseurope.com\/demos\/5aldia\/kisz-z-brokulami-i-lososiem\/"},"modified":"2021-10-25T10:29:37","modified_gmt":"2021-10-25T10:29:37","slug":"kisz-z-brokulami-i-lososiem","status":"publish","type":"page","link":"https:\/\/longlifechallenge.eu\/pl\/przepisy\/sniadanie\/kisz-z-brokulami-i-lososiem\/","title":{"rendered":"Kisz z broku\u0142ami i \u0142ososiem"},"content":{"rendered":"<p>[et_pb_section fb_built=&#8221;1&#8243; specialty=&#8221;on&#8221; _builder_version=&#8221;4.11.2&#8243; _module_preset=&#8221;default&#8221; global_colors_info=&#8221;{}&#8221;][et_pb_column type=&#8221;1_2&#8243; _builder_version=&#8221;3.25&#8243; custom_padding=&#8221;|||&#8221; global_colors_info=&#8221;{}&#8221; custom_padding__hover=&#8221;|||&#8221;][et_pb_image src=&#8221;https:\/\/longlifechallenge.eu\/wp-content\/uploads\/2021\/10\/quiche-brocoli.jpg&#8221; title_text=&#8221;quiche brocoli&#8221; _builder_version=&#8221;4.11.2&#8243; _module_preset=&#8221;default&#8221; custom_margin=&#8221;|-3px||||&#8221; global_colors_info=&#8221;{}&#8221;][\/et_pb_image][et_pb_text _builder_version=&#8221;4.11.2&#8243; _module_preset=&#8221;default&#8221; text_text_color=&#8221;#000000&#8243; text_font_size=&#8221;16px&#8221; hover_enabled=&#8221;0&#8243; global_colors_info=&#8221;{}&#8221; sticky_enabled=&#8221;0&#8243;]<\/p>\n<p style=\"text-align: center;\">Bez dodatku cukru \u2013 Bez glutenu<\/p>\n<p>[\/et_pb_text][\/et_pb_column][et_pb_column type=&#8221;1_2&#8243; specialty_columns=&#8221;2&#8243; _builder_version=&#8221;3.25&#8243; custom_padding=&#8221;|||&#8221; global_colors_info=&#8221;{}&#8221; custom_padding__hover=&#8221;|||&#8221;][et_pb_row_inner _builder_version=&#8221;4.11.2&#8243; _module_preset=&#8221;default&#8221; global_colors_info=&#8221;{}&#8221;][et_pb_column_inner saved_specialty_column_type=&#8221;1_2&#8243; _builder_version=&#8221;4.11.2&#8243; _module_preset=&#8221;default&#8221; global_colors_info=&#8221;{}&#8221;][et_pb_text _builder_version=&#8221;4.11.2&#8243; _module_preset=&#8221;default&#8221; header_font=&#8221;|600|||||||&#8221; header_text_align=&#8221;center&#8221; header_text_color=&#8221;#a3195c&#8221; header_font_size=&#8221;40px&#8221; hover_enabled=&#8221;0&#8243; global_colors_info=&#8221;{}&#8221; sticky_enabled=&#8221;0&#8243;]<\/p>\n<h1>Kisz z broku\u0142ami i \u0142ososiem<\/h1>\n<p>[\/et_pb_text][\/et_pb_column_inner][\/et_pb_row_inner][et_pb_row_inner column_structure=&#8221;1_3,1_3,1_3&#8243; use_custom_gutter=&#8221;on&#8221; gutter_width=&#8221;1&#8243; _builder_version=&#8221;4.11.2&#8243; _module_preset=&#8221;default&#8221; custom_margin=&#8221;||||false|false&#8221; custom_padding=&#8221;0px||||false|false&#8221; global_colors_info=&#8221;{}&#8221;][et_pb_column_inner type=&#8221;1_3&#8243; saved_specialty_column_type=&#8221;1_2&#8243; _builder_version=&#8221;4.11.2&#8243; _module_preset=&#8221;default&#8221; global_colors_info=&#8221;{}&#8221;][et_pb_image src=&#8221;https:\/\/longlifechallenge.eu\/wp-content\/uploads\/2021\/10\/icon_person_ES.png&#8221; title_text=&#8221;icon_person_ES&#8221; _builder_version=&#8221;4.11.2&#8243; _module_preset=&#8221;default&#8221; width=&#8221;40%&#8221; width_tablet=&#8221;&#8221; width_phone=&#8221;20%&#8221; width_last_edited=&#8221;on|phone&#8221; module_alignment=&#8221;center&#8221; global_colors_info=&#8221;{}&#8221;][\/et_pb_image][et_pb_text _builder_version=&#8221;4.11.2&#8243; _module_preset=&#8221;default&#8221; text_font_size=&#8221;18px&#8221; global_colors_info=&#8221;{}&#8221;]<\/p>\n<p style=\"text-align: center;\"><strong>4\/6<\/strong><\/p>\n<p>[\/et_pb_text][\/et_pb_column_inner][et_pb_column_inner type=&#8221;1_3&#8243; saved_specialty_column_type=&#8221;1_2&#8243; _builder_version=&#8221;4.11.2&#8243; _module_preset=&#8221;default&#8221; global_colors_info=&#8221;{}&#8221;][et_pb_image src=&#8221;https:\/\/longlifechallenge.eu\/wp-content\/uploads\/2021\/10\/icon_dificulty.png&#8221; title_text=&#8221;icon_dificulty&#8221; _builder_version=&#8221;4.11.2&#8243; _module_preset=&#8221;default&#8221; width=&#8221;40%&#8221; width_tablet=&#8221;&#8221; width_phone=&#8221;20%&#8221; width_last_edited=&#8221;on|phone&#8221; module_alignment=&#8221;center&#8221; custom_margin_tablet=&#8221;&#8221; custom_margin_phone=&#8221;12px||||false|false&#8221; custom_margin_last_edited=&#8221;on|phone&#8221; global_colors_info=&#8221;{}&#8221;][\/et_pb_image][et_pb_text _builder_version=&#8221;4.11.2&#8243; _module_preset=&#8221;default&#8221; text_font_size=&#8221;18px&#8221; global_colors_info=&#8221;{}&#8221;]<\/p>\n<p style=\"text-align: center;\"><strong>3<\/strong><\/p>\n<p>[\/et_pb_text][\/et_pb_column_inner][et_pb_column_inner type=&#8221;1_3&#8243; saved_specialty_column_type=&#8221;1_2&#8243; _builder_version=&#8221;4.11.2&#8243; _module_preset=&#8221;default&#8221; global_colors_info=&#8221;{}&#8221;][et_pb_image src=&#8221;https:\/\/longlifechallenge.eu\/wp-content\/uploads\/2021\/10\/icon_timer.png&#8221; title_text=&#8221;icon_timer&#8221; _builder_version=&#8221;4.11.2&#8243; _module_preset=&#8221;default&#8221; width=&#8221;40%&#8221; width_tablet=&#8221;&#8221; width_phone=&#8221;20%&#8221; width_last_edited=&#8221;on|phone&#8221; module_alignment=&#8221;center&#8221; custom_margin_tablet=&#8221;&#8221; custom_margin_phone=&#8221;12px||||false|false&#8221; custom_margin_last_edited=&#8221;on|phone&#8221; global_colors_info=&#8221;{}&#8221;][\/et_pb_image][et_pb_text _builder_version=&#8221;4.11.2&#8243; _module_preset=&#8221;default&#8221; text_font_size=&#8221;18px&#8221; global_colors_info=&#8221;{}&#8221;]<\/p>\n<p style=\"text-align: center;\"><strong>30 min<\/strong><\/p>\n<p>[\/et_pb_text][\/et_pb_column_inner][\/et_pb_row_inner][et_pb_row_inner _builder_version=&#8221;4.11.2&#8243; _module_preset=&#8221;default&#8221; custom_margin=&#8221;0px||||false|false&#8221; custom_padding=&#8221;0px||0px||false|false&#8221; global_colors_info=&#8221;{}&#8221;][et_pb_column_inner saved_specialty_column_type=&#8221;1_2&#8243; _builder_version=&#8221;4.11.2&#8243; _module_preset=&#8221;default&#8221; global_colors_info=&#8221;{}&#8221;][et_pb_text _builder_version=&#8221;4.11.2&#8243; _module_preset=&#8221;default&#8221; header_2_font=&#8221;|700|||||||&#8221; header_2_text_align=&#8221;center&#8221; hover_enabled=&#8221;0&#8243; global_colors_info=&#8221;{}&#8221; sticky_enabled=&#8221;0&#8243;]<\/p>\n<h2>SK\u0141ADNIKI<\/h2>\n<p>[\/et_pb_text][\/et_pb_column_inner][\/et_pb_row_inner][et_pb_row_inner column_structure=&#8221;1_2,1_2&#8243; _builder_version=&#8221;4.11.2&#8243; _module_preset=&#8221;default&#8221; global_colors_info=&#8221;{}&#8221;][et_pb_column_inner type=&#8221;1_2&#8243; saved_specialty_column_type=&#8221;1_2&#8243; _builder_version=&#8221;4.11.2&#8243; _module_preset=&#8221;default&#8221; global_colors_info=&#8221;{}&#8221;][et_pb_text _builder_version=&#8221;4.11.2&#8243; _module_preset=&#8221;default&#8221; text_font_size=&#8221;16px&#8221; custom_margin=&#8221;||0px||false|false&#8221; custom_margin_tablet=&#8221;&#8221; custom_margin_phone=&#8221;-12px||||false|false&#8221; custom_margin_last_edited=&#8221;on|phone&#8221; custom_padding=&#8221;||0px||false|false&#8221; hover_enabled=&#8221;0&#8243; global_colors_info=&#8221;{}&#8221; sticky_enabled=&#8221;0&#8243;]<\/p>\n<ul>\n<li>1 ma\u0142a cebula<\/li>\n<li>3-4 \u0142y\u017cki oliwy z oliwek z pierwszego t\u0142oczenia<\/li>\n<li>200 ml \u015bmietany<\/li>\n<li>100 g startego parmezanu<\/li>\n<li>4 jaja<\/li>\n<li>2 \u0142ody\u017cki posiekanego kopru<\/li>\n<\/ul>\n<p>[\/et_pb_text][\/et_pb_column_inner][et_pb_column_inner type=&#8221;1_2&#8243; saved_specialty_column_type=&#8221;1_2&#8243; _builder_version=&#8221;4.11.2&#8243; _module_preset=&#8221;default&#8221; global_colors_info=&#8221;{}&#8221;][et_pb_text _builder_version=&#8221;4.11.2&#8243; _module_preset=&#8221;default&#8221; text_font_size=&#8221;16px&#8221; custom_margin=&#8221;||0px||false|false&#8221; custom_margin_tablet=&#8221;&#8221; custom_margin_phone=&#8221;-45px||||false|false&#8221; custom_margin_last_edited=&#8221;on|phone&#8221; custom_padding=&#8221;||0px||false|false&#8221; custom_padding_tablet=&#8221;&#8221; custom_padding_phone=&#8221;||35px||false|false&#8221; custom_padding_last_edited=&#8221;on|phone&#8221; hover_enabled=&#8221;0&#8243; global_colors_info=&#8221;{}&#8221; sticky_enabled=&#8221;0&#8243;]<\/p>\n<ul>\n<li>1 broku\u0142<\/li>\n<li>S\u00f3l<\/li>\n<li>Pieprz<\/li>\n<li>Ciasto kruche bezglutenowe<\/li>\n<li>300 g pol\u0119dwicy z \u0142ososia bez sk\u00f3ry<\/li>\n<\/ul>\n<p>[\/et_pb_text][\/et_pb_column_inner][\/et_pb_row_inner][et_pb_row_inner _builder_version=&#8221;4.11.2&#8243; _module_preset=&#8221;default&#8221; custom_margin=&#8221;-63px||0px||false|false&#8221; custom_padding=&#8221;0px||0px||false|false&#8221; global_colors_info=&#8221;{}&#8221;][et_pb_column_inner saved_specialty_column_type=&#8221;1_2&#8243; _builder_version=&#8221;4.11.2&#8243; _module_preset=&#8221;default&#8221; global_colors_info=&#8221;{}&#8221;][et_pb_text _builder_version=&#8221;4.11.2&#8243; _module_preset=&#8221;default&#8221; header_2_font=&#8221;|700|||||||&#8221; header_2_text_align=&#8221;center&#8221; hover_enabled=&#8221;0&#8243; global_colors_info=&#8221;{}&#8221; sticky_enabled=&#8221;0&#8243;]<\/p>\n<h2>PRZYRZ\u0104DZANIE<\/h2>\n<p>[\/et_pb_text][\/et_pb_column_inner][\/et_pb_row_inner][et_pb_row_inner _builder_version=&#8221;4.11.2&#8243; _module_preset=&#8221;default&#8221; global_colors_info=&#8221;{}&#8221;][et_pb_column_inner saved_specialty_column_type=&#8221;1_2&#8243; _builder_version=&#8221;4.11.2&#8243; _module_preset=&#8221;default&#8221; global_colors_info=&#8221;{}&#8221;][et_pb_text _builder_version=&#8221;4.11.2&#8243; _module_preset=&#8221;default&#8221; text_font_size=&#8221;16px&#8221; custom_margin_tablet=&#8221;&#8221; custom_margin_phone=&#8221;-9px||||false|false&#8221; custom_margin_last_edited=&#8221;on|phone&#8221; hover_enabled=&#8221;0&#8243; global_colors_info=&#8221;{}&#8221; sticky_enabled=&#8221;0&#8243;]<\/p>\n<p>Obra\u0107 cebul\u0119 i pokroi\u0107 w drobn\u0105 kostk\u0119. Wla\u0107 trzy \u0142y\u017cki oliwy na patelni\u0119 i podsma\u017cy\u0107 cebulk\u0119 a\u017c zmi\u0119knie i nabierze lekko z\u0142otego koloru.<\/p>\n<p>Wymiesza\u0107 w misce \u015bmietan\u0119, podsma\u017con\u0105 cebul\u0119, parmezan, jaja, posiekany koper oraz szczypt\u0119 soli i pieprzu.<\/p>\n<p>Wla\u0107 do okr\u0105g\u0142ej formy do pieczenia 1 \u0142y\u017ck\u0119 oliwy, rozprowadzi\u0107 i usun\u0105\u0107 jej nadmiar serwetk\u0105. Form\u0119 wy\u0142o\u017cy\u0107 kruchym ciastem, nak\u0142uwaj\u0105c je widelcem aby nie wyros\u0142o. Brzegi ciasta podnie\u015b\u0107 tak, aby obj\u0119\u0142y one mas\u0119, kt\u00f3r\u0105 nast\u0119pnie dodamy.<\/p>\n<p>Wla\u0107 mas\u0119 ze \u015bmietany, sera i jaj.<\/p>\n<p>U\u0142o\u017cy\u0107 na niej kawa\u0142ki broku\u0142a pokrojonego na ma\u0142e r\u00f3\u017cyczki oraz pokrojonego w kostk\u0119 \u0142ososia wcze\u015bniej doprawionego sol\u0105 i pieprzem.<\/p>\n<p>Wstawi\u0107 do nagrzanego do 170 stopni piekarnika na 40-45 minut. Kisz b\u0119dzie gotowy gdy n\u00f3\u017c wbity w ciasto b\u0119dzie po wyj\u0119ciu czysty.<\/p>\n<p>[\/et_pb_text][\/et_pb_column_inner][\/et_pb_row_inner][\/et_pb_column][\/et_pb_section][et_pb_section fb_built=&#8221;1&#8243; _builder_version=&#8221;3.27.4&#8243; custom_padding=&#8221;68px||68px||true|&#8221; global_module=&#8221;1508&#8243; global_colors_info=&#8221;{}&#8221;][et_pb_row _builder_version=&#8221;3.27.4&#8243; width=&#8221;100%&#8221; max_width=&#8221;100%&#8221; global_colors_info=&#8221;{}&#8221;][et_pb_column type=&#8221;4_4&#8243; _builder_version=&#8221;3.27.4&#8243; global_colors_info=&#8221;{}&#8221;][dica_divi_carousel show_items_desktop=&#8221;6.25&#8243; centermode=&#8221;on&#8221; loop=&#8221;on&#8221; autoplay=&#8221;on&#8221; arrow_nav=&#8221;on&#8221; item_spacing=&#8221;20px&#8221; item_spacing_last_edited=&#8221;off|desktop&#8221; advanced_effect=&#8221;1&#8243; arrow_nav_color=&#8221;#ffffff&#8221; arrow_bg_color=&#8221;#242424&#8243; title_background=&#8221;RGBA(0,0,0,0)&#8221; content_container_margin=&#8221;-100px||||false|false&#8221; content_container_padding=&#8221;|25px|46px|25px|false|false&#8221; _builder_version=&#8221;4.11.2&#8243; title_font=&#8221;|700|||||||&#8221; title_text_align=&#8221;left&#8221; title_text_color=&#8221;#FFFFFF&#8221; title_font_size=&#8221;15px&#8221; subtitle_font=&#8221;|700|||||||&#8221; subtitle_text_color=&#8221;#ffffff&#8221; subtitle_font_size=&#8221;12px&#8221; border_radii_image=&#8221;on|8px|8px|8px|8px&#8221; global_colors_info=&#8221;{}&#8221;][dica_divi_carouselitem title=&#8221;NALE\u015aNIKI CYTRUSOWE Z POMARA\u0143CZ\u0104, OWOCAMI JAGODOWYMI I &#8230;&#8221; sub_title=&#8221;\u015aniadanie&#8221; url=&#8221;https:\/\/longlifechallenge.eu\/pl\/przepisy\/sniadanie\/nalesniki-cytrusowe-z-pomarancza-owocami-jagodowymi-i-kremem-kakaowym\/&#8221; button_url_new_window=&#8221;1&#8243; image=&#8221;https:\/\/longlifechallenge.eu\/wp-content\/uploads\/2021\/10\/naranja-boton.jpg&#8221; _builder_version=&#8221;4.11.2&#8243; global_colors_info=&#8221;{}&#8221;][\/dica_divi_carouselitem][dica_divi_carouselitem title=&#8221;NALE\u015aNIKI KAKAOWO-BANANOWO-KOKOSOWE Z KEFIREM I MANDARYNKAMI&#8221; sub_title=&#8221;\u015aniadanie&#8221; url=&#8221;https:\/\/longlifechallenge.eu\/pl\/przepisy\/sniadanie\/nalesniki-kakaowo-bananowo-kokosowe-z-kefirem-i-mandarynkami\/&#8221; button_url_new_window=&#8221;1&#8243; image=&#8221;https:\/\/longlifechallenge.eu\/wp-content\/uploads\/2021\/10\/Pancake-Mandarinas-boton.jpg&#8221; _builder_version=&#8221;4.11.2&#8243; global_colors_info=&#8221;{}&#8221;][\/dica_divi_carouselitem][dica_divi_carouselitem title=&#8221;MUSLI Z JOGURTEM NATURALNYM I TRUSKAWKAMI&#8221; sub_title=&#8221;\u015aniadanie&#8221; url=&#8221;https:\/\/longlifechallenge.eu\/pl\/przepisy\/sniadanie\/musli-z-jogurtem-naturalnym-i-truskawkami\/&#8221; button_url_new_window=&#8221;1&#8243; image=&#8221;https:\/\/longlifechallenge.eu\/wp-content\/uploads\/2021\/10\/vasito-muesli-fresas-boton.jpg&#8221; _builder_version=&#8221;4.11.2&#8243; global_colors_info=&#8221;{}&#8221;][\/dica_divi_carouselitem][dica_divi_carouselitem title=&#8221;WAFLE RY\u017bOWE Z TWARO\u017bKIEM WIEJSKIM, MIODEM, TRUSKAWKAMI I&#8230;&#8221; sub_title=&#8221;\u015aniadanie&#8221; url=&#8221;https:\/\/longlifechallenge.eu\/pl\/przepisy\/sniadanie\/wafle-ryzowe-z-twarozkiem-wiejskim-miodem-truskawkami-i-sezamem\/&#8221; button_url_new_window=&#8221;1&#8243; image=&#8221;https:\/\/longlifechallenge.eu\/wp-content\/uploads\/2021\/10\/tortitas-arroz-fresas-boton.jpg&#8221; _builder_version=&#8221;4.11.2&#8243; global_colors_info=&#8221;{}&#8221;][\/dica_divi_carouselitem][dica_divi_carouselitem title=&#8221;KISZ Z BROKU\u0141AMI I \u0141OSOSIEM&#8221; sub_title=&#8221;\u015aniadanie&#8221; url=&#8221;https:\/\/longlifechallenge.eu\/pl\/przepisy\/sniadanie\/kisz-z-brokulami-i-lososiem\/&#8221; button_url_new_window=&#8221;1&#8243; image=&#8221;https:\/\/longlifechallenge.eu\/wp-content\/uploads\/2021\/10\/quiche-brocoli-boton.jpg&#8221; _builder_version=&#8221;4.11.2&#8243; global_colors_info=&#8221;{}&#8221;][\/dica_divi_carouselitem][dica_divi_carouselitem title=&#8221;OMLET Z DZIKIMI SZPARAGAMI, BAZYLI\u0104 I PARMEZANEM&#8221; sub_title=&#8221;\u015aniadanie&#8221; url=&#8221;https:\/\/longlifechallenge.eu\/pl\/przepisy\/sniadanie\/omlet-z-dzikimi-szparagami-bazylia-i-parmezanem\/&#8221; button_url_new_window=&#8221;1&#8243; image=&#8221;https:\/\/longlifechallenge.eu\/wp-content\/uploads\/2021\/10\/tortilla-esparragos-boton.jpg&#8221; _builder_version=&#8221;4.11.2&#8243; global_colors_info=&#8221;{}&#8221;][\/dica_divi_carouselitem][dica_divi_carouselitem title=&#8221;CYNAMONOWY PUDDING CHIA Z JAB\u0141KAMI&#8221; sub_title=&#8221;\u015aniadanie&#8221; url=&#8221;https:\/\/longlifechallenge.eu\/pl\/przepisy\/sniadanie\/cynamonowy-pudding-chia-z-jablkami\/&#8221; button_url_new_window=&#8221;1&#8243; image=&#8221;https:\/\/longlifechallenge.eu\/wp-content\/uploads\/2021\/10\/pudin-manzana-boton.jpg&#8221; _builder_version=&#8221;4.11.2&#8243; global_colors_info=&#8221;{}&#8221;][\/dica_divi_carouselitem][dica_divi_carouselitem title=&#8221;\u015aNIADANIE Z BEZGLUTENOWEJ GRANOLI, JOGURTU NATURALNEGO I JAG\u00d3D&#8221; sub_title=&#8221;Desayuno&#8221; url=&#8221;https:\/\/longlifechallenge.eu\/pl\/przepisy\/sniadanie\/sniadanie-z-bezglutenowej-granoli-jogurtu-naturalnego-i-jagod\/&#8221; button_url_new_window=&#8221;1&#8243; image=&#8221;https:\/\/longlifechallenge.eu\/wp-content\/uploads\/2021\/10\/arandanos-boton.jpg&#8221; _builder_version=&#8221;4.11.2&#8243; global_colors_info=&#8221;{}&#8221;][\/dica_divi_carouselitem][\/dica_divi_carousel][\/et_pb_column][\/et_pb_row][\/et_pb_section]<\/p>\n","protected":false},"excerpt":{"rendered":"<p>Bez dodatku cukru \u2013 Bez glutenuKisz z broku\u0142ami i \u0142ososiem4\/6330 minSK\u0141ADNIKI 1 ma\u0142a cebula 3-4 \u0142y\u017cki oliwy z oliwek z pierwszego t\u0142oczenia 200 ml \u015bmietany 100 g startego parmezanu 4 jaja 2 \u0142ody\u017cki posiekanego kopru 1 broku\u0142 S\u00f3l Pieprz Ciasto kruche bezglutenowe 300 g pol\u0119dwicy z \u0142ososia bez sk\u00f3ry PRZYRZ\u0104DZANIEObra\u0107 cebul\u0119 i pokroi\u0107 w drobn\u0105 [&hellip;]<\/p>\n","protected":false},"author":1,"featured_media":0,"parent":2851,"menu_order":5,"comment_status":"closed","ping_status":"closed","template":"","meta":{"_et_pb_use_builder":"on","_et_pb_old_content":"","_et_gb_content_width":"","footnotes":""},"_links":{"self":[{"href":"https:\/\/longlifechallenge.eu\/pl\/wp-json\/wp\/v2\/pages\/2847"}],"collection":[{"href":"https:\/\/longlifechallenge.eu\/pl\/wp-json\/wp\/v2\/pages"}],"about":[{"href":"https:\/\/longlifechallenge.eu\/pl\/wp-json\/wp\/v2\/types\/page"}],"author":[{"embeddable":true,"href":"https:\/\/longlifechallenge.eu\/pl\/wp-json\/wp\/v2\/users\/1"}],"replies":[{"embeddable":true,"href":"https:\/\/longlifechallenge.eu\/pl\/wp-json\/wp\/v2\/comments?post=2847"}],"version-history":[{"count":1,"href":"https:\/\/longlifechallenge.eu\/pl\/wp-json\/wp\/v2\/pages\/2847\/revisions"}],"predecessor-version":[{"id":2931,"href":"https:\/\/longlifechallenge.eu\/pl\/wp-json\/wp\/v2\/pages\/2847\/revisions\/2931"}],"up":[{"embeddable":true,"href":"https:\/\/longlifechallenge.eu\/pl\/wp-json\/wp\/v2\/pages\/2851"}],"wp:attachment":[{"href":"https:\/\/longlifechallenge.eu\/pl\/wp-json\/wp\/v2\/media?parent=2847"}],"curies":[{"name":"wp","href":"https:\/\/api.w.org\/{rel}","templated":true}]}}