{"id":830,"date":"2021-10-11T15:59:41","date_gmt":"2021-10-11T15:59:41","guid":{"rendered":"https:\/\/tacticseurope.com\/demos\/5aldia\/asperges-vertes\/"},"modified":"2021-11-06T12:41:15","modified_gmt":"2021-11-06T12:41:15","slug":"asperges-vertes","status":"publish","type":"page","link":"https:\/\/longlifechallenge.eu\/fr\/asperges-vertes\/","title":{"rendered":"Asperges vertes"},"content":{"rendered":"<p>[et_pb_section fb_built=\u00a0\u00bb1&Prime; custom_padding_last_edited=\u00a0\u00bbon|phone\u00a0\u00bb _builder_version=\u00a0\u00bb4.11.1&Prime; _module_preset=\u00a0\u00bbdefault\u00a0\u00bb custom_margin_tablet=\u00a0\u00bb\u00a0\u00bb custom_margin_phone=\u00a0\u00bb||-24px||false|false\u00a0\u00bb custom_margin_last_edited=\u00a0\u00bbon|phone\u00a0\u00bb custom_padding=\u00a0\u00bb0px||||false|false\u00a0\u00bb custom_padding_tablet=\u00a0\u00bb\u00a0\u00bb custom_padding_phone=\u00a0\u00bb||0px||false|false\u00a0\u00bb global_colors_info=\u00a0\u00bb{}\u00a0\u00bb][et_pb_row column_structure=\u00a0\u00bb1_2,1_2&Prime; _builder_version=\u00a0\u00bb4.11.1&Prime; _module_preset=\u00a0\u00bbdefault\u00a0\u00bb global_colors_info=\u00a0\u00bb{}\u00a0\u00bb][et_pb_column type=\u00a0\u00bb1_2&Prime; _builder_version=\u00a0\u00bb4.11.1&Prime; _module_preset=\u00a0\u00bbdefault\u00a0\u00bb global_colors_info=\u00a0\u00bb{}\u00a0\u00bb][et_pb_image src=\u00a0\u00bbhttps:\/\/longlifechallenge.eu\/wp-content\/uploads\/2021\/11\/esparragoconfondo.jpg\u00a0\u00bb title_text=\u00a0\u00bbesparragoconfondo\u00a0\u00bb _builder_version=\u00a0\u00bb4.11.2&Prime; _module_preset=\u00a0\u00bbdefault\u00a0\u00bb hover_enabled=\u00a0\u00bb0&Prime; global_colors_info=\u00a0\u00bb{}\u00a0\u00bb sticky_enabled=\u00a0\u00bb0&Prime;][\/et_pb_image][et_pb_text _builder_version=\u00a0\u00bb4.11.1&Prime; _module_preset=\u00a0\u00bbdefault\u00a0\u00bb header_text_color=\u00a0\u00bb#a3195c\u00a0\u00bb global_colors_info=\u00a0\u00bb{}\u00a0\u00bb]<\/p>\n<h1 style=\"text-align: center;\"><strong>SAISON<\/strong><\/h1>\n<p>[\/et_pb_text][et_pb_text _builder_version=\u00a0\u00bb4.11.1&Prime; _module_preset=\u00a0\u00bbdefault\u00a0\u00bb header_4_font=\u00a0\u00bb|800|||||||\u00a0\u00bb header_4_text_color=\u00a0\u00bb#a3195c\u00a0\u00bb header_4_font_size=\u00a0\u00bb25px\u00a0\u00bb global_colors_info=\u00a0\u00bb{}\u00a0\u00bb]<\/p>\n<h4 style=\"text-align: center;\">FIN AO\u00dbT<\/h4>\n<p>[\/et_pb_text][et_pb_text _builder_version=\u00a0\u00bb4.11.1&Prime; _module_preset=\u00a0\u00bbdefault\u00a0\u00bb header_4_font=\u00a0\u00bb|800|||||||\u00a0\u00bb header_4_text_color=\u00a0\u00bb#b2b2b2&Prime; header_4_font_size=\u00a0\u00bb25px\u00a0\u00bb custom_margin=\u00a0\u00bb57px||10px||false|false\u00a0\u00bb custom_padding=\u00a0\u00bb0px||||false|false\u00a0\u00bb global_colors_info=\u00a0\u00bb{}\u00a0\u00bb]<\/p>\n<h4 style=\"text-align: center;\">SEPTEMBRE<\/h4>\n<p>[\/et_pb_text][et_pb_text _builder_version=\u00a0\u00bb4.11.1&Prime; _module_preset=\u00a0\u00bbdefault\u00a0\u00bb header_4_font=\u00a0\u00bb|800|||||||\u00a0\u00bb header_4_text_color=\u00a0\u00bb#a3195c\u00a0\u00bb header_4_font_size=\u00a0\u00bb25px\u00a0\u00bb custom_margin=\u00a0\u00bb70px||10px||false|false\u00a0\u00bb global_colors_info=\u00a0\u00bb{}\u00a0\u00bb]<\/p>\n<h4 style=\"text-align: center;\">D\u00c9BUT OCTOBRE<\/h4>\n<p>[\/et_pb_text][et_pb_image src=\u00a0\u00bbhttps:\/\/longlifechallenge.eu\/wp-content\/uploads\/2021\/10\/esparrago_v.png\u00a0\u00bb title_text=\u00a0\u00bbesparrago_v\u00a0\u00bb align=\u00a0\u00bbcenter\u00a0\u00bb _builder_version=\u00a0\u00bb4.11.1&Prime; _module_preset=\u00a0\u00bbdefault\u00a0\u00bb custom_margin=\u00a0\u00bb0px||0px||false|false\u00a0\u00bb custom_padding=\u00a0\u00bb0px||0px||false|false\u00a0\u00bb scroll_vertical_motion_enable=\u00a0\u00bbon\u00a0\u00bb scroll_vertical_motion=\u00a0\u00bb0|50|50|100|-2.7|0|0&Prime; scroll_vertical_motion_tablet=\u00a0\u00bb\u00a0\u00bb scroll_vertical_motion_phone=\u00a0\u00bb0|50|50|100|-3.5|0|0&Prime; scroll_vertical_motion_last_edited=\u00a0\u00bbon|phone\u00a0\u00bb global_colors_info=\u00a0\u00bb{}\u00a0\u00bb][\/et_pb_image][\/et_pb_column][et_pb_column type=\u00a0\u00bb1_2&Prime; _builder_version=\u00a0\u00bb4.11.1&Prime; _module_preset=\u00a0\u00bbdefault\u00a0\u00bb global_colors_info=\u00a0\u00bb{}\u00a0\u00bb][et_pb_text _builder_version=\u00a0\u00bb4.11.1&Prime; _module_preset=\u00a0\u00bbdefault\u00a0\u00bb header_text_color=\u00a0\u00bb#a3195c\u00a0\u00bb header_font_size=\u00a0\u00bb60px\u00a0\u00bb header_font_size_tablet=\u00a0\u00bb\u00a0\u00bb header_font_size_phone=\u00a0\u00bb40px\u00a0\u00bb header_font_size_last_edited=\u00a0\u00bbon|phone\u00a0\u00bb global_colors_info=\u00a0\u00bb{}\u00a0\u00bb]<\/p>\n<h1 style=\"text-align: center;\"><strong>ASPERGES VERTES<\/strong><\/h1>\n<p>[\/et_pb_text][et_pb_text _builder_version=\u00a0\u00bb4.11.1&Prime; _module_preset=\u00a0\u00bbdefault\u00a0\u00bb text_font_size=\u00a0\u00bb16px\u00a0\u00bb header_2_text_color=\u00a0\u00bb#a3195c\u00a0\u00bb global_colors_info=\u00a0\u00bb{}\u00a0\u00bb]<\/p>\n<h2 style=\"text-align: center;\"><strong>PROPRI\u00c9T\u00c9S NUTRITIONNELLES<\/strong><\/h2>\n<p>Bien qu&rsquo;elles aient une faible teneur \u00e9nerg\u00e9tique, les asperges contiennent une grande quantit\u00e9 de nutriments (phosphore, potassium, acide folique et vitamines C, B et D) et un haut pouvoir antioxydant, ce qui en fait un aliment tr\u00e8s complet d&rsquo;un point de vue nutritionnel.<\/p>\n<p>En outre, les asperges pr\u00e9sentent \u00e9galement une bonne valeur diur\u00e9tique, id\u00e9ale pour \u00e9liminer les toxines de notre organisme, et constituent une source de fibres favorisant un bon transit intestinal.<\/p>\n<p>[\/et_pb_text][et_pb_text _builder_version=\u00a0\u00bb4.11.1&Prime; _module_preset=\u00a0\u00bbdefault\u00a0\u00bb text_font_size=\u00a0\u00bb16px\u00a0\u00bb header_2_text_color=\u00a0\u00bb#a3195c\u00a0\u00bb global_colors_info=\u00a0\u00bb{}\u00a0\u00bb]<\/p>\n<h2 style=\"text-align: center;\"><strong>RECOMMANDATIONS<\/strong><\/h2>\n<p>C\u2019est \u00e0 la grande diff\u00e9rence de temp\u00e9rature entre le jour et la nuit dans la r\u00e9gion Vega de Grenade, en Espagne (en plus de la province de Grenade, qui a une plus grande production, nous incluons \u00e9galement Malaga, S\u00e9ville, Cadix, Jaen, Cordoue, Guadalajara et Estr\u00e9madure), que l\u2019asperge verte espagnole doit ses caract\u00e9ristiques organoleptiques si particuli\u00e8res, avec une saveur diff\u00e9rentielle combinant douceur et l\u00e9g\u00e8re amertume, un ar\u00f4me intense et une texture charnue et ferme.<\/p>\n<p>Grill\u00e9es, avec des \u0153ufs brouill\u00e9es ou bouillies, les asperges sont un produit formidable et polyvalent, \u00e0 cuisiner de pr\u00e9f\u00e9rence lorsqu&rsquo;elles sont encore tendres et croquantes !<\/p>\n<p>&nbsp;<\/p>\n<p>[\/et_pb_text][et_pb_image src=\u00a0\u00bbhttps:\/\/longlifechallenge.eu\/wp-content\/uploads\/2021\/10\/imagen_esparragos.jpg\u00a0\u00bb title_text=\u00a0\u00bbimagen_esparragos\u00a0\u00bb align=\u00a0\u00bbcenter\u00a0\u00bb _builder_version=\u00a0\u00bb4.11.2&Prime; _module_preset=\u00a0\u00bbdefault\u00a0\u00bb global_colors_info=\u00a0\u00bb{}\u00a0\u00bb][\/et_pb_image][\/et_pb_column][\/et_pb_row][\/et_pb_section][et_pb_section fb_built=\u00a0\u00bb1&Prime; admin_label=\u00a0\u00bbSecci\u00f3n\u00a0\u00bb _builder_version=\u00a0\u00bb3.27.4&Prime; custom_padding=\u00a0\u00bb68px||68px||true|\u00a0\u00bb global_module=\u00a0\u00bb3403&Prime; saved_tabs=\u00a0\u00bball\u00a0\u00bb global_colors_info=\u00a0\u00bb{}\u00a0\u00bb][et_pb_row _builder_version=\u00a0\u00bb4.11.2&Prime; width=\u00a0\u00bb100%\u00a0\u00bb max_width=\u00a0\u00bb100%\u00a0\u00bb custom_margin=\u00a0\u00bb-40px||||false|false\u00a0\u00bb global_colors_info=\u00a0\u00bb{}\u00a0\u00bb][et_pb_column type=\u00a0\u00bb4_4&Prime; _builder_version=\u00a0\u00bb3.27.4&Prime; global_colors_info=\u00a0\u00bb{}\u00a0\u00bb][dica_divi_carousel show_items_desktop=\u00a0\u00bb4.25&Prime; centermode=\u00a0\u00bbon\u00a0\u00bb loop=\u00a0\u00bbon\u00a0\u00bb autoplay=\u00a0\u00bbon\u00a0\u00bb arrow_nav=\u00a0\u00bbon\u00a0\u00bb item_spacing=\u00a0\u00bb20px\u00a0\u00bb item_spacing_last_edited=\u00a0\u00bboff|desktop\u00a0\u00bb advanced_effect=\u00a0\u00bb1&Prime; arrow_nav_color=\u00a0\u00bb#ffffff\u00a0\u00bb arrow_bg_color=\u00a0\u00bb#242424&Prime; title_background=\u00a0\u00bbRGBA(0,0,0,0)\u00a0\u00bb content_container_margin=\u00a0\u00bb-100px||||false|false\u00a0\u00bb content_container_padding=\u00a0\u00bb|25px|46px|25px|false|false\u00a0\u00bb _builder_version=\u00a0\u00bb4.11.2&Prime; title_font=\u00a0\u00bb|700|||||||\u00a0\u00bb title_text_align=\u00a0\u00bbleft\u00a0\u00bb title_text_color=\u00a0\u00bb#FFFFFF\u00a0\u00bb title_font_size=\u00a0\u00bb15px\u00a0\u00bb subtitle_font=\u00a0\u00bb|700|||||||\u00a0\u00bb subtitle_text_color=\u00a0\u00bb#ffffff\u00a0\u00bb subtitle_font_size=\u00a0\u00bb12px\u00a0\u00bb border_radii_image=\u00a0\u00bbon|8px|8px|8px|8px\u00a0\u00bb global_colors_info=\u00a0\u00bb{}\u00a0\u00bb][dica_divi_carouselitem button_url_new_window=\u00a0\u00bb1&Prime; image=\u00a0\u00bbhttps:\/\/longlifechallenge.eu\/wp-content\/uploads\/2021\/10\/oranges.jpg\u00a0\u00bb _builder_version=\u00a0\u00bb4.11.2&Prime; _dynamic_attributes=\u00a0\u00bblink_option_url\u00a0\u00bb link_option_url=\u00a0\u00bb@ET-DC@eyJkeW5hbWljIjp0cnVlLCJjb250ZW50IjoicG9zdF9saW5rX3VybF9wYWdlIiwic2V0dGluZ3MiOnsicG9zdF9pZCI6IjY0MiJ9fQ==@\u00a0\u00bb global_colors_info=\u00a0\u00bb{}\u00a0\u00bb][\/dica_divi_carouselitem][dica_divi_carouselitem button_url_new_window=\u00a0\u00bb1&Prime; image=\u00a0\u00bbhttps:\/\/longlifechallenge.eu\/wp-content\/uploads\/2021\/10\/mandarina-en.jpg\u00a0\u00bb _builder_version=\u00a0\u00bb4.11.2&Prime; _dynamic_attributes=\u00a0\u00bblink_option_url\u00a0\u00bb link_option_url=\u00a0\u00bb@ET-DC@eyJkeW5hbWljIjp0cnVlLCJjb250ZW50IjoicG9zdF9saW5rX3VybF9wYWdlIiwic2V0dGluZ3MiOnsicG9zdF9pZCI6IjY5MyJ9fQ==@\u00a0\u00bb global_colors_info=\u00a0\u00bb{}\u00a0\u00bb][\/dica_divi_carouselitem][dica_divi_carouselitem button_url_new_window=\u00a0\u00bb1&Prime; image=\u00a0\u00bbhttps:\/\/longlifechallenge.eu\/wp-content\/uploads\/2021\/10\/fresas_en.jpg\u00a0\u00bb _builder_version=\u00a0\u00bb4.11.2&Prime; _dynamic_attributes=\u00a0\u00bblink_option_url\u00a0\u00bb link_option_url=\u00a0\u00bb@ET-DC@eyJkeW5hbWljIjp0cnVlLCJjb250ZW50IjoicG9zdF9saW5rX3VybF9wYWdlIiwic2V0dGluZ3MiOnsicG9zdF9pZCI6IjY5NSJ9fQ==@\u00a0\u00bb global_colors_info=\u00a0\u00bb{}\u00a0\u00bb][\/dica_divi_carouselitem][dica_divi_carouselitem button_url_new_window=\u00a0\u00bb1&Prime; image=\u00a0\u00bbhttps:\/\/longlifechallenge.eu\/wp-content\/uploads\/2021\/10\/brocoli_en.jpg\u00a0\u00bb _builder_version=\u00a0\u00bb4.11.2&Prime; _dynamic_attributes=\u00a0\u00bblink_option_url\u00a0\u00bb link_option_url=\u00a0\u00bb@ET-DC@eyJkeW5hbWljIjp0cnVlLCJjb250ZW50IjoicG9zdF9saW5rX3VybF9wYWdlIiwic2V0dGluZ3MiOnsicG9zdF9pZCI6IjY5NyJ9fQ==@\u00a0\u00bb global_colors_info=\u00a0\u00bb{}\u00a0\u00bb][\/dica_divi_carouselitem][dica_divi_carouselitem button_url_new_window=\u00a0\u00bb1&Prime; image=\u00a0\u00bbhttps:\/\/longlifechallenge.eu\/wp-content\/uploads\/2021\/11\/esparragoconfondo.jpg\u00a0\u00bb _builder_version=\u00a0\u00bb4.11.2&Prime; global_colors_info=\u00a0\u00bb{}\u00a0\u00bb][\/dica_divi_carouselitem][dica_divi_carouselitem button_url_new_window=\u00a0\u00bb1&Prime; image=\u00a0\u00bbhttps:\/\/longlifechallenge.eu\/wp-content\/uploads\/2021\/10\/manzana-en.jpg\u00a0\u00bb _builder_version=\u00a0\u00bb4.11.2&Prime; _dynamic_attributes=\u00a0\u00bblink_option_url\u00a0\u00bb link_option_url=\u00a0\u00bb@ET-DC@eyJkeW5hbWljIjp0cnVlLCJjb250ZW50IjoicG9zdF9saW5rX3VybF9wYWdlIiwic2V0dGluZ3MiOnsicG9zdF9pZCI6IjcwMSJ9fQ==@\u00a0\u00bb global_colors_info=\u00a0\u00bb{}\u00a0\u00bb][\/dica_divi_carouselitem][dica_divi_carouselitem button_url_new_window=\u00a0\u00bb1&Prime; image=\u00a0\u00bbhttps:\/\/longlifechallenge.eu\/wp-content\/uploads\/2021\/10\/Arandanos_es.jpg\u00a0\u00bb _builder_version=\u00a0\u00bb4.11.2&Prime; _dynamic_attributes=\u00a0\u00bblink_option_url\u00a0\u00bb link_option_url=\u00a0\u00bb@ET-DC@eyJkeW5hbWljIjp0cnVlLCJjb250ZW50IjoicG9zdF9saW5rX3VybF9wYWdlIiwic2V0dGluZ3MiOnsicG9zdF9pZCI6IjcwMyJ9fQ==@\u00a0\u00bb global_colors_info=\u00a0\u00bb{}\u00a0\u00bb][\/dica_divi_carouselitem][\/dica_divi_carousel][\/et_pb_column][\/et_pb_row][\/et_pb_section]<\/p>\n","protected":false},"excerpt":{"rendered":"<p>SAISONFIN AO\u00dbTSEPTEMBRED\u00c9BUT OCTOBREASPERGES VERTESPROPRI\u00c9T\u00c9S NUTRITIONNELLES Bien qu&rsquo;elles aient une faible teneur \u00e9nerg\u00e9tique, les asperges contiennent une grande quantit\u00e9 de nutriments (phosphore, potassium, acide folique et vitamines C, B et D) et un haut pouvoir antioxydant, ce qui en fait un aliment tr\u00e8s complet d&rsquo;un point de vue nutritionnel. En outre, les asperges pr\u00e9sentent \u00e9galement une [&hellip;]<\/p>\n","protected":false},"author":1,"featured_media":0,"parent":0,"menu_order":0,"comment_status":"closed","ping_status":"closed","template":"","meta":{"_et_pb_use_builder":"on","_et_pb_old_content":"","_et_gb_content_width":"","footnotes":""},"_links":{"self":[{"href":"https:\/\/longlifechallenge.eu\/fr\/wp-json\/wp\/v2\/pages\/830"}],"collection":[{"href":"https:\/\/longlifechallenge.eu\/fr\/wp-json\/wp\/v2\/pages"}],"about":[{"href":"https:\/\/longlifechallenge.eu\/fr\/wp-json\/wp\/v2\/types\/page"}],"author":[{"embeddable":true,"href":"https:\/\/longlifechallenge.eu\/fr\/wp-json\/wp\/v2\/users\/1"}],"replies":[{"embeddable":true,"href":"https:\/\/longlifechallenge.eu\/fr\/wp-json\/wp\/v2\/comments?post=830"}],"version-history":[{"count":5,"href":"https:\/\/longlifechallenge.eu\/fr\/wp-json\/wp\/v2\/pages\/830\/revisions"}],"predecessor-version":[{"id":3420,"href":"https:\/\/longlifechallenge.eu\/fr\/wp-json\/wp\/v2\/pages\/830\/revisions\/3420"}],"wp:attachment":[{"href":"https:\/\/longlifechallenge.eu\/fr\/wp-json\/wp\/v2\/media?parent=830"}],"curies":[{"name":"wp","href":"https:\/\/api.w.org\/{rel}","templated":true}]}}