{"id":818,"date":"2021-10-11T15:18:50","date_gmt":"2021-10-11T15:18:50","guid":{"rendered":"https:\/\/tacticseurope.com\/demos\/5aldia\/la-campagne\/"},"modified":"2021-11-06T10:52:24","modified_gmt":"2021-11-06T10:52:24","slug":"la-campagne","status":"publish","type":"page","link":"https:\/\/longlifechallenge.eu\/fr\/la-campagne\/","title":{"rendered":"La campagne"},"content":{"rendered":"<p>[et_pb_section fb_built=\u00a0\u00bb1&Prime; _builder_version=\u00a0\u00bb4.9.10&Prime; _module_preset=\u00a0\u00bbdefault\u00a0\u00bb custom_margin=\u00a0\u00bb||50px||false|false\u00a0\u00bb global_colors_info=\u00a0\u00bb{}\u00a0\u00bb][et_pb_row column_structure=\u00a0\u00bb1_2,1_2&Prime; _builder_version=\u00a0\u00bb4.9.10&Prime; _module_preset=\u00a0\u00bbdefault\u00a0\u00bb z_index=\u00a0\u00bb75&Prime; global_colors_info=\u00a0\u00bb{}\u00a0\u00bb][et_pb_column type=\u00a0\u00bb1_2&Prime; _builder_version=\u00a0\u00bb4.9.10&Prime; _module_preset=\u00a0\u00bbdefault\u00a0\u00bb global_colors_info=\u00a0\u00bb{}\u00a0\u00bb][et_pb_image src=\u00a0\u00bbhttps:\/\/longlifechallenge.eu\/wp-content\/uploads\/2021\/11\/Gen_FR.jpg\u00a0\u00bb title_text=\u00a0\u00bb01_grafica_generica_healthy FR\u00a0\u00bb _builder_version=\u00a0\u00bb4.11.2&Prime; _module_preset=\u00a0\u00bbdefault\u00a0\u00bb hover_enabled=\u00a0\u00bb0&Prime; global_colors_info=\u00a0\u00bb{}\u00a0\u00bb sticky_enabled=\u00a0\u00bb0&Prime;][\/et_pb_image][\/et_pb_column][et_pb_column type=\u00a0\u00bb1_2&Prime; _builder_version=\u00a0\u00bb4.9.10&Prime; _module_preset=\u00a0\u00bbdefault\u00a0\u00bb global_colors_info=\u00a0\u00bb{}\u00a0\u00bb][et_pb_text _builder_version=\u00a0\u00bb4.11.1&Prime; _module_preset=\u00a0\u00bbdefault\u00a0\u00bb text_font_size=\u00a0\u00bb16px\u00a0\u00bb header_text_align=\u00a0\u00bbcenter\u00a0\u00bb header_text_color=\u00a0\u00bb#a3195c\u00a0\u00bb header_line_height=\u00a0\u00bb1.2em\u00a0\u00bb global_colors_info=\u00a0\u00bb{}\u00a0\u00bb]<\/p>\n<h1><strong>LE D\u00c9FI LE PLUS SAIN D&rsquo;EUROPE EST ARRIV\u00c9<\/strong><\/h1>\n<p>Pour mener une vie plus saine et plus \u00e9quilibr\u00e9e, nul besoin de faire un effort olympique, ni d&rsquo;\u00eatre un athl\u00e8te d&rsquo;\u00e9lite. Il suffit de quelques petits gestes quotidiens, comme par exemple, mettre des fruits et l\u00e9gumes dans son assiette. Simple comme bonjour !<\/p>\n<p>C&rsquo;est aussi simple que de commencer sa journ\u00e9e en faisant le plein de l&rsquo;Orange Power, avec l&rsquo;\u00e9nergie et les vitamines des oranges et des mandarines d&rsquo;Espagne.<\/p>\n<p>Aussi simple qu\u2019emmener une pomme au travail et d\u00e9couvrir qu&rsquo;une collation peut aussi \u00eatre saine.<\/p>\n<p>Aussi simple que devenir green avec des asperges et des brocolis et d\u00e9couvrir qu&rsquo;une salade est tout sauf banale !<\/p>\n<p>Ou encore se mettre aux fruits rouges, manger un bol de fraises fra\u00eeches ou siroter un smoothie aux myrtilles avant ou apr\u00e8s le sport !<\/p>\n<p>Qu&rsquo;est-ce que vous attendez ? Rejoignez le d\u00e9fi le plus healthy d&rsquo;Europe !<\/p>\n<p>Rejoignez le #LongLifeChallenge et rivalisez pour une vie meilleure en mangeant 5 fruits et l\u00e9gumes par jour.<\/p>\n<p>[\/et_pb_text][\/et_pb_column][\/et_pb_row][et_pb_row _builder_version=\u00a0\u00bb4.11.2&Prime; _module_preset=\u00a0\u00bbdefault\u00a0\u00bb width=\u00a0\u00bb50%\u00a0\u00bb module_alignment=\u00a0\u00bbcenter\u00a0\u00bb global_colors_info=\u00a0\u00bb{}\u00a0\u00bb][et_pb_column type=\u00a0\u00bb4_4&Prime; _builder_version=\u00a0\u00bb4.9.10&Prime; _module_preset=\u00a0\u00bbdefault\u00a0\u00bb global_colors_info=\u00a0\u00bb{}\u00a0\u00bb][et_pb_image src=\u00a0\u00bbhttps:\/\/longlifechallenge.eu\/wp-content\/uploads\/2021\/10\/Fresas-FR.jpg\u00a0\u00bb title_text=\u00a0\u00bb03_grafica_healthy_fresas_florent FR\u00a0\u00bb align=\u00a0\u00bbcenter\u00a0\u00bb _builder_version=\u00a0\u00bb4.11.2&Prime; _module_preset=\u00a0\u00bbdefault\u00a0\u00bb global_colors_info=\u00a0\u00bb{}\u00a0\u00bb][\/et_pb_image][\/et_pb_column][\/et_pb_row][\/et_pb_section]<\/p>\n","protected":false},"excerpt":{"rendered":"<p>LE D\u00c9FI LE PLUS SAIN D&rsquo;EUROPE EST ARRIV\u00c9 Pour mener une vie plus saine et plus \u00e9quilibr\u00e9e, nul besoin de faire un effort olympique, ni d&rsquo;\u00eatre un athl\u00e8te d&rsquo;\u00e9lite. Il suffit de quelques petits gestes quotidiens, comme par exemple, mettre des fruits et l\u00e9gumes dans son assiette. Simple comme bonjour ! C&rsquo;est aussi simple que [&hellip;]<\/p>\n","protected":false},"author":1,"featured_media":0,"parent":0,"menu_order":0,"comment_status":"closed","ping_status":"closed","template":"","meta":{"_et_pb_use_builder":"on","_et_pb_old_content":"","_et_gb_content_width":"","footnotes":""},"_links":{"self":[{"href":"https:\/\/longlifechallenge.eu\/fr\/wp-json\/wp\/v2\/pages\/818"}],"collection":[{"href":"https:\/\/longlifechallenge.eu\/fr\/wp-json\/wp\/v2\/pages"}],"about":[{"href":"https:\/\/longlifechallenge.eu\/fr\/wp-json\/wp\/v2\/types\/page"}],"author":[{"embeddable":true,"href":"https:\/\/longlifechallenge.eu\/fr\/wp-json\/wp\/v2\/users\/1"}],"replies":[{"embeddable":true,"href":"https:\/\/longlifechallenge.eu\/fr\/wp-json\/wp\/v2\/comments?post=818"}],"version-history":[{"count":6,"href":"https:\/\/longlifechallenge.eu\/fr\/wp-json\/wp\/v2\/pages\/818\/revisions"}],"predecessor-version":[{"id":3278,"href":"https:\/\/longlifechallenge.eu\/fr\/wp-json\/wp\/v2\/pages\/818\/revisions\/3278"}],"wp:attachment":[{"href":"https:\/\/longlifechallenge.eu\/fr\/wp-json\/wp\/v2\/media?parent=818"}],"curies":[{"name":"wp","href":"https:\/\/api.w.org\/{rel}","templated":true}]}}