{"id":2299,"date":"2021-10-22T17:00:53","date_gmt":"2021-10-22T17:00:53","guid":{"rendered":"https:\/\/tacticseurope.com\/demos\/5aldia\/recettes\/snacks\/snack-mandarine-enrobee-de-chocolat-noix-grillees-et-fleur-de-sel\/"},"modified":"2021-10-24T16:40:01","modified_gmt":"2021-10-24T16:40:01","slug":"snack-mandarine-enrobee-de-chocolat-noix-grillees-et-fleur-de-sel","status":"publish","type":"page","link":"https:\/\/longlifechallenge.eu\/fr\/recettes\/snacks\/snack-mandarine-enrobee-de-chocolat-noix-grillees-et-fleur-de-sel\/","title":{"rendered":"Snack mandarine enrob\u00e9e de chocolat, noix grill\u00e9es et fleur de sel"},"content":{"rendered":"<p>[et_pb_section fb_built=\u00a0\u00bb1&Prime; specialty=\u00a0\u00bbon\u00a0\u00bb _builder_version=\u00a0\u00bb4.11.2&Prime; _module_preset=\u00a0\u00bbdefault\u00a0\u00bb global_colors_info=\u00a0\u00bb{}\u00a0\u00bb][et_pb_column type=\u00a0\u00bb1_2&Prime; _builder_version=\u00a0\u00bb3.25&Prime; custom_padding=\u00a0\u00bb|||\u00a0\u00bb global_colors_info=\u00a0\u00bb{}\u00a0\u00bb custom_padding__hover=\u00a0\u00bb|||\u00a0\u00bb][et_pb_image src=\u00a0\u00bbhttps:\/\/longlifechallenge.eu\/wp-content\/uploads\/2021\/10\/snack-mandarina.jpg\u00a0\u00bb title_text=\u00a0\u00bbsnack mandarina\u00a0\u00bb _builder_version=\u00a0\u00bb4.11.2&Prime; _module_preset=\u00a0\u00bbdefault\u00a0\u00bb custom_margin=\u00a0\u00bb|-3px||||\u00a0\u00bb global_colors_info=\u00a0\u00bb{}\u00a0\u00bb][\/et_pb_image][et_pb_text _builder_version=\u00a0\u00bb4.11.2&Prime; _module_preset=\u00a0\u00bbdefault\u00a0\u00bb text_text_color=\u00a0\u00bb#000000&Prime; text_font_size=\u00a0\u00bb16px\u00a0\u00bb global_colors_info=\u00a0\u00bb{}\u00a0\u00bb]<\/p>\n<p style=\"text-align: center;\">Sans gluten &#8211; Sans lactose &#8211; V\u00e9g\u00e9tarien &#8211; Vegan<\/p>\n<p>[\/et_pb_text][\/et_pb_column][et_pb_column type=\u00a0\u00bb1_2&Prime; specialty_columns=\u00a0\u00bb2&Prime; _builder_version=\u00a0\u00bb3.25&Prime; custom_padding=\u00a0\u00bb|||\u00a0\u00bb global_colors_info=\u00a0\u00bb{}\u00a0\u00bb custom_padding__hover=\u00a0\u00bb|||\u00a0\u00bb][et_pb_row_inner _builder_version=\u00a0\u00bb4.11.2&Prime; _module_preset=\u00a0\u00bbdefault\u00a0\u00bb global_colors_info=\u00a0\u00bb{}\u00a0\u00bb][et_pb_column_inner saved_specialty_column_type=\u00a0\u00bb1_2&Prime; _builder_version=\u00a0\u00bb4.11.2&Prime; _module_preset=\u00a0\u00bbdefault\u00a0\u00bb global_colors_info=\u00a0\u00bb{}\u00a0\u00bb][et_pb_text _builder_version=\u00a0\u00bb4.11.2&Prime; _module_preset=\u00a0\u00bbdefault\u00a0\u00bb header_font=\u00a0\u00bb|600|||||||\u00a0\u00bb header_text_align=\u00a0\u00bbcenter\u00a0\u00bb header_text_color=\u00a0\u00bb#a3195c\u00a0\u00bb header_font_size=\u00a0\u00bb40px\u00a0\u00bb global_colors_info=\u00a0\u00bb{}\u00a0\u00bb]<\/p>\n<h1>Snack mandarine enrob\u00e9e de chocolat, noix grill\u00e9es et fleur de sel<\/h1>\n<p>[\/et_pb_text][\/et_pb_column_inner][\/et_pb_row_inner][et_pb_row_inner column_structure=\u00a0\u00bb1_3,1_3,1_3&Prime; use_custom_gutter=\u00a0\u00bbon\u00a0\u00bb gutter_width=\u00a0\u00bb1&Prime; _builder_version=\u00a0\u00bb4.11.2&Prime; _module_preset=\u00a0\u00bbdefault\u00a0\u00bb custom_margin=\u00a0\u00bb||||false|false\u00a0\u00bb custom_padding=\u00a0\u00bb0px||||false|false\u00a0\u00bb global_colors_info=\u00a0\u00bb{}\u00a0\u00bb][et_pb_column_inner type=\u00a0\u00bb1_3&Prime; saved_specialty_column_type=\u00a0\u00bb1_2&Prime; _builder_version=\u00a0\u00bb4.11.2&Prime; _module_preset=\u00a0\u00bbdefault\u00a0\u00bb global_colors_info=\u00a0\u00bb{}\u00a0\u00bb][et_pb_image src=\u00a0\u00bbhttps:\/\/longlifechallenge.eu\/wp-content\/uploads\/2021\/10\/icon_person_ES.png\u00a0\u00bb title_text=\u00a0\u00bbicon_person_ES\u00a0\u00bb _builder_version=\u00a0\u00bb4.11.2&Prime; _module_preset=\u00a0\u00bbdefault\u00a0\u00bb width=\u00a0\u00bb40%\u00a0\u00bb width_tablet=\u00a0\u00bb\u00a0\u00bb width_phone=\u00a0\u00bb20%\u00a0\u00bb width_last_edited=\u00a0\u00bbon|phone\u00a0\u00bb module_alignment=\u00a0\u00bbcenter\u00a0\u00bb global_colors_info=\u00a0\u00bb{}\u00a0\u00bb][\/et_pb_image][et_pb_text _builder_version=\u00a0\u00bb4.11.2&Prime; _module_preset=\u00a0\u00bbdefault\u00a0\u00bb text_font_size=\u00a0\u00bb18px\u00a0\u00bb global_colors_info=\u00a0\u00bb{}\u00a0\u00bb]<\/p>\n<p style=\"text-align: center;\"><strong>4<\/strong><\/p>\n<p>[\/et_pb_text][\/et_pb_column_inner][et_pb_column_inner type=\u00a0\u00bb1_3&Prime; saved_specialty_column_type=\u00a0\u00bb1_2&Prime; _builder_version=\u00a0\u00bb4.11.2&Prime; _module_preset=\u00a0\u00bbdefault\u00a0\u00bb global_colors_info=\u00a0\u00bb{}\u00a0\u00bb][et_pb_image src=\u00a0\u00bbhttps:\/\/longlifechallenge.eu\/wp-content\/uploads\/2021\/10\/icon_dificulty.png\u00a0\u00bb title_text=\u00a0\u00bbicon_dificulty\u00a0\u00bb _builder_version=\u00a0\u00bb4.11.2&Prime; _module_preset=\u00a0\u00bbdefault\u00a0\u00bb width=\u00a0\u00bb40%\u00a0\u00bb width_tablet=\u00a0\u00bb\u00a0\u00bb width_phone=\u00a0\u00bb20%\u00a0\u00bb width_last_edited=\u00a0\u00bbon|phone\u00a0\u00bb module_alignment=\u00a0\u00bbcenter\u00a0\u00bb custom_margin_tablet=\u00a0\u00bb\u00a0\u00bb custom_margin_phone=\u00a0\u00bb12px||||false|false\u00a0\u00bb custom_margin_last_edited=\u00a0\u00bbon|phone\u00a0\u00bb global_colors_info=\u00a0\u00bb{}\u00a0\u00bb][\/et_pb_image][et_pb_text _builder_version=\u00a0\u00bb4.11.2&Prime; _module_preset=\u00a0\u00bbdefault\u00a0\u00bb text_font_size=\u00a0\u00bb18px\u00a0\u00bb global_colors_info=\u00a0\u00bb{}\u00a0\u00bb]<\/p>\n<p style=\"text-align: center;\"><strong>2<\/strong><\/p>\n<p>[\/et_pb_text][\/et_pb_column_inner][et_pb_column_inner type=\u00a0\u00bb1_3&Prime; saved_specialty_column_type=\u00a0\u00bb1_2&Prime; _builder_version=\u00a0\u00bb4.11.2&Prime; _module_preset=\u00a0\u00bbdefault\u00a0\u00bb global_colors_info=\u00a0\u00bb{}\u00a0\u00bb][et_pb_image src=\u00a0\u00bbhttps:\/\/longlifechallenge.eu\/wp-content\/uploads\/2021\/10\/icon_timer.png\u00a0\u00bb title_text=\u00a0\u00bbicon_timer\u00a0\u00bb _builder_version=\u00a0\u00bb4.11.2&Prime; _module_preset=\u00a0\u00bbdefault\u00a0\u00bb width=\u00a0\u00bb40%\u00a0\u00bb width_tablet=\u00a0\u00bb\u00a0\u00bb width_phone=\u00a0\u00bb20%\u00a0\u00bb width_last_edited=\u00a0\u00bbon|phone\u00a0\u00bb module_alignment=\u00a0\u00bbcenter\u00a0\u00bb custom_margin_tablet=\u00a0\u00bb\u00a0\u00bb custom_margin_phone=\u00a0\u00bb12px||||false|false\u00a0\u00bb custom_margin_last_edited=\u00a0\u00bbon|phone\u00a0\u00bb global_colors_info=\u00a0\u00bb{}\u00a0\u00bb][\/et_pb_image][et_pb_text _builder_version=\u00a0\u00bb4.11.2&Prime; _module_preset=\u00a0\u00bbdefault\u00a0\u00bb text_font_size=\u00a0\u00bb18px\u00a0\u00bb global_colors_info=\u00a0\u00bb{}\u00a0\u00bb]<\/p>\n<p style=\"text-align: center;\"><strong>20 min<\/strong><\/p>\n<p>[\/et_pb_text][\/et_pb_column_inner][\/et_pb_row_inner][et_pb_row_inner _builder_version=\u00a0\u00bb4.11.2&Prime; _module_preset=\u00a0\u00bbdefault\u00a0\u00bb custom_margin=\u00a0\u00bb0px||||false|false\u00a0\u00bb custom_padding=\u00a0\u00bb0px||0px||false|false\u00a0\u00bb global_colors_info=\u00a0\u00bb{}\u00a0\u00bb][et_pb_column_inner saved_specialty_column_type=\u00a0\u00bb1_2&Prime; _builder_version=\u00a0\u00bb4.11.2&Prime; _module_preset=\u00a0\u00bbdefault\u00a0\u00bb global_colors_info=\u00a0\u00bb{}\u00a0\u00bb][et_pb_text _builder_version=\u00a0\u00bb4.11.2&Prime; _module_preset=\u00a0\u00bbdefault\u00a0\u00bb header_2_font=\u00a0\u00bb|700|||||||\u00a0\u00bb header_2_text_align=\u00a0\u00bbcenter\u00a0\u00bb global_colors_info=\u00a0\u00bb{}\u00a0\u00bb]<\/p>\n<h2>INGR\u00c9DIENTS<\/h2>\n<p>[\/et_pb_text][\/et_pb_column_inner][\/et_pb_row_inner][et_pb_row_inner column_structure=\u00a0\u00bb1_2,1_2&Prime; _builder_version=\u00a0\u00bb4.11.2&Prime; _module_preset=\u00a0\u00bbdefault\u00a0\u00bb global_colors_info=\u00a0\u00bb{}\u00a0\u00bb][et_pb_column_inner type=\u00a0\u00bb1_2&Prime; saved_specialty_column_type=\u00a0\u00bb1_2&Prime; _builder_version=\u00a0\u00bb4.11.2&Prime; _module_preset=\u00a0\u00bbdefault\u00a0\u00bb global_colors_info=\u00a0\u00bb{}\u00a0\u00bb][et_pb_text _builder_version=\u00a0\u00bb4.11.2&Prime; _module_preset=\u00a0\u00bbdefault\u00a0\u00bb text_font_size=\u00a0\u00bb16px\u00a0\u00bb custom_margin=\u00a0\u00bb||0px||false|false\u00a0\u00bb custom_margin_tablet=\u00a0\u00bb\u00a0\u00bb custom_margin_phone=\u00a0\u00bb-12px||||false|false\u00a0\u00bb custom_margin_last_edited=\u00a0\u00bbon|phone\u00a0\u00bb custom_padding=\u00a0\u00bb||0px||false|false\u00a0\u00bb global_colors_info=\u00a0\u00bb{}\u00a0\u00bb]<\/p>\n<ul>\n<li>4 mandarines<\/li>\n<li>300 g de gla\u00e7age au chocolat vegan 70 % cacao<\/li>\n<\/ul>\n<p>[\/et_pb_text][\/et_pb_column_inner][et_pb_column_inner type=\u00a0\u00bb1_2&Prime; saved_specialty_column_type=\u00a0\u00bb1_2&Prime; _builder_version=\u00a0\u00bb4.11.2&Prime; _module_preset=\u00a0\u00bbdefault\u00a0\u00bb global_colors_info=\u00a0\u00bb{}\u00a0\u00bb][et_pb_text _builder_version=\u00a0\u00bb4.11.2&Prime; _module_preset=\u00a0\u00bbdefault\u00a0\u00bb text_font_size=\u00a0\u00bb16px\u00a0\u00bb custom_margin=\u00a0\u00bb||0px||false|false\u00a0\u00bb custom_margin_tablet=\u00a0\u00bb\u00a0\u00bb custom_margin_phone=\u00a0\u00bb-45px||||false|false\u00a0\u00bb custom_margin_last_edited=\u00a0\u00bbon|phone\u00a0\u00bb custom_padding=\u00a0\u00bb||0px||false|false\u00a0\u00bb custom_padding_tablet=\u00a0\u00bb\u00a0\u00bb custom_padding_phone=\u00a0\u00bb||35px||false|false\u00a0\u00bb custom_padding_last_edited=\u00a0\u00bbon|phone\u00a0\u00bb global_colors_info=\u00a0\u00bb{}\u00a0\u00bb]<\/p>\n<ul>\n<li>\u00bd tasse de noix<\/li>\n<li>2 cuill\u00e8res \u00e0 soupe de fleur de sel<\/li>\n<li>Papier sulfuris\u00e9<\/li>\n<\/ul>\n<p>[\/et_pb_text][\/et_pb_column_inner][\/et_pb_row_inner][et_pb_row_inner _builder_version=\u00a0\u00bb4.11.2&Prime; _module_preset=\u00a0\u00bbdefault\u00a0\u00bb custom_margin=\u00a0\u00bb-63px||0px||false|false\u00a0\u00bb custom_padding=\u00a0\u00bb0px||0px||false|false\u00a0\u00bb global_colors_info=\u00a0\u00bb{}\u00a0\u00bb][et_pb_column_inner saved_specialty_column_type=\u00a0\u00bb1_2&Prime; _builder_version=\u00a0\u00bb4.11.2&Prime; _module_preset=\u00a0\u00bbdefault\u00a0\u00bb global_colors_info=\u00a0\u00bb{}\u00a0\u00bb][et_pb_text _builder_version=\u00a0\u00bb4.11.2&Prime; _module_preset=\u00a0\u00bbdefault\u00a0\u00bb header_2_font=\u00a0\u00bb|700|||||||\u00a0\u00bb header_2_text_align=\u00a0\u00bbcenter\u00a0\u00bb global_colors_info=\u00a0\u00bb{}\u00a0\u00bb]<\/p>\n<h2>D\u00c9ROUL\u00c9<\/h2>\n<p>[\/et_pb_text][\/et_pb_column_inner][\/et_pb_row_inner][et_pb_row_inner _builder_version=\u00a0\u00bb4.11.2&Prime; _module_preset=\u00a0\u00bbdefault\u00a0\u00bb global_colors_info=\u00a0\u00bb{}\u00a0\u00bb][et_pb_column_inner saved_specialty_column_type=\u00a0\u00bb1_2&Prime; _builder_version=\u00a0\u00bb4.11.2&Prime; _module_preset=\u00a0\u00bbdefault\u00a0\u00bb global_colors_info=\u00a0\u00bb{}\u00a0\u00bb][et_pb_text _builder_version=\u00a0\u00bb4.11.2&Prime; _module_preset=\u00a0\u00bbdefault\u00a0\u00bb text_font_size=\u00a0\u00bb16px\u00a0\u00bb custom_margin_tablet=\u00a0\u00bb\u00a0\u00bb custom_margin_phone=\u00a0\u00bb-12px||||false|false\u00a0\u00bb custom_margin_last_edited=\u00a0\u00bbon|phone\u00a0\u00bb global_colors_info=\u00a0\u00bb{}\u00a0\u00bb]<\/p>\n<p>\u00c9plucher les mandarines en retirant les parties blanches et en ne gardant que les quartiers propres.<\/p>\n<p>Couper les noix \u00e0 l\u2019aide d\u2019un couteau ou utiliser un mortier. Faire chauffer une po\u00eale \u00e0 feu moyen-vif et y mettre les noix pour les faire griller l\u00e9g\u00e8rement. Mettre de c\u00f4t\u00e9 dans une assiette.<\/p>\n<p>Mettre le gla\u00e7age au chocolat dans un bol au bain-marie et remuer jusqu\u2019\u00e0 ce qu\u2019il fonde compl\u00e8tement. Pour le faire au micro-ondes, chauffer par s\u00e9quences d&rsquo;une minute en remuant et en veillant \u00e0 ne pas le br\u00fbler.<\/p>\n<p>Enrober une extr\u00e9mit\u00e9 de chaque quartier de mandarine avec le gla\u00e7age encore chaud et tremper dans les noix grill\u00e9es. Saupoudrer de fleur de sel.<\/p>\n<p>Disposer les quartiers de mandarine enrob\u00e9s de chocolat, noix et sel sur un plateau recouvert de papier sulfuris\u00e9. Placer au r\u00e9frig\u00e9rateur pendant 10 minutes avant de servir.<\/p>\n<p>[\/et_pb_text][\/et_pb_column_inner][\/et_pb_row_inner][\/et_pb_column][\/et_pb_section][et_pb_section fb_built=\u00a0\u00bb1&Prime; _builder_version=\u00a0\u00bb3.27.4&Prime; custom_padding=\u00a0\u00bb68px||68px||true|\u00a0\u00bb global_colors_info=\u00a0\u00bb{}\u00a0\u00bb global_module=\u00a0\u00bb2334&Prime;][et_pb_row _builder_version=\u00a0\u00bb3.27.4&Prime; width=\u00a0\u00bb100%\u00a0\u00bb max_width=\u00a0\u00bb100%\u00a0\u00bb global_colors_info=\u00a0\u00bb{}\u00a0\u00bb][et_pb_column type=\u00a0\u00bb4_4&Prime; _builder_version=\u00a0\u00bb3.27.4&Prime; global_colors_info=\u00a0\u00bb{}\u00a0\u00bb][dica_divi_carousel show_items_desktop=\u00a0\u00bb6.25&Prime; centermode=\u00a0\u00bbon\u00a0\u00bb loop=\u00a0\u00bbon\u00a0\u00bb autoplay=\u00a0\u00bbon\u00a0\u00bb arrow_nav=\u00a0\u00bbon\u00a0\u00bb item_spacing=\u00a0\u00bb20px\u00a0\u00bb item_spacing_last_edited=\u00a0\u00bboff|desktop\u00a0\u00bb advanced_effect=\u00a0\u00bb1&Prime; arrow_nav_color=\u00a0\u00bb#ffffff\u00a0\u00bb arrow_bg_color=\u00a0\u00bb#242424&Prime; title_background=\u00a0\u00bbRGBA(0,0,0,0)\u00a0\u00bb content_container_margin=\u00a0\u00bb-100px||||false|false\u00a0\u00bb content_container_padding=\u00a0\u00bb|25px|46px|25px|false|false\u00a0\u00bb _builder_version=\u00a0\u00bb4.11.2&Prime; title_font=\u00a0\u00bb|700|||||||\u00a0\u00bb title_text_align=\u00a0\u00bbleft\u00a0\u00bb title_text_color=\u00a0\u00bb#FFFFFF\u00a0\u00bb title_font_size=\u00a0\u00bb15px\u00a0\u00bb subtitle_font=\u00a0\u00bb|700|||||||\u00a0\u00bb subtitle_text_color=\u00a0\u00bb#ffffff\u00a0\u00bb subtitle_font_size=\u00a0\u00bb12px\u00a0\u00bb border_radii_image=\u00a0\u00bbon|8px|8px|8px|8px\u00a0\u00bb global_colors_info=\u00a0\u00bb{}\u00a0\u00bb][dica_divi_carouselitem title=\u00a0\u00bbTIRAMISU AUX ORANGES\u00a0\u00bb sub_title=\u00a0\u00bbSnack\u00a0\u00bb url=\u00a0\u00bbhttps:\/\/longlifechallenge.eu\/fr\/recettes\/snacks\/tiramisu-aux-oranges\/\u00a0\u00bb button_url_new_window=\u00a0\u00bb1&Prime; image=\u00a0\u00bbhttps:\/\/longlifechallenge.eu\/wp-content\/uploads\/2021\/10\/snack-naranjas-boton.jpg\u00a0\u00bb _builder_version=\u00a0\u00bb4.11.2&Prime; global_colors_info=\u00a0\u00bb{}\u00a0\u00bb][\/dica_divi_carouselitem][dica_divi_carouselitem title=\u00a0\u00bbPUDDING DE GRAINES DE CHIA ET DE COCO\u00a0\u00bb sub_title=\u00a0\u00bbSnack\u00a0\u00bb url=\u00a0\u00bbhttps:\/\/longlifechallenge.eu\/fr\/recettes\/snacks\/pudding-de-graines-de-chia-et-de-coco\/\u00a0\u00bb button_url_new_window=\u00a0\u00bb1&Prime; image=\u00a0\u00bbhttps:\/\/longlifechallenge.eu\/wp-content\/uploads\/2021\/10\/snack-naranjas-2-boton.jpg\u00a0\u00bb _builder_version=\u00a0\u00bb4.11.2&Prime; global_colors_info=\u00a0\u00bb{}\u00a0\u00bb][\/dica_divi_carouselitem][dica_divi_carouselitem title=\u00a0\u00bbSNACK MANDARINE ENROB\u00c9E DE CHOCOLAT\u00a0\u00bb sub_title=\u00a0\u00bbSnack\u00a0\u00bb url=\u00a0\u00bbhttps:\/\/longlifechallenge.eu\/fr\/recettes\/snacks\/snack-mandarine-enrobee-de-chocolat-noix-grillees-et-fleur-de-sel\/\u00a0\u00bb button_url_new_window=\u00a0\u00bb1&Prime; image=\u00a0\u00bbhttps:\/\/longlifechallenge.eu\/wp-content\/uploads\/2021\/10\/smoothie-fresas-boton.jpg\u00a0\u00bb _builder_version=\u00a0\u00bb4.11.2&Prime; global_colors_info=\u00a0\u00bb{}\u00a0\u00bb][\/dica_divi_carouselitem][dica_divi_carouselitem title=\u00a0\u00bbROULEAUX DE PRINTEMPS AUX FRAISES DE FRANCE\u00a0\u00bb sub_title=\u00a0\u00bbSnack\u00a0\u00bb url=\u00a0\u00bbhttps:\/\/longlifechallenge.eu\/fr\/recettes\/snacks\/rouleaux-de-printemps-aux-fraises-de-france\/\u00a0\u00bb button_url_new_window=\u00a0\u00bb1&Prime; image=\u00a0\u00bbhttps:\/\/longlifechallenge.eu\/wp-content\/uploads\/2021\/10\/snack-fresas-boton.jpg\u00a0\u00bb _builder_version=\u00a0\u00bb4.11.2&Prime; global_colors_info=\u00a0\u00bb{}\u00a0\u00bb][\/dica_divi_carouselitem][dica_divi_carouselitem title=\u00a0\u00bbSTRUDEL V\u00c9GAN DE BROCOLI, OIGNONS ET MOZZARELLA\u00a0\u00bb sub_title=\u00a0\u00bbSnack\u00a0\u00bb url=\u00a0\u00bbhttps:\/\/longlifechallenge.eu\/fr\/recettes\/snacks\/strudel-vegan-de-brocoli-oignons-et-mozzarella\/\u00a0\u00bb button_url_new_window=\u00a0\u00bb1&Prime; image=\u00a0\u00bbhttps:\/\/longlifechallenge.eu\/wp-content\/uploads\/2021\/10\/snack-brocoli-boton.jpg\u00a0\u00bb _builder_version=\u00a0\u00bb4.11.2&Prime; global_colors_info=\u00a0\u00bb{}\u00a0\u00bb][\/dica_divi_carouselitem][dica_divi_carouselitem title=\u00a0\u00bbFEUILLET\u00c9 D&rsquo;ASPERGES ET AU JAMBON SERRANO\u00a0\u00bb sub_title=\u00a0\u00bbSnack\u00a0\u00bb url=\u00a0\u00bbhttps:\/\/longlifechallenge.eu\/fr\/recettes\/snacks\/feuillete-dasperges-a-la-mozzarella-et-au-jambon-serrano\/\u00a0\u00bb button_url_new_window=\u00a0\u00bb1&Prime; image=\u00a0\u00bbhttps:\/\/longlifechallenge.eu\/wp-content\/uploads\/2021\/10\/snack-esparragos-boton.jpg\u00a0\u00bb _builder_version=\u00a0\u00bb4.11.2&Prime; global_colors_info=\u00a0\u00bb{}\u00a0\u00bb][\/dica_divi_carouselitem][dica_divi_carouselitem title=\u00a0\u00bbCHIPS DE POMMES\u00a0\u00bb sub_title=\u00a0\u00bbSnack\u00a0\u00bb url=\u00a0\u00bbhttps:\/\/longlifechallenge.eu\/fr\/recettes\/snacks\/chips-de-pommes\/\u00a0\u00bb button_url_new_window=\u00a0\u00bb1&Prime; image=\u00a0\u00bbhttps:\/\/longlifechallenge.eu\/wp-content\/uploads\/2021\/10\/snack-manzana-boton.jpg\u00a0\u00bb _builder_version=\u00a0\u00bb4.11.2&Prime; global_colors_info=\u00a0\u00bb{}\u00a0\u00bb][\/dica_divi_carouselitem][dica_divi_carouselitem title=\u00a0\u00bbESQUIMAUX AUX MYRTILLES, AMANDES ET YAOURT VEGAN\u00a0\u00bb sub_title=\u00a0\u00bbSnack\u00a0\u00bb url=\u00a0\u00bbhttps:\/\/longlifechallenge.eu\/fr\/recettes\/snacks\/esquimaux-aux-myrtilles-amandes-et-yaourt-vegan\/\u00a0\u00bb button_url_new_window=\u00a0\u00bb1&Prime; image=\u00a0\u00bbhttps:\/\/longlifechallenge.eu\/wp-content\/uploads\/2021\/10\/snack-arandanos-boton.jpg\u00a0\u00bb _builder_version=\u00a0\u00bb4.11.2&Prime; global_colors_info=\u00a0\u00bb{}\u00a0\u00bb][\/dica_divi_carouselitem][\/dica_divi_carousel][\/et_pb_column][\/et_pb_row][\/et_pb_section]<\/p>\n","protected":false},"excerpt":{"rendered":"<p>Sans gluten &#8211; Sans lactose &#8211; V\u00e9g\u00e9tarien &#8211; VeganSnack mandarine enrob\u00e9e de chocolat, noix grill\u00e9es et fleur de sel4220 minINGR\u00c9DIENTS 4 mandarines 300 g de gla\u00e7age au chocolat vegan 70 % cacao \u00bd tasse de noix 2 cuill\u00e8res \u00e0 soupe de fleur de sel Papier sulfuris\u00e9 D\u00c9ROUL\u00c9\u00c9plucher les mandarines en retirant les parties blanches et [&hellip;]<\/p>\n","protected":false},"author":1,"featured_media":0,"parent":2293,"menu_order":3,"comment_status":"closed","ping_status":"closed","template":"","meta":{"_et_pb_use_builder":"on","_et_pb_old_content":"","_et_gb_content_width":"","footnotes":""},"_links":{"self":[{"href":"https:\/\/longlifechallenge.eu\/fr\/wp-json\/wp\/v2\/pages\/2299"}],"collection":[{"href":"https:\/\/longlifechallenge.eu\/fr\/wp-json\/wp\/v2\/pages"}],"about":[{"href":"https:\/\/longlifechallenge.eu\/fr\/wp-json\/wp\/v2\/types\/page"}],"author":[{"embeddable":true,"href":"https:\/\/longlifechallenge.eu\/fr\/wp-json\/wp\/v2\/users\/1"}],"replies":[{"embeddable":true,"href":"https:\/\/longlifechallenge.eu\/fr\/wp-json\/wp\/v2\/comments?post=2299"}],"version-history":[{"count":3,"href":"https:\/\/longlifechallenge.eu\/fr\/wp-json\/wp\/v2\/pages\/2299\/revisions"}],"predecessor-version":[{"id":2761,"href":"https:\/\/longlifechallenge.eu\/fr\/wp-json\/wp\/v2\/pages\/2299\/revisions\/2761"}],"up":[{"embeddable":true,"href":"https:\/\/longlifechallenge.eu\/fr\/wp-json\/wp\/v2\/pages\/2293"}],"wp:attachment":[{"href":"https:\/\/longlifechallenge.eu\/fr\/wp-json\/wp\/v2\/media?parent=2299"}],"curies":[{"name":"wp","href":"https:\/\/api.w.org\/{rel}","templated":true}]}}