{"id":2298,"date":"2021-10-22T17:00:30","date_gmt":"2021-10-22T17:00:30","guid":{"rendered":"https:\/\/tacticseurope.com\/demos\/5aldia\/recettes\/snacks\/rouleaux-de-printemps-aux-fraises-de-france\/"},"modified":"2021-10-24T16:39:02","modified_gmt":"2021-10-24T16:39:02","slug":"rouleaux-de-printemps-aux-fraises-de-france","status":"publish","type":"page","link":"https:\/\/longlifechallenge.eu\/fr\/recettes\/snacks\/rouleaux-de-printemps-aux-fraises-de-france\/","title":{"rendered":"Rouleaux de printemps aux Fraises de France"},"content":{"rendered":"<p>[et_pb_section fb_built=\u00a0\u00bb1&Prime; specialty=\u00a0\u00bbon\u00a0\u00bb _builder_version=\u00a0\u00bb4.11.2&Prime; _module_preset=\u00a0\u00bbdefault\u00a0\u00bb global_colors_info=\u00a0\u00bb{}\u00a0\u00bb][et_pb_column type=\u00a0\u00bb1_2&Prime; _builder_version=\u00a0\u00bb3.25&Prime; custom_padding=\u00a0\u00bb|||\u00a0\u00bb global_colors_info=\u00a0\u00bb{}\u00a0\u00bb custom_padding__hover=\u00a0\u00bb|||\u00a0\u00bb][et_pb_image src=\u00a0\u00bbhttps:\/\/longlifechallenge.eu\/wp-content\/uploads\/2021\/10\/snack-fresas.jpg\u00a0\u00bb title_text=\u00a0\u00bbsnack fresas\u00a0\u00bb _builder_version=\u00a0\u00bb4.11.2&Prime; _module_preset=\u00a0\u00bbdefault\u00a0\u00bb custom_margin=\u00a0\u00bb|-3px||||\u00a0\u00bb global_colors_info=\u00a0\u00bb{}\u00a0\u00bb][\/et_pb_image][\/et_pb_column][et_pb_column type=\u00a0\u00bb1_2&Prime; specialty_columns=\u00a0\u00bb2&Prime; _builder_version=\u00a0\u00bb3.25&Prime; custom_padding=\u00a0\u00bb|||\u00a0\u00bb global_colors_info=\u00a0\u00bb{}\u00a0\u00bb custom_padding__hover=\u00a0\u00bb|||\u00a0\u00bb][et_pb_row_inner _builder_version=\u00a0\u00bb4.11.2&Prime; _module_preset=\u00a0\u00bbdefault\u00a0\u00bb global_colors_info=\u00a0\u00bb{}\u00a0\u00bb][et_pb_column_inner saved_specialty_column_type=\u00a0\u00bb1_2&Prime; _builder_version=\u00a0\u00bb4.11.2&Prime; _module_preset=\u00a0\u00bbdefault\u00a0\u00bb global_colors_info=\u00a0\u00bb{}\u00a0\u00bb][et_pb_text _builder_version=\u00a0\u00bb4.11.2&Prime; _module_preset=\u00a0\u00bbdefault\u00a0\u00bb header_font=\u00a0\u00bb|600|||||||\u00a0\u00bb header_text_align=\u00a0\u00bbcenter\u00a0\u00bb header_text_color=\u00a0\u00bb#a3195c\u00a0\u00bb header_font_size=\u00a0\u00bb40px\u00a0\u00bb global_colors_info=\u00a0\u00bb{}\u00a0\u00bb]<\/p>\n<h1>Rouleaux de printemps aux Fraises de France<\/h1>\n<p>[\/et_pb_text][\/et_pb_column_inner][\/et_pb_row_inner][et_pb_row_inner column_structure=\u00a0\u00bb1_3,1_3,1_3&Prime; use_custom_gutter=\u00a0\u00bbon\u00a0\u00bb gutter_width=\u00a0\u00bb1&Prime; _builder_version=\u00a0\u00bb4.11.2&Prime; _module_preset=\u00a0\u00bbdefault\u00a0\u00bb custom_margin=\u00a0\u00bb||||false|false\u00a0\u00bb custom_padding=\u00a0\u00bb0px||||false|false\u00a0\u00bb global_colors_info=\u00a0\u00bb{}\u00a0\u00bb][et_pb_column_inner type=\u00a0\u00bb1_3&Prime; saved_specialty_column_type=\u00a0\u00bb1_2&Prime; _builder_version=\u00a0\u00bb4.11.2&Prime; _module_preset=\u00a0\u00bbdefault\u00a0\u00bb global_colors_info=\u00a0\u00bb{}\u00a0\u00bb][et_pb_image src=\u00a0\u00bbhttps:\/\/longlifechallenge.eu\/wp-content\/uploads\/2021\/10\/icon_person_ES.png\u00a0\u00bb title_text=\u00a0\u00bbicon_person_ES\u00a0\u00bb _builder_version=\u00a0\u00bb4.11.2&Prime; _module_preset=\u00a0\u00bbdefault\u00a0\u00bb width=\u00a0\u00bb40%\u00a0\u00bb width_tablet=\u00a0\u00bb\u00a0\u00bb width_phone=\u00a0\u00bb20%\u00a0\u00bb width_last_edited=\u00a0\u00bbon|phone\u00a0\u00bb module_alignment=\u00a0\u00bbcenter\u00a0\u00bb global_colors_info=\u00a0\u00bb{}\u00a0\u00bb][\/et_pb_image][et_pb_text _builder_version=\u00a0\u00bb4.11.2&Prime; _module_preset=\u00a0\u00bbdefault\u00a0\u00bb text_font_size=\u00a0\u00bb18px\u00a0\u00bb global_colors_info=\u00a0\u00bb{}\u00a0\u00bb]<\/p>\n<p style=\"text-align: center;\"><strong>4<\/strong><\/p>\n<p>[\/et_pb_text][\/et_pb_column_inner][et_pb_column_inner type=\u00a0\u00bb1_3&Prime; saved_specialty_column_type=\u00a0\u00bb1_2&Prime; _builder_version=\u00a0\u00bb4.11.2&Prime; _module_preset=\u00a0\u00bbdefault\u00a0\u00bb global_colors_info=\u00a0\u00bb{}\u00a0\u00bb][et_pb_image src=\u00a0\u00bbhttps:\/\/longlifechallenge.eu\/wp-content\/uploads\/2021\/10\/icon_dificulty.png\u00a0\u00bb title_text=\u00a0\u00bbicon_dificulty\u00a0\u00bb _builder_version=\u00a0\u00bb4.11.2&Prime; _module_preset=\u00a0\u00bbdefault\u00a0\u00bb width=\u00a0\u00bb40%\u00a0\u00bb width_tablet=\u00a0\u00bb\u00a0\u00bb width_phone=\u00a0\u00bb20%\u00a0\u00bb width_last_edited=\u00a0\u00bbon|phone\u00a0\u00bb module_alignment=\u00a0\u00bbcenter\u00a0\u00bb custom_margin_tablet=\u00a0\u00bb\u00a0\u00bb custom_margin_phone=\u00a0\u00bb12px||||false|false\u00a0\u00bb custom_margin_last_edited=\u00a0\u00bbon|phone\u00a0\u00bb global_colors_info=\u00a0\u00bb{}\u00a0\u00bb][\/et_pb_image][et_pb_text _builder_version=\u00a0\u00bb4.11.2&Prime; _module_preset=\u00a0\u00bbdefault\u00a0\u00bb text_font_size=\u00a0\u00bb18px\u00a0\u00bb global_colors_info=\u00a0\u00bb{}\u00a0\u00bb]<\/p>\n<p style=\"text-align: center;\"><strong>3<\/strong><\/p>\n<p>[\/et_pb_text][\/et_pb_column_inner][et_pb_column_inner type=\u00a0\u00bb1_3&Prime; saved_specialty_column_type=\u00a0\u00bb1_2&Prime; _builder_version=\u00a0\u00bb4.11.2&Prime; _module_preset=\u00a0\u00bbdefault\u00a0\u00bb global_colors_info=\u00a0\u00bb{}\u00a0\u00bb][et_pb_image src=\u00a0\u00bbhttps:\/\/longlifechallenge.eu\/wp-content\/uploads\/2021\/10\/icon_timer.png\u00a0\u00bb title_text=\u00a0\u00bbicon_timer\u00a0\u00bb _builder_version=\u00a0\u00bb4.11.2&Prime; _module_preset=\u00a0\u00bbdefault\u00a0\u00bb width=\u00a0\u00bb40%\u00a0\u00bb width_tablet=\u00a0\u00bb\u00a0\u00bb width_phone=\u00a0\u00bb20%\u00a0\u00bb width_last_edited=\u00a0\u00bbon|phone\u00a0\u00bb module_alignment=\u00a0\u00bbcenter\u00a0\u00bb custom_margin_tablet=\u00a0\u00bb\u00a0\u00bb custom_margin_phone=\u00a0\u00bb12px||||false|false\u00a0\u00bb custom_margin_last_edited=\u00a0\u00bbon|phone\u00a0\u00bb global_colors_info=\u00a0\u00bb{}\u00a0\u00bb][\/et_pb_image][et_pb_text _builder_version=\u00a0\u00bb4.11.2&Prime; _module_preset=\u00a0\u00bbdefault\u00a0\u00bb text_font_size=\u00a0\u00bb18px\u00a0\u00bb global_colors_info=\u00a0\u00bb{}\u00a0\u00bb]<\/p>\n<p style=\"text-align: center;\"><strong>30 min<\/strong><\/p>\n<p>[\/et_pb_text][\/et_pb_column_inner][\/et_pb_row_inner][et_pb_row_inner _builder_version=\u00a0\u00bb4.11.2&Prime; _module_preset=\u00a0\u00bbdefault\u00a0\u00bb custom_margin=\u00a0\u00bb0px||||false|false\u00a0\u00bb custom_padding=\u00a0\u00bb0px||0px||false|false\u00a0\u00bb global_colors_info=\u00a0\u00bb{}\u00a0\u00bb][et_pb_column_inner saved_specialty_column_type=\u00a0\u00bb1_2&Prime; _builder_version=\u00a0\u00bb4.11.2&Prime; _module_preset=\u00a0\u00bbdefault\u00a0\u00bb global_colors_info=\u00a0\u00bb{}\u00a0\u00bb][et_pb_text _builder_version=\u00a0\u00bb4.11.2&Prime; _module_preset=\u00a0\u00bbdefault\u00a0\u00bb header_2_font=\u00a0\u00bb|700|||||||\u00a0\u00bb header_2_text_align=\u00a0\u00bbcenter\u00a0\u00bb global_colors_info=\u00a0\u00bb{}\u00a0\u00bb]<\/p>\n<h2>INGR\u00c9DIENTS<\/h2>\n<p>[\/et_pb_text][\/et_pb_column_inner][\/et_pb_row_inner][et_pb_row_inner column_structure=\u00a0\u00bb1_2,1_2&Prime; _builder_version=\u00a0\u00bb4.11.2&Prime; _module_preset=\u00a0\u00bbdefault\u00a0\u00bb global_colors_info=\u00a0\u00bb{}\u00a0\u00bb][et_pb_column_inner type=\u00a0\u00bb1_2&Prime; saved_specialty_column_type=\u00a0\u00bb1_2&Prime; _builder_version=\u00a0\u00bb4.11.2&Prime; _module_preset=\u00a0\u00bbdefault\u00a0\u00bb global_colors_info=\u00a0\u00bb{}\u00a0\u00bb][et_pb_text _builder_version=\u00a0\u00bb4.11.2&Prime; _module_preset=\u00a0\u00bbdefault\u00a0\u00bb text_font_size=\u00a0\u00bb16px\u00a0\u00bb custom_margin=\u00a0\u00bb||0px||false|false\u00a0\u00bb custom_margin_tablet=\u00a0\u00bb\u00a0\u00bb custom_margin_phone=\u00a0\u00bb-12px||||false|false\u00a0\u00bb custom_margin_last_edited=\u00a0\u00bbon|phone\u00a0\u00bb custom_padding=\u00a0\u00bb||0px||false|false\u00a0\u00bb global_colors_info=\u00a0\u00bb{}\u00a0\u00bb]<\/p>\n<ul>\n<li>150g de fraises pas trop grosses<\/li>\n<li>8 galettes de riz<\/li>\n<li>50g de vermicelles chinois<\/li>\n<li>1 blanc de poulet<\/li>\n<\/ul>\n<p>[\/et_pb_text][\/et_pb_column_inner][et_pb_column_inner type=\u00a0\u00bb1_2&Prime; saved_specialty_column_type=\u00a0\u00bb1_2&Prime; _builder_version=\u00a0\u00bb4.11.2&Prime; _module_preset=\u00a0\u00bbdefault\u00a0\u00bb global_colors_info=\u00a0\u00bb{}\u00a0\u00bb][et_pb_text _builder_version=\u00a0\u00bb4.11.2&Prime; _module_preset=\u00a0\u00bbdefault\u00a0\u00bb text_font_size=\u00a0\u00bb16px\u00a0\u00bb custom_margin=\u00a0\u00bb||0px||false|false\u00a0\u00bb custom_margin_tablet=\u00a0\u00bb\u00a0\u00bb custom_margin_phone=\u00a0\u00bb-45px||||false|false\u00a0\u00bb custom_margin_last_edited=\u00a0\u00bbon|phone\u00a0\u00bb custom_padding=\u00a0\u00bb||0px||false|false\u00a0\u00bb custom_padding_tablet=\u00a0\u00bb\u00a0\u00bb custom_padding_phone=\u00a0\u00bb||35px||false|false\u00a0\u00bb custom_padding_last_edited=\u00a0\u00bbon|phone\u00a0\u00bb global_colors_info=\u00a0\u00bb{}\u00a0\u00bb]<\/p>\n<ul>\n<li>4 crevettes cuites<\/li>\n<li>1 citron<\/li>\n<li>Herbes : basilic, menthe, ciboulette \u2026<\/li>\n<\/ul>\n<p>[\/et_pb_text][\/et_pb_column_inner][\/et_pb_row_inner][et_pb_row_inner _builder_version=\u00a0\u00bb4.11.2&Prime; _module_preset=\u00a0\u00bbdefault\u00a0\u00bb custom_margin=\u00a0\u00bb-63px||0px||false|false\u00a0\u00bb custom_padding=\u00a0\u00bb0px||0px||false|false\u00a0\u00bb global_colors_info=\u00a0\u00bb{}\u00a0\u00bb][et_pb_column_inner saved_specialty_column_type=\u00a0\u00bb1_2&Prime; _builder_version=\u00a0\u00bb4.11.2&Prime; _module_preset=\u00a0\u00bbdefault\u00a0\u00bb global_colors_info=\u00a0\u00bb{}\u00a0\u00bb][et_pb_text _builder_version=\u00a0\u00bb4.11.2&Prime; _module_preset=\u00a0\u00bbdefault\u00a0\u00bb header_2_font=\u00a0\u00bb|700|||||||\u00a0\u00bb header_2_text_align=\u00a0\u00bbcenter\u00a0\u00bb global_colors_info=\u00a0\u00bb{}\u00a0\u00bb]<\/p>\n<h2>D\u00c9ROUL\u00c9<\/h2>\n<p>[\/et_pb_text][\/et_pb_column_inner][\/et_pb_row_inner][et_pb_row_inner _builder_version=\u00a0\u00bb4.11.2&Prime; _module_preset=\u00a0\u00bbdefault\u00a0\u00bb global_colors_info=\u00a0\u00bb{}\u00a0\u00bb][et_pb_column_inner saved_specialty_column_type=\u00a0\u00bb1_2&Prime; _builder_version=\u00a0\u00bb4.11.2&Prime; _module_preset=\u00a0\u00bbdefault\u00a0\u00bb global_colors_info=\u00a0\u00bb{}\u00a0\u00bb][et_pb_text _builder_version=\u00a0\u00bb4.11.2&Prime; _module_preset=\u00a0\u00bbdefault\u00a0\u00bb text_font_size=\u00a0\u00bb16px\u00a0\u00bb custom_margin_tablet=\u00a0\u00bb\u00a0\u00bb custom_margin_phone=\u00a0\u00bb-12px||||false|false\u00a0\u00bb custom_margin_last_edited=\u00a0\u00bbon|phone\u00a0\u00bb global_colors_info=\u00a0\u00bb{}\u00a0\u00bb]<\/p>\n<p>Faites cuire les vermicelles chinois pendant 5 minutes.<\/p>\n<p>Faites cuire 10 minutes dans un peu d\u2019eau le blanc de poulet avec des feuilles de basilic et le jus d\u2019un citron.<\/p>\n<p>D\u00e9coupez-le en tranches fines.<\/p>\n<p>Coupez 100g de fraises en lamelles.<\/p>\n<p>Epluchez les crevettes et coupez-les en deux dans la longueur.<\/p>\n<p><strong>Sauce 1 :<\/strong><\/p>\n<p>Passez au mixeur 50g de fraises.<\/p>\n<p>Ajoutez deux cuill\u00e8res \u00e0 caf\u00e9 de sauce soja.<\/p>\n<p><strong>Sauce 2 :<\/strong><\/p>\n<p>M\u00e9langez un yaourt, des feuilles de menthe finement hach\u00e9es et des fraises coup\u00e9es en petits cubes.<\/p>\n<p><strong>Sauce 3 :<\/strong><\/p>\n<p>Sauce soja sucr\u00e9e.<\/p>\n<p><strong>Pr\u00e9paration des rouleaux de printemps :<\/strong><\/p>\n<p>Rassemblez tous vos ingr\u00e9dients \u00e0 port\u00e9e de main ainsi qu\u2019un bol d\u2019eau ti\u00e8de. Etalez un linge propre humidifi\u00e9 sur votre plan de travail.<\/p>\n<p>Plongez une galette de riz dans l\u2019eau ti\u00e8de. D\u00e9posez-la sur le torchon humide.<\/p>\n<p>Placez un peu de vermicelles, du poulet, des tranches de fraises, des crevettes et les herbes de votre choix.<\/p>\n<p>Repliez les bords de la galette pour former un petit rouleau. Finissez de rouler en serrant bien.<\/p>\n<p>R\u00e9p\u00e9tez l\u2019op\u00e9ration jusqu\u2019\u00e0 \u00e9puisement des ingr\u00e9dients.<\/p>\n<p>Servez frais avec l\u2019assortiment de sauces.<\/p>\n<p>[\/et_pb_text][\/et_pb_column_inner][\/et_pb_row_inner][\/et_pb_column][\/et_pb_section][et_pb_section fb_built=\u00a0\u00bb1&Prime; _builder_version=\u00a0\u00bb3.27.4&Prime; custom_padding=\u00a0\u00bb68px||68px||true|\u00a0\u00bb global_colors_info=\u00a0\u00bb{}\u00a0\u00bb global_module=\u00a0\u00bb2334&Prime;][et_pb_row _builder_version=\u00a0\u00bb3.27.4&Prime; width=\u00a0\u00bb100%\u00a0\u00bb max_width=\u00a0\u00bb100%\u00a0\u00bb global_colors_info=\u00a0\u00bb{}\u00a0\u00bb][et_pb_column type=\u00a0\u00bb4_4&Prime; _builder_version=\u00a0\u00bb3.27.4&Prime; global_colors_info=\u00a0\u00bb{}\u00a0\u00bb][dica_divi_carousel show_items_desktop=\u00a0\u00bb6.25&Prime; centermode=\u00a0\u00bbon\u00a0\u00bb loop=\u00a0\u00bbon\u00a0\u00bb autoplay=\u00a0\u00bbon\u00a0\u00bb arrow_nav=\u00a0\u00bbon\u00a0\u00bb item_spacing=\u00a0\u00bb20px\u00a0\u00bb item_spacing_last_edited=\u00a0\u00bboff|desktop\u00a0\u00bb advanced_effect=\u00a0\u00bb1&Prime; arrow_nav_color=\u00a0\u00bb#ffffff\u00a0\u00bb arrow_bg_color=\u00a0\u00bb#242424&Prime; title_background=\u00a0\u00bbRGBA(0,0,0,0)\u00a0\u00bb content_container_margin=\u00a0\u00bb-100px||||false|false\u00a0\u00bb content_container_padding=\u00a0\u00bb|25px|46px|25px|false|false\u00a0\u00bb _builder_version=\u00a0\u00bb4.11.2&Prime; title_font=\u00a0\u00bb|700|||||||\u00a0\u00bb title_text_align=\u00a0\u00bbleft\u00a0\u00bb title_text_color=\u00a0\u00bb#FFFFFF\u00a0\u00bb title_font_size=\u00a0\u00bb15px\u00a0\u00bb subtitle_font=\u00a0\u00bb|700|||||||\u00a0\u00bb subtitle_text_color=\u00a0\u00bb#ffffff\u00a0\u00bb subtitle_font_size=\u00a0\u00bb12px\u00a0\u00bb border_radii_image=\u00a0\u00bbon|8px|8px|8px|8px\u00a0\u00bb global_colors_info=\u00a0\u00bb{}\u00a0\u00bb][dica_divi_carouselitem title=\u00a0\u00bbTIRAMISU AUX ORANGES\u00a0\u00bb sub_title=\u00a0\u00bbSnack\u00a0\u00bb url=\u00a0\u00bbhttps:\/\/longlifechallenge.eu\/fr\/recettes\/snacks\/tiramisu-aux-oranges\/\u00a0\u00bb button_url_new_window=\u00a0\u00bb1&Prime; image=\u00a0\u00bbhttps:\/\/longlifechallenge.eu\/wp-content\/uploads\/2021\/10\/snack-naranjas-boton.jpg\u00a0\u00bb _builder_version=\u00a0\u00bb4.11.2&Prime; global_colors_info=\u00a0\u00bb{}\u00a0\u00bb][\/dica_divi_carouselitem][dica_divi_carouselitem title=\u00a0\u00bbPUDDING DE GRAINES DE CHIA ET DE COCO\u00a0\u00bb sub_title=\u00a0\u00bbSnack\u00a0\u00bb url=\u00a0\u00bbhttps:\/\/longlifechallenge.eu\/fr\/recettes\/snacks\/pudding-de-graines-de-chia-et-de-coco\/\u00a0\u00bb button_url_new_window=\u00a0\u00bb1&Prime; image=\u00a0\u00bbhttps:\/\/longlifechallenge.eu\/wp-content\/uploads\/2021\/10\/snack-naranjas-2-boton.jpg\u00a0\u00bb _builder_version=\u00a0\u00bb4.11.2&Prime; global_colors_info=\u00a0\u00bb{}\u00a0\u00bb][\/dica_divi_carouselitem][dica_divi_carouselitem title=\u00a0\u00bbSNACK MANDARINE ENROB\u00c9E DE CHOCOLAT\u00a0\u00bb sub_title=\u00a0\u00bbSnack\u00a0\u00bb url=\u00a0\u00bbhttps:\/\/longlifechallenge.eu\/fr\/recettes\/snacks\/snack-mandarine-enrobee-de-chocolat-noix-grillees-et-fleur-de-sel\/\u00a0\u00bb button_url_new_window=\u00a0\u00bb1&Prime; image=\u00a0\u00bbhttps:\/\/longlifechallenge.eu\/wp-content\/uploads\/2021\/10\/smoothie-fresas-boton.jpg\u00a0\u00bb _builder_version=\u00a0\u00bb4.11.2&Prime; global_colors_info=\u00a0\u00bb{}\u00a0\u00bb][\/dica_divi_carouselitem][dica_divi_carouselitem title=\u00a0\u00bbROULEAUX DE PRINTEMPS AUX FRAISES DE FRANCE\u00a0\u00bb sub_title=\u00a0\u00bbSnack\u00a0\u00bb url=\u00a0\u00bbhttps:\/\/longlifechallenge.eu\/fr\/recettes\/snacks\/rouleaux-de-printemps-aux-fraises-de-france\/\u00a0\u00bb button_url_new_window=\u00a0\u00bb1&Prime; image=\u00a0\u00bbhttps:\/\/longlifechallenge.eu\/wp-content\/uploads\/2021\/10\/snack-fresas-boton.jpg\u00a0\u00bb _builder_version=\u00a0\u00bb4.11.2&Prime; global_colors_info=\u00a0\u00bb{}\u00a0\u00bb][\/dica_divi_carouselitem][dica_divi_carouselitem title=\u00a0\u00bbSTRUDEL V\u00c9GAN DE BROCOLI, OIGNONS ET MOZZARELLA\u00a0\u00bb sub_title=\u00a0\u00bbSnack\u00a0\u00bb url=\u00a0\u00bbhttps:\/\/longlifechallenge.eu\/fr\/recettes\/snacks\/strudel-vegan-de-brocoli-oignons-et-mozzarella\/\u00a0\u00bb button_url_new_window=\u00a0\u00bb1&Prime; image=\u00a0\u00bbhttps:\/\/longlifechallenge.eu\/wp-content\/uploads\/2021\/10\/snack-brocoli-boton.jpg\u00a0\u00bb _builder_version=\u00a0\u00bb4.11.2&Prime; global_colors_info=\u00a0\u00bb{}\u00a0\u00bb][\/dica_divi_carouselitem][dica_divi_carouselitem title=\u00a0\u00bbFEUILLET\u00c9 D&rsquo;ASPERGES ET AU JAMBON SERRANO\u00a0\u00bb sub_title=\u00a0\u00bbSnack\u00a0\u00bb url=\u00a0\u00bbhttps:\/\/longlifechallenge.eu\/fr\/recettes\/snacks\/feuillete-dasperges-a-la-mozzarella-et-au-jambon-serrano\/\u00a0\u00bb button_url_new_window=\u00a0\u00bb1&Prime; image=\u00a0\u00bbhttps:\/\/longlifechallenge.eu\/wp-content\/uploads\/2021\/10\/snack-esparragos-boton.jpg\u00a0\u00bb _builder_version=\u00a0\u00bb4.11.2&Prime; global_colors_info=\u00a0\u00bb{}\u00a0\u00bb][\/dica_divi_carouselitem][dica_divi_carouselitem title=\u00a0\u00bbCHIPS DE POMMES\u00a0\u00bb sub_title=\u00a0\u00bbSnack\u00a0\u00bb url=\u00a0\u00bbhttps:\/\/longlifechallenge.eu\/fr\/recettes\/snacks\/chips-de-pommes\/\u00a0\u00bb button_url_new_window=\u00a0\u00bb1&Prime; image=\u00a0\u00bbhttps:\/\/longlifechallenge.eu\/wp-content\/uploads\/2021\/10\/snack-manzana-boton.jpg\u00a0\u00bb _builder_version=\u00a0\u00bb4.11.2&Prime; global_colors_info=\u00a0\u00bb{}\u00a0\u00bb][\/dica_divi_carouselitem][dica_divi_carouselitem title=\u00a0\u00bbESQUIMAUX AUX MYRTILLES, AMANDES ET YAOURT VEGAN\u00a0\u00bb sub_title=\u00a0\u00bbSnack\u00a0\u00bb url=\u00a0\u00bbhttps:\/\/longlifechallenge.eu\/fr\/recettes\/snacks\/esquimaux-aux-myrtilles-amandes-et-yaourt-vegan\/\u00a0\u00bb button_url_new_window=\u00a0\u00bb1&Prime; image=\u00a0\u00bbhttps:\/\/longlifechallenge.eu\/wp-content\/uploads\/2021\/10\/snack-arandanos-boton.jpg\u00a0\u00bb _builder_version=\u00a0\u00bb4.11.2&Prime; global_colors_info=\u00a0\u00bb{}\u00a0\u00bb][\/dica_divi_carouselitem][\/dica_divi_carousel][\/et_pb_column][\/et_pb_row][\/et_pb_section]<\/p>\n","protected":false},"excerpt":{"rendered":"<p>Rouleaux de printemps aux Fraises de France4330 minINGR\u00c9DIENTS 150g de fraises pas trop grosses 8 galettes de riz 50g de vermicelles chinois 1 blanc de poulet 4 crevettes cuites 1 citron Herbes : basilic, menthe, ciboulette \u2026 D\u00c9ROUL\u00c9Faites cuire les vermicelles chinois pendant 5 minutes. Faites cuire 10 minutes dans un peu d\u2019eau le blanc [&hellip;]<\/p>\n","protected":false},"author":1,"featured_media":0,"parent":2293,"menu_order":4,"comment_status":"closed","ping_status":"closed","template":"","meta":{"_et_pb_use_builder":"on","_et_pb_old_content":"","_et_gb_content_width":"","footnotes":""},"_links":{"self":[{"href":"https:\/\/longlifechallenge.eu\/fr\/wp-json\/wp\/v2\/pages\/2298"}],"collection":[{"href":"https:\/\/longlifechallenge.eu\/fr\/wp-json\/wp\/v2\/pages"}],"about":[{"href":"https:\/\/longlifechallenge.eu\/fr\/wp-json\/wp\/v2\/types\/page"}],"author":[{"embeddable":true,"href":"https:\/\/longlifechallenge.eu\/fr\/wp-json\/wp\/v2\/users\/1"}],"replies":[{"embeddable":true,"href":"https:\/\/longlifechallenge.eu\/fr\/wp-json\/wp\/v2\/comments?post=2298"}],"version-history":[{"count":3,"href":"https:\/\/longlifechallenge.eu\/fr\/wp-json\/wp\/v2\/pages\/2298\/revisions"}],"predecessor-version":[{"id":2759,"href":"https:\/\/longlifechallenge.eu\/fr\/wp-json\/wp\/v2\/pages\/2298\/revisions\/2759"}],"up":[{"embeddable":true,"href":"https:\/\/longlifechallenge.eu\/fr\/wp-json\/wp\/v2\/pages\/2293"}],"wp:attachment":[{"href":"https:\/\/longlifechallenge.eu\/fr\/wp-json\/wp\/v2\/media?parent=2298"}],"curies":[{"name":"wp","href":"https:\/\/api.w.org\/{rel}","templated":true}]}}