{"id":2262,"date":"2021-10-22T16:14:14","date_gmt":"2021-10-22T16:14:14","guid":{"rendered":"https:\/\/tacticseurope.com\/demos\/5aldia\/recettes\/petit-dejeuner%e2%80%8b\/omelette-aux-asperges-sauvages-basilic-et-parmesan\/"},"modified":"2021-10-24T15:11:13","modified_gmt":"2021-10-24T15:11:13","slug":"omelette-aux-asperges-sauvages-basilic-et-parmesan","status":"publish","type":"page","link":"https:\/\/longlifechallenge.eu\/fr\/recettes\/petit-dejeuner%e2%80%8b\/omelette-aux-asperges-sauvages-basilic-et-parmesan\/","title":{"rendered":"Omelette aux asperges sauvages, basilic et parmesan"},"content":{"rendered":"<p>[et_pb_section fb_built=\u00a0\u00bb1&Prime; specialty=\u00a0\u00bbon\u00a0\u00bb _builder_version=\u00a0\u00bb4.11.2&Prime; _module_preset=\u00a0\u00bbdefault\u00a0\u00bb global_colors_info=\u00a0\u00bb{}\u00a0\u00bb][et_pb_column type=\u00a0\u00bb1_2&Prime; _builder_version=\u00a0\u00bb3.25&Prime; custom_padding=\u00a0\u00bb|||\u00a0\u00bb global_colors_info=\u00a0\u00bb{}\u00a0\u00bb custom_padding__hover=\u00a0\u00bb|||\u00a0\u00bb][et_pb_image src=\u00a0\u00bbhttps:\/\/longlifechallenge.eu\/wp-content\/uploads\/2021\/10\/tortilla-esparragos.jpg\u00a0\u00bb title_text=\u00a0\u00bbtortilla esparragos\u00a0\u00bb _builder_version=\u00a0\u00bb4.11.2&Prime; _module_preset=\u00a0\u00bbdefault\u00a0\u00bb custom_margin=\u00a0\u00bb|-3px||||\u00a0\u00bb global_colors_info=\u00a0\u00bb{}\u00a0\u00bb][\/et_pb_image][et_pb_text _builder_version=\u00a0\u00bb4.11.2&Prime; _module_preset=\u00a0\u00bbdefault\u00a0\u00bb text_text_color=\u00a0\u00bb#000000&Prime; text_font_size=\u00a0\u00bb16px\u00a0\u00bb global_colors_info=\u00a0\u00bb{}\u00a0\u00bb]<\/p>\n<p style=\"text-align: center;\">Sans sucre &#8211; Sans gluten<\/p>\n<p>[\/et_pb_text][\/et_pb_column][et_pb_column type=\u00a0\u00bb1_2&Prime; specialty_columns=\u00a0\u00bb2&Prime; _builder_version=\u00a0\u00bb3.25&Prime; custom_padding=\u00a0\u00bb|||\u00a0\u00bb global_colors_info=\u00a0\u00bb{}\u00a0\u00bb custom_padding__hover=\u00a0\u00bb|||\u00a0\u00bb][et_pb_row_inner _builder_version=\u00a0\u00bb4.11.2&Prime; _module_preset=\u00a0\u00bbdefault\u00a0\u00bb global_colors_info=\u00a0\u00bb{}\u00a0\u00bb][et_pb_column_inner saved_specialty_column_type=\u00a0\u00bb1_2&Prime; _builder_version=\u00a0\u00bb4.11.2&Prime; _module_preset=\u00a0\u00bbdefault\u00a0\u00bb global_colors_info=\u00a0\u00bb{}\u00a0\u00bb][et_pb_text _builder_version=\u00a0\u00bb4.11.2&Prime; _module_preset=\u00a0\u00bbdefault\u00a0\u00bb header_font=\u00a0\u00bb|600|||||||\u00a0\u00bb header_text_align=\u00a0\u00bbcenter\u00a0\u00bb header_text_color=\u00a0\u00bb#a3195c\u00a0\u00bb header_font_size=\u00a0\u00bb40px\u00a0\u00bb global_colors_info=\u00a0\u00bb{}\u00a0\u00bb]<\/p>\n<h1>Omelette aux asperges sauvages, basilic et parmesan<\/h1>\n<p>[\/et_pb_text][\/et_pb_column_inner][\/et_pb_row_inner][et_pb_row_inner column_structure=\u00a0\u00bb1_3,1_3,1_3&Prime; use_custom_gutter=\u00a0\u00bbon\u00a0\u00bb gutter_width=\u00a0\u00bb1&Prime; _builder_version=\u00a0\u00bb4.11.2&Prime; _module_preset=\u00a0\u00bbdefault\u00a0\u00bb custom_margin=\u00a0\u00bb||||false|false\u00a0\u00bb custom_padding=\u00a0\u00bb0px||||false|false\u00a0\u00bb global_colors_info=\u00a0\u00bb{}\u00a0\u00bb][et_pb_column_inner type=\u00a0\u00bb1_3&Prime; saved_specialty_column_type=\u00a0\u00bb1_2&Prime; _builder_version=\u00a0\u00bb4.11.2&Prime; _module_preset=\u00a0\u00bbdefault\u00a0\u00bb global_colors_info=\u00a0\u00bb{}\u00a0\u00bb][et_pb_image src=\u00a0\u00bbhttps:\/\/longlifechallenge.eu\/wp-content\/uploads\/2021\/10\/icon_person_ES.png\u00a0\u00bb title_text=\u00a0\u00bbicon_person_ES\u00a0\u00bb _builder_version=\u00a0\u00bb4.11.2&Prime; _module_preset=\u00a0\u00bbdefault\u00a0\u00bb width=\u00a0\u00bb40%\u00a0\u00bb width_tablet=\u00a0\u00bb\u00a0\u00bb width_phone=\u00a0\u00bb20%\u00a0\u00bb width_last_edited=\u00a0\u00bbon|phone\u00a0\u00bb module_alignment=\u00a0\u00bbcenter\u00a0\u00bb global_colors_info=\u00a0\u00bb{}\u00a0\u00bb][\/et_pb_image][et_pb_text _builder_version=\u00a0\u00bb4.11.2&Prime; _module_preset=\u00a0\u00bbdefault\u00a0\u00bb text_font_size=\u00a0\u00bb18px\u00a0\u00bb custom_margin_tablet=\u00a0\u00bb\u00a0\u00bb custom_margin_phone=\u00a0\u00bb||||false|false\u00a0\u00bb custom_margin_last_edited=\u00a0\u00bbon|phone\u00a0\u00bb global_colors_info=\u00a0\u00bb{}\u00a0\u00bb]<\/p>\n<p style=\"text-align: center;\"><strong>4<\/strong><\/p>\n<p>[\/et_pb_text][\/et_pb_column_inner][et_pb_column_inner type=\u00a0\u00bb1_3&Prime; saved_specialty_column_type=\u00a0\u00bb1_2&Prime; _builder_version=\u00a0\u00bb4.11.2&Prime; _module_preset=\u00a0\u00bbdefault\u00a0\u00bb global_colors_info=\u00a0\u00bb{}\u00a0\u00bb][et_pb_image src=\u00a0\u00bbhttps:\/\/longlifechallenge.eu\/wp-content\/uploads\/2021\/10\/icon_dificulty.png\u00a0\u00bb title_text=\u00a0\u00bbicon_dificulty\u00a0\u00bb _builder_version=\u00a0\u00bb4.11.2&Prime; _module_preset=\u00a0\u00bbdefault\u00a0\u00bb width=\u00a0\u00bb40%\u00a0\u00bb width_tablet=\u00a0\u00bb\u00a0\u00bb width_phone=\u00a0\u00bb20%\u00a0\u00bb width_last_edited=\u00a0\u00bbon|phone\u00a0\u00bb module_alignment=\u00a0\u00bbcenter\u00a0\u00bb custom_margin_tablet=\u00a0\u00bb\u00a0\u00bb custom_margin_phone=\u00a0\u00bb12px||||false|false\u00a0\u00bb custom_margin_last_edited=\u00a0\u00bbon|phone\u00a0\u00bb global_colors_info=\u00a0\u00bb{}\u00a0\u00bb][\/et_pb_image][et_pb_text _builder_version=\u00a0\u00bb4.11.2&Prime; _module_preset=\u00a0\u00bbdefault\u00a0\u00bb text_font_size=\u00a0\u00bb18px\u00a0\u00bb global_colors_info=\u00a0\u00bb{}\u00a0\u00bb]<\/p>\n<p style=\"text-align: center;\"><strong>3<\/strong><\/p>\n<p>[\/et_pb_text][\/et_pb_column_inner][et_pb_column_inner type=\u00a0\u00bb1_3&Prime; saved_specialty_column_type=\u00a0\u00bb1_2&Prime; _builder_version=\u00a0\u00bb4.11.2&Prime; _module_preset=\u00a0\u00bbdefault\u00a0\u00bb global_colors_info=\u00a0\u00bb{}\u00a0\u00bb][et_pb_image src=\u00a0\u00bbhttps:\/\/longlifechallenge.eu\/wp-content\/uploads\/2021\/10\/icon_timer.png\u00a0\u00bb title_text=\u00a0\u00bbicon_timer\u00a0\u00bb _builder_version=\u00a0\u00bb4.11.2&Prime; _module_preset=\u00a0\u00bbdefault\u00a0\u00bb width=\u00a0\u00bb40%\u00a0\u00bb width_tablet=\u00a0\u00bb\u00a0\u00bb width_phone=\u00a0\u00bb20%\u00a0\u00bb width_last_edited=\u00a0\u00bbon|phone\u00a0\u00bb module_alignment=\u00a0\u00bbcenter\u00a0\u00bb custom_margin_tablet=\u00a0\u00bb\u00a0\u00bb custom_margin_phone=\u00a0\u00bb12px||||false|false\u00a0\u00bb custom_margin_last_edited=\u00a0\u00bbon|phone\u00a0\u00bb global_colors_info=\u00a0\u00bb{}\u00a0\u00bb][\/et_pb_image][et_pb_text _builder_version=\u00a0\u00bb4.11.2&Prime; _module_preset=\u00a0\u00bbdefault\u00a0\u00bb text_font_size=\u00a0\u00bb18px\u00a0\u00bb global_colors_info=\u00a0\u00bb{}\u00a0\u00bb]<\/p>\n<p style=\"text-align: center;\"><strong>30 min<\/strong><\/p>\n<p>[\/et_pb_text][\/et_pb_column_inner][\/et_pb_row_inner][et_pb_row_inner _builder_version=\u00a0\u00bb4.11.2&Prime; _module_preset=\u00a0\u00bbdefault\u00a0\u00bb custom_margin=\u00a0\u00bb0px||||false|false\u00a0\u00bb custom_padding=\u00a0\u00bb0px||0px||false|false\u00a0\u00bb global_colors_info=\u00a0\u00bb{}\u00a0\u00bb][et_pb_column_inner saved_specialty_column_type=\u00a0\u00bb1_2&Prime; _builder_version=\u00a0\u00bb4.11.2&Prime; _module_preset=\u00a0\u00bbdefault\u00a0\u00bb global_colors_info=\u00a0\u00bb{}\u00a0\u00bb][et_pb_text _builder_version=\u00a0\u00bb4.11.2&Prime; _module_preset=\u00a0\u00bbdefault\u00a0\u00bb header_2_font=\u00a0\u00bb|700|||||||\u00a0\u00bb header_2_text_align=\u00a0\u00bbcenter\u00a0\u00bb global_colors_info=\u00a0\u00bb{}\u00a0\u00bb]<\/p>\n<h2>INGR\u00c9DIENTS<\/h2>\n<p>[\/et_pb_text][\/et_pb_column_inner][\/et_pb_row_inner][et_pb_row_inner column_structure=\u00a0\u00bb1_2,1_2&Prime; _builder_version=\u00a0\u00bb4.11.2&Prime; _module_preset=\u00a0\u00bbdefault\u00a0\u00bb global_colors_info=\u00a0\u00bb{}\u00a0\u00bb][et_pb_column_inner type=\u00a0\u00bb1_2&Prime; saved_specialty_column_type=\u00a0\u00bb1_2&Prime; _builder_version=\u00a0\u00bb4.11.2&Prime; _module_preset=\u00a0\u00bbdefault\u00a0\u00bb global_colors_info=\u00a0\u00bb{}\u00a0\u00bb][et_pb_text _builder_version=\u00a0\u00bb4.11.2&Prime; _module_preset=\u00a0\u00bbdefault\u00a0\u00bb text_font_size=\u00a0\u00bb16px\u00a0\u00bb custom_margin=\u00a0\u00bb||0px||false|false\u00a0\u00bb custom_margin_tablet=\u00a0\u00bb\u00a0\u00bb custom_margin_phone=\u00a0\u00bb-12px||0px||false|false\u00a0\u00bb custom_margin_last_edited=\u00a0\u00bbon|phone\u00a0\u00bb custom_padding=\u00a0\u00bb||0px||false|false\u00a0\u00bb global_colors_info=\u00a0\u00bb{}\u00a0\u00bb]<\/p>\n<ul>\n<li>8 \u0153ufs de ferme<\/li>\n<li>120 g de parmesan<\/li>\n<li>1 tasse de feuilles de basilic<\/li>\n<\/ul>\n<p>[\/et_pb_text][\/et_pb_column_inner][et_pb_column_inner type=\u00a0\u00bb1_2&Prime; saved_specialty_column_type=\u00a0\u00bb1_2&Prime; _builder_version=\u00a0\u00bb4.11.2&Prime; _module_preset=\u00a0\u00bbdefault\u00a0\u00bb global_colors_info=\u00a0\u00bb{}\u00a0\u00bb][et_pb_text _builder_version=\u00a0\u00bb4.11.2&Prime; _module_preset=\u00a0\u00bbdefault\u00a0\u00bb text_font_size=\u00a0\u00bb16px\u00a0\u00bb custom_margin=\u00a0\u00bb||0px||false|false\u00a0\u00bb custom_margin_tablet=\u00a0\u00bb\u00a0\u00bb custom_margin_phone=\u00a0\u00bb-45px||||false|false\u00a0\u00bb custom_margin_last_edited=\u00a0\u00bbon|phone\u00a0\u00bb custom_padding=\u00a0\u00bb||0px||false|false\u00a0\u00bb custom_padding_tablet=\u00a0\u00bb\u00a0\u00bb custom_padding_phone=\u00a0\u00bb||35px||false|false\u00a0\u00bb custom_padding_last_edited=\u00a0\u00bbon|phone\u00a0\u00bb global_colors_info=\u00a0\u00bb{}\u00a0\u00bb]<\/p>\n<ul>\n<li>6 cuill\u00e8res \u00e0 soupe d\u2019huile d\u2019olive vierge extra<\/li>\n<li>1 cuill\u00e8re \u00e0 caf\u00e9 de sel de mer<\/li>\n<li>1 botte d\u2019asperges vertes<\/li>\n<\/ul>\n<p>[\/et_pb_text][\/et_pb_column_inner][\/et_pb_row_inner][et_pb_row_inner _builder_version=\u00a0\u00bb4.11.2&Prime; _module_preset=\u00a0\u00bbdefault\u00a0\u00bb custom_margin=\u00a0\u00bb-63px||0px||false|false\u00a0\u00bb custom_padding=\u00a0\u00bb0px||0px||false|false\u00a0\u00bb global_colors_info=\u00a0\u00bb{}\u00a0\u00bb][et_pb_column_inner saved_specialty_column_type=\u00a0\u00bb1_2&Prime; _builder_version=\u00a0\u00bb4.11.2&Prime; _module_preset=\u00a0\u00bbdefault\u00a0\u00bb global_colors_info=\u00a0\u00bb{}\u00a0\u00bb][et_pb_text _builder_version=\u00a0\u00bb4.11.2&Prime; _module_preset=\u00a0\u00bbdefault\u00a0\u00bb header_2_font=\u00a0\u00bb|700|||||||\u00a0\u00bb header_2_text_align=\u00a0\u00bbcenter\u00a0\u00bb global_colors_info=\u00a0\u00bb{}\u00a0\u00bb]<\/p>\n<h2>D\u00c9ROUL\u00c9<\/h2>\n<p>[\/et_pb_text][\/et_pb_column_inner][\/et_pb_row_inner][et_pb_row_inner _builder_version=\u00a0\u00bb4.11.2&Prime; _module_preset=\u00a0\u00bbdefault\u00a0\u00bb global_colors_info=\u00a0\u00bb{}\u00a0\u00bb][et_pb_column_inner saved_specialty_column_type=\u00a0\u00bb1_2&Prime; _builder_version=\u00a0\u00bb4.11.2&Prime; _module_preset=\u00a0\u00bbdefault\u00a0\u00bb global_colors_info=\u00a0\u00bb{}\u00a0\u00bb][et_pb_text _builder_version=\u00a0\u00bb4.11.2&Prime; _module_preset=\u00a0\u00bbdefault\u00a0\u00bb text_font_size=\u00a0\u00bb16px\u00a0\u00bb custom_margin_tablet=\u00a0\u00bb\u00a0\u00bb custom_margin_phone=\u00a0\u00bb-12px||||false|false\u00a0\u00bb custom_margin_last_edited=\u00a0\u00bbon|phone\u00a0\u00bb global_colors_info=\u00a0\u00bb{}\u00a0\u00bb]<\/p>\n<p>Couper les extr\u00e9mit\u00e9s des tiges d&rsquo;asperges, en gardant la partie la plus tendre.<\/p>\n<p>Faire chauffer une casserole avec un peu d&rsquo;eau jusqu&rsquo;\u00e0 \u00e9bullition. Placer une passoire dans la partie sup\u00e9rieure avec les asperges sans les laisser toucher l&rsquo;eau et couvrir la casserole. Faire cuire les asperges \u00e0 la vapeur pendant 10 minutes, les retirer et les r\u00e9server sur une assiette, puis les saler.<\/p>\n<p>R\u00e9aliser les omelettes une par une. Battre deux \u0153ufs et ajouter une poign\u00e9e de parmesan r\u00e2p\u00e9, m\u00e9langer. Chauffer une po\u00eale et ajouter une demi-cuill\u00e8re \u00e0 soupe d&rsquo;huile, \u00e9taler et ajouter le m\u00e9lange. Faire cuire le m\u00e9lange jusqu&rsquo;\u00e0 ce qu&rsquo;il commence \u00e0 former des bulles en surface et le retourner \u00e0 l&rsquo;aide d&rsquo;une spatule ou d&rsquo;une assiette, comme une omelette. R\u00e9p\u00e9ter l&rsquo;op\u00e9ration jusqu&rsquo;\u00e0 faire cuire les quatre omelettes.<\/p>\n<p>Dans un mortier, ajouter les feuilles de basilic, trois cuill\u00e8res \u00e0 soupe d&rsquo;huile d&rsquo;olive et une cuill\u00e8re \u00e0 caf\u00e9 de sel. \u00c9craser jusqu&rsquo;\u00e0 obtenir une pur\u00e9e grossi\u00e8re. Pour remplacer le mortier, le basilic peut \u00e9galement \u00eatre cisel\u00e9 avec un couteau.<\/p>\n<p>\u00c9taler les omelettes sur une assiette, ajouter un peu de pur\u00e9e de basilic et r\u00e9partir. Ajouter quelques asperges vertes et plier les omelettes. Terminer avec quelques asperges par-dessus et saupoudrer de parmesan r\u00e2p\u00e9.<\/p>\n<p>[\/et_pb_text][\/et_pb_column_inner][\/et_pb_row_inner][\/et_pb_column][\/et_pb_section][et_pb_section fb_built=\u00a0\u00bb1&Prime; _builder_version=\u00a0\u00bb3.27.4&Prime; custom_padding=\u00a0\u00bb68px||68px||true|\u00a0\u00bb global_colors_info=\u00a0\u00bb{}\u00a0\u00bb global_module=\u00a0\u00bb2336&Prime;][et_pb_row _builder_version=\u00a0\u00bb3.27.4&Prime; width=\u00a0\u00bb100%\u00a0\u00bb max_width=\u00a0\u00bb100%\u00a0\u00bb global_colors_info=\u00a0\u00bb{}\u00a0\u00bb][et_pb_column type=\u00a0\u00bb4_4&Prime; _builder_version=\u00a0\u00bb3.27.4&Prime; global_colors_info=\u00a0\u00bb{}\u00a0\u00bb][dica_divi_carousel show_items_desktop=\u00a0\u00bb6.25&Prime; centermode=\u00a0\u00bbon\u00a0\u00bb loop=\u00a0\u00bbon\u00a0\u00bb autoplay=\u00a0\u00bbon\u00a0\u00bb arrow_nav=\u00a0\u00bbon\u00a0\u00bb item_spacing=\u00a0\u00bb20px\u00a0\u00bb item_spacing_last_edited=\u00a0\u00bboff|desktop\u00a0\u00bb advanced_effect=\u00a0\u00bb1&Prime; arrow_nav_color=\u00a0\u00bb#ffffff\u00a0\u00bb arrow_bg_color=\u00a0\u00bb#242424&Prime; title_background=\u00a0\u00bbRGBA(0,0,0,0)\u00a0\u00bb content_container_margin=\u00a0\u00bb-100px||||false|false\u00a0\u00bb content_container_padding=\u00a0\u00bb|25px|46px|25px|false|false\u00a0\u00bb _builder_version=\u00a0\u00bb4.11.2&Prime; title_font=\u00a0\u00bb|700|||||||\u00a0\u00bb title_text_align=\u00a0\u00bbleft\u00a0\u00bb title_text_color=\u00a0\u00bb#FFFFFF\u00a0\u00bb title_font_size=\u00a0\u00bb15px\u00a0\u00bb subtitle_font=\u00a0\u00bb|700|||||||\u00a0\u00bb subtitle_text_color=\u00a0\u00bb#ffffff\u00a0\u00bb subtitle_font_size=\u00a0\u00bb12px\u00a0\u00bb border_radii_image=\u00a0\u00bbon|8px|8px|8px|8px\u00a0\u00bb global_colors_info=\u00a0\u00bb{}\u00a0\u00bb][dica_divi_carouselitem title=\u00a0\u00bbCR\u00caPES CITRONN\u00c9ES \u00c0 L&rsquo;ORANGE \u00c0 LA CR\u00c8ME DE CACAO\u00a0\u00bb sub_title=\u00a0\u00bbPetit-D\u00e9jeuner \u00a0\u00bb url=\u00a0\u00bbhttps:\/\/longlifechallenge.eu\/fr\/recettes\/petit-dejeuner%e2%80%8b\/crepes-citronnees-a-lorange-aux-baies-et-a-la-creme-de-cacao\/\u00a0\u00bb button_url_new_window=\u00a0\u00bb1&Prime; image=\u00a0\u00bbhttps:\/\/longlifechallenge.eu\/wp-content\/uploads\/2021\/10\/naranja-boton.jpg\u00a0\u00bb _builder_version=\u00a0\u00bb4.11.2&Prime; global_colors_info=\u00a0\u00bb{}\u00a0\u00bb][\/dica_divi_carouselitem][dica_divi_carouselitem title=\u00a0\u00bbPANCAKES AU CACAO \u00c0 LA NOIX DE COCO ET DES MANDARINES\u00a0\u00bb sub_title=\u00a0\u00bbPetit-D\u00e9jeuner \u00a0\u00bb url=\u00a0\u00bbhttps:\/\/longlifechallenge.eu\/fr\/recettes\/petit-dejeuner%e2%80%8b\/pancakes-au-cacao-a-la-banane-et-a-la-noix-de-coco-avec-du-yaourt-kefir-et-des-mandarines\/\u00a0\u00bb button_url_new_window=\u00a0\u00bb1&Prime; image=\u00a0\u00bbhttps:\/\/longlifechallenge.eu\/wp-content\/uploads\/2021\/10\/Pancake-Mandarinas-boton.jpg\u00a0\u00bb _builder_version=\u00a0\u00bb4.11.2&Prime; global_colors_info=\u00a0\u00bb{}\u00a0\u00bb][\/dica_divi_carouselitem][dica_divi_carouselitem title=\u00a0\u00bbVERRINES DE MUESLI, YAOURT NATURE ET FRAISES\u00a0\u00bb sub_title=\u00a0\u00bbPetit-D\u00e9jeuner \u00a0\u00bb url=\u00a0\u00bbhttps:\/\/longlifechallenge.eu\/fr\/recettes\/petit-dejeuner%e2%80%8b\/verrines-de-muesli-yaourt-nature-et-fraises\/\u00a0\u00bb button_url_new_window=\u00a0\u00bb1&Prime; image=\u00a0\u00bbhttps:\/\/longlifechallenge.eu\/wp-content\/uploads\/2021\/10\/vasito-muesli-fresas-boton.jpg\u00a0\u00bb _builder_version=\u00a0\u00bb4.11.2&Prime; global_colors_info=\u00a0\u00bb{}\u00a0\u00bb][\/dica_divi_carouselitem][dica_divi_carouselitem title=\u00a0\u00bbGALETTES DE RIZ, FRAISES ET GRAINES DE S\u00c9SAME\u00a0\u00bb sub_title=\u00a0\u00bbPetit-D\u00e9jeuner \u00a0\u00bb url=\u00a0\u00bbhttps:\/\/longlifechallenge.eu\/fr\/recettes\/petit-dejeuner%e2%80%8b\/galettes-de-riz-fromage-cotagge-et-miel-fraises-et-graines-de-sesame\/\u00a0\u00bb button_url_new_window=\u00a0\u00bb1&Prime; image=\u00a0\u00bbhttps:\/\/longlifechallenge.eu\/wp-content\/uploads\/2021\/10\/tortitas-arroz-fresas-boton.jpg\u00a0\u00bb _builder_version=\u00a0\u00bb4.11.2&Prime; global_colors_info=\u00a0\u00bb{}\u00a0\u00bb][\/dica_divi_carouselitem][dica_divi_carouselitem title=\u00a0\u00bbQUICHE AU BROCOLI ET SAUMON\u00a0\u00bb sub_title=\u00a0\u00bbPetit-D\u00e9jeuner \u00a0\u00bb url=\u00a0\u00bbhttps:\/\/longlifechallenge.eu\/fr\/recettes\/petit-dejeuner%e2%80%8b\/quiche-au-brocoli-et-saumon\/\u00a0\u00bb button_url_new_window=\u00a0\u00bb1&Prime; image=\u00a0\u00bbhttps:\/\/longlifechallenge.eu\/wp-content\/uploads\/2021\/10\/quiche-brocoli-boton.jpg\u00a0\u00bb _builder_version=\u00a0\u00bb4.11.2&Prime; global_colors_info=\u00a0\u00bb{}\u00a0\u00bb][\/dica_divi_carouselitem][dica_divi_carouselitem title=\u00a0\u00bbOMELETTE AUX ASPERGES SAUVAGES, BASILIC ET PARMESAN\u00a0\u00bb sub_title=\u00a0\u00bbPetit-D\u00e9jeuner \u00a0\u00bb url=\u00a0\u00bbhttps:\/\/longlifechallenge.eu\/fr\/recettes\/petit-dejeuner%e2%80%8b\/omelette-aux-asperges-sauvages-basilic-et-parmesan\/\u00a0\u00bb button_url_new_window=\u00a0\u00bb1&Prime; image=\u00a0\u00bbhttps:\/\/longlifechallenge.eu\/wp-content\/uploads\/2021\/10\/tortilla-esparragos-boton.jpg\u00a0\u00bb _builder_version=\u00a0\u00bb4.11.2&Prime; global_colors_info=\u00a0\u00bb{}\u00a0\u00bb][\/dica_divi_carouselitem][dica_divi_carouselitem title=\u00a0\u00bbPUDDING VEGAN AUX GRAINES DE CHIA ET AUX POMMES\u00a0\u00bb sub_title=\u00a0\u00bbPetit-D\u00e9jeuner \u00a0\u00bb url=\u00a0\u00bbhttps:\/\/longlifechallenge.eu\/fr\/recettes\/petit-dejeuner%e2%80%8b\/pudding-vegan-aux-graines-de-chia-aux-pommes-et-a-la-cannelle\/\u00a0\u00bb button_url_new_window=\u00a0\u00bb1&Prime; image=\u00a0\u00bbhttps:\/\/longlifechallenge.eu\/wp-content\/uploads\/2021\/10\/pudin-manzana-boton.jpg\u00a0\u00bb _builder_version=\u00a0\u00bb4.11.2&Prime; global_colors_info=\u00a0\u00bb{}\u00a0\u00bb][\/dica_divi_carouselitem][dica_divi_carouselitem title=\u00a0\u00bbGRANOLA SANS GLUTEN, YAOURT NATURE ET MYRTILLES\u00a0\u00bb sub_title=\u00a0\u00bbPetit-D\u00e9jeuner \u00a0\u00bb url=\u00a0\u00bbhttps:\/\/longlifechallenge.eu\/fr\/recettes\/petit-dejeuner%e2%80%8b\/petit-dejeuner-de-granola-sans-gluten-yaourt-nature-et-myrtilles\/\u00a0\u00bb button_url_new_window=\u00a0\u00bb1&Prime; image=\u00a0\u00bbhttps:\/\/longlifechallenge.eu\/wp-content\/uploads\/2021\/10\/arandanos-boton.jpg\u00a0\u00bb _builder_version=\u00a0\u00bb4.11.2&Prime; global_colors_info=\u00a0\u00bb{}\u00a0\u00bb][\/dica_divi_carouselitem][\/dica_divi_carousel][\/et_pb_column][\/et_pb_row][\/et_pb_section]<\/p>\n","protected":false},"excerpt":{"rendered":"<p>Sans sucre &#8211; Sans glutenOmelette aux asperges sauvages, basilic et parmesan4330 minINGR\u00c9DIENTS 8 \u0153ufs de ferme 120 g de parmesan 1 tasse de feuilles de basilic 6 cuill\u00e8res \u00e0 soupe d\u2019huile d\u2019olive vierge extra 1 cuill\u00e8re \u00e0 caf\u00e9 de sel de mer 1 botte d\u2019asperges vertes D\u00c9ROUL\u00c9Couper les extr\u00e9mit\u00e9s des tiges d&rsquo;asperges, en gardant la [&hellip;]<\/p>\n","protected":false},"author":1,"featured_media":0,"parent":2256,"menu_order":6,"comment_status":"closed","ping_status":"closed","template":"","meta":{"_et_pb_use_builder":"on","_et_pb_old_content":"","_et_gb_content_width":"","footnotes":""},"_links":{"self":[{"href":"https:\/\/longlifechallenge.eu\/fr\/wp-json\/wp\/v2\/pages\/2262"}],"collection":[{"href":"https:\/\/longlifechallenge.eu\/fr\/wp-json\/wp\/v2\/pages"}],"about":[{"href":"https:\/\/longlifechallenge.eu\/fr\/wp-json\/wp\/v2\/types\/page"}],"author":[{"embeddable":true,"href":"https:\/\/longlifechallenge.eu\/fr\/wp-json\/wp\/v2\/users\/1"}],"replies":[{"embeddable":true,"href":"https:\/\/longlifechallenge.eu\/fr\/wp-json\/wp\/v2\/comments?post=2262"}],"version-history":[{"count":3,"href":"https:\/\/longlifechallenge.eu\/fr\/wp-json\/wp\/v2\/pages\/2262\/revisions"}],"predecessor-version":[{"id":2706,"href":"https:\/\/longlifechallenge.eu\/fr\/wp-json\/wp\/v2\/pages\/2262\/revisions\/2706"}],"up":[{"embeddable":true,"href":"https:\/\/longlifechallenge.eu\/fr\/wp-json\/wp\/v2\/pages\/2256"}],"wp:attachment":[{"href":"https:\/\/longlifechallenge.eu\/fr\/wp-json\/wp\/v2\/media?parent=2262"}],"curies":[{"name":"wp","href":"https:\/\/api.w.org\/{rel}","templated":true}]}}