{"id":2258,"date":"2021-10-22T16:12:27","date_gmt":"2021-10-22T16:12:27","guid":{"rendered":"https:\/\/tacticseurope.com\/demos\/5aldia\/recettes\/petit-dejeuner%e2%80%8b\/petit-dejeuner-de-granola-sans-gluten-yaourt-nature-et-myrtilles\/"},"modified":"2021-10-24T15:13:14","modified_gmt":"2021-10-24T15:13:14","slug":"petit-dejeuner-de-granola-sans-gluten-yaourt-nature-et-myrtilles","status":"publish","type":"page","link":"https:\/\/longlifechallenge.eu\/fr\/recettes\/petit-dejeuner%e2%80%8b\/petit-dejeuner-de-granola-sans-gluten-yaourt-nature-et-myrtilles\/","title":{"rendered":"Petit-d\u00e9jeuner de granola sans gluten, yaourt nature et myrtilles"},"content":{"rendered":"<p>[et_pb_section fb_built=\u00a0\u00bb1&Prime; specialty=\u00a0\u00bbon\u00a0\u00bb _builder_version=\u00a0\u00bb4.11.2&Prime; _module_preset=\u00a0\u00bbdefault\u00a0\u00bb global_colors_info=\u00a0\u00bb{}\u00a0\u00bb][et_pb_column type=\u00a0\u00bb1_2&Prime; _builder_version=\u00a0\u00bb3.25&Prime; custom_padding=\u00a0\u00bb|||\u00a0\u00bb global_colors_info=\u00a0\u00bb{}\u00a0\u00bb custom_padding__hover=\u00a0\u00bb|||\u00a0\u00bb][et_pb_image src=\u00a0\u00bbhttps:\/\/longlifechallenge.eu\/wp-content\/uploads\/2021\/10\/granola-arandanos.jpg\u00a0\u00bb title_text=\u00a0\u00bbgranola arandanos\u00a0\u00bb _builder_version=\u00a0\u00bb4.11.2&Prime; _module_preset=\u00a0\u00bbdefault\u00a0\u00bb custom_margin=\u00a0\u00bb|-3px||||\u00a0\u00bb global_colors_info=\u00a0\u00bb{}\u00a0\u00bb][\/et_pb_image][et_pb_text _builder_version=\u00a0\u00bb4.11.2&Prime; _module_preset=\u00a0\u00bbdefault\u00a0\u00bb text_text_color=\u00a0\u00bb#000000&Prime; text_font_size=\u00a0\u00bb16px\u00a0\u00bb global_colors_info=\u00a0\u00bb{}\u00a0\u00bb]<\/p>\n<p style=\"text-align: center;\">Sans sucre &#8211; Sans gluten &#8211; V\u00e9g\u00e9tarien<\/p>\n<p>[\/et_pb_text][\/et_pb_column][et_pb_column type=\u00a0\u00bb1_2&Prime; specialty_columns=\u00a0\u00bb2&Prime; _builder_version=\u00a0\u00bb3.25&Prime; custom_padding=\u00a0\u00bb|||\u00a0\u00bb global_colors_info=\u00a0\u00bb{}\u00a0\u00bb custom_padding__hover=\u00a0\u00bb|||\u00a0\u00bb][et_pb_row_inner _builder_version=\u00a0\u00bb4.11.2&Prime; _module_preset=\u00a0\u00bbdefault\u00a0\u00bb global_colors_info=\u00a0\u00bb{}\u00a0\u00bb][et_pb_column_inner saved_specialty_column_type=\u00a0\u00bb1_2&Prime; _builder_version=\u00a0\u00bb4.11.2&Prime; _module_preset=\u00a0\u00bbdefault\u00a0\u00bb global_colors_info=\u00a0\u00bb{}\u00a0\u00bb][et_pb_text _builder_version=\u00a0\u00bb4.11.2&Prime; _module_preset=\u00a0\u00bbdefault\u00a0\u00bb header_font=\u00a0\u00bb|600|||||||\u00a0\u00bb header_text_align=\u00a0\u00bbcenter\u00a0\u00bb header_text_color=\u00a0\u00bb#a3195c\u00a0\u00bb header_font_size=\u00a0\u00bb40px\u00a0\u00bb global_colors_info=\u00a0\u00bb{}\u00a0\u00bb]<\/p>\n<h1>Petit-d\u00e9jeuner de granola sans gluten, yaourt nature et myrtilles<\/h1>\n<p>[\/et_pb_text][\/et_pb_column_inner][\/et_pb_row_inner][et_pb_row_inner column_structure=\u00a0\u00bb1_3,1_3,1_3&Prime; use_custom_gutter=\u00a0\u00bbon\u00a0\u00bb gutter_width=\u00a0\u00bb1&Prime; _builder_version=\u00a0\u00bb4.11.2&Prime; _module_preset=\u00a0\u00bbdefault\u00a0\u00bb custom_margin=\u00a0\u00bb||||false|false\u00a0\u00bb custom_padding=\u00a0\u00bb0px||||false|false\u00a0\u00bb global_colors_info=\u00a0\u00bb{}\u00a0\u00bb][et_pb_column_inner type=\u00a0\u00bb1_3&Prime; saved_specialty_column_type=\u00a0\u00bb1_2&Prime; _builder_version=\u00a0\u00bb4.11.2&Prime; _module_preset=\u00a0\u00bbdefault\u00a0\u00bb global_colors_info=\u00a0\u00bb{}\u00a0\u00bb][et_pb_image src=\u00a0\u00bbhttps:\/\/longlifechallenge.eu\/wp-content\/uploads\/2021\/10\/icon_person_ES.png\u00a0\u00bb title_text=\u00a0\u00bbicon_person_ES\u00a0\u00bb _builder_version=\u00a0\u00bb4.11.2&Prime; _module_preset=\u00a0\u00bbdefault\u00a0\u00bb width=\u00a0\u00bb40%\u00a0\u00bb width_tablet=\u00a0\u00bb\u00a0\u00bb width_phone=\u00a0\u00bb20%\u00a0\u00bb width_last_edited=\u00a0\u00bbon|phone\u00a0\u00bb module_alignment=\u00a0\u00bbcenter\u00a0\u00bb global_colors_info=\u00a0\u00bb{}\u00a0\u00bb][\/et_pb_image][et_pb_text _builder_version=\u00a0\u00bb4.11.2&Prime; _module_preset=\u00a0\u00bbdefault\u00a0\u00bb text_font_size=\u00a0\u00bb18px\u00a0\u00bb global_colors_info=\u00a0\u00bb{}\u00a0\u00bb]<\/p>\n<p style=\"text-align: center;\"><strong>4<\/strong><\/p>\n<p>[\/et_pb_text][\/et_pb_column_inner][et_pb_column_inner type=\u00a0\u00bb1_3&Prime; saved_specialty_column_type=\u00a0\u00bb1_2&Prime; _builder_version=\u00a0\u00bb4.11.2&Prime; _module_preset=\u00a0\u00bbdefault\u00a0\u00bb global_colors_info=\u00a0\u00bb{}\u00a0\u00bb][et_pb_image src=\u00a0\u00bbhttps:\/\/longlifechallenge.eu\/wp-content\/uploads\/2021\/10\/icon_dificulty.png\u00a0\u00bb title_text=\u00a0\u00bbicon_dificulty\u00a0\u00bb _builder_version=\u00a0\u00bb4.11.2&Prime; _module_preset=\u00a0\u00bbdefault\u00a0\u00bb width=\u00a0\u00bb40%\u00a0\u00bb width_tablet=\u00a0\u00bb\u00a0\u00bb width_phone=\u00a0\u00bb20%\u00a0\u00bb width_last_edited=\u00a0\u00bbon|phone\u00a0\u00bb module_alignment=\u00a0\u00bbcenter\u00a0\u00bb custom_margin_tablet=\u00a0\u00bb\u00a0\u00bb custom_margin_phone=\u00a0\u00bb12px||||false|false\u00a0\u00bb custom_margin_last_edited=\u00a0\u00bbon|phone\u00a0\u00bb global_colors_info=\u00a0\u00bb{}\u00a0\u00bb][\/et_pb_image][et_pb_text _builder_version=\u00a0\u00bb4.11.2&Prime; _module_preset=\u00a0\u00bbdefault\u00a0\u00bb text_font_size=\u00a0\u00bb18px\u00a0\u00bb global_colors_info=\u00a0\u00bb{}\u00a0\u00bb]<\/p>\n<p style=\"text-align: center;\"><strong>1<\/strong><\/p>\n<p>[\/et_pb_text][\/et_pb_column_inner][et_pb_column_inner type=\u00a0\u00bb1_3&Prime; saved_specialty_column_type=\u00a0\u00bb1_2&Prime; _builder_version=\u00a0\u00bb4.11.2&Prime; _module_preset=\u00a0\u00bbdefault\u00a0\u00bb global_colors_info=\u00a0\u00bb{}\u00a0\u00bb][et_pb_image src=\u00a0\u00bbhttps:\/\/longlifechallenge.eu\/wp-content\/uploads\/2021\/10\/icon_timer.png\u00a0\u00bb title_text=\u00a0\u00bbicon_timer\u00a0\u00bb _builder_version=\u00a0\u00bb4.11.2&Prime; _module_preset=\u00a0\u00bbdefault\u00a0\u00bb width=\u00a0\u00bb40%\u00a0\u00bb width_tablet=\u00a0\u00bb\u00a0\u00bb width_phone=\u00a0\u00bb20%\u00a0\u00bb width_last_edited=\u00a0\u00bbon|phone\u00a0\u00bb module_alignment=\u00a0\u00bbcenter\u00a0\u00bb custom_margin_tablet=\u00a0\u00bb\u00a0\u00bb custom_margin_phone=\u00a0\u00bb12px||||false|false\u00a0\u00bb custom_margin_last_edited=\u00a0\u00bbon|phone\u00a0\u00bb global_colors_info=\u00a0\u00bb{}\u00a0\u00bb][\/et_pb_image][et_pb_text _builder_version=\u00a0\u00bb4.11.2&Prime; _module_preset=\u00a0\u00bbdefault\u00a0\u00bb text_font_size=\u00a0\u00bb18px\u00a0\u00bb global_colors_info=\u00a0\u00bb{}\u00a0\u00bb]<\/p>\n<p style=\"text-align: center;\"><strong>5 min<\/strong><\/p>\n<p>[\/et_pb_text][\/et_pb_column_inner][\/et_pb_row_inner][et_pb_row_inner _builder_version=\u00a0\u00bb4.11.2&Prime; _module_preset=\u00a0\u00bbdefault\u00a0\u00bb custom_margin=\u00a0\u00bb0px||||false|false\u00a0\u00bb custom_padding=\u00a0\u00bb0px||0px||false|false\u00a0\u00bb global_colors_info=\u00a0\u00bb{}\u00a0\u00bb][et_pb_column_inner saved_specialty_column_type=\u00a0\u00bb1_2&Prime; _builder_version=\u00a0\u00bb4.11.2&Prime; _module_preset=\u00a0\u00bbdefault\u00a0\u00bb global_colors_info=\u00a0\u00bb{}\u00a0\u00bb][et_pb_text _builder_version=\u00a0\u00bb4.11.2&Prime; _module_preset=\u00a0\u00bbdefault\u00a0\u00bb header_2_font=\u00a0\u00bb|700|||||||\u00a0\u00bb header_2_text_align=\u00a0\u00bbcenter\u00a0\u00bb global_colors_info=\u00a0\u00bb{}\u00a0\u00bb]<\/p>\n<h2>INGR\u00c9DIENTS<\/h2>\n<p>[\/et_pb_text][\/et_pb_column_inner][\/et_pb_row_inner][et_pb_row_inner column_structure=\u00a0\u00bb1_2,1_2&Prime; _builder_version=\u00a0\u00bb4.11.2&Prime; _module_preset=\u00a0\u00bbdefault\u00a0\u00bb global_colors_info=\u00a0\u00bb{}\u00a0\u00bb][et_pb_column_inner type=\u00a0\u00bb1_2&Prime; saved_specialty_column_type=\u00a0\u00bb1_2&Prime; _builder_version=\u00a0\u00bb4.11.2&Prime; _module_preset=\u00a0\u00bbdefault\u00a0\u00bb global_colors_info=\u00a0\u00bb{}\u00a0\u00bb][et_pb_text _builder_version=\u00a0\u00bb4.11.2&Prime; _module_preset=\u00a0\u00bbdefault\u00a0\u00bb text_font_size=\u00a0\u00bb16px\u00a0\u00bb custom_margin=\u00a0\u00bb||0px||false|false\u00a0\u00bb custom_margin_tablet=\u00a0\u00bb\u00a0\u00bb custom_margin_phone=\u00a0\u00bb-16px||0px||false|false\u00a0\u00bb custom_margin_last_edited=\u00a0\u00bbon|phone\u00a0\u00bb custom_padding=\u00a0\u00bb||0px||false|false\u00a0\u00bb global_colors_info=\u00a0\u00bb{}\u00a0\u00bb]<\/p>\n<ul>\n<li>4 yaourts nature sans sucre<\/li>\n<li>2 cuill\u00e8res de miel d\u2019abeilles<\/li>\n<\/ul>\n<p>[\/et_pb_text][\/et_pb_column_inner][et_pb_column_inner type=\u00a0\u00bb1_2&Prime; saved_specialty_column_type=\u00a0\u00bb1_2&Prime; _builder_version=\u00a0\u00bb4.11.2&Prime; _module_preset=\u00a0\u00bbdefault\u00a0\u00bb global_colors_info=\u00a0\u00bb{}\u00a0\u00bb][et_pb_text _builder_version=\u00a0\u00bb4.11.2&Prime; _module_preset=\u00a0\u00bbdefault\u00a0\u00bb text_font_size=\u00a0\u00bb16px\u00a0\u00bb custom_margin=\u00a0\u00bb||0px||false|false\u00a0\u00bb custom_margin_tablet=\u00a0\u00bb\u00a0\u00bb custom_margin_phone=\u00a0\u00bb-45px||||false|false\u00a0\u00bb custom_margin_last_edited=\u00a0\u00bbon|phone\u00a0\u00bb custom_padding=\u00a0\u00bb||35px||false|false\u00a0\u00bb global_colors_info=\u00a0\u00bb{}\u00a0\u00bb]<\/p>\n<ul>\n<li>1 tasse de granola au sarrasin et \u00e0 l\u2019avoine<\/li>\n<li>125 g de myrtilles<\/li>\n<\/ul>\n<p>[\/et_pb_text][\/et_pb_column_inner][\/et_pb_row_inner][et_pb_row_inner _builder_version=\u00a0\u00bb4.11.2&Prime; _module_preset=\u00a0\u00bbdefault\u00a0\u00bb custom_margin=\u00a0\u00bb-63px||0px||false|false\u00a0\u00bb custom_padding=\u00a0\u00bb0px||0px||false|false\u00a0\u00bb global_colors_info=\u00a0\u00bb{}\u00a0\u00bb][et_pb_column_inner saved_specialty_column_type=\u00a0\u00bb1_2&Prime; _builder_version=\u00a0\u00bb4.11.2&Prime; _module_preset=\u00a0\u00bbdefault\u00a0\u00bb global_colors_info=\u00a0\u00bb{}\u00a0\u00bb][et_pb_text _builder_version=\u00a0\u00bb4.11.2&Prime; _module_preset=\u00a0\u00bbdefault\u00a0\u00bb header_2_font=\u00a0\u00bb|700|||||||\u00a0\u00bb header_2_text_align=\u00a0\u00bbcenter\u00a0\u00bb global_colors_info=\u00a0\u00bb{}\u00a0\u00bb]<\/p>\n<h2>D\u00c9ROUL\u00c9<\/h2>\n<p>[\/et_pb_text][\/et_pb_column_inner][\/et_pb_row_inner][et_pb_row_inner _builder_version=\u00a0\u00bb4.11.2&Prime; _module_preset=\u00a0\u00bbdefault\u00a0\u00bb global_colors_info=\u00a0\u00bb{}\u00a0\u00bb][et_pb_column_inner saved_specialty_column_type=\u00a0\u00bb1_2&Prime; _builder_version=\u00a0\u00bb4.11.2&Prime; _module_preset=\u00a0\u00bbdefault\u00a0\u00bb global_colors_info=\u00a0\u00bb{}\u00a0\u00bb][et_pb_text _builder_version=\u00a0\u00bb4.11.2&Prime; _module_preset=\u00a0\u00bbdefault\u00a0\u00bb text_font_size=\u00a0\u00bb16px\u00a0\u00bb custom_margin_tablet=\u00a0\u00bb\u00a0\u00bb custom_margin_phone=\u00a0\u00bb-12px||||false|false\u00a0\u00bb custom_margin_last_edited=\u00a0\u00bbon|phone\u00a0\u00bb global_colors_info=\u00a0\u00bb{}\u00a0\u00bb]<\/p>\n<p>M\u00e9langer le yaourt et le sirop d&rsquo;\u00e9rable ou d&rsquo;agave dans un bol avec un fouet.<\/p>\n<p>Distribuer le yaourt au miel dans des bols ou des coupes.<\/p>\n<p>D\u00e9poser deux cuill\u00e8res de granola sur la moiti\u00e9 du yaourt.<\/p>\n<p>R\u00e9partir les myrtilles fra\u00eeches sur le granola et servir.<\/p>\n<p>[\/et_pb_text][\/et_pb_column_inner][\/et_pb_row_inner][\/et_pb_column][\/et_pb_section][et_pb_section fb_built=\u00a0\u00bb1&Prime; _builder_version=\u00a0\u00bb3.27.4&Prime; custom_padding=\u00a0\u00bb68px||68px||true|\u00a0\u00bb global_colors_info=\u00a0\u00bb{}\u00a0\u00bb global_module=\u00a0\u00bb2336&Prime;][et_pb_row _builder_version=\u00a0\u00bb3.27.4&Prime; width=\u00a0\u00bb100%\u00a0\u00bb max_width=\u00a0\u00bb100%\u00a0\u00bb global_colors_info=\u00a0\u00bb{}\u00a0\u00bb][et_pb_column type=\u00a0\u00bb4_4&Prime; _builder_version=\u00a0\u00bb3.27.4&Prime; global_colors_info=\u00a0\u00bb{}\u00a0\u00bb][dica_divi_carousel show_items_desktop=\u00a0\u00bb6.25&Prime; centermode=\u00a0\u00bbon\u00a0\u00bb loop=\u00a0\u00bbon\u00a0\u00bb autoplay=\u00a0\u00bbon\u00a0\u00bb arrow_nav=\u00a0\u00bbon\u00a0\u00bb item_spacing=\u00a0\u00bb20px\u00a0\u00bb item_spacing_last_edited=\u00a0\u00bboff|desktop\u00a0\u00bb advanced_effect=\u00a0\u00bb1&Prime; arrow_nav_color=\u00a0\u00bb#ffffff\u00a0\u00bb arrow_bg_color=\u00a0\u00bb#242424&Prime; title_background=\u00a0\u00bbRGBA(0,0,0,0)\u00a0\u00bb content_container_margin=\u00a0\u00bb-100px||||false|false\u00a0\u00bb content_container_padding=\u00a0\u00bb|25px|46px|25px|false|false\u00a0\u00bb _builder_version=\u00a0\u00bb4.11.2&Prime; title_font=\u00a0\u00bb|700|||||||\u00a0\u00bb title_text_align=\u00a0\u00bbleft\u00a0\u00bb title_text_color=\u00a0\u00bb#FFFFFF\u00a0\u00bb title_font_size=\u00a0\u00bb15px\u00a0\u00bb subtitle_font=\u00a0\u00bb|700|||||||\u00a0\u00bb subtitle_text_color=\u00a0\u00bb#ffffff\u00a0\u00bb subtitle_font_size=\u00a0\u00bb12px\u00a0\u00bb border_radii_image=\u00a0\u00bbon|8px|8px|8px|8px\u00a0\u00bb global_colors_info=\u00a0\u00bb{}\u00a0\u00bb][dica_divi_carouselitem title=\u00a0\u00bbCR\u00caPES CITRONN\u00c9ES \u00c0 L&rsquo;ORANGE \u00c0 LA CR\u00c8ME DE CACAO\u00a0\u00bb sub_title=\u00a0\u00bbPetit-D\u00e9jeuner \u00a0\u00bb url=\u00a0\u00bbhttps:\/\/longlifechallenge.eu\/fr\/recettes\/petit-dejeuner%e2%80%8b\/crepes-citronnees-a-lorange-aux-baies-et-a-la-creme-de-cacao\/\u00a0\u00bb button_url_new_window=\u00a0\u00bb1&Prime; image=\u00a0\u00bbhttps:\/\/longlifechallenge.eu\/wp-content\/uploads\/2021\/10\/naranja-boton.jpg\u00a0\u00bb _builder_version=\u00a0\u00bb4.11.2&Prime; global_colors_info=\u00a0\u00bb{}\u00a0\u00bb][\/dica_divi_carouselitem][dica_divi_carouselitem title=\u00a0\u00bbPANCAKES AU CACAO \u00c0 LA NOIX DE COCO ET DES MANDARINES\u00a0\u00bb sub_title=\u00a0\u00bbPetit-D\u00e9jeuner \u00a0\u00bb url=\u00a0\u00bbhttps:\/\/longlifechallenge.eu\/fr\/recettes\/petit-dejeuner%e2%80%8b\/pancakes-au-cacao-a-la-banane-et-a-la-noix-de-coco-avec-du-yaourt-kefir-et-des-mandarines\/\u00a0\u00bb button_url_new_window=\u00a0\u00bb1&Prime; image=\u00a0\u00bbhttps:\/\/longlifechallenge.eu\/wp-content\/uploads\/2021\/10\/Pancake-Mandarinas-boton.jpg\u00a0\u00bb _builder_version=\u00a0\u00bb4.11.2&Prime; global_colors_info=\u00a0\u00bb{}\u00a0\u00bb][\/dica_divi_carouselitem][dica_divi_carouselitem title=\u00a0\u00bbVERRINES DE MUESLI, YAOURT NATURE ET FRAISES\u00a0\u00bb sub_title=\u00a0\u00bbPetit-D\u00e9jeuner \u00a0\u00bb url=\u00a0\u00bbhttps:\/\/longlifechallenge.eu\/fr\/recettes\/petit-dejeuner%e2%80%8b\/verrines-de-muesli-yaourt-nature-et-fraises\/\u00a0\u00bb button_url_new_window=\u00a0\u00bb1&Prime; image=\u00a0\u00bbhttps:\/\/longlifechallenge.eu\/wp-content\/uploads\/2021\/10\/vasito-muesli-fresas-boton.jpg\u00a0\u00bb _builder_version=\u00a0\u00bb4.11.2&Prime; global_colors_info=\u00a0\u00bb{}\u00a0\u00bb][\/dica_divi_carouselitem][dica_divi_carouselitem title=\u00a0\u00bbGALETTES DE RIZ, FRAISES ET GRAINES DE S\u00c9SAME\u00a0\u00bb sub_title=\u00a0\u00bbPetit-D\u00e9jeuner \u00a0\u00bb url=\u00a0\u00bbhttps:\/\/longlifechallenge.eu\/fr\/recettes\/petit-dejeuner%e2%80%8b\/galettes-de-riz-fromage-cotagge-et-miel-fraises-et-graines-de-sesame\/\u00a0\u00bb button_url_new_window=\u00a0\u00bb1&Prime; image=\u00a0\u00bbhttps:\/\/longlifechallenge.eu\/wp-content\/uploads\/2021\/10\/tortitas-arroz-fresas-boton.jpg\u00a0\u00bb _builder_version=\u00a0\u00bb4.11.2&Prime; global_colors_info=\u00a0\u00bb{}\u00a0\u00bb][\/dica_divi_carouselitem][dica_divi_carouselitem title=\u00a0\u00bbQUICHE AU BROCOLI ET SAUMON\u00a0\u00bb sub_title=\u00a0\u00bbPetit-D\u00e9jeuner \u00a0\u00bb url=\u00a0\u00bbhttps:\/\/longlifechallenge.eu\/fr\/recettes\/petit-dejeuner%e2%80%8b\/quiche-au-brocoli-et-saumon\/\u00a0\u00bb button_url_new_window=\u00a0\u00bb1&Prime; image=\u00a0\u00bbhttps:\/\/longlifechallenge.eu\/wp-content\/uploads\/2021\/10\/quiche-brocoli-boton.jpg\u00a0\u00bb _builder_version=\u00a0\u00bb4.11.2&Prime; global_colors_info=\u00a0\u00bb{}\u00a0\u00bb][\/dica_divi_carouselitem][dica_divi_carouselitem title=\u00a0\u00bbOMELETTE AUX ASPERGES SAUVAGES, BASILIC ET PARMESAN\u00a0\u00bb sub_title=\u00a0\u00bbPetit-D\u00e9jeuner \u00a0\u00bb url=\u00a0\u00bbhttps:\/\/longlifechallenge.eu\/fr\/recettes\/petit-dejeuner%e2%80%8b\/omelette-aux-asperges-sauvages-basilic-et-parmesan\/\u00a0\u00bb button_url_new_window=\u00a0\u00bb1&Prime; image=\u00a0\u00bbhttps:\/\/longlifechallenge.eu\/wp-content\/uploads\/2021\/10\/tortilla-esparragos-boton.jpg\u00a0\u00bb _builder_version=\u00a0\u00bb4.11.2&Prime; global_colors_info=\u00a0\u00bb{}\u00a0\u00bb][\/dica_divi_carouselitem][dica_divi_carouselitem title=\u00a0\u00bbPUDDING VEGAN AUX GRAINES DE CHIA ET AUX POMMES\u00a0\u00bb sub_title=\u00a0\u00bbPetit-D\u00e9jeuner \u00a0\u00bb url=\u00a0\u00bbhttps:\/\/longlifechallenge.eu\/fr\/recettes\/petit-dejeuner%e2%80%8b\/pudding-vegan-aux-graines-de-chia-aux-pommes-et-a-la-cannelle\/\u00a0\u00bb button_url_new_window=\u00a0\u00bb1&Prime; image=\u00a0\u00bbhttps:\/\/longlifechallenge.eu\/wp-content\/uploads\/2021\/10\/pudin-manzana-boton.jpg\u00a0\u00bb _builder_version=\u00a0\u00bb4.11.2&Prime; global_colors_info=\u00a0\u00bb{}\u00a0\u00bb][\/dica_divi_carouselitem][dica_divi_carouselitem title=\u00a0\u00bbGRANOLA SANS GLUTEN, YAOURT NATURE ET MYRTILLES\u00a0\u00bb sub_title=\u00a0\u00bbPetit-D\u00e9jeuner \u00a0\u00bb url=\u00a0\u00bbhttps:\/\/longlifechallenge.eu\/fr\/recettes\/petit-dejeuner%e2%80%8b\/petit-dejeuner-de-granola-sans-gluten-yaourt-nature-et-myrtilles\/\u00a0\u00bb button_url_new_window=\u00a0\u00bb1&Prime; image=\u00a0\u00bbhttps:\/\/longlifechallenge.eu\/wp-content\/uploads\/2021\/10\/arandanos-boton.jpg\u00a0\u00bb _builder_version=\u00a0\u00bb4.11.2&Prime; global_colors_info=\u00a0\u00bb{}\u00a0\u00bb][\/dica_divi_carouselitem][\/dica_divi_carousel][\/et_pb_column][\/et_pb_row][\/et_pb_section]<\/p>\n","protected":false},"excerpt":{"rendered":"<p>Sans sucre &#8211; Sans gluten &#8211; V\u00e9g\u00e9tarienPetit-d\u00e9jeuner de granola sans gluten, yaourt nature et myrtilles415 minINGR\u00c9DIENTS 4 yaourts nature sans sucre 2 cuill\u00e8res de miel d\u2019abeilles 1 tasse de granola au sarrasin et \u00e0 l\u2019avoine 125 g de myrtilles D\u00c9ROUL\u00c9M\u00e9langer le yaourt et le sirop d&rsquo;\u00e9rable ou d&rsquo;agave dans un bol avec un fouet. Distribuer [&hellip;]<\/p>\n","protected":false},"author":1,"featured_media":0,"parent":2256,"menu_order":8,"comment_status":"closed","ping_status":"closed","template":"","meta":{"_et_pb_use_builder":"on","_et_pb_old_content":"","_et_gb_content_width":"","footnotes":""},"_links":{"self":[{"href":"https:\/\/longlifechallenge.eu\/fr\/wp-json\/wp\/v2\/pages\/2258"}],"collection":[{"href":"https:\/\/longlifechallenge.eu\/fr\/wp-json\/wp\/v2\/pages"}],"about":[{"href":"https:\/\/longlifechallenge.eu\/fr\/wp-json\/wp\/v2\/types\/page"}],"author":[{"embeddable":true,"href":"https:\/\/longlifechallenge.eu\/fr\/wp-json\/wp\/v2\/users\/1"}],"replies":[{"embeddable":true,"href":"https:\/\/longlifechallenge.eu\/fr\/wp-json\/wp\/v2\/comments?post=2258"}],"version-history":[{"count":3,"href":"https:\/\/longlifechallenge.eu\/fr\/wp-json\/wp\/v2\/pages\/2258\/revisions"}],"predecessor-version":[{"id":2710,"href":"https:\/\/longlifechallenge.eu\/fr\/wp-json\/wp\/v2\/pages\/2258\/revisions\/2710"}],"up":[{"embeddable":true,"href":"https:\/\/longlifechallenge.eu\/fr\/wp-json\/wp\/v2\/pages\/2256"}],"wp:attachment":[{"href":"https:\/\/longlifechallenge.eu\/fr\/wp-json\/wp\/v2\/media?parent=2258"}],"curies":[{"name":"wp","href":"https:\/\/api.w.org\/{rel}","templated":true}]}}