{"id":868,"date":"2021-10-11T17:21:01","date_gmt":"2021-10-11T17:21:01","guid":{"rendered":"https:\/\/tacticseurope.com\/demos\/5aldia\/influencers\/"},"modified":"2023-07-03T07:51:13","modified_gmt":"2023-07-03T07:51:13","slug":"unsere-athleten","status":"publish","type":"page","link":"https:\/\/longlifechallenge.eu\/de\/unsere-athleten\/","title":{"rendered":"Unsere athleten"},"content":{"rendered":"<p>[et_pb_section fb_built=&#8220;1&#8243; _builder_version=&#8220;4.11.1&#8243; _module_preset=&#8220;default&#8220; global_colors_info=&#8220;{}&#8220;][et_pb_row column_structure=&#8220;1_2,1_2&#8243; _builder_version=&#8220;4.11.1&#8243; _module_preset=&#8220;default&#8220; global_colors_info=&#8220;{}&#8220;][et_pb_column type=&#8220;1_2&#8243; _builder_version=&#8220;4.11.1&#8243; _module_preset=&#8220;default&#8220; global_colors_info=&#8220;{}&#8220;][et_pb_image src=&#8220;https:\/\/longlifechallenge.eu\/wp-content\/uploads\/2021\/10\/header_healthy_DE.jpg&#8220; title_text=&#8220;header_healthy_DE&#8220; _builder_version=&#8220;4.11.2&#8243; _module_preset=&#8220;default&#8220; global_colors_info=&#8220;{}&#8220;][\/et_pb_image][\/et_pb_column][et_pb_column type=&#8220;1_2&#8243; _builder_version=&#8220;4.11.1&#8243; _module_preset=&#8220;default&#8220; global_colors_info=&#8220;{}&#8220;][et_pb_text _builder_version=&#8220;4.11.2&#8243; _module_preset=&#8220;default&#8220; text_font_size=&#8220;16px&#8220; header_font=&#8220;|800|||||||&#8220; header_text_color=&#8220;#a3195c&#8220; header_font_size=&#8220;60px&#8220; header_font_size_tablet=&#8220;&#8220; header_font_size_phone=&#8220;40px&#8220; header_font_size_last_edited=&#8220;on|phone&#8220; global_colors_info=&#8220;{}&#8220;]<\/p>\n<h1 style=\"text-align: center;\">UNSERE ATHLETEN<\/h1>\n<p>Machen Sie mit beim <strong>LONG LIFE TRAINING<\/strong> mit unseren <strong>OLYMPISCHEN ATHLETEN<\/strong><\/p>\n<p>Gibt es jemanden, der Sie besser \u00fcber eine ausgewogene Ern\u00e4hrung und einen gesunden Lebensstil unterrichten kann als ein Olympionike? Ja, 5 Olympioniken! Wie unsere 5 Champions der #LongLifeChallenge.<\/p>\n<p>Von ihnen erfahren Sie alle Geheimnisse, wie Sie ein aktiveres Leben f\u00fchren und eine ges\u00fcndere Ern\u00e4hrung haben k\u00f6nnen.<\/p>\n<p>Von Tipps, wie Sie Obst und Gem\u00fcse auf einfache und unterhaltsame Weise in Ihren Alltag integrieren k\u00f6nnen, bis hin zu Tipps \u00fcber die Bedeutung von Sport und Ruhe.<\/p>\n<p>Schlie\u00dfen Sie sich ihnen an und setzen sich f\u00fcr ein besseres Leben ein!<\/p>\n<p>Erfahren Sie hier mehr \u00fcber unsere Athleten! \ud83d\ude09<\/p>\n<p>[\/et_pb_text][\/et_pb_column][\/et_pb_row][et_pb_row _builder_version=&#8220;4.11.1&#8243; _module_preset=&#8220;default&#8220; global_colors_info=&#8220;{}&#8220;][et_pb_column type=&#8220;4_4&#8243; _builder_version=&#8220;4.11.1&#8243; _module_preset=&#8220;default&#8220; global_colors_info=&#8220;{}&#8220;][et_pb_divider divider_weight=&#8220;2px&#8220; _builder_version=&#8220;4.11.1&#8243; _module_preset=&#8220;default&#8220; width=&#8220;75%&#8220; module_alignment=&#8220;center&#8220; global_colors_info=&#8220;{}&#8220;][\/et_pb_divider][\/et_pb_column][\/et_pb_row][et_pb_row column_structure=&#8220;1_2,1_2&#8243; disabled_on=&#8220;on|off|off&#8220; module_id=&#8220;Ona&#8220; _builder_version=&#8220;4.11.2&#8243; _module_preset=&#8220;default&#8220; global_colors_info=&#8220;{}&#8220;][et_pb_column type=&#8220;1_2&#8243; _builder_version=&#8220;4.11.1&#8243; _module_preset=&#8220;default&#8220; global_colors_info=&#8220;{}&#8220;][et_pb_image src=&#8220;https:\/\/longlifechallenge.eu\/wp-content\/uploads\/2021\/10\/ona_carbonell_de.jpg&#8220; title_text=&#8220;ona_carbonell_de&#8220; _builder_version=&#8220;4.11.2&#8243; _module_preset=&#8220;default&#8220; hover_enabled=&#8220;0&#8243; global_colors_info=&#8220;{}&#8220; url=&#8220;@ET-DC@eyJkeW5hbWljIjp0cnVlLCJjb250ZW50IjoicG9zdF9saW5rX3VybF9wYWdlIiwic2V0dGluZ3MiOnsicG9zdF9pZCI6IjQwMTYifX0=@&#8220; _dynamic_attributes=&#8220;url&#8220; sticky_enabled=&#8220;0&#8243;][\/et_pb_image][\/et_pb_column][et_pb_column type=&#8220;1_2&#8243; _builder_version=&#8220;4.11.1&#8243; _module_preset=&#8220;default&#8220; global_colors_info=&#8220;{}&#8220;][et_pb_image src=&#8220;https:\/\/longlifechallenge.eu\/wp-content\/uploads\/2021\/10\/lidia_valentin_de.jpg&#8220; title_text=&#8220;lidia_valentin_de&#8220; _builder_version=&#8220;4.11.2&#8243; _module_preset=&#8220;default&#8220; hover_enabled=&#8220;0&#8243; global_colors_info=&#8220;{}&#8220; url=&#8220;@ET-DC@eyJkeW5hbWljIjp0cnVlLCJjb250ZW50IjoicG9zdF9saW5rX3VybF9wYWdlIiwic2V0dGluZ3MiOnsicG9zdF9pZCI6IjQwMTAifX0=@&#8220; _dynamic_attributes=&#8220;url&#8220; sticky_enabled=&#8220;0&#8243;][\/et_pb_image][\/et_pb_column][\/et_pb_row][et_pb_row column_structure=&#8220;1_2,1_2&#8243; disabled_on=&#8220;on|off|off&#8220; module_id=&#8220;Sebastian&#8220; _builder_version=&#8220;4.11.2&#8243; _module_preset=&#8220;default&#8220; global_colors_info=&#8220;{}&#8220;][et_pb_column type=&#8220;1_2&#8243; _builder_version=&#8220;4.11.1&#8243; _module_preset=&#8220;default&#8220; global_colors_info=&#8220;{}&#8220;][et_pb_image src=&#8220;https:\/\/longlifechallenge.eu\/wp-content\/uploads\/2021\/10\/sebastian_brendel_de.jpg&#8220; title_text=&#8220;sebastian_brendel_de&#8220; _builder_version=&#8220;4.11.2&#8243; _module_preset=&#8220;default&#8220; hover_enabled=&#8220;0&#8243; global_colors_info=&#8220;{}&#8220; url=&#8220;@ET-DC@eyJkeW5hbWljIjp0cnVlLCJjb250ZW50IjoicG9zdF9saW5rX3VybF9wYWdlIiwic2V0dGluZ3MiOnsicG9zdF9pZCI6IjQwMTkifX0=@&#8220; _dynamic_attributes=&#8220;url&#8220; sticky_enabled=&#8220;0&#8243;][\/et_pb_image][\/et_pb_column][et_pb_column type=&#8220;1_2&#8243; _builder_version=&#8220;4.11.1&#8243; _module_preset=&#8220;default&#8220; global_colors_info=&#8220;{}&#8220;][et_pb_image src=&#8220;https:\/\/longlifechallenge.eu\/wp-content\/uploads\/2021\/10\/florent_manaudou_de.jpg&#8220; title_text=&#8220;florent_manaudou_de&#8220; _builder_version=&#8220;4.11.2&#8243; _module_preset=&#8220;default&#8220; hover_enabled=&#8220;0&#8243; global_colors_info=&#8220;{}&#8220; url=&#8220;@ET-DC@eyJkeW5hbWljIjp0cnVlLCJjb250ZW50IjoicG9zdF9saW5rX3VybF9wYWdlIiwic2V0dGluZ3MiOnsicG9zdF9pZCI6IjQwMDcifX0=@&#8220; _dynamic_attributes=&#8220;url&#8220; sticky_enabled=&#8220;0&#8243;][\/et_pb_image][\/et_pb_column][\/et_pb_row][et_pb_row column_structure=&#8220;1_2,1_2&#8243; disabled_on=&#8220;on|off|off&#8220; module_id=&#8220;Maja&#8220; _builder_version=&#8220;4.11.2&#8243; _module_preset=&#8220;default&#8220; global_colors_info=&#8220;{}&#8220;][et_pb_column type=&#8220;1_2&#8243; _builder_version=&#8220;4.11.1&#8243; _module_preset=&#8220;default&#8220; global_colors_info=&#8220;{}&#8220;][et_pb_image src=&#8220;https:\/\/longlifechallenge.eu\/wp-content\/uploads\/2021\/11\/maja_wloszczowska_DE.jpg&#8220; title_text=&#8220;maja_wloszczowska_DE&#8220; _builder_version=&#8220;4.11.2&#8243; _module_preset=&#8220;default&#8220; hover_enabled=&#8220;0&#8243; global_colors_info=&#8220;{}&#8220; url=&#8220;@ET-DC@eyJkeW5hbWljIjp0cnVlLCJjb250ZW50IjoicG9zdF9saW5rX3VybF9wYWdlIiwic2V0dGluZ3MiOnsicG9zdF9pZCI6IjQwMTMifX0=@&#8220; _dynamic_attributes=&#8220;url&#8220; sticky_enabled=&#8220;0&#8243;][\/et_pb_image][\/et_pb_column][et_pb_column type=&#8220;1_2&#8243; _builder_version=&#8220;4.11.1&#8243; _module_preset=&#8220;default&#8220; global_colors_info=&#8220;{}&#8220;][\/et_pb_column][\/et_pb_row][\/et_pb_section]<\/p>\n","protected":false},"excerpt":{"rendered":"<p>UNSERE ATHLETEN Machen Sie mit beim LONG LIFE TRAINING mit unseren OLYMPISCHEN ATHLETEN Gibt es jemanden, der Sie besser \u00fcber eine ausgewogene Ern\u00e4hrung und einen gesunden Lebensstil unterrichten kann als ein Olympionike? Ja, 5 Olympioniken! Wie unsere 5 Champions der #LongLifeChallenge. Von ihnen erfahren Sie alle Geheimnisse, wie Sie ein aktiveres Leben f\u00fchren und eine [&hellip;]<\/p>\n","protected":false},"author":1,"featured_media":0,"parent":0,"menu_order":0,"comment_status":"closed","ping_status":"closed","template":"","meta":{"_et_pb_use_builder":"on","_et_pb_old_content":"","_et_gb_content_width":"","footnotes":""},"_links":{"self":[{"href":"https:\/\/longlifechallenge.eu\/de\/wp-json\/wp\/v2\/pages\/868"}],"collection":[{"href":"https:\/\/longlifechallenge.eu\/de\/wp-json\/wp\/v2\/pages"}],"about":[{"href":"https:\/\/longlifechallenge.eu\/de\/wp-json\/wp\/v2\/types\/page"}],"author":[{"embeddable":true,"href":"https:\/\/longlifechallenge.eu\/de\/wp-json\/wp\/v2\/users\/1"}],"replies":[{"embeddable":true,"href":"https:\/\/longlifechallenge.eu\/de\/wp-json\/wp\/v2\/comments?post=868"}],"version-history":[{"count":10,"href":"https:\/\/longlifechallenge.eu\/de\/wp-json\/wp\/v2\/pages\/868\/revisions"}],"predecessor-version":[{"id":4055,"href":"https:\/\/longlifechallenge.eu\/de\/wp-json\/wp\/v2\/pages\/868\/revisions\/4055"}],"wp:attachment":[{"href":"https:\/\/longlifechallenge.eu\/de\/wp-json\/wp\/v2\/media?parent=868"}],"curies":[{"name":"wp","href":"https:\/\/api.w.org\/{rel}","templated":true}]}}