{"id":865,"date":"2021-10-11T17:17:58","date_gmt":"2021-10-11T17:17:58","guid":{"rendered":"https:\/\/tacticseurope.com\/demos\/5aldia\/rezepte\/"},"modified":"2021-10-24T11:06:31","modified_gmt":"2021-10-24T11:06:31","slug":"rezepte","status":"publish","type":"page","link":"https:\/\/longlifechallenge.eu\/de\/rezepte\/","title":{"rendered":"Rezepte"},"content":{"rendered":"<p>[et_pb_section fb_built=&#8220;1&#8243; _builder_version=&#8220;4.11.1&#8243; _module_preset=&#8220;default&#8220; global_colors_info=&#8220;{}&#8220;][et_pb_row column_structure=&#8220;1_2,1_2&#8243; _builder_version=&#8220;4.11.1&#8243; _module_preset=&#8220;default&#8220; global_colors_info=&#8220;{}&#8220;][et_pb_column type=&#8220;1_2&#8243; _builder_version=&#8220;4.11.1&#8243; _module_preset=&#8220;default&#8220; global_colors_info=&#8220;{}&#8220;][et_pb_image src=&#8220;https:\/\/longlifechallenge.eu\/wp-content\/uploads\/2021\/10\/recetas.jpg&#8220; title_text=&#8220;Rice crisp bread with strawberries and cottage cheese&#8220; _builder_version=&#8220;4.11.2&#8243; _module_preset=&#8220;default&#8220; global_colors_info=&#8220;{}&#8220;][\/et_pb_image][\/et_pb_column][et_pb_column type=&#8220;1_2&#8243; _builder_version=&#8220;4.11.1&#8243; _module_preset=&#8220;default&#8220; global_colors_info=&#8220;{}&#8220;][et_pb_text _builder_version=&#8220;4.11.1&#8243; _module_preset=&#8220;default&#8220; text_font_size=&#8220;16px&#8220; header_font=&#8220;|800|||||||&#8220; header_text_color=&#8220;#a3195c&#8220; header_font_size=&#8220;60px&#8220; header_font_size_tablet=&#8220;&#8220; header_font_size_phone=&#8220;45px&#8220; header_font_size_last_edited=&#8220;on|phone&#8220; global_colors_info=&#8220;{}&#8220;]<\/p>\n<h1 style=\"text-align: center;\"><strong>REZEPTE<\/strong><\/h1>\n<p>Entdecken Sie die ges\u00fcndesten und coolsten Rezepte f\u00fcr diese Herausforderung<br \/>Europ\u00e4isches Obst und Gem\u00fcse bietet Ihnen tausende von M\u00f6glichkeiten in Ihrer K\u00fcche!<\/p>\n<p>Vom energiereichen Fr\u00fchst\u00fcck bis zum leichtesten Salat, von den ges\u00fcndesten Snacks bis zu den frischesten Smoothies. Sie alle sind voller Vitamine, Mineralien, gesunder Eigenschaften &#8230; und nat\u00fcrlich voller Geschmack!<\/p>\n<p>M\u00f6chten Sie sie entdecken? Dann aufgepasst, wir haben einige sehr saftige Rezepte f\u00fcr Sie \ud83d\ude09<\/p>\n<p>[\/et_pb_text][\/et_pb_column][\/et_pb_row][et_pb_row _builder_version=&#8220;4.11.1&#8243; _module_preset=&#8220;default&#8220; global_colors_info=&#8220;{}&#8220;][et_pb_column type=&#8220;4_4&#8243; _builder_version=&#8220;4.11.1&#8243; _module_preset=&#8220;default&#8220; global_colors_info=&#8220;{}&#8220;][et_pb_divider color=&#8220;#a3195c&#8220; divider_weight=&#8220;2px&#8220; _builder_version=&#8220;4.11.1&#8243; _module_preset=&#8220;default&#8220; width=&#8220;75%&#8220; module_alignment=&#8220;center&#8220; global_colors_info=&#8220;{}&#8220;][\/et_pb_divider][\/et_pb_column][\/et_pb_row][et_pb_row column_structure=&#8220;1_2,1_2&#8243; _builder_version=&#8220;4.11.1&#8243; _module_preset=&#8220;default&#8220; global_colors_info=&#8220;{}&#8220;][et_pb_column type=&#8220;1_2&#8243; _builder_version=&#8220;4.11.1&#8243; _module_preset=&#8220;default&#8220; global_colors_info=&#8220;{}&#8220;][et_pb_image src=&#8220;https:\/\/longlifechallenge.eu\/wp-content\/uploads\/2021\/10\/desayunos.jpg&#8220; title_text=&#8220;Citrus Crepes arrangement with fruits, berries, cocoa cream and varied vegetarian food&#8220; _builder_version=&#8220;4.11.2&#8243; _module_preset=&#8220;default&#8220; hover_enabled=&#8220;0&#8243; global_colors_info=&#8220;{}&#8220; url=&#8220;@ET-DC@eyJkeW5hbWljIjp0cnVlLCJjb250ZW50IjoicG9zdF9saW5rX3VybF9wYWdlIiwic2V0dGluZ3MiOnsicG9zdF9pZCI6IjIzNTAifX0=@&#8220; _dynamic_attributes=&#8220;url&#8220; sticky_enabled=&#8220;0&#8243;][\/et_pb_image][et_pb_text _builder_version=&#8220;4.11.1&#8243; _module_preset=&#8220;default&#8220; text_font_size=&#8220;16px&#8220; global_colors_info=&#8220;{}&#8220;]<\/p>\n<p><strong>FR\u00dcHST\u00dcCK<\/strong><\/p>\n<p>Man sagt, dass das Fr\u00fchst\u00fcck die wichtigste Mahlzeit des Tages ist, und deshalb ist es wichtig, ihn voller Energie zu beginnen! Entdecken Sie hier ein Fr\u00fchst\u00fcck mit Obst und Gem\u00fcse, das Ihnen helfen wird, mit vollgeladenen Batterien in den Tag zu starten.<\/p>\n<p>[\/et_pb_text][\/et_pb_column][et_pb_column type=&#8220;1_2&#8243; _builder_version=&#8220;4.11.1&#8243; _module_preset=&#8220;default&#8220; global_colors_info=&#8220;{}&#8220;][et_pb_image src=&#8220;https:\/\/longlifechallenge.eu\/wp-content\/uploads\/2021\/10\/smothies.jpg&#8220; title_text=&#8220;Apple pie protein smoothie drink&#8220; _builder_version=&#8220;4.11.2&#8243; _module_preset=&#8220;default&#8220; hover_enabled=&#8220;0&#8243; global_colors_info=&#8220;{}&#8220; url=&#8220;@ET-DC@eyJkeW5hbWljIjp0cnVlLCJjb250ZW50IjoicG9zdF9saW5rX3VybF9wYWdlIiwic2V0dGluZ3MiOnsicG9zdF9pZCI6IjIzNjgifX0=@&#8220; _dynamic_attributes=&#8220;url&#8220; sticky_enabled=&#8220;0&#8243;][\/et_pb_image][et_pb_text _builder_version=&#8220;4.11.1&#8243; _module_preset=&#8220;default&#8220; text_font_size=&#8220;16px&#8220; global_colors_info=&#8220;{}&#8220;]<\/p>\n<p><strong>SMOOTHIES<\/strong><\/p>\n<p>Zum Aufladen der Batterien vor dem Sport, zum Nachtanken nach dem Sport&#8230; oder einfach, um sich zu jeder Tageszeit zu erfrischen! Jederzeit ist ein guter Zeitpunkt, um einen guten Smoothie mit europ\u00e4ischem Obst und Gem\u00fcse zu genie\u00dfen. Erfahren Sie hier, wie Sie die leckersten Smoothies zubereiten k\u00f6nnen!<\/p>\n<p>[\/et_pb_text][\/et_pb_column][\/et_pb_row][et_pb_row column_structure=&#8220;1_2,1_2&#8243; _builder_version=&#8220;4.11.1&#8243; _module_preset=&#8220;default&#8220; global_colors_info=&#8220;{}&#8220;][et_pb_column type=&#8220;1_2&#8243; _builder_version=&#8220;4.11.1&#8243; _module_preset=&#8220;default&#8220; global_colors_info=&#8220;{}&#8220;][et_pb_image src=&#8220;https:\/\/longlifechallenge.eu\/wp-content\/uploads\/2021\/10\/Snacks.jpg&#8220; title_text=&#8220;Baked Dehydrated Apples Chips&#8220; _builder_version=&#8220;4.11.2&#8243; _module_preset=&#8220;default&#8220; hover_enabled=&#8220;0&#8243; global_colors_info=&#8220;{}&#8220; url=&#8220;@ET-DC@eyJkeW5hbWljIjp0cnVlLCJjb250ZW50IjoicG9zdF9saW5rX3VybF9wYWdlIiwic2V0dGluZ3MiOnsicG9zdF9pZCI6IjIzNzcifX0=@&#8220; _dynamic_attributes=&#8220;url&#8220; sticky_enabled=&#8220;0&#8243;][\/et_pb_image][et_pb_text _builder_version=&#8220;4.11.1&#8243; _module_preset=&#8220;default&#8220; text_font_size=&#8220;16px&#8220; global_colors_info=&#8220;{}&#8220;]<\/p>\n<p><strong>SNACKS<\/strong><\/p>\n<p>Wer sagt denn, dass ein Snack nicht gesund sein kann? Und lecker! Und leicht! Genau darum geht es bei den heutigen Snacks, und deshalb eignen sich Obst und Gem\u00fcse perfekt als Zwischenmahlzeit. Entdecken Sie hier die ges\u00fcndesten Snacks!<\/p>\n<p>[\/et_pb_text][\/et_pb_column][et_pb_column type=&#8220;1_2&#8243; _builder_version=&#8220;4.11.1&#8243; _module_preset=&#8220;default&#8220; global_colors_info=&#8220;{}&#8220;][et_pb_image src=&#8220;https:\/\/longlifechallenge.eu\/wp-content\/uploads\/2021\/10\/Ensaladas.jpg&#8220; title_text=&#8220;Asparagus and broccoli salad&#8220; _builder_version=&#8220;4.11.2&#8243; _module_preset=&#8220;default&#8220; hover_enabled=&#8220;0&#8243; global_colors_info=&#8220;{}&#8220; url=&#8220;@ET-DC@eyJkeW5hbWljIjp0cnVlLCJjb250ZW50IjoicG9zdF9saW5rX3VybF9wYWdlIiwic2V0dGluZ3MiOnsicG9zdF9pZCI6IjIzNTkifX0=@&#8220; _dynamic_attributes=&#8220;url&#8220; sticky_enabled=&#8220;0&#8243;][\/et_pb_image][et_pb_text _builder_version=&#8220;4.11.1&#8243; _module_preset=&#8220;default&#8220; text_font_size=&#8220;16px&#8220; global_colors_info=&#8220;{}&#8220;]<\/p>\n<p><strong>SALATE<\/strong><\/p>\n<p>Richtig langweilig wird es, wenn man auf Farbe, Abwechslung, Frische und Geschmack in seinen Gerichten verzichtet und keinen Salat isst! Entdecken Sie hier die coolsten Ideen f\u00fcr die \u00fcberraschendsten Salate. Lecker!<\/p>\n<p>[\/et_pb_text][\/et_pb_column][\/et_pb_row][\/et_pb_section]<\/p>\n","protected":false},"excerpt":{"rendered":"<p>REZEPTE Entdecken Sie die ges\u00fcndesten und coolsten Rezepte f\u00fcr diese HerausforderungEurop\u00e4isches Obst und Gem\u00fcse bietet Ihnen tausende von M\u00f6glichkeiten in Ihrer K\u00fcche! Vom energiereichen Fr\u00fchst\u00fcck bis zum leichtesten Salat, von den ges\u00fcndesten Snacks bis zu den frischesten Smoothies. Sie alle sind voller Vitamine, Mineralien, gesunder Eigenschaften &#8230; und nat\u00fcrlich voller Geschmack! M\u00f6chten Sie sie entdecken? [&hellip;]<\/p>\n","protected":false},"author":1,"featured_media":0,"parent":0,"menu_order":0,"comment_status":"closed","ping_status":"closed","template":"","meta":{"_et_pb_use_builder":"on","_et_pb_old_content":"","_et_gb_content_width":"","footnotes":""},"_links":{"self":[{"href":"https:\/\/longlifechallenge.eu\/de\/wp-json\/wp\/v2\/pages\/865"}],"collection":[{"href":"https:\/\/longlifechallenge.eu\/de\/wp-json\/wp\/v2\/pages"}],"about":[{"href":"https:\/\/longlifechallenge.eu\/de\/wp-json\/wp\/v2\/types\/page"}],"author":[{"embeddable":true,"href":"https:\/\/longlifechallenge.eu\/de\/wp-json\/wp\/v2\/users\/1"}],"replies":[{"embeddable":true,"href":"https:\/\/longlifechallenge.eu\/de\/wp-json\/wp\/v2\/comments?post=865"}],"version-history":[{"count":5,"href":"https:\/\/longlifechallenge.eu\/de\/wp-json\/wp\/v2\/pages\/865\/revisions"}],"predecessor-version":[{"id":2480,"href":"https:\/\/longlifechallenge.eu\/de\/wp-json\/wp\/v2\/pages\/865\/revisions\/2480"}],"wp:attachment":[{"href":"https:\/\/longlifechallenge.eu\/de\/wp-json\/wp\/v2\/media?parent=865"}],"curies":[{"name":"wp","href":"https:\/\/api.w.org\/{rel}","templated":true}]}}