{"id":861,"date":"2021-10-11T17:09:33","date_gmt":"2021-10-11T17:09:33","guid":{"rendered":"https:\/\/tacticseurope.com\/demos\/5aldia\/polnische-apfel\/"},"modified":"2021-11-06T12:45:21","modified_gmt":"2021-11-06T12:45:21","slug":"apfel","status":"publish","type":"page","link":"https:\/\/longlifechallenge.eu\/de\/apfel\/","title":{"rendered":"\u00c4pfel"},"content":{"rendered":"<p>[et_pb_section fb_built=&#8220;1&#8243; custom_padding_last_edited=&#8220;on|phone&#8220; _builder_version=&#8220;4.11.1&#8243; _module_preset=&#8220;default&#8220; custom_margin_tablet=&#8220;&#8220; custom_margin_phone=&#8220;||-24px||false|false&#8220; custom_margin_last_edited=&#8220;on|phone&#8220; custom_padding=&#8220;0px||||false|false&#8220; custom_padding_tablet=&#8220;&#8220; custom_padding_phone=&#8220;||0px||false|false&#8220; global_colors_info=&#8220;{}&#8220;][et_pb_row column_structure=&#8220;1_2,1_2&#8243; _builder_version=&#8220;4.11.1&#8243; _module_preset=&#8220;default&#8220; global_colors_info=&#8220;{}&#8220;][et_pb_column type=&#8220;1_2&#8243; _builder_version=&#8220;4.11.1&#8243; _module_preset=&#8220;default&#8220; global_colors_info=&#8220;{}&#8220;][et_pb_image src=&#8220;https:\/\/longlifechallenge.eu\/wp-content\/uploads\/2021\/10\/manzana-en.jpg&#8220; title_text=&#8220;manzana-en&#8220; _builder_version=&#8220;4.11.1&#8243; _module_preset=&#8220;default&#8220; global_colors_info=&#8220;{}&#8220;][\/et_pb_image][et_pb_text _builder_version=&#8220;4.11.1&#8243; _module_preset=&#8220;default&#8220; header_text_color=&#8220;#a3195c&#8220; global_colors_info=&#8220;{}&#8220;]<\/p>\n<h1 style=\"text-align: center;\"><strong>SAISON<\/strong><\/h1>\n<p>[\/et_pb_text][et_pb_text _builder_version=&#8220;4.11.1&#8243; _module_preset=&#8220;default&#8220; header_4_font=&#8220;|800|||||||&#8220; header_4_text_color=&#8220;#a3195c&#8220; header_4_font_size=&#8220;25px&#8220; global_colors_info=&#8220;{}&#8220;]<\/p>\n<h4 style=\"text-align: center;\">JANUAR<\/h4>\n<p>[\/et_pb_text][et_pb_text _builder_version=&#8220;4.11.1&#8243; _module_preset=&#8220;default&#8220; header_4_font=&#8220;|800|||||||&#8220; header_4_text_color=&#8220;#b2b2b2&#8243; header_4_font_size=&#8220;25px&#8220; custom_margin=&#8220;-10px||10px||false|false&#8220; custom_padding=&#8220;0px||||false|false&#8220; global_colors_info=&#8220;{}&#8220;]<\/p>\n<h4 style=\"text-align: center;\">FEBRUAR<\/h4>\n<p>[\/et_pb_text][et_pb_text _builder_version=&#8220;4.11.1&#8243; _module_preset=&#8220;default&#8220; header_4_font=&#8220;|800|||||||&#8220; header_4_text_color=&#8220;#b2b2b2&#8243; header_4_font_size=&#8220;25px&#8220; custom_margin=&#8220;10px||10px||false|false&#8220; custom_padding=&#8220;0px||0px||false|false&#8220; global_colors_info=&#8220;{}&#8220;]<\/p>\n<h4 style=\"text-align: center;\">M\u00c4RZ<\/h4>\n<p>[\/et_pb_text][et_pb_text _builder_version=&#8220;4.11.1&#8243; _module_preset=&#8220;default&#8220; header_4_font=&#8220;|800|||||||&#8220; header_4_text_color=&#8220;#b2b2b2&#8243; header_4_font_size=&#8220;25px&#8220; custom_margin=&#8220;10px||10px||false|false&#8220; custom_padding=&#8220;0px||0px||false|false&#8220; global_colors_info=&#8220;{}&#8220;]<\/p>\n<h4 style=\"text-align: center;\">APRIL<\/h4>\n<p>[\/et_pb_text][et_pb_text _builder_version=&#8220;4.11.1&#8243; _module_preset=&#8220;default&#8220; header_4_font=&#8220;|800|||||||&#8220; header_4_text_color=&#8220;#b2b2b2&#8243; header_4_font_size=&#8220;25px&#8220; custom_margin=&#8220;10px||10px||false|false&#8220; custom_padding=&#8220;0px||0px||false|false&#8220; global_colors_info=&#8220;{}&#8220;]<\/p>\n<h4 style=\"text-align: center;\">MAI<\/h4>\n<p>[\/et_pb_text][et_pb_text _builder_version=&#8220;4.11.1&#8243; _module_preset=&#8220;default&#8220; header_4_font=&#8220;|800|||||||&#8220; header_4_text_color=&#8220;#b2b2b2&#8243; header_4_font_size=&#8220;25px&#8220; custom_margin=&#8220;10px||10px||false|false&#8220; custom_padding=&#8220;0px||0px||false|false&#8220; global_colors_info=&#8220;{}&#8220;]<\/p>\n<h4 style=\"text-align: center;\">JUNI<\/h4>\n<p>[\/et_pb_text][et_pb_text _builder_version=&#8220;4.11.1&#8243; _module_preset=&#8220;default&#8220; header_4_font=&#8220;|800|||||||&#8220; header_4_text_color=&#8220;#b2b2b2&#8243; header_4_font_size=&#8220;25px&#8220; custom_margin=&#8220;10px||10px||false|false&#8220; custom_padding=&#8220;0px||0px||false|false&#8220; global_colors_info=&#8220;{}&#8220;]<\/p>\n<h4 style=\"text-align: center;\">JULI<\/h4>\n<p>[\/et_pb_text][et_pb_text _builder_version=&#8220;4.11.1&#8243; _module_preset=&#8220;default&#8220; header_4_font=&#8220;|800|||||||&#8220; header_4_text_color=&#8220;#b2b2b2&#8243; header_4_font_size=&#8220;25px&#8220; custom_margin=&#8220;10px||10px||false|false&#8220; custom_padding=&#8220;0px||0px||false|false&#8220; global_colors_info=&#8220;{}&#8220;]<\/p>\n<h4 style=\"text-align: center;\">AUGUST<\/h4>\n<p>[\/et_pb_text][et_pb_text _builder_version=&#8220;4.11.1&#8243; _module_preset=&#8220;default&#8220; header_4_font=&#8220;|800|||||||&#8220; header_4_text_color=&#8220;#b2b2b2&#8243; header_4_font_size=&#8220;25px&#8220; custom_margin=&#8220;10px||10px||false|false&#8220; custom_padding=&#8220;0px||0px||false|false&#8220; global_colors_info=&#8220;{}&#8220;]<\/p>\n<h4 style=\"text-align: center;\">SEPTEMBER<\/h4>\n<p>[\/et_pb_text][et_pb_text _builder_version=&#8220;4.11.1&#8243; _module_preset=&#8220;default&#8220; header_4_font=&#8220;|800|||||||&#8220; header_4_text_color=&#8220;#b2b2b2&#8243; header_4_font_size=&#8220;25px&#8220; custom_margin=&#8220;10px||10px||false|false&#8220; custom_padding=&#8220;0px||0px||false|false&#8220; global_colors_info=&#8220;{}&#8220;]<\/p>\n<h4 style=\"text-align: center;\">OKTOBER<\/h4>\n<p>[\/et_pb_text][et_pb_text _builder_version=&#8220;4.11.1&#8243; _module_preset=&#8220;default&#8220; header_4_font=&#8220;|800|||||||&#8220; header_4_text_color=&#8220;#b2b2b2&#8243; header_4_font_size=&#8220;25px&#8220; custom_margin=&#8220;10px||10px||false|false&#8220; custom_padding=&#8220;0px||0px||false|false&#8220; global_colors_info=&#8220;{}&#8220;]<\/p>\n<h4 style=\"text-align: center;\">NOVEMBER<\/h4>\n<p>[\/et_pb_text][et_pb_text _builder_version=&#8220;4.11.1&#8243; _module_preset=&#8220;default&#8220; header_4_font=&#8220;|800|||||||&#8220; header_4_text_color=&#8220;#a3195c&#8220; header_4_font_size=&#8220;25px&#8220; custom_margin=&#8220;10px||10px||false|false&#8220; global_colors_info=&#8220;{}&#8220;]<\/p>\n<h4 style=\"text-align: center;\">DECEMBER<\/h4>\n<p>[\/et_pb_text][et_pb_image src=&#8220;https:\/\/longlifechallenge.eu\/wp-content\/uploads\/2021\/10\/manzana_v.png&#8220; title_text=&#8220;manzana_v&#8220; align=&#8220;center&#8220; _builder_version=&#8220;4.11.1&#8243; _module_preset=&#8220;default&#8220; custom_margin=&#8220;0px||0px||false|false&#8220; custom_padding=&#8220;0px||0px||false|false&#8220; scroll_vertical_motion_enable=&#8220;on&#8220; scroll_vertical_motion=&#8220;0|50|50|100|-6|0|0&#8243; scroll_vertical_motion_tablet=&#8220;&#8220; scroll_vertical_motion_phone=&#8220;0|50|50|100|-6|0|0&#8243; scroll_vertical_motion_last_edited=&#8220;on|phone&#8220; global_colors_info=&#8220;{}&#8220;][\/et_pb_image][\/et_pb_column][et_pb_column type=&#8220;1_2&#8243; _builder_version=&#8220;4.11.1&#8243; _module_preset=&#8220;default&#8220; global_colors_info=&#8220;{}&#8220;][et_pb_text _builder_version=&#8220;4.11.2&#8243; _module_preset=&#8220;default&#8220; header_text_color=&#8220;#a3195c&#8220; header_font_size=&#8220;60px&#8220; header_font_size_tablet=&#8220;&#8220; header_font_size_phone=&#8220;45px&#8220; header_font_size_last_edited=&#8220;on|phone&#8220; global_colors_info=&#8220;{}&#8220;]<\/p>\n<h1 style=\"text-align: center;\"><strong>\u00c4PFEL<\/strong><\/h1>\n<p>[\/et_pb_text][et_pb_text _builder_version=&#8220;4.11.1&#8243; _module_preset=&#8220;default&#8220; text_font_size=&#8220;16px&#8220; header_2_text_color=&#8220;#a3195c&#8220; global_colors_info=&#8220;{}&#8220;]<\/p>\n<h2 style=\"text-align: center;\"><strong>N\u00c4HRWERTE<\/strong><\/h2>\n<p>\u00c4pfel liefern Kohlenhydrate, vor allem in Form von Zuckern wie Fruktose, Glukose und Saccharose, und enthalten gro\u00dfe Mengen an Ballaststoffen, sowohl l\u00f6sliche als auch unl\u00f6sliche, wobei letztere am h\u00e4ufigsten vorkommen und zum korrekten Funktionieren des Verdauungssystems beitragen.<\/p>\n<p>\u00c4pfel liefern auch Kalium und Vitamin C, die zur gesamten Ern\u00e4hrung beitragen, sowie Flavonoide, die vor allem in der Apfelschale enthalten sind. Eine so vollst\u00e4ndige Frucht!<\/p>\n<p>[\/et_pb_text][et_pb_text _builder_version=&#8220;4.11.1&#8243; _module_preset=&#8220;default&#8220; text_font_size=&#8220;16px&#8220; header_2_text_color=&#8220;#a3195c&#8220; global_colors_info=&#8220;{}&#8220;]<\/p>\n<h2 style=\"text-align: center;\"><strong>EMPFEHLUNGEN<\/strong><\/h2>\n<p>Die zur Familie der Rosengew\u00e4chse geh\u00f6renden \u00c4pfel haben eine gr\u00fcne, gelbe oder r\u00f6tliche Schale und ein zartes oder empfindliches, knackiges Fruchtfleisch, dessen Geschmack von sauer bis s\u00fc\u00df reicht.<\/p>\n<p>Sie eignen sich hervorragend als Zwischenmahlzeit, als Bestandteil von Salaten oder ger\u00f6stet in Desserts.<\/p>\n<p>Polnische \u00c4pfel sind wegen ihres Geschmacks, ihrer Frische und ihrer ern\u00e4hrungsphysiologischen Eigenschaften eine der am meisten gesch\u00e4tzten Fr\u00fcchte.<\/p>\n<p>[\/et_pb_text][et_pb_image src=&#8220;https:\/\/longlifechallenge.eu\/wp-content\/uploads\/2021\/10\/harvest_apple.jpg&#8220; title_text=&#8220;harvest_apple&#8220; align=&#8220;center&#8220; _builder_version=&#8220;4.11.2&#8243; _module_preset=&#8220;default&#8220; global_colors_info=&#8220;{}&#8220;][\/et_pb_image][\/et_pb_column][\/et_pb_row][\/et_pb_section][et_pb_section fb_built=&#8220;1&#8243; admin_label=&#8220;Secci\u00f3n&#8220; _builder_version=&#8220;3.27.4&#8243; custom_padding=&#8220;68px||68px||true|&#8220; saved_tabs=&#8220;all&#8220; global_colors_info=&#8220;{}&#8220; global_module=&#8220;3404&#8243;][et_pb_row _builder_version=&#8220;4.11.2&#8243; width=&#8220;100%&#8220; max_width=&#8220;100%&#8220; custom_margin=&#8220;-40px||||false|false&#8220; global_colors_info=&#8220;{}&#8220;][et_pb_column type=&#8220;4_4&#8243; _builder_version=&#8220;3.27.4&#8243; global_colors_info=&#8220;{}&#8220;][dica_divi_carousel show_items_desktop=&#8220;4.25&#8243; centermode=&#8220;on&#8220; loop=&#8220;on&#8220; autoplay=&#8220;on&#8220; arrow_nav=&#8220;on&#8220; item_spacing=&#8220;20px&#8220; item_spacing_last_edited=&#8220;off|desktop&#8220; advanced_effect=&#8220;1&#8243; arrow_nav_color=&#8220;#ffffff&#8220; arrow_bg_color=&#8220;#242424&#8243; title_background=&#8220;RGBA(0,0,0,0)&#8220; content_container_margin=&#8220;-100px||||false|false&#8220; content_container_padding=&#8220;|25px|46px|25px|false|false&#8220; _builder_version=&#8220;4.11.2&#8243; title_font=&#8220;|700|||||||&#8220; title_text_align=&#8220;left&#8220; title_text_color=&#8220;#FFFFFF&#8220; title_font_size=&#8220;15px&#8220; subtitle_font=&#8220;|700|||||||&#8220; subtitle_text_color=&#8220;#ffffff&#8220; subtitle_font_size=&#8220;12px&#8220; border_radii_image=&#8220;on|8px|8px|8px|8px&#8220; global_colors_info=&#8220;{}&#8220;][dica_divi_carouselitem button_url_new_window=&#8220;1&#8243; image=&#8220;https:\/\/longlifechallenge.eu\/wp-content\/uploads\/2021\/10\/oranges.jpg&#8220; _builder_version=&#8220;4.11.2&#8243; _dynamic_attributes=&#8220;link_option_url&#8220; link_option_url=&#8220;@ET-DC@eyJkeW5hbWljIjp0cnVlLCJjb250ZW50IjoicG9zdF9saW5rX3VybF9wYWdlIiwic2V0dGluZ3MiOnsicG9zdF9pZCI6IjY0MiJ9fQ==@&#8220; global_colors_info=&#8220;{}&#8220;][\/dica_divi_carouselitem][dica_divi_carouselitem button_url_new_window=&#8220;1&#8243; image=&#8220;https:\/\/longlifechallenge.eu\/wp-content\/uploads\/2021\/10\/mandarina-en.jpg&#8220; _builder_version=&#8220;4.11.2&#8243; _dynamic_attributes=&#8220;link_option_url&#8220; link_option_url=&#8220;@ET-DC@eyJkeW5hbWljIjp0cnVlLCJjb250ZW50IjoicG9zdF9saW5rX3VybF9wYWdlIiwic2V0dGluZ3MiOnsicG9zdF9pZCI6IjY5MyJ9fQ==@&#8220; global_colors_info=&#8220;{}&#8220;][\/dica_divi_carouselitem][dica_divi_carouselitem button_url_new_window=&#8220;1&#8243; image=&#8220;https:\/\/longlifechallenge.eu\/wp-content\/uploads\/2021\/10\/fresas_en.jpg&#8220; _builder_version=&#8220;4.11.2&#8243; _dynamic_attributes=&#8220;link_option_url&#8220; link_option_url=&#8220;@ET-DC@eyJkeW5hbWljIjp0cnVlLCJjb250ZW50IjoicG9zdF9saW5rX3VybF9wYWdlIiwic2V0dGluZ3MiOnsicG9zdF9pZCI6IjY5NSJ9fQ==@&#8220; global_colors_info=&#8220;{}&#8220;][\/dica_divi_carouselitem][dica_divi_carouselitem button_url_new_window=&#8220;1&#8243; image=&#8220;https:\/\/longlifechallenge.eu\/wp-content\/uploads\/2021\/10\/brocoli_en.jpg&#8220; _builder_version=&#8220;4.11.2&#8243; _dynamic_attributes=&#8220;link_option_url&#8220; link_option_url=&#8220;@ET-DC@eyJkeW5hbWljIjp0cnVlLCJjb250ZW50IjoicG9zdF9saW5rX3VybF9wYWdlIiwic2V0dGluZ3MiOnsicG9zdF9pZCI6IjY5NyJ9fQ==@&#8220; global_colors_info=&#8220;{}&#8220;][\/dica_divi_carouselitem][dica_divi_carouselitem button_url_new_window=&#8220;1&#8243; image=&#8220;https:\/\/longlifechallenge.eu\/wp-content\/uploads\/2021\/11\/esparragoconfondo.jpg&#8220; _builder_version=&#8220;4.11.2&#8243; global_colors_info=&#8220;{}&#8220;][\/dica_divi_carouselitem][dica_divi_carouselitem button_url_new_window=&#8220;1&#8243; image=&#8220;https:\/\/longlifechallenge.eu\/wp-content\/uploads\/2021\/10\/manzana-en.jpg&#8220; _builder_version=&#8220;4.11.2&#8243; _dynamic_attributes=&#8220;link_option_url&#8220; link_option_url=&#8220;@ET-DC@eyJkeW5hbWljIjp0cnVlLCJjb250ZW50IjoicG9zdF9saW5rX3VybF9wYWdlIiwic2V0dGluZ3MiOnsicG9zdF9pZCI6IjcwMSJ9fQ==@&#8220; global_colors_info=&#8220;{}&#8220;][\/dica_divi_carouselitem][dica_divi_carouselitem button_url_new_window=&#8220;1&#8243; image=&#8220;https:\/\/longlifechallenge.eu\/wp-content\/uploads\/2021\/10\/Arandanos_es.jpg&#8220; _builder_version=&#8220;4.11.2&#8243; _dynamic_attributes=&#8220;link_option_url&#8220; link_option_url=&#8220;@ET-DC@eyJkeW5hbWljIjp0cnVlLCJjb250ZW50IjoicG9zdF9saW5rX3VybF9wYWdlIiwic2V0dGluZ3MiOnsicG9zdF9pZCI6IjcwMyJ9fQ==@&#8220; global_colors_info=&#8220;{}&#8220;][\/dica_divi_carouselitem][\/dica_divi_carousel][\/et_pb_column][\/et_pb_row][\/et_pb_section]<\/p>\n","protected":false},"excerpt":{"rendered":"<p>SAISONJANUARFEBRUARM\u00c4RZAPRILMAIJUNIJULIAUGUSTSEPTEMBEROKTOBERNOVEMBERDECEMBER\u00c4PFELN\u00c4HRWERTE \u00c4pfel liefern Kohlenhydrate, vor allem in Form von Zuckern wie Fruktose, Glukose und Saccharose, und enthalten gro\u00dfe Mengen an Ballaststoffen, sowohl l\u00f6sliche als auch unl\u00f6sliche, wobei letztere am h\u00e4ufigsten vorkommen und zum korrekten Funktionieren des Verdauungssystems beitragen. \u00c4pfel liefern auch Kalium und Vitamin C, die zur gesamten Ern\u00e4hrung beitragen, sowie Flavonoide, die vor allem [&hellip;]<\/p>\n","protected":false},"author":1,"featured_media":0,"parent":0,"menu_order":0,"comment_status":"closed","ping_status":"closed","template":"","meta":{"_et_pb_use_builder":"on","_et_pb_old_content":"","_et_gb_content_width":"","footnotes":""},"_links":{"self":[{"href":"https:\/\/longlifechallenge.eu\/de\/wp-json\/wp\/v2\/pages\/861"}],"collection":[{"href":"https:\/\/longlifechallenge.eu\/de\/wp-json\/wp\/v2\/pages"}],"about":[{"href":"https:\/\/longlifechallenge.eu\/de\/wp-json\/wp\/v2\/types\/page"}],"author":[{"embeddable":true,"href":"https:\/\/longlifechallenge.eu\/de\/wp-json\/wp\/v2\/users\/1"}],"replies":[{"embeddable":true,"href":"https:\/\/longlifechallenge.eu\/de\/wp-json\/wp\/v2\/comments?post=861"}],"version-history":[{"count":6,"href":"https:\/\/longlifechallenge.eu\/de\/wp-json\/wp\/v2\/pages\/861\/revisions"}],"predecessor-version":[{"id":3427,"href":"https:\/\/longlifechallenge.eu\/de\/wp-json\/wp\/v2\/pages\/861\/revisions\/3427"}],"wp:attachment":[{"href":"https:\/\/longlifechallenge.eu\/de\/wp-json\/wp\/v2\/media?parent=861"}],"curies":[{"name":"wp","href":"https:\/\/api.w.org\/{rel}","templated":true}]}}