{"id":853,"date":"2021-10-11T16:49:16","date_gmt":"2021-10-11T16:49:16","guid":{"rendered":"https:\/\/tacticseurope.com\/demos\/5aldia\/mandarinen-und-clementinen\/"},"modified":"2021-11-06T12:42:29","modified_gmt":"2021-11-06T12:42:29","slug":"mandarinen-und-clementinen","status":"publish","type":"page","link":"https:\/\/longlifechallenge.eu\/de\/mandarinen-und-clementinen\/","title":{"rendered":"Mandarinen und Clementinen"},"content":{"rendered":"<p>[et_pb_section fb_built=&#8220;1&#8243; custom_padding_last_edited=&#8220;on|phone&#8220; _builder_version=&#8220;4.11.1&#8243; _module_preset=&#8220;default&#8220; custom_margin_tablet=&#8220;&#8220; custom_margin_phone=&#8220;||-24px||false|false&#8220; custom_margin_last_edited=&#8220;on|phone&#8220; custom_padding=&#8220;0px||||false|false&#8220; custom_padding_tablet=&#8220;&#8220; custom_padding_phone=&#8220;||0px||false|false&#8220; global_colors_info=&#8220;{}&#8220;][et_pb_row column_structure=&#8220;1_2,1_2&#8243; _builder_version=&#8220;4.11.1&#8243; _module_preset=&#8220;default&#8220; global_colors_info=&#8220;{}&#8220;][et_pb_column type=&#8220;1_2&#8243; _builder_version=&#8220;4.11.1&#8243; _module_preset=&#8220;default&#8220; global_colors_info=&#8220;{}&#8220;][et_pb_image src=&#8220;https:\/\/longlifechallenge.eu\/wp-content\/uploads\/2021\/10\/mandarina-en.jpg&#8220; title_text=&#8220;mandarina-en&#8220; _builder_version=&#8220;4.11.1&#8243; _module_preset=&#8220;default&#8220; global_colors_info=&#8220;{}&#8220;][\/et_pb_image][et_pb_text _builder_version=&#8220;4.11.1&#8243; _module_preset=&#8220;default&#8220; header_text_color=&#8220;#a3195c&#8220; global_colors_info=&#8220;{}&#8220;]<\/p>\n<h1 style=\"text-align: center;\"><strong>SAISON<\/strong><\/h1>\n<h3 style=\"text-align: center;\"><strong>MANDARINEN<\/strong><\/h3>\n<p>[\/et_pb_text][et_pb_text _builder_version=&#8220;4.11.1&#8243; _module_preset=&#8220;default&#8220; header_4_font=&#8220;|800|||||||&#8220; header_4_text_color=&#8220;#a3195c&#8220; header_4_font_size=&#8220;25px&#8220; global_colors_info=&#8220;{}&#8220;]<\/p>\n<h4 style=\"text-align: center;\">OKTOBER<\/h4>\n<p>[\/et_pb_text][et_pb_text _builder_version=&#8220;4.11.1&#8243; _module_preset=&#8220;default&#8220; header_4_font=&#8220;|800|||||||&#8220; header_4_text_color=&#8220;#b2b2b2&#8243; header_4_font_size=&#8220;25px&#8220; custom_margin=&#8220;-10px||10px||false|false&#8220; custom_padding=&#8220;0px||||false|false&#8220; global_colors_info=&#8220;{}&#8220;]<\/p>\n<h4 style=\"text-align: center;\">NOVEMBER<\/h4>\n<p>[\/et_pb_text][et_pb_text _builder_version=&#8220;4.11.1&#8243; _module_preset=&#8220;default&#8220; header_4_font=&#8220;|800|||||||&#8220; header_4_text_color=&#8220;#b2b2b2&#8243; header_4_font_size=&#8220;25px&#8220; custom_margin=&#8220;10px||10px||false|false&#8220; custom_padding=&#8220;0px||0px||false|false&#8220; global_colors_info=&#8220;{}&#8220;]<\/p>\n<h4 style=\"text-align: center;\">DECEMBER<\/h4>\n<p>[\/et_pb_text][et_pb_text _builder_version=&#8220;4.11.1&#8243; _module_preset=&#8220;default&#8220; header_4_font=&#8220;|800|||||||&#8220; header_4_text_color=&#8220;#b2b2b2&#8243; header_4_font_size=&#8220;25px&#8220; custom_margin=&#8220;10px||10px||false|false&#8220; custom_padding=&#8220;0px||0px||false|false&#8220; global_colors_info=&#8220;{}&#8220;]<\/p>\n<h4 style=\"text-align: center;\">JANUAR<\/h4>\n<p>[\/et_pb_text][et_pb_text _builder_version=&#8220;4.11.1&#8243; _module_preset=&#8220;default&#8220; header_4_font=&#8220;|800|||||||&#8220; header_4_text_color=&#8220;#b2b2b2&#8243; header_4_font_size=&#8220;25px&#8220; custom_margin=&#8220;10px||10px||false|false&#8220; custom_padding=&#8220;0px||0px||false|false&#8220; global_colors_info=&#8220;{}&#8220;]<\/p>\n<h4 style=\"text-align: center;\">FEBRUAR<\/h4>\n<p>[\/et_pb_text][et_pb_text _builder_version=&#8220;4.11.1&#8243; _module_preset=&#8220;default&#8220; header_4_font=&#8220;|800|||||||&#8220; header_4_text_color=&#8220;#b2b2b2&#8243; header_4_font_size=&#8220;25px&#8220; custom_margin=&#8220;10px||10px||false|false&#8220; custom_padding=&#8220;0px||0px||false|false&#8220; global_colors_info=&#8220;{}&#8220;]<\/p>\n<h4 style=\"text-align: center;\">M\u00c4RZ<\/h4>\n<p>[\/et_pb_text][et_pb_text _builder_version=&#8220;4.11.1&#8243; _module_preset=&#8220;default&#8220; header_text_color=&#8220;#a3195c&#8220; header_4_font=&#8220;|800|||||||&#8220; header_4_text_color=&#8220;#a3195c&#8220; header_4_font_size=&#8220;25px&#8220; custom_margin=&#8220;10px||10px||false|false&#8220; custom_padding=&#8220;0px||0px||false|false&#8220; global_colors_info=&#8220;{}&#8220;]<\/p>\n<h4 style=\"text-align: center;\">APRIL<\/h4>\n<p>[\/et_pb_text][et_pb_image src=&#8220;https:\/\/longlifechallenge.eu\/wp-content\/uploads\/2021\/10\/mandarina_v.png&#8220; title_text=&#8220;mandarina_v&#8220; align=&#8220;center&#8220; _builder_version=&#8220;4.11.1&#8243; _module_preset=&#8220;default&#8220; custom_margin=&#8220;0px||0px||false|false&#8220; custom_padding=&#8220;0px||0px||false|false&#8220; scroll_vertical_motion_enable=&#8220;on&#8220; scroll_vertical_motion=&#8220;0|50|50|100|-3.5|0|0&#8243; scroll_vertical_motion_tablet=&#8220;&#8220; scroll_vertical_motion_phone=&#8220;&#8220; scroll_vertical_motion_last_edited=&#8220;on|phone&#8220; global_colors_info=&#8220;{}&#8220;][\/et_pb_image][et_pb_text _builder_version=&#8220;4.11.1&#8243; _module_preset=&#8220;default&#8220; custom_margin=&#8220;44px||||false|false&#8220; global_colors_info=&#8220;{}&#8220;]<\/p>\n<h3 style=\"text-align: center;\"><strong>CLEMENTINEN<\/strong><\/h3>\n<p>[\/et_pb_text][et_pb_text _builder_version=&#8220;4.11.1&#8243; _module_preset=&#8220;default&#8220; header_4_font=&#8220;|800|||||||&#8220; header_4_text_color=&#8220;#a3195c&#8220; header_4_font_size=&#8220;25px&#8220; global_colors_info=&#8220;{}&#8220;]<\/p>\n<h4 style=\"text-align: center;\">OKTOBER<\/h4>\n<p>[\/et_pb_text][et_pb_text _builder_version=&#8220;4.11.1&#8243; _module_preset=&#8220;default&#8220; header_4_font=&#8220;|800|||||||&#8220; header_4_text_color=&#8220;#b2b2b2&#8243; header_4_font_size=&#8220;25px&#8220; custom_margin=&#8220;-10px||10px||false|false&#8220; custom_padding=&#8220;0px||||false|false&#8220; global_colors_info=&#8220;{}&#8220;]<\/p>\n<h4 style=\"text-align: center;\">NOVEMBER<\/h4>\n<p>[\/et_pb_text][et_pb_text _builder_version=&#8220;4.11.1&#8243; _module_preset=&#8220;default&#8220; header_4_font=&#8220;|800|||||||&#8220; header_4_text_color=&#8220;#b2b2b2&#8243; header_4_font_size=&#8220;25px&#8220; custom_margin=&#8220;10px||10px||false|false&#8220; custom_padding=&#8220;0px||0px||false|false&#8220; global_colors_info=&#8220;{}&#8220;]<\/p>\n<h4 style=\"text-align: center;\">DECEMBER<\/h4>\n<p>[\/et_pb_text][et_pb_text _builder_version=&#8220;4.11.1&#8243; _module_preset=&#8220;default&#8220; header_4_font=&#8220;|800|||||||&#8220; header_4_text_color=&#8220;#a3195c&#8220; header_4_font_size=&#8220;25px&#8220; custom_margin=&#8220;10px||10px||false|false&#8220; custom_padding=&#8220;0px||0px||false|false&#8220; global_colors_info=&#8220;{}&#8220;]<\/p>\n<h4 style=\"text-align: center;\">JANUAR<\/h4>\n<p>[\/et_pb_text][\/et_pb_column][et_pb_column type=&#8220;1_2&#8243; _builder_version=&#8220;4.11.1&#8243; _module_preset=&#8220;default&#8220; global_colors_info=&#8220;{}&#8220;][et_pb_text _builder_version=&#8220;4.11.1&#8243; _module_preset=&#8220;default&#8220; header_text_color=&#8220;#a3195c&#8220; header_font_size=&#8220;60px&#8220; header_font_size_tablet=&#8220;&#8220; header_font_size_phone=&#8220;42px&#8220; header_font_size_last_edited=&#8220;on|phone&#8220; global_colors_info=&#8220;{}&#8220;]<\/p>\n<h1 style=\"text-align: center;\"><strong>MANDARINEN UND CLEMENTINEN<\/strong><\/h1>\n<p>[\/et_pb_text][et_pb_text _builder_version=&#8220;4.11.1&#8243; _module_preset=&#8220;default&#8220; text_font_size=&#8220;16px&#8220; header_2_text_color=&#8220;#a3195c&#8220; global_colors_info=&#8220;{}&#8220;]<\/p>\n<h2 style=\"text-align: center;\"><strong>N\u00c4HRWERTE<\/strong><\/h2>\n<p>Genau wie Orangen enthalten Mandarinen verschiedene Mineralien und Vitamine in einem ausgewogenen Verh\u00e4ltnis sowie einen hohen Gehalt an Vitamin C, was ihnen eine gro\u00dfe antioxidative Kapazit\u00e4t verleiht.<\/p>\n<p>Au\u00dferdem bestehen Mandarinen haupts\u00e4chlich aus Wasser, weshalb sie erfrischend und feuchtigkeitsspendend f\u00fcr unseren K\u00f6rper sind und dank ihres Ballaststoffgehalts die Verdauung f\u00f6rdern.<\/p>\n<p>[\/et_pb_text][et_pb_text _builder_version=&#8220;4.11.1&#8243; _module_preset=&#8220;default&#8220; text_font_size=&#8220;16px&#8220; header_2_text_color=&#8220;#a3195c&#8220; global_colors_info=&#8220;{}&#8220;]<\/p>\n<h2 style=\"text-align: center;\"><strong>EMPFEHLUNGEN<\/strong><\/h2>\n<p>Saftig, fruchtig und k\u00f6stlich &#8211; Mandarinen sind eine der beliebtesten Fr\u00fcchte bei Verbrauchern, die einen schnellen und gesunden Snack suchen.<\/p>\n<p>Ob gr\u00f6\u00dfer, kleiner, s\u00fc\u00dfer oder saurer&#8230; Es gibt viele verschiedene Sorten Mandarinen, die den unterschiedlichen Geschm\u00e4ckern der Verbraucher gerecht werden.<\/p>\n<p>Da sie leicht zu transportieren sind und leicht sch\u00e4len lassen, sind Clementinen der perfekte gesunde Snack f\u00fcr unterwegs.<\/p>\n<p>Ein kleiner Tipp: Mandarinen reifen nach der Ernte nicht weiter, sie sind also sofort nach der Ernte verzehrfertig!<\/p>\n<p>[\/et_pb_text][et_pb_image src=&#8220;https:\/\/longlifechallenge.eu\/wp-content\/uploads\/2021\/10\/imagen_mandarina.jpg&#8220; title_text=&#8220;imagen_mandarina&#8220; align=&#8220;center&#8220; _builder_version=&#8220;4.11.2&#8243; _module_preset=&#8220;default&#8220; global_colors_info=&#8220;{}&#8220;][\/et_pb_image][\/et_pb_column][\/et_pb_row][\/et_pb_section][et_pb_section fb_built=&#8220;1&#8243; admin_label=&#8220;Secci\u00f3n&#8220; _builder_version=&#8220;3.27.4&#8243; custom_padding=&#8220;68px||68px||true|&#8220; saved_tabs=&#8220;all&#8220; global_colors_info=&#8220;{}&#8220; global_module=&#8220;3404&#8243;][et_pb_row _builder_version=&#8220;4.11.2&#8243; width=&#8220;100%&#8220; max_width=&#8220;100%&#8220; custom_margin=&#8220;-40px||||false|false&#8220; global_colors_info=&#8220;{}&#8220;][et_pb_column type=&#8220;4_4&#8243; _builder_version=&#8220;3.27.4&#8243; global_colors_info=&#8220;{}&#8220;][dica_divi_carousel show_items_desktop=&#8220;4.25&#8243; centermode=&#8220;on&#8220; loop=&#8220;on&#8220; autoplay=&#8220;on&#8220; arrow_nav=&#8220;on&#8220; item_spacing=&#8220;20px&#8220; item_spacing_last_edited=&#8220;off|desktop&#8220; advanced_effect=&#8220;1&#8243; arrow_nav_color=&#8220;#ffffff&#8220; arrow_bg_color=&#8220;#242424&#8243; title_background=&#8220;RGBA(0,0,0,0)&#8220; content_container_margin=&#8220;-100px||||false|false&#8220; content_container_padding=&#8220;|25px|46px|25px|false|false&#8220; _builder_version=&#8220;4.11.2&#8243; title_font=&#8220;|700|||||||&#8220; title_text_align=&#8220;left&#8220; title_text_color=&#8220;#FFFFFF&#8220; title_font_size=&#8220;15px&#8220; subtitle_font=&#8220;|700|||||||&#8220; subtitle_text_color=&#8220;#ffffff&#8220; subtitle_font_size=&#8220;12px&#8220; border_radii_image=&#8220;on|8px|8px|8px|8px&#8220; global_colors_info=&#8220;{}&#8220;][dica_divi_carouselitem button_url_new_window=&#8220;1&#8243; image=&#8220;https:\/\/longlifechallenge.eu\/wp-content\/uploads\/2021\/10\/oranges.jpg&#8220; _builder_version=&#8220;4.11.2&#8243; _dynamic_attributes=&#8220;link_option_url&#8220; link_option_url=&#8220;@ET-DC@eyJkeW5hbWljIjp0cnVlLCJjb250ZW50IjoicG9zdF9saW5rX3VybF9wYWdlIiwic2V0dGluZ3MiOnsicG9zdF9pZCI6IjY0MiJ9fQ==@&#8220; global_colors_info=&#8220;{}&#8220;][\/dica_divi_carouselitem][dica_divi_carouselitem button_url_new_window=&#8220;1&#8243; image=&#8220;https:\/\/longlifechallenge.eu\/wp-content\/uploads\/2021\/10\/mandarina-en.jpg&#8220; _builder_version=&#8220;4.11.2&#8243; _dynamic_attributes=&#8220;link_option_url&#8220; link_option_url=&#8220;@ET-DC@eyJkeW5hbWljIjp0cnVlLCJjb250ZW50IjoicG9zdF9saW5rX3VybF9wYWdlIiwic2V0dGluZ3MiOnsicG9zdF9pZCI6IjY5MyJ9fQ==@&#8220; global_colors_info=&#8220;{}&#8220;][\/dica_divi_carouselitem][dica_divi_carouselitem button_url_new_window=&#8220;1&#8243; image=&#8220;https:\/\/longlifechallenge.eu\/wp-content\/uploads\/2021\/10\/fresas_en.jpg&#8220; _builder_version=&#8220;4.11.2&#8243; _dynamic_attributes=&#8220;link_option_url&#8220; link_option_url=&#8220;@ET-DC@eyJkeW5hbWljIjp0cnVlLCJjb250ZW50IjoicG9zdF9saW5rX3VybF9wYWdlIiwic2V0dGluZ3MiOnsicG9zdF9pZCI6IjY5NSJ9fQ==@&#8220; global_colors_info=&#8220;{}&#8220;][\/dica_divi_carouselitem][dica_divi_carouselitem button_url_new_window=&#8220;1&#8243; image=&#8220;https:\/\/longlifechallenge.eu\/wp-content\/uploads\/2021\/10\/brocoli_en.jpg&#8220; _builder_version=&#8220;4.11.2&#8243; _dynamic_attributes=&#8220;link_option_url&#8220; link_option_url=&#8220;@ET-DC@eyJkeW5hbWljIjp0cnVlLCJjb250ZW50IjoicG9zdF9saW5rX3VybF9wYWdlIiwic2V0dGluZ3MiOnsicG9zdF9pZCI6IjY5NyJ9fQ==@&#8220; global_colors_info=&#8220;{}&#8220;][\/dica_divi_carouselitem][dica_divi_carouselitem button_url_new_window=&#8220;1&#8243; image=&#8220;https:\/\/longlifechallenge.eu\/wp-content\/uploads\/2021\/11\/esparragoconfondo.jpg&#8220; _builder_version=&#8220;4.11.2&#8243; global_colors_info=&#8220;{}&#8220;][\/dica_divi_carouselitem][dica_divi_carouselitem button_url_new_window=&#8220;1&#8243; image=&#8220;https:\/\/longlifechallenge.eu\/wp-content\/uploads\/2021\/10\/manzana-en.jpg&#8220; _builder_version=&#8220;4.11.2&#8243; _dynamic_attributes=&#8220;link_option_url&#8220; link_option_url=&#8220;@ET-DC@eyJkeW5hbWljIjp0cnVlLCJjb250ZW50IjoicG9zdF9saW5rX3VybF9wYWdlIiwic2V0dGluZ3MiOnsicG9zdF9pZCI6IjcwMSJ9fQ==@&#8220; global_colors_info=&#8220;{}&#8220;][\/dica_divi_carouselitem][dica_divi_carouselitem button_url_new_window=&#8220;1&#8243; image=&#8220;https:\/\/longlifechallenge.eu\/wp-content\/uploads\/2021\/10\/Arandanos_es.jpg&#8220; _builder_version=&#8220;4.11.2&#8243; _dynamic_attributes=&#8220;link_option_url&#8220; link_option_url=&#8220;@ET-DC@eyJkeW5hbWljIjp0cnVlLCJjb250ZW50IjoicG9zdF9saW5rX3VybF9wYWdlIiwic2V0dGluZ3MiOnsicG9zdF9pZCI6IjcwMyJ9fQ==@&#8220; global_colors_info=&#8220;{}&#8220;][\/dica_divi_carouselitem][\/dica_divi_carousel][\/et_pb_column][\/et_pb_row][\/et_pb_section]<\/p>\n","protected":false},"excerpt":{"rendered":"<p>SAISON MANDARINENOKTOBERNOVEMBERDECEMBERJANUARFEBRUARM\u00c4RZAPRILCLEMENTINENOKTOBERNOVEMBERDECEMBERJANUARMANDARINEN UND CLEMENTINENN\u00c4HRWERTE Genau wie Orangen enthalten Mandarinen verschiedene Mineralien und Vitamine in einem ausgewogenen Verh\u00e4ltnis sowie einen hohen Gehalt an Vitamin C, was ihnen eine gro\u00dfe antioxidative Kapazit\u00e4t verleiht. Au\u00dferdem bestehen Mandarinen haupts\u00e4chlich aus Wasser, weshalb sie erfrischend und feuchtigkeitsspendend f\u00fcr unseren K\u00f6rper sind und dank ihres Ballaststoffgehalts die Verdauung f\u00f6rdern.EMPFEHLUNGEN Saftig, fruchtig [&hellip;]<\/p>\n","protected":false},"author":1,"featured_media":0,"parent":0,"menu_order":0,"comment_status":"closed","ping_status":"closed","template":"","meta":{"_et_pb_use_builder":"on","_et_pb_old_content":"","_et_gb_content_width":"","footnotes":""},"_links":{"self":[{"href":"https:\/\/longlifechallenge.eu\/de\/wp-json\/wp\/v2\/pages\/853"}],"collection":[{"href":"https:\/\/longlifechallenge.eu\/de\/wp-json\/wp\/v2\/pages"}],"about":[{"href":"https:\/\/longlifechallenge.eu\/de\/wp-json\/wp\/v2\/types\/page"}],"author":[{"embeddable":true,"href":"https:\/\/longlifechallenge.eu\/de\/wp-json\/wp\/v2\/users\/1"}],"replies":[{"embeddable":true,"href":"https:\/\/longlifechallenge.eu\/de\/wp-json\/wp\/v2\/comments?post=853"}],"version-history":[{"count":5,"href":"https:\/\/longlifechallenge.eu\/de\/wp-json\/wp\/v2\/pages\/853\/revisions"}],"predecessor-version":[{"id":3422,"href":"https:\/\/longlifechallenge.eu\/de\/wp-json\/wp\/v2\/pages\/853\/revisions\/3422"}],"wp:attachment":[{"href":"https:\/\/longlifechallenge.eu\/de\/wp-json\/wp\/v2\/media?parent=853"}],"curies":[{"name":"wp","href":"https:\/\/api.w.org\/{rel}","templated":true}]}}