{"id":847,"date":"2021-10-11T16:37:33","date_gmt":"2021-10-11T16:37:33","guid":{"rendered":"https:\/\/tacticseurope.com\/demos\/5aldia\/die-kampagne\/"},"modified":"2021-11-06T10:53:01","modified_gmt":"2021-11-06T10:53:01","slug":"die-kampagne","status":"publish","type":"page","link":"https:\/\/longlifechallenge.eu\/de\/die-kampagne\/","title":{"rendered":"Die Kampagne"},"content":{"rendered":"<p>[et_pb_section fb_built=&#8220;1&#8243; _builder_version=&#8220;4.9.10&#8243; _module_preset=&#8220;default&#8220; custom_margin=&#8220;||50px||false|false&#8220; global_colors_info=&#8220;{}&#8220;][et_pb_row column_structure=&#8220;1_2,1_2&#8243; _builder_version=&#8220;4.9.10&#8243; _module_preset=&#8220;default&#8220; z_index=&#8220;75&#8243; global_colors_info=&#8220;{}&#8220;][et_pb_column type=&#8220;1_2&#8243; _builder_version=&#8220;4.9.10&#8243; _module_preset=&#8220;default&#8220; global_colors_info=&#8220;{}&#8220;][et_pb_image src=&#8220;https:\/\/longlifechallenge.eu\/wp-content\/uploads\/2021\/11\/Gen_DE.jpg&#8220; title_text=&#8220;01_grafica_generica_healthy DE&#8220; _builder_version=&#8220;4.11.2&#8243; _module_preset=&#8220;default&#8220; hover_enabled=&#8220;0&#8243; global_colors_info=&#8220;{}&#8220; sticky_enabled=&#8220;0&#8243;][\/et_pb_image][\/et_pb_column][et_pb_column type=&#8220;1_2&#8243; _builder_version=&#8220;4.9.10&#8243; _module_preset=&#8220;default&#8220; global_colors_info=&#8220;{}&#8220;][et_pb_text _builder_version=&#8220;4.11.1&#8243; _module_preset=&#8220;default&#8220; text_font_size=&#8220;16px&#8220; header_text_align=&#8220;center&#8220; header_text_color=&#8220;#a3195c&#8220; header_line_height=&#8220;1.2em&#8220; global_colors_info=&#8220;{}&#8220;]<\/p>\n<h1><strong>DIE GES\u00dcNDESTE HERAUSFORDERUNG EUROPAS IST DA<\/strong><\/h1>\n<p>&nbsp;<\/p>\n<p>Um ein ges\u00fcnderes und ausgewogeneres Leben zu f\u00fchren, muss man keine olympische Anstrengung unternehmen und auch kein Spitzensportler sein. Es gen\u00fcgen ein paar kleine allt\u00e4gliche Gesten, wie z. B. Obst und Gem\u00fcse auf dem Teller zu haben. So einfach ist das!<\/p>\n<p>Es ist so einfach, wie den Tag mit Orange Power zu beginnen, mit der Energie und den Vitaminen von Orangen und Mandarinen aus Spanien.<\/p>\n<p>Wie einen Apfel mit zur Arbeit zu nehmen und zu entdecken, dass ein Snack auch gesund sein kann.<\/p>\n<p>Wie mit Spargel und Brokkoli seine gr\u00fcne Ader zu zeigen und zu entdecken, dass ein Salat alles andere als langweilig ist!<\/p>\n<p>Oder beerenstark zu werden mit einer Schale frischer Erdbeeren oder einem Blaubeer-Smoothie vor oder nach dem Sport!<\/p>\n<p>Worauf warten Sie noch? Machen Sie mit bei der ges\u00fcndesten Herausforderung Europas!<\/p>\n<p>Nehmen Sie an der #LongLifeChallenge teil und setzen sich f\u00fcr ein besseres Leben ein, indem Sie 5 Fr\u00fcchte und Gem\u00fcse t\u00e4glich essen.<\/p>\n<p>[\/et_pb_text][\/et_pb_column][\/et_pb_row][et_pb_row _builder_version=&#8220;4.11.2&#8243; _module_preset=&#8220;default&#8220; width=&#8220;50%&#8220; module_alignment=&#8220;center&#8220; global_colors_info=&#8220;{}&#8220;][et_pb_column type=&#8220;4_4&#8243; _builder_version=&#8220;4.9.10&#8243; _module_preset=&#8220;default&#8220; global_colors_info=&#8220;{}&#8220;][et_pb_image src=&#8220;https:\/\/longlifechallenge.eu\/wp-content\/uploads\/2021\/10\/Naranjas-DE.jpg&#8220; title_text=&#8220;02_grafica_healthy_naranjas_sebastian DE&#8220; align=&#8220;center&#8220; _builder_version=&#8220;4.11.2&#8243; _module_preset=&#8220;default&#8220; global_colors_info=&#8220;{}&#8220;][\/et_pb_image][\/et_pb_column][\/et_pb_row][\/et_pb_section]<\/p>\n","protected":false},"excerpt":{"rendered":"<p>DIE GES\u00dcNDESTE HERAUSFORDERUNG EUROPAS IST DA &nbsp; Um ein ges\u00fcnderes und ausgewogeneres Leben zu f\u00fchren, muss man keine olympische Anstrengung unternehmen und auch kein Spitzensportler sein. Es gen\u00fcgen ein paar kleine allt\u00e4gliche Gesten, wie z. B. Obst und Gem\u00fcse auf dem Teller zu haben. So einfach ist das! Es ist so einfach, wie den Tag [&hellip;]<\/p>\n","protected":false},"author":1,"featured_media":0,"parent":0,"menu_order":0,"comment_status":"closed","ping_status":"closed","template":"","meta":{"_et_pb_use_builder":"on","_et_pb_old_content":"","_et_gb_content_width":"","footnotes":""},"_links":{"self":[{"href":"https:\/\/longlifechallenge.eu\/de\/wp-json\/wp\/v2\/pages\/847"}],"collection":[{"href":"https:\/\/longlifechallenge.eu\/de\/wp-json\/wp\/v2\/pages"}],"about":[{"href":"https:\/\/longlifechallenge.eu\/de\/wp-json\/wp\/v2\/types\/page"}],"author":[{"embeddable":true,"href":"https:\/\/longlifechallenge.eu\/de\/wp-json\/wp\/v2\/users\/1"}],"replies":[{"embeddable":true,"href":"https:\/\/longlifechallenge.eu\/de\/wp-json\/wp\/v2\/comments?post=847"}],"version-history":[{"count":7,"href":"https:\/\/longlifechallenge.eu\/de\/wp-json\/wp\/v2\/pages\/847\/revisions"}],"predecessor-version":[{"id":3284,"href":"https:\/\/longlifechallenge.eu\/de\/wp-json\/wp\/v2\/pages\/847\/revisions\/3284"}],"wp:attachment":[{"href":"https:\/\/longlifechallenge.eu\/de\/wp-json\/wp\/v2\/media?parent=847"}],"curies":[{"name":"wp","href":"https:\/\/api.w.org\/{rel}","templated":true}]}}