{"id":4007,"date":"2023-07-03T07:14:22","date_gmt":"2023-07-03T07:14:22","guid":{"rendered":"https:\/\/longlifechallenge.eu\/unsere-athleten\/florent-manaudou\/"},"modified":"2023-07-03T07:33:36","modified_gmt":"2023-07-03T07:33:36","slug":"florent-manaudou","status":"publish","type":"page","link":"https:\/\/longlifechallenge.eu\/de\/unsere-athleten\/florent-manaudou\/","title":{"rendered":"Florent Manaudou"},"content":{"rendered":"<p>[et_pb_section fb_built=&#8220;1&#8243; _builder_version=&#8220;4.11.1&#8243; _module_preset=&#8220;default&#8220; global_colors_info=&#8220;{}&#8220;][et_pb_row column_structure=&#8220;1_2,1_2&#8243; disabled_on=&#8220;on|off|off&#8220; admin_label=&#8220;Florent&#8220; module_id=&#8220;Florent&#8220; _builder_version=&#8220;4.11.1&#8243; _module_preset=&#8220;default&#8220; global_colors_info=&#8220;{}&#8220;][et_pb_column type=&#8220;1_2&#8243; _builder_version=&#8220;4.11.1&#8243; _module_preset=&#8220;default&#8220; global_colors_info=&#8220;{}&#8220;][et_pb_text _builder_version=&#8220;4.11.2&#8243; _module_preset=&#8220;default&#8220; text_font_size=&#8220;16px&#8220; header_3_font=&#8220;|800|||||||&#8220; header_3_text_color=&#8220;#a3195c&#8220; header_3_font_size=&#8220;40px&#8220; custom_margin=&#8220;130px||||false|false&#8220; custom_padding=&#8220;0px|||||&#8220; hover_enabled=&#8220;0&#8243; header_3_font_size_tablet=&#8220;&#8220; header_3_font_size_phone=&#8220;35px&#8220; header_3_font_size_last_edited=&#8220;on|phone&#8220; global_colors_info=&#8220;{}&#8220; sticky_enabled=&#8220;0&#8243;]<\/p>\n<h3 style=\"text-align: center;\">FLORENT MANAUDOU<\/h3>\n<p><span>Der franz\u00f6sische Schwimmer und ehemalige Handballer war nicht nur Olympiasieger bei den Spielen in London 2012 (50 m Freistil). Er gewann auch 2 Silbermedaillen in Rio 2016 (Silber \u00fcber 50 m Freistil und Silber \u00fcber 4\u00d7100 m Freistil) und eine Silbermedaille in Tokio 2020 (50 m Freistil). Der perfekte Schwimmpartner \ud83d\ude09<\/span><\/p>\n<p>[\/et_pb_text][\/et_pb_column][et_pb_column type=&#8220;1_2&#8243; _builder_version=&#8220;4.11.1&#8243; _module_preset=&#8220;default&#8220; global_colors_info=&#8220;{}&#8220;][et_pb_image src=&#8220;https:\/\/longlifechallenge.eu\/wp-content\/uploads\/2021\/10\/florent_manaudou_de.jpg&#8220; title_text=&#8220;florent_manaudou_de&#8220; _builder_version=&#8220;4.11.2&#8243; _module_preset=&#8220;default&#8220; hover_enabled=&#8220;0&#8243; global_colors_info=&#8220;{}&#8220; sticky_enabled=&#8220;0&#8243;][\/et_pb_image][\/et_pb_column][\/et_pb_row][\/et_pb_section][et_pb_section fb_built=&#8220;1&#8243; _builder_version=&#8220;4.11.2&#8243; _module_preset=&#8220;default&#8220; global_colors_info=&#8220;{}&#8220;][et_pb_row column_structure=&#8220;1_2,1_2&#8243; _builder_version=&#8220;4.11.2&#8243; _module_preset=&#8220;default&#8220; global_colors_info=&#8220;{}&#8220;][et_pb_column type=&#8220;1_2&#8243; _builder_version=&#8220;4.11.2&#8243; _module_preset=&#8220;default&#8220; global_colors_info=&#8220;{}&#8220;][et_pb_image src=&#8220;https:\/\/longlifechallenge.eu\/wp-content\/uploads\/2023\/07\/florentmanaudou_01.jpg&#8220; title_text=&#8220;florentmanaudou_01&#8243; url=&#8220;https:\/\/www.instagram.com\/p\/Cs_h5HpKViq\/&#8220; _builder_version=&#8220;4.11.2&#8243; _module_preset=&#8220;default&#8220; global_colors_info=&#8220;{}&#8220;][\/et_pb_image][\/et_pb_column][et_pb_column type=&#8220;1_2&#8243; _builder_version=&#8220;4.11.2&#8243; _module_preset=&#8220;default&#8220; global_colors_info=&#8220;{}&#8220;][et_pb_image src=&#8220;https:\/\/longlifechallenge.eu\/wp-content\/uploads\/2023\/07\/florentmanaudou_02.jpg&#8220; title_text=&#8220;florentmanaudou_02&#8243; url=&#8220;https:\/\/www.instagram.com\/p\/CqqLVswKjYV\/&#8220; _builder_version=&#8220;4.11.2&#8243; _module_preset=&#8220;default&#8220; global_colors_info=&#8220;{}&#8220;][\/et_pb_image][\/et_pb_column][\/et_pb_row][\/et_pb_section]<\/p>\n","protected":false},"excerpt":{"rendered":"<p>FLORENT MANAUDOU Der franz\u00f6sische Schwimmer und ehemalige Handballer war nicht nur Olympiasieger bei den Spielen in London 2012 (50 m Freistil). Er gewann auch 2 Silbermedaillen in Rio 2016 (Silber \u00fcber 50 m Freistil und Silber \u00fcber 4\u00d7100 m Freistil) und eine Silbermedaille in Tokio 2020 (50 m Freistil). Der perfekte Schwimmpartner \ud83d\ude09<\/p>\n","protected":false},"author":1,"featured_media":0,"parent":868,"menu_order":0,"comment_status":"closed","ping_status":"closed","template":"","meta":{"_et_pb_use_builder":"on","_et_pb_old_content":"","_et_gb_content_width":"","footnotes":""},"_links":{"self":[{"href":"https:\/\/longlifechallenge.eu\/de\/wp-json\/wp\/v2\/pages\/4007"}],"collection":[{"href":"https:\/\/longlifechallenge.eu\/de\/wp-json\/wp\/v2\/pages"}],"about":[{"href":"https:\/\/longlifechallenge.eu\/de\/wp-json\/wp\/v2\/types\/page"}],"author":[{"embeddable":true,"href":"https:\/\/longlifechallenge.eu\/de\/wp-json\/wp\/v2\/users\/1"}],"replies":[{"embeddable":true,"href":"https:\/\/longlifechallenge.eu\/de\/wp-json\/wp\/v2\/comments?post=4007"}],"version-history":[{"count":1,"href":"https:\/\/longlifechallenge.eu\/de\/wp-json\/wp\/v2\/pages\/4007\/revisions"}],"predecessor-version":[{"id":4039,"href":"https:\/\/longlifechallenge.eu\/de\/wp-json\/wp\/v2\/pages\/4007\/revisions\/4039"}],"up":[{"embeddable":true,"href":"https:\/\/longlifechallenge.eu\/de\/wp-json\/wp\/v2\/pages\/868"}],"wp:attachment":[{"href":"https:\/\/longlifechallenge.eu\/de\/wp-json\/wp\/v2\/media?parent=4007"}],"curies":[{"name":"wp","href":"https:\/\/api.w.org\/{rel}","templated":true}]}}