{"id":2380,"date":"2021-10-23T16:33:28","date_gmt":"2021-10-23T16:33:28","guid":{"rendered":"https:\/\/tacticseurope.com\/demos\/5aldia\/rezepte\/snacks\/eis-am-stil-aus-heidelbeeren-und-veganem-joghurt\/"},"modified":"2021-10-24T17:30:13","modified_gmt":"2021-10-24T17:30:13","slug":"eis-am-stil-aus-heidelbeeren-und-veganem-joghurt","status":"publish","type":"page","link":"https:\/\/longlifechallenge.eu\/de\/rezepte\/snacks\/eis-am-stil-aus-heidelbeeren-und-veganem-joghurt\/","title":{"rendered":"Eis am stil aus heidelbeeren und veganem joghurt"},"content":{"rendered":"<p>[et_pb_section fb_built=&#8220;1&#8243; specialty=&#8220;on&#8220; _builder_version=&#8220;4.11.2&#8243; _module_preset=&#8220;default&#8220; global_colors_info=&#8220;{}&#8220;][et_pb_column type=&#8220;1_2&#8243; _builder_version=&#8220;3.25&#8243; custom_padding=&#8220;|||&#8220; global_colors_info=&#8220;{}&#8220; custom_padding__hover=&#8220;|||&#8220;][et_pb_image src=&#8220;https:\/\/longlifechallenge.eu\/wp-content\/uploads\/2021\/10\/snack-arandanos.jpg&#8220; title_text=&#8220;snack arandanos&#8220; _builder_version=&#8220;4.11.2&#8243; _module_preset=&#8220;default&#8220; custom_margin=&#8220;|-3px||||&#8220; global_colors_info=&#8220;{}&#8220;][\/et_pb_image][et_pb_text _builder_version=&#8220;4.11.2&#8243; _module_preset=&#8220;default&#8220; text_text_color=&#8220;#000000&#8243; text_font_size=&#8220;16px&#8220; global_colors_info=&#8220;{}&#8220;]<\/p>\n<p style=\"text-align: center;\">Zuckerfrei &#8211; glutenfrei &#8211; laktosefrei &#8211; vegetarisch &#8211; vegan<\/p>\n<p>[\/et_pb_text][\/et_pb_column][et_pb_column type=&#8220;1_2&#8243; specialty_columns=&#8220;2&#8243; _builder_version=&#8220;3.25&#8243; custom_padding=&#8220;|||&#8220; global_colors_info=&#8220;{}&#8220; custom_padding__hover=&#8220;|||&#8220;][et_pb_row_inner _builder_version=&#8220;4.11.2&#8243; _module_preset=&#8220;default&#8220; global_colors_info=&#8220;{}&#8220;][et_pb_column_inner saved_specialty_column_type=&#8220;1_2&#8243; _builder_version=&#8220;4.11.2&#8243; _module_preset=&#8220;default&#8220; global_colors_info=&#8220;{}&#8220;][et_pb_text _builder_version=&#8220;4.11.2&#8243; _module_preset=&#8220;default&#8220; header_font=&#8220;|600|||||||&#8220; header_text_align=&#8220;center&#8220; header_text_color=&#8220;#a3195c&#8220; header_font_size=&#8220;40px&#8220; global_colors_info=&#8220;{}&#8220;]<\/p>\n<h1>Eis am stil aus heidelbeeren und veganem joghurt<\/h1>\n<p>[\/et_pb_text][\/et_pb_column_inner][\/et_pb_row_inner][et_pb_row_inner column_structure=&#8220;1_3,1_3,1_3&#8243; use_custom_gutter=&#8220;on&#8220; gutter_width=&#8220;1&#8243; _builder_version=&#8220;4.11.2&#8243; _module_preset=&#8220;default&#8220; custom_margin=&#8220;||||false|false&#8220; custom_padding=&#8220;0px||||false|false&#8220; global_colors_info=&#8220;{}&#8220;][et_pb_column_inner type=&#8220;1_3&#8243; saved_specialty_column_type=&#8220;1_2&#8243; _builder_version=&#8220;4.11.2&#8243; _module_preset=&#8220;default&#8220; global_colors_info=&#8220;{}&#8220;][et_pb_image src=&#8220;https:\/\/longlifechallenge.eu\/wp-content\/uploads\/2021\/10\/icon_person_ES.png&#8220; title_text=&#8220;icon_person_ES&#8220; _builder_version=&#8220;4.11.2&#8243; _module_preset=&#8220;default&#8220; width=&#8220;40%&#8220; width_tablet=&#8220;&#8220; width_phone=&#8220;20%&#8220; width_last_edited=&#8220;on|phone&#8220; module_alignment=&#8220;center&#8220; global_colors_info=&#8220;{}&#8220;][\/et_pb_image][et_pb_text _builder_version=&#8220;4.11.2&#8243; _module_preset=&#8220;default&#8220; text_font_size=&#8220;18px&#8220; global_colors_info=&#8220;{}&#8220;]<\/p>\n<p style=\"text-align: center;\"><strong>4<\/strong><\/p>\n<p>[\/et_pb_text][\/et_pb_column_inner][et_pb_column_inner type=&#8220;1_3&#8243; saved_specialty_column_type=&#8220;1_2&#8243; _builder_version=&#8220;4.11.2&#8243; _module_preset=&#8220;default&#8220; global_colors_info=&#8220;{}&#8220;][et_pb_image src=&#8220;https:\/\/longlifechallenge.eu\/wp-content\/uploads\/2021\/10\/icon_dificulty.png&#8220; title_text=&#8220;icon_dificulty&#8220; _builder_version=&#8220;4.11.2&#8243; _module_preset=&#8220;default&#8220; width=&#8220;40%&#8220; width_tablet=&#8220;&#8220; width_phone=&#8220;20%&#8220; width_last_edited=&#8220;on|phone&#8220; module_alignment=&#8220;center&#8220; custom_margin_tablet=&#8220;&#8220; custom_margin_phone=&#8220;12px||||false|false&#8220; custom_margin_last_edited=&#8220;on|phone&#8220; global_colors_info=&#8220;{}&#8220;][\/et_pb_image][et_pb_text _builder_version=&#8220;4.11.2&#8243; _module_preset=&#8220;default&#8220; text_font_size=&#8220;18px&#8220; global_colors_info=&#8220;{}&#8220;]<\/p>\n<p style=\"text-align: center;\"><strong>2<\/strong><\/p>\n<p>[\/et_pb_text][\/et_pb_column_inner][et_pb_column_inner type=&#8220;1_3&#8243; saved_specialty_column_type=&#8220;1_2&#8243; _builder_version=&#8220;4.11.2&#8243; _module_preset=&#8220;default&#8220; global_colors_info=&#8220;{}&#8220;][et_pb_image src=&#8220;https:\/\/longlifechallenge.eu\/wp-content\/uploads\/2021\/10\/icon_timer.png&#8220; title_text=&#8220;icon_timer&#8220; _builder_version=&#8220;4.11.2&#8243; _module_preset=&#8220;default&#8220; width=&#8220;40%&#8220; width_tablet=&#8220;&#8220; width_phone=&#8220;20%&#8220; width_last_edited=&#8220;on|phone&#8220; module_alignment=&#8220;center&#8220; custom_margin_tablet=&#8220;&#8220; custom_margin_phone=&#8220;12px||||false|false&#8220; custom_margin_last_edited=&#8220;on|phone&#8220; global_colors_info=&#8220;{}&#8220;][\/et_pb_image][et_pb_text _builder_version=&#8220;4.11.2&#8243; _module_preset=&#8220;default&#8220; text_font_size=&#8220;18px&#8220; global_colors_info=&#8220;{}&#8220;]<\/p>\n<p style=\"text-align: center;\"><strong>30 min<\/strong><\/p>\n<p>[\/et_pb_text][\/et_pb_column_inner][\/et_pb_row_inner][et_pb_row_inner _builder_version=&#8220;4.11.2&#8243; _module_preset=&#8220;default&#8220; custom_margin=&#8220;0px||||false|false&#8220; custom_padding=&#8220;0px||0px||false|false&#8220; global_colors_info=&#8220;{}&#8220;][et_pb_column_inner saved_specialty_column_type=&#8220;1_2&#8243; _builder_version=&#8220;4.11.2&#8243; _module_preset=&#8220;default&#8220; global_colors_info=&#8220;{}&#8220;][et_pb_text _builder_version=&#8220;4.11.2&#8243; _module_preset=&#8220;default&#8220; header_2_font=&#8220;|700|||||||&#8220; header_2_text_align=&#8220;center&#8220; global_colors_info=&#8220;{}&#8220;]<\/p>\n<h2>ZUTATEN<\/h2>\n<p>[\/et_pb_text][\/et_pb_column_inner][\/et_pb_row_inner][et_pb_row_inner column_structure=&#8220;1_2,1_2&#8243; _builder_version=&#8220;4.11.2&#8243; _module_preset=&#8220;default&#8220; global_colors_info=&#8220;{}&#8220;][et_pb_column_inner type=&#8220;1_2&#8243; saved_specialty_column_type=&#8220;1_2&#8243; _builder_version=&#8220;4.11.2&#8243; _module_preset=&#8220;default&#8220; global_colors_info=&#8220;{}&#8220;][et_pb_text _builder_version=&#8220;4.11.2&#8243; _module_preset=&#8220;default&#8220; text_font_size=&#8220;16px&#8220; custom_margin=&#8220;||0px||false|false&#8220; custom_margin_tablet=&#8220;&#8220; custom_margin_phone=&#8220;-12px||||false|false&#8220; custom_margin_last_edited=&#8220;on|phone&#8220; custom_padding=&#8220;||0px||false|false&#8220; global_colors_info=&#8220;{}&#8220;]<\/p>\n<ul>\n<li>4 vegane Mandeljoghurts (125 g)<\/li>\n<li>100 ml Mandelmilch<\/li>\n<\/ul>\n<p>[\/et_pb_text][\/et_pb_column_inner][et_pb_column_inner type=&#8220;1_2&#8243; saved_specialty_column_type=&#8220;1_2&#8243; _builder_version=&#8220;4.11.2&#8243; _module_preset=&#8220;default&#8220; global_colors_info=&#8220;{}&#8220;][et_pb_text _builder_version=&#8220;4.11.2&#8243; _module_preset=&#8220;default&#8220; text_font_size=&#8220;16px&#8220; custom_margin=&#8220;||0px||false|false&#8220; custom_margin_tablet=&#8220;&#8220; custom_margin_phone=&#8220;-45px||||false|false&#8220; custom_margin_last_edited=&#8220;on|phone&#8220; custom_padding=&#8220;||0px||false|false&#8220; custom_padding_tablet=&#8220;&#8220; custom_padding_phone=&#8220;||35px||false|false&#8220; custom_padding_last_edited=&#8220;on|phone&#8220; global_colors_info=&#8220;{}&#8220;]<\/p>\n<ul>\n<li>200 g Heidelbeeren<\/li>\n<li>4 Holzst\u00e4bchen<\/li>\n<\/ul>\n<p>[\/et_pb_text][\/et_pb_column_inner][\/et_pb_row_inner][et_pb_row_inner _builder_version=&#8220;4.11.2&#8243; _module_preset=&#8220;default&#8220; custom_margin=&#8220;-63px||0px||false|false&#8220; custom_padding=&#8220;0px||0px||false|false&#8220; global_colors_info=&#8220;{}&#8220;][et_pb_column_inner saved_specialty_column_type=&#8220;1_2&#8243; _builder_version=&#8220;4.11.2&#8243; _module_preset=&#8220;default&#8220; global_colors_info=&#8220;{}&#8220;][et_pb_text _builder_version=&#8220;4.11.2&#8243; _module_preset=&#8220;default&#8220; header_2_font=&#8220;|700|||||||&#8220; header_2_text_align=&#8220;center&#8220; global_colors_info=&#8220;{}&#8220;]<\/p>\n<h2>ZUBEREITUNG<\/h2>\n<p>[\/et_pb_text][\/et_pb_column_inner][\/et_pb_row_inner][et_pb_row_inner _builder_version=&#8220;4.11.2&#8243; _module_preset=&#8220;default&#8220; global_colors_info=&#8220;{}&#8220;][et_pb_column_inner saved_specialty_column_type=&#8220;1_2&#8243; _builder_version=&#8220;4.11.2&#8243; _module_preset=&#8220;default&#8220; global_colors_info=&#8220;{}&#8220;][et_pb_text _builder_version=&#8220;4.11.2&#8243; _module_preset=&#8220;default&#8220; text_font_size=&#8220;16px&#8220; custom_margin_tablet=&#8220;&#8220; custom_margin_phone=&#8220;-12px||||false|false&#8220; custom_margin_last_edited=&#8220;on|phone&#8220; global_colors_info=&#8220;{}&#8220;]<\/p>\n<p>Die Joghurts in eine Sch\u00fcssel f\u00fcllen, die Becher waschen und beiseitestellen.<\/p>\n<p>Die Heidelbeeren waschen und mit einem Messer zerkleinern, dabei darauf achten, dass sie nicht zu P\u00fcree werden. Die Heidelbeeren in eine Sch\u00fcssel geben.<\/p>\n<p>Den Joghurt mit der Mandelmilch mischen. Die beiseitegestellten Becher mit dieser Joghurtmischung f\u00fcllen, dabei zwei Finger f\u00fcr die Heidelbeeren \u00fcbrig lassen.<\/p>\n<p>Die gehackten Heidelbeeren auf die Becher verteilen.<\/p>\n<p>In jeden Becher ein St\u00e4bchen stecken, leicht sch\u00fctteln, um alles etwas mehr zu vermischen, ohne es vollst\u00e4ndig durchzusch\u00fctteln. Auf diese Weise entstehen Bereiche mit Joghurt und andere mit Heidelbeeren.<\/p>\n<p>F\u00fcr 5 Stunden in den Gefrierschrank stellen. Herausnehmen, den Becher mit den H\u00e4nden erw\u00e4rmen und das Eis herausl\u00f6sen.<\/p>\n<p>[\/et_pb_text][\/et_pb_column_inner][\/et_pb_row_inner][\/et_pb_column][\/et_pb_section][et_pb_section fb_built=&#8220;1&#8243; _builder_version=&#8220;3.27.4&#8243; custom_padding=&#8220;68px||68px||true|&#8220; global_colors_info=&#8220;{}&#8220; global_module=&#8220;2459&#8243;][et_pb_row _builder_version=&#8220;3.27.4&#8243; width=&#8220;100%&#8220; max_width=&#8220;100%&#8220; global_colors_info=&#8220;{}&#8220;][et_pb_column type=&#8220;4_4&#8243; _builder_version=&#8220;3.27.4&#8243; global_colors_info=&#8220;{}&#8220;][dica_divi_carousel show_items_desktop=&#8220;6.25&#8243; centermode=&#8220;on&#8220; loop=&#8220;on&#8220; autoplay=&#8220;on&#8220; arrow_nav=&#8220;on&#8220; item_spacing=&#8220;20px&#8220; item_spacing_last_edited=&#8220;off|desktop&#8220; advanced_effect=&#8220;1&#8243; arrow_nav_color=&#8220;#ffffff&#8220; arrow_bg_color=&#8220;#242424&#8243; title_background=&#8220;RGBA(0,0,0,0)&#8220; content_container_margin=&#8220;-100px||||false|false&#8220; content_container_padding=&#8220;|25px|46px|25px|false|false&#8220; _builder_version=&#8220;4.11.2&#8243; title_font=&#8220;|700|||||||&#8220; title_text_align=&#8220;left&#8220; title_text_color=&#8220;#FFFFFF&#8220; title_font_size=&#8220;15px&#8220; subtitle_font=&#8220;|700|||||||&#8220; subtitle_text_color=&#8220;#ffffff&#8220; subtitle_font_size=&#8220;12px&#8220; border_radii_image=&#8220;on|8px|8px|8px|8px&#8220; global_colors_info=&#8220;{}&#8220;][dica_divi_carouselitem title=&#8220;ORANGENTIRAMISU&#8220; sub_title=&#8220;Snack&#8220; url=&#8220;https:\/\/longlifechallenge.eu\/de\/rezepte\/snacks\/orangentiramisu\/&#8220; button_url_new_window=&#8220;1&#8243; image=&#8220;https:\/\/longlifechallenge.eu\/wp-content\/uploads\/2021\/10\/snack-naranjas-boton.jpg&#8220; _builder_version=&#8220;4.11.2&#8243; global_colors_info=&#8220;{}&#8220;][\/dica_divi_carouselitem][dica_divi_carouselitem title=&#8220;QUIA-PUDDING MIT ORANGE UND ZIMT&#8220; sub_title=&#8220;Snack&#8220; url=&#8220;https:\/\/longlifechallenge.eu\/de\/rezepte\/snacks\/quia-pudding-mit-orange-und-zimt\/&#8220; button_url_new_window=&#8220;1&#8243; image=&#8220;https:\/\/longlifechallenge.eu\/wp-content\/uploads\/2021\/10\/snack-naranjas-2-boton.jpg&#8220; _builder_version=&#8220;4.11.2&#8243; global_colors_info=&#8220;{}&#8220;][\/dica_divi_carouselitem][dica_divi_carouselitem title=&#8220;SNACK AUS MANDARINEN IN SCHOKOLADE MIT GER\u00d6STETEN&#8230;&#8220; sub_title=&#8220;Snack&#8220; url=&#8220;https:\/\/longlifechallenge.eu\/de\/rezepte\/snacks\/snack-aus-mandarinen-in-schokolade-mit-gerosteten-walnussstuckchen-und-salzflocken\/&#8220; button_url_new_window=&#8220;1&#8243; image=&#8220;https:\/\/longlifechallenge.eu\/wp-content\/uploads\/2021\/10\/smoothie-fresas-boton.jpg&#8220; _builder_version=&#8220;4.11.2&#8243; global_colors_info=&#8220;{}&#8220;][\/dica_divi_carouselitem][dica_divi_carouselitem title=&#8220;FR\u00dcHLINGSROLLEN MIT ERDBEEREN AUS FRANKREICH&#8220; sub_title=&#8220;Snack&#8220; url=&#8220;https:\/\/longlifechallenge.eu\/de\/rezepte\/snacks\/fruhlingsrollen-mit-erdbeeren-aus-frankreich\/&#8220; button_url_new_window=&#8220;1&#8243; image=&#8220;https:\/\/longlifechallenge.eu\/wp-content\/uploads\/2021\/10\/snack-fresas-boton.jpg&#8220; _builder_version=&#8220;4.11.2&#8243; global_colors_info=&#8220;{}&#8220;][\/dica_divi_carouselitem][dica_divi_carouselitem title=&#8220;STRUDEL ODER BISKUITROLLE AUS BROKKOLI, ZWIEBEL UND&#8230;&#8220; sub_title=&#8220;Snack&#8220; url=&#8220;https:\/\/longlifechallenge.eu\/de\/rezepte\/snacks\/strudel-oder-biskuitrolle-aus-brokkoli-zwiebel-und-veganem-mozzarella\/&#8220; button_url_new_window=&#8220;1&#8243; image=&#8220;https:\/\/longlifechallenge.eu\/wp-content\/uploads\/2021\/10\/snack-brocoli-boton.jpg&#8220; _builder_version=&#8220;4.11.2&#8243; global_colors_info=&#8220;{}&#8220;][\/dica_divi_carouselitem][dica_divi_carouselitem title=&#8220;BL\u00c4TTERTEIG MIT SPARGEL, MOZZARELLA UND&#8230;&#8220; sub_title=&#8220;Snack&#8220; url=&#8220;https:\/\/longlifechallenge.eu\/de\/rezepte\/snacks\/blatterteig-mit-spargel-mozzarella-und-serrano-schinken\/&#8220; button_url_new_window=&#8220;1&#8243; image=&#8220;https:\/\/longlifechallenge.eu\/wp-content\/uploads\/2021\/10\/snack-esparragos-boton.jpg&#8220; _builder_version=&#8220;4.11.2&#8243; global_colors_info=&#8220;{}&#8220;][\/dica_divi_carouselitem][dica_divi_carouselitem title=&#8220;APFELCHIPS&#8220; sub_title=&#8220;Snack&#8220; url=&#8220;https:\/\/longlifechallenge.eu\/de\/rezepte\/snacks\/apfelchips\/&#8220; button_url_new_window=&#8220;1&#8243; image=&#8220;https:\/\/longlifechallenge.eu\/wp-content\/uploads\/2021\/10\/snack-manzana-boton.jpg&#8220; _builder_version=&#8220;4.11.2&#8243; global_colors_info=&#8220;{}&#8220;][\/dica_divi_carouselitem][dica_divi_carouselitem title=&#8220;EIS AM STIL AUS HEIDELBEEREN UND VEGANEM JOGHURT&#8220; sub_title=&#8220;Snack&#8220; url=&#8220;https:\/\/longlifechallenge.eu\/de\/rezepte\/snacks\/eis-am-stil-aus-heidelbeeren-und-veganem-joghurt\/&#8220; button_url_new_window=&#8220;1&#8243; image=&#8220;https:\/\/longlifechallenge.eu\/wp-content\/uploads\/2021\/10\/snack-arandanos-boton.jpg&#8220; _builder_version=&#8220;4.11.2&#8243; global_colors_info=&#8220;{}&#8220;][\/dica_divi_carouselitem][\/dica_divi_carousel][\/et_pb_column][\/et_pb_row][\/et_pb_section]<\/p>\n","protected":false},"excerpt":{"rendered":"<p>Zuckerfrei &#8211; glutenfrei &#8211; laktosefrei &#8211; vegetarisch &#8211; veganEis am stil aus heidelbeeren und veganem joghurt4230 minZUTATEN 4 vegane Mandeljoghurts (125 g) 100 ml Mandelmilch 200 g Heidelbeeren 4 Holzst\u00e4bchen ZUBEREITUNGDie Joghurts in eine Sch\u00fcssel f\u00fcllen, die Becher waschen und beiseitestellen. Die Heidelbeeren waschen und mit einem Messer zerkleinern, dabei darauf achten, dass sie nicht [&hellip;]<\/p>\n","protected":false},"author":1,"featured_media":0,"parent":2377,"menu_order":8,"comment_status":"closed","ping_status":"closed","template":"","meta":{"_et_pb_use_builder":"on","_et_pb_old_content":"","_et_gb_content_width":"","footnotes":""},"_links":{"self":[{"href":"https:\/\/longlifechallenge.eu\/de\/wp-json\/wp\/v2\/pages\/2380"}],"collection":[{"href":"https:\/\/longlifechallenge.eu\/de\/wp-json\/wp\/v2\/pages"}],"about":[{"href":"https:\/\/longlifechallenge.eu\/de\/wp-json\/wp\/v2\/types\/page"}],"author":[{"embeddable":true,"href":"https:\/\/longlifechallenge.eu\/de\/wp-json\/wp\/v2\/users\/1"}],"replies":[{"embeddable":true,"href":"https:\/\/longlifechallenge.eu\/de\/wp-json\/wp\/v2\/comments?post=2380"}],"version-history":[{"count":3,"href":"https:\/\/longlifechallenge.eu\/de\/wp-json\/wp\/v2\/pages\/2380\/revisions"}],"predecessor-version":[{"id":2805,"href":"https:\/\/longlifechallenge.eu\/de\/wp-json\/wp\/v2\/pages\/2380\/revisions\/2805"}],"up":[{"embeddable":true,"href":"https:\/\/longlifechallenge.eu\/de\/wp-json\/wp\/v2\/pages\/2377"}],"wp:attachment":[{"href":"https:\/\/longlifechallenge.eu\/de\/wp-json\/wp\/v2\/media?parent=2380"}],"curies":[{"name":"wp","href":"https:\/\/api.w.org\/{rel}","templated":true}]}}