{"id":2378,"date":"2021-10-23T16:32:23","date_gmt":"2021-10-23T16:32:23","guid":{"rendered":"https:\/\/tacticseurope.com\/demos\/5aldia\/rezepte\/snacks\/apfelchips\/"},"modified":"2021-10-24T17:29:29","modified_gmt":"2021-10-24T17:29:29","slug":"apfelchips","status":"publish","type":"page","link":"https:\/\/longlifechallenge.eu\/de\/rezepte\/snacks\/apfelchips\/","title":{"rendered":"Apfelchips"},"content":{"rendered":"<p>[et_pb_section fb_built=&#8220;1&#8243; specialty=&#8220;on&#8220; _builder_version=&#8220;4.11.2&#8243; _module_preset=&#8220;default&#8220; global_colors_info=&#8220;{}&#8220;][et_pb_column type=&#8220;1_2&#8243; _builder_version=&#8220;3.25&#8243; custom_padding=&#8220;|||&#8220; global_colors_info=&#8220;{}&#8220; custom_padding__hover=&#8220;|||&#8220;][et_pb_image src=&#8220;https:\/\/longlifechallenge.eu\/wp-content\/uploads\/2021\/10\/snack-manzana.jpg&#8220; title_text=&#8220;snack manzana&#8220; _builder_version=&#8220;4.11.2&#8243; _module_preset=&#8220;default&#8220; custom_margin=&#8220;|-3px||||&#8220; global_colors_info=&#8220;{}&#8220;][\/et_pb_image][et_pb_text _builder_version=&#8220;4.11.2&#8243; _module_preset=&#8220;default&#8220; text_text_color=&#8220;#000000&#8243; text_font_size=&#8220;16px&#8220; global_colors_info=&#8220;{}&#8220;]<\/p>\n<p style=\"text-align: center;\">Zuckerfrei &#8211; glutenfrei &#8211; laktosefrei &#8211; vegetarisch &#8211; vegan<\/p>\n<p>[\/et_pb_text][\/et_pb_column][et_pb_column type=&#8220;1_2&#8243; specialty_columns=&#8220;2&#8243; _builder_version=&#8220;3.25&#8243; custom_padding=&#8220;|||&#8220; global_colors_info=&#8220;{}&#8220; custom_padding__hover=&#8220;|||&#8220;][et_pb_row_inner _builder_version=&#8220;4.11.2&#8243; _module_preset=&#8220;default&#8220; global_colors_info=&#8220;{}&#8220;][et_pb_column_inner saved_specialty_column_type=&#8220;1_2&#8243; _builder_version=&#8220;4.11.2&#8243; _module_preset=&#8220;default&#8220; global_colors_info=&#8220;{}&#8220;][et_pb_text _builder_version=&#8220;4.11.2&#8243; _module_preset=&#8220;default&#8220; header_font=&#8220;|600|||||||&#8220; header_text_align=&#8220;center&#8220; header_text_color=&#8220;#a3195c&#8220; header_font_size=&#8220;40px&#8220; global_colors_info=&#8220;{}&#8220;]<\/p>\n<h1>Apfelchips<\/h1>\n<p>[\/et_pb_text][\/et_pb_column_inner][\/et_pb_row_inner][et_pb_row_inner column_structure=&#8220;1_3,1_3,1_3&#8243; use_custom_gutter=&#8220;on&#8220; gutter_width=&#8220;1&#8243; _builder_version=&#8220;4.11.2&#8243; _module_preset=&#8220;default&#8220; custom_margin=&#8220;||||false|false&#8220; custom_padding=&#8220;0px||||false|false&#8220; global_colors_info=&#8220;{}&#8220;][et_pb_column_inner type=&#8220;1_3&#8243; saved_specialty_column_type=&#8220;1_2&#8243; _builder_version=&#8220;4.11.2&#8243; _module_preset=&#8220;default&#8220; global_colors_info=&#8220;{}&#8220;][et_pb_image src=&#8220;https:\/\/longlifechallenge.eu\/wp-content\/uploads\/2021\/10\/icon_person_ES.png&#8220; title_text=&#8220;icon_person_ES&#8220; _builder_version=&#8220;4.11.2&#8243; _module_preset=&#8220;default&#8220; width=&#8220;40%&#8220; width_tablet=&#8220;&#8220; width_phone=&#8220;20%&#8220; width_last_edited=&#8220;on|phone&#8220; module_alignment=&#8220;center&#8220; global_colors_info=&#8220;{}&#8220;][\/et_pb_image][et_pb_text _builder_version=&#8220;4.11.2&#8243; _module_preset=&#8220;default&#8220; text_font_size=&#8220;18px&#8220; global_colors_info=&#8220;{}&#8220;]<\/p>\n<p style=\"text-align: center;\"><strong>4<\/strong><\/p>\n<p>[\/et_pb_text][\/et_pb_column_inner][et_pb_column_inner type=&#8220;1_3&#8243; saved_specialty_column_type=&#8220;1_2&#8243; _builder_version=&#8220;4.11.2&#8243; _module_preset=&#8220;default&#8220; global_colors_info=&#8220;{}&#8220;][et_pb_image src=&#8220;https:\/\/longlifechallenge.eu\/wp-content\/uploads\/2021\/10\/icon_dificulty.png&#8220; title_text=&#8220;icon_dificulty&#8220; _builder_version=&#8220;4.11.2&#8243; _module_preset=&#8220;default&#8220; width=&#8220;40%&#8220; width_tablet=&#8220;&#8220; width_phone=&#8220;20%&#8220; width_last_edited=&#8220;on|phone&#8220; module_alignment=&#8220;center&#8220; custom_margin_tablet=&#8220;&#8220; custom_margin_phone=&#8220;12px||||false|false&#8220; custom_margin_last_edited=&#8220;on|phone&#8220; global_colors_info=&#8220;{}&#8220;][\/et_pb_image][et_pb_text _builder_version=&#8220;4.11.2&#8243; _module_preset=&#8220;default&#8220; text_font_size=&#8220;18px&#8220; global_colors_info=&#8220;{}&#8220;]<\/p>\n<p style=\"text-align: center;\"><strong>1<\/strong><\/p>\n<p>[\/et_pb_text][\/et_pb_column_inner][et_pb_column_inner type=&#8220;1_3&#8243; saved_specialty_column_type=&#8220;1_2&#8243; _builder_version=&#8220;4.11.2&#8243; _module_preset=&#8220;default&#8220; global_colors_info=&#8220;{}&#8220;][et_pb_image src=&#8220;https:\/\/longlifechallenge.eu\/wp-content\/uploads\/2021\/10\/icon_timer.png&#8220; title_text=&#8220;icon_timer&#8220; _builder_version=&#8220;4.11.2&#8243; _module_preset=&#8220;default&#8220; width=&#8220;40%&#8220; width_tablet=&#8220;&#8220; width_phone=&#8220;20%&#8220; width_last_edited=&#8220;on|phone&#8220; module_alignment=&#8220;center&#8220; custom_margin_tablet=&#8220;&#8220; custom_margin_phone=&#8220;12px||||false|false&#8220; custom_margin_last_edited=&#8220;on|phone&#8220; global_colors_info=&#8220;{}&#8220;][\/et_pb_image][et_pb_text _builder_version=&#8220;4.11.2&#8243; _module_preset=&#8220;default&#8220; text_font_size=&#8220;18px&#8220; global_colors_info=&#8220;{}&#8220;]<\/p>\n<p style=\"text-align: center;\"><strong>5 min<\/strong><\/p>\n<p>[\/et_pb_text][\/et_pb_column_inner][\/et_pb_row_inner][et_pb_row_inner _builder_version=&#8220;4.11.2&#8243; _module_preset=&#8220;default&#8220; custom_margin=&#8220;0px||||false|false&#8220; custom_padding=&#8220;0px||0px||false|false&#8220; global_colors_info=&#8220;{}&#8220;][et_pb_column_inner saved_specialty_column_type=&#8220;1_2&#8243; _builder_version=&#8220;4.11.2&#8243; _module_preset=&#8220;default&#8220; global_colors_info=&#8220;{}&#8220;][et_pb_text _builder_version=&#8220;4.11.2&#8243; _module_preset=&#8220;default&#8220; header_2_font=&#8220;|700|||||||&#8220; header_2_text_align=&#8220;center&#8220; global_colors_info=&#8220;{}&#8220;]<\/p>\n<h2>ZUTATEN<\/h2>\n<p>[\/et_pb_text][\/et_pb_column_inner][\/et_pb_row_inner][et_pb_row_inner column_structure=&#8220;1_2,1_2&#8243; _builder_version=&#8220;4.11.2&#8243; _module_preset=&#8220;default&#8220; global_colors_info=&#8220;{}&#8220;][et_pb_column_inner type=&#8220;1_2&#8243; saved_specialty_column_type=&#8220;1_2&#8243; _builder_version=&#8220;4.11.2&#8243; _module_preset=&#8220;default&#8220; global_colors_info=&#8220;{}&#8220;][et_pb_text _builder_version=&#8220;4.11.2&#8243; _module_preset=&#8220;default&#8220; text_font_size=&#8220;16px&#8220; custom_margin=&#8220;||0px||false|false&#8220; custom_margin_tablet=&#8220;&#8220; custom_margin_phone=&#8220;-12px||||false|false&#8220; custom_margin_last_edited=&#8220;on|phone&#8220; custom_padding=&#8220;||0px||false|false&#8220; global_colors_info=&#8220;{}&#8220;]<\/p>\n<ul>\n<li>4 rote \u00c4pfel<\/li>\n<\/ul>\n<p>[\/et_pb_text][\/et_pb_column_inner][et_pb_column_inner type=&#8220;1_2&#8243; saved_specialty_column_type=&#8220;1_2&#8243; _builder_version=&#8220;4.11.2&#8243; _module_preset=&#8220;default&#8220; global_colors_info=&#8220;{}&#8220;][\/et_pb_column_inner][\/et_pb_row_inner][et_pb_row_inner _builder_version=&#8220;4.11.2&#8243; _module_preset=&#8220;default&#8220; custom_margin=&#8220;-63px||0px||false|false&#8220; custom_margin_tablet=&#8220;&#8220; custom_margin_phone=&#8220;-81px||||false|false&#8220; custom_margin_last_edited=&#8220;on|phone&#8220; custom_padding=&#8220;0px||0px||false|false&#8220; global_colors_info=&#8220;{}&#8220;][et_pb_column_inner saved_specialty_column_type=&#8220;1_2&#8243; _builder_version=&#8220;4.11.2&#8243; _module_preset=&#8220;default&#8220; global_colors_info=&#8220;{}&#8220;][et_pb_text _builder_version=&#8220;4.11.2&#8243; _module_preset=&#8220;default&#8220; header_2_font=&#8220;|700|||||||&#8220; header_2_text_align=&#8220;center&#8220; global_colors_info=&#8220;{}&#8220;]<\/p>\n<h2>ZUBEREITUNG<\/h2>\n<p>[\/et_pb_text][\/et_pb_column_inner][\/et_pb_row_inner][et_pb_row_inner _builder_version=&#8220;4.11.2&#8243; _module_preset=&#8220;default&#8220; global_colors_info=&#8220;{}&#8220;][et_pb_column_inner saved_specialty_column_type=&#8220;1_2&#8243; _builder_version=&#8220;4.11.2&#8243; _module_preset=&#8220;default&#8220; global_colors_info=&#8220;{}&#8220;][et_pb_text _builder_version=&#8220;4.11.2&#8243; _module_preset=&#8220;default&#8220; text_font_size=&#8220;16px&#8220; custom_margin_tablet=&#8220;&#8220; custom_margin_phone=&#8220;-12px||||false|false&#8220; custom_margin_last_edited=&#8220;on|phone&#8220; global_colors_info=&#8220;{}&#8220;]<\/p>\n<p>Die \u00c4pfel mit einem Hobel in d\u00fcnne Scheiben schneiden, so dass sie alle die gleiche Dicke haben.<\/p>\n<p>Den Backofen auf 100 Grad vorheizen. Die Apfelschnitten auf ein mit Backpapier oder Silikon ausgelegtes Backblech legen. 1 Stunde lang trocknen lassen. Es ist wichtig, den Ofen w\u00e4hrend dieses Vorgangs ein paar Mal zu \u00f6ffnen, damit die Feuchtigkeit entweichen kann.<\/p>\n<p>Nach dieser Zeit die \u00c4pfel umdrehen, damit sie gleichm\u00e4\u00dfig trocknen. Bei gleicher Temperatur noch eine weitere Stunde backen, dabei den Ofen einige Male \u00f6ffnen, damit die Feuchtigkeit entweichen kann.<\/p>\n<p>Herausnehmen und abk\u00fchlen lassen. In einem luftdicht verschlossenen Beh\u00e4lter aufbewahren.<\/p>\n<p>Anmerkung:<br \/>Die Dauer des Trocknens kann je nach Dicke der Apfelschnitten und je nach Ofen variieren. Wenn sie noch weich sind, brauchen sie noch mehr Zeit.<\/p>\n<p>[\/et_pb_text][\/et_pb_column_inner][\/et_pb_row_inner][\/et_pb_column][\/et_pb_section][et_pb_section fb_built=&#8220;1&#8243; _builder_version=&#8220;3.27.4&#8243; custom_padding=&#8220;68px||68px||true|&#8220; global_colors_info=&#8220;{}&#8220; global_module=&#8220;2459&#8243;][et_pb_row _builder_version=&#8220;3.27.4&#8243; width=&#8220;100%&#8220; max_width=&#8220;100%&#8220; global_colors_info=&#8220;{}&#8220;][et_pb_column type=&#8220;4_4&#8243; _builder_version=&#8220;3.27.4&#8243; global_colors_info=&#8220;{}&#8220;][dica_divi_carousel show_items_desktop=&#8220;6.25&#8243; centermode=&#8220;on&#8220; loop=&#8220;on&#8220; autoplay=&#8220;on&#8220; arrow_nav=&#8220;on&#8220; item_spacing=&#8220;20px&#8220; item_spacing_last_edited=&#8220;off|desktop&#8220; advanced_effect=&#8220;1&#8243; arrow_nav_color=&#8220;#ffffff&#8220; arrow_bg_color=&#8220;#242424&#8243; title_background=&#8220;RGBA(0,0,0,0)&#8220; content_container_margin=&#8220;-100px||||false|false&#8220; content_container_padding=&#8220;|25px|46px|25px|false|false&#8220; _builder_version=&#8220;4.11.2&#8243; title_font=&#8220;|700|||||||&#8220; title_text_align=&#8220;left&#8220; title_text_color=&#8220;#FFFFFF&#8220; title_font_size=&#8220;15px&#8220; subtitle_font=&#8220;|700|||||||&#8220; subtitle_text_color=&#8220;#ffffff&#8220; subtitle_font_size=&#8220;12px&#8220; border_radii_image=&#8220;on|8px|8px|8px|8px&#8220; global_colors_info=&#8220;{}&#8220;][dica_divi_carouselitem title=&#8220;ORANGENTIRAMISU&#8220; sub_title=&#8220;Snack&#8220; url=&#8220;https:\/\/longlifechallenge.eu\/de\/rezepte\/snacks\/orangentiramisu\/&#8220; button_url_new_window=&#8220;1&#8243; image=&#8220;https:\/\/longlifechallenge.eu\/wp-content\/uploads\/2021\/10\/snack-naranjas-boton.jpg&#8220; _builder_version=&#8220;4.11.2&#8243; global_colors_info=&#8220;{}&#8220;][\/dica_divi_carouselitem][dica_divi_carouselitem title=&#8220;QUIA-PUDDING MIT ORANGE UND ZIMT&#8220; sub_title=&#8220;Snack&#8220; url=&#8220;https:\/\/longlifechallenge.eu\/de\/rezepte\/snacks\/quia-pudding-mit-orange-und-zimt\/&#8220; button_url_new_window=&#8220;1&#8243; image=&#8220;https:\/\/longlifechallenge.eu\/wp-content\/uploads\/2021\/10\/snack-naranjas-2-boton.jpg&#8220; _builder_version=&#8220;4.11.2&#8243; global_colors_info=&#8220;{}&#8220;][\/dica_divi_carouselitem][dica_divi_carouselitem title=&#8220;SNACK AUS MANDARINEN IN SCHOKOLADE MIT GER\u00d6STETEN&#8230;&#8220; sub_title=&#8220;Snack&#8220; url=&#8220;https:\/\/longlifechallenge.eu\/de\/rezepte\/snacks\/snack-aus-mandarinen-in-schokolade-mit-gerosteten-walnussstuckchen-und-salzflocken\/&#8220; button_url_new_window=&#8220;1&#8243; image=&#8220;https:\/\/longlifechallenge.eu\/wp-content\/uploads\/2021\/10\/smoothie-fresas-boton.jpg&#8220; _builder_version=&#8220;4.11.2&#8243; global_colors_info=&#8220;{}&#8220;][\/dica_divi_carouselitem][dica_divi_carouselitem title=&#8220;FR\u00dcHLINGSROLLEN MIT ERDBEEREN AUS FRANKREICH&#8220; sub_title=&#8220;Snack&#8220; url=&#8220;https:\/\/longlifechallenge.eu\/de\/rezepte\/snacks\/fruhlingsrollen-mit-erdbeeren-aus-frankreich\/&#8220; button_url_new_window=&#8220;1&#8243; image=&#8220;https:\/\/longlifechallenge.eu\/wp-content\/uploads\/2021\/10\/snack-fresas-boton.jpg&#8220; _builder_version=&#8220;4.11.2&#8243; global_colors_info=&#8220;{}&#8220;][\/dica_divi_carouselitem][dica_divi_carouselitem title=&#8220;STRUDEL ODER BISKUITROLLE AUS BROKKOLI, ZWIEBEL UND&#8230;&#8220; sub_title=&#8220;Snack&#8220; url=&#8220;https:\/\/longlifechallenge.eu\/de\/rezepte\/snacks\/strudel-oder-biskuitrolle-aus-brokkoli-zwiebel-und-veganem-mozzarella\/&#8220; button_url_new_window=&#8220;1&#8243; image=&#8220;https:\/\/longlifechallenge.eu\/wp-content\/uploads\/2021\/10\/snack-brocoli-boton.jpg&#8220; _builder_version=&#8220;4.11.2&#8243; global_colors_info=&#8220;{}&#8220;][\/dica_divi_carouselitem][dica_divi_carouselitem title=&#8220;BL\u00c4TTERTEIG MIT SPARGEL, MOZZARELLA UND&#8230;&#8220; sub_title=&#8220;Snack&#8220; url=&#8220;https:\/\/longlifechallenge.eu\/de\/rezepte\/snacks\/blatterteig-mit-spargel-mozzarella-und-serrano-schinken\/&#8220; button_url_new_window=&#8220;1&#8243; image=&#8220;https:\/\/longlifechallenge.eu\/wp-content\/uploads\/2021\/10\/snack-esparragos-boton.jpg&#8220; _builder_version=&#8220;4.11.2&#8243; global_colors_info=&#8220;{}&#8220;][\/dica_divi_carouselitem][dica_divi_carouselitem title=&#8220;APFELCHIPS&#8220; sub_title=&#8220;Snack&#8220; url=&#8220;https:\/\/longlifechallenge.eu\/de\/rezepte\/snacks\/apfelchips\/&#8220; button_url_new_window=&#8220;1&#8243; image=&#8220;https:\/\/longlifechallenge.eu\/wp-content\/uploads\/2021\/10\/snack-manzana-boton.jpg&#8220; _builder_version=&#8220;4.11.2&#8243; global_colors_info=&#8220;{}&#8220;][\/dica_divi_carouselitem][dica_divi_carouselitem title=&#8220;EIS AM STIL AUS HEIDELBEEREN UND VEGANEM JOGHURT&#8220; sub_title=&#8220;Snack&#8220; url=&#8220;https:\/\/longlifechallenge.eu\/de\/rezepte\/snacks\/eis-am-stil-aus-heidelbeeren-und-veganem-joghurt\/&#8220; button_url_new_window=&#8220;1&#8243; image=&#8220;https:\/\/longlifechallenge.eu\/wp-content\/uploads\/2021\/10\/snack-arandanos-boton.jpg&#8220; _builder_version=&#8220;4.11.2&#8243; global_colors_info=&#8220;{}&#8220;][\/dica_divi_carouselitem][\/dica_divi_carousel][\/et_pb_column][\/et_pb_row][\/et_pb_section]<\/p>\n","protected":false},"excerpt":{"rendered":"<p>Zuckerfrei &#8211; glutenfrei &#8211; laktosefrei &#8211; vegetarisch &#8211; veganApfelchips415 minZUTATEN 4 rote \u00c4pfel ZUBEREITUNGDie \u00c4pfel mit einem Hobel in d\u00fcnne Scheiben schneiden, so dass sie alle die gleiche Dicke haben. Den Backofen auf 100 Grad vorheizen. Die Apfelschnitten auf ein mit Backpapier oder Silikon ausgelegtes Backblech legen. 1 Stunde lang trocknen lassen. Es ist wichtig, [&hellip;]<\/p>\n","protected":false},"author":1,"featured_media":0,"parent":2377,"menu_order":7,"comment_status":"closed","ping_status":"closed","template":"","meta":{"_et_pb_use_builder":"on","_et_pb_old_content":"","_et_gb_content_width":"","footnotes":""},"_links":{"self":[{"href":"https:\/\/longlifechallenge.eu\/de\/wp-json\/wp\/v2\/pages\/2378"}],"collection":[{"href":"https:\/\/longlifechallenge.eu\/de\/wp-json\/wp\/v2\/pages"}],"about":[{"href":"https:\/\/longlifechallenge.eu\/de\/wp-json\/wp\/v2\/types\/page"}],"author":[{"embeddable":true,"href":"https:\/\/longlifechallenge.eu\/de\/wp-json\/wp\/v2\/users\/1"}],"replies":[{"embeddable":true,"href":"https:\/\/longlifechallenge.eu\/de\/wp-json\/wp\/v2\/comments?post=2378"}],"version-history":[{"count":3,"href":"https:\/\/longlifechallenge.eu\/de\/wp-json\/wp\/v2\/pages\/2378\/revisions"}],"predecessor-version":[{"id":2804,"href":"https:\/\/longlifechallenge.eu\/de\/wp-json\/wp\/v2\/pages\/2378\/revisions\/2804"}],"up":[{"embeddable":true,"href":"https:\/\/longlifechallenge.eu\/de\/wp-json\/wp\/v2\/pages\/2377"}],"wp:attachment":[{"href":"https:\/\/longlifechallenge.eu\/de\/wp-json\/wp\/v2\/media?parent=2378"}],"curies":[{"name":"wp","href":"https:\/\/api.w.org\/{rel}","templated":true}]}}