{"id":2364,"date":"2021-10-23T16:24:07","date_gmt":"2021-10-23T16:24:07","guid":{"rendered":"https:\/\/tacticseurope.com\/demos\/5aldia\/rezepte\/salate\/thailandischer-salat-aus-mandarinen-spinat-und-pflaumen\/"},"modified":"2021-10-24T17:13:36","modified_gmt":"2021-10-24T17:13:36","slug":"thailandischer-salat-aus-mandarinen-spinat-und-pflaumen","status":"publish","type":"page","link":"https:\/\/longlifechallenge.eu\/de\/rezepte\/salate\/thailandischer-salat-aus-mandarinen-spinat-und-pflaumen\/","title":{"rendered":"Thail\u00e4ndischer salat aus mandarinen, spinat und pflaumen"},"content":{"rendered":"<p>[et_pb_section fb_built=&#8220;1&#8243; specialty=&#8220;on&#8220; _builder_version=&#8220;4.11.2&#8243; _module_preset=&#8220;default&#8220; global_colors_info=&#8220;{}&#8220;][et_pb_column type=&#8220;1_2&#8243; _builder_version=&#8220;3.25&#8243; custom_padding=&#8220;|||&#8220; global_colors_info=&#8220;{}&#8220; custom_padding__hover=&#8220;|||&#8220;][et_pb_image src=&#8220;https:\/\/longlifechallenge.eu\/wp-content\/uploads\/2021\/10\/ensalada-mandarina.jpg&#8220; title_text=&#8220;ensalada mandarina&#8220; _builder_version=&#8220;4.11.2&#8243; _module_preset=&#8220;default&#8220; custom_margin=&#8220;|-3px||||&#8220; global_colors_info=&#8220;{}&#8220;][\/et_pb_image][et_pb_text _builder_version=&#8220;4.11.2&#8243; _module_preset=&#8220;default&#8220; text_text_color=&#8220;#000000&#8243; text_font_size=&#8220;16px&#8220; global_colors_info=&#8220;{}&#8220;]<\/p>\n<p style=\"text-align: center;\">Zuckerfrei &#8211; glutenfrei &#8211; laktosefrei &#8211; vegetarisch \u2013 vegan<\/p>\n<p>[\/et_pb_text][\/et_pb_column][et_pb_column type=&#8220;1_2&#8243; specialty_columns=&#8220;2&#8243; _builder_version=&#8220;3.25&#8243; custom_padding=&#8220;|||&#8220; global_colors_info=&#8220;{}&#8220; custom_padding__hover=&#8220;|||&#8220;][et_pb_row_inner _builder_version=&#8220;4.11.2&#8243; _module_preset=&#8220;default&#8220; global_colors_info=&#8220;{}&#8220;][et_pb_column_inner saved_specialty_column_type=&#8220;1_2&#8243; _builder_version=&#8220;4.11.2&#8243; _module_preset=&#8220;default&#8220; global_colors_info=&#8220;{}&#8220;][et_pb_text _builder_version=&#8220;4.11.2&#8243; _module_preset=&#8220;default&#8220; header_font=&#8220;|600|||||||&#8220; header_text_align=&#8220;center&#8220; header_text_color=&#8220;#a3195c&#8220; header_font_size=&#8220;40px&#8220; global_colors_info=&#8220;{}&#8220;]<\/p>\n<h1>Thail\u00e4ndischer salat aus mandarinen, spinat und pflaumen<\/h1>\n<p>[\/et_pb_text][\/et_pb_column_inner][\/et_pb_row_inner][et_pb_row_inner column_structure=&#8220;1_3,1_3,1_3&#8243; use_custom_gutter=&#8220;on&#8220; gutter_width=&#8220;1&#8243; _builder_version=&#8220;4.11.2&#8243; _module_preset=&#8220;default&#8220; custom_margin=&#8220;||||false|false&#8220; custom_padding=&#8220;0px||||false|false&#8220; global_colors_info=&#8220;{}&#8220;][et_pb_column_inner type=&#8220;1_3&#8243; saved_specialty_column_type=&#8220;1_2&#8243; _builder_version=&#8220;4.11.2&#8243; _module_preset=&#8220;default&#8220; global_colors_info=&#8220;{}&#8220;][et_pb_image src=&#8220;https:\/\/longlifechallenge.eu\/wp-content\/uploads\/2021\/10\/icon_person_ES.png&#8220; title_text=&#8220;icon_person_ES&#8220; _builder_version=&#8220;4.11.2&#8243; _module_preset=&#8220;default&#8220; width=&#8220;40%&#8220; width_tablet=&#8220;&#8220; width_phone=&#8220;20%&#8220; width_last_edited=&#8220;on|phone&#8220; module_alignment=&#8220;center&#8220; global_colors_info=&#8220;{}&#8220;][\/et_pb_image][et_pb_text _builder_version=&#8220;4.11.2&#8243; _module_preset=&#8220;default&#8220; text_font_size=&#8220;18px&#8220; global_colors_info=&#8220;{}&#8220;]<\/p>\n<p style=\"text-align: center;\"><strong>4<\/strong><\/p>\n<p>[\/et_pb_text][\/et_pb_column_inner][et_pb_column_inner type=&#8220;1_3&#8243; saved_specialty_column_type=&#8220;1_2&#8243; _builder_version=&#8220;4.11.2&#8243; _module_preset=&#8220;default&#8220; global_colors_info=&#8220;{}&#8220;][et_pb_image src=&#8220;https:\/\/longlifechallenge.eu\/wp-content\/uploads\/2021\/10\/icon_dificulty.png&#8220; title_text=&#8220;icon_dificulty&#8220; _builder_version=&#8220;4.11.2&#8243; _module_preset=&#8220;default&#8220; width=&#8220;40%&#8220; width_tablet=&#8220;&#8220; width_phone=&#8220;20%&#8220; width_last_edited=&#8220;on|phone&#8220; module_alignment=&#8220;center&#8220; custom_margin_tablet=&#8220;&#8220; custom_margin_phone=&#8220;12px||||false|false&#8220; custom_margin_last_edited=&#8220;on|phone&#8220; global_colors_info=&#8220;{}&#8220;][\/et_pb_image][et_pb_text _builder_version=&#8220;4.11.2&#8243; _module_preset=&#8220;default&#8220; text_font_size=&#8220;18px&#8220; global_colors_info=&#8220;{}&#8220;]<\/p>\n<p style=\"text-align: center;\"><strong>2<\/strong><\/p>\n<p>[\/et_pb_text][\/et_pb_column_inner][et_pb_column_inner type=&#8220;1_3&#8243; saved_specialty_column_type=&#8220;1_2&#8243; _builder_version=&#8220;4.11.2&#8243; _module_preset=&#8220;default&#8220; global_colors_info=&#8220;{}&#8220;][et_pb_image src=&#8220;https:\/\/longlifechallenge.eu\/wp-content\/uploads\/2021\/10\/icon_timer.png&#8220; title_text=&#8220;icon_timer&#8220; _builder_version=&#8220;4.11.2&#8243; _module_preset=&#8220;default&#8220; width=&#8220;40%&#8220; width_tablet=&#8220;&#8220; width_phone=&#8220;20%&#8220; width_last_edited=&#8220;on|phone&#8220; module_alignment=&#8220;center&#8220; custom_margin_tablet=&#8220;&#8220; custom_margin_phone=&#8220;12px||||false|false&#8220; custom_margin_last_edited=&#8220;on|phone&#8220; global_colors_info=&#8220;{}&#8220;][\/et_pb_image][et_pb_text _builder_version=&#8220;4.11.2&#8243; _module_preset=&#8220;default&#8220; text_font_size=&#8220;18px&#8220; global_colors_info=&#8220;{}&#8220;]<\/p>\n<p style=\"text-align: center;\"><strong>8 min<\/strong><\/p>\n<p>[\/et_pb_text][\/et_pb_column_inner][\/et_pb_row_inner][et_pb_row_inner _builder_version=&#8220;4.11.2&#8243; _module_preset=&#8220;default&#8220; custom_margin=&#8220;0px||||false|false&#8220; custom_padding=&#8220;0px||0px||false|false&#8220; global_colors_info=&#8220;{}&#8220;][et_pb_column_inner saved_specialty_column_type=&#8220;1_2&#8243; _builder_version=&#8220;4.11.2&#8243; _module_preset=&#8220;default&#8220; global_colors_info=&#8220;{}&#8220;][et_pb_text _builder_version=&#8220;4.11.2&#8243; _module_preset=&#8220;default&#8220; header_2_font=&#8220;|700|||||||&#8220; header_2_text_align=&#8220;center&#8220; global_colors_info=&#8220;{}&#8220;]<\/p>\n<h2>ZUTATEN<\/h2>\n<p>[\/et_pb_text][\/et_pb_column_inner][\/et_pb_row_inner][et_pb_row_inner column_structure=&#8220;1_2,1_2&#8243; _builder_version=&#8220;4.11.2&#8243; _module_preset=&#8220;default&#8220; global_colors_info=&#8220;{}&#8220;][et_pb_column_inner type=&#8220;1_2&#8243; saved_specialty_column_type=&#8220;1_2&#8243; _builder_version=&#8220;4.11.2&#8243; _module_preset=&#8220;default&#8220; global_colors_info=&#8220;{}&#8220;][et_pb_text _builder_version=&#8220;4.11.2&#8243; _module_preset=&#8220;default&#8220; text_font_size=&#8220;16px&#8220; custom_margin=&#8220;||0px||false|false&#8220; custom_margin_tablet=&#8220;&#8220; custom_margin_phone=&#8220;-12px||||false|false&#8220; custom_margin_last_edited=&#8220;on|phone&#8220; custom_padding=&#8220;||0px||false|false&#8220; global_colors_info=&#8220;{}&#8220;]<\/p>\n<ul>\n<li>2 Mandarinen<\/li>\n<li>150 g Blattspinat<\/li>\n<li>80 g Trockenpflaumen<\/li>\n<li>1\/2 Essl\u00f6ffel Erdnussbutter<\/li>\n<li>3 Essl\u00f6ffel Tamari (glutenfreies Soja)<\/li>\n<li>1 Essl\u00f6ffel Sesamsamen<\/li>\n<\/ul>\n<p>[\/et_pb_text][\/et_pb_column_inner][et_pb_column_inner type=&#8220;1_2&#8243; saved_specialty_column_type=&#8220;1_2&#8243; _builder_version=&#8220;4.11.2&#8243; _module_preset=&#8220;default&#8220; global_colors_info=&#8220;{}&#8220;][et_pb_text _builder_version=&#8220;4.11.2&#8243; _module_preset=&#8220;default&#8220; text_font_size=&#8220;16px&#8220; custom_margin=&#8220;||0px||false|false&#8220; custom_margin_tablet=&#8220;&#8220; custom_margin_phone=&#8220;-45px||||false|false&#8220; custom_margin_last_edited=&#8220;on|phone&#8220; custom_padding=&#8220;||0px||false|false&#8220; custom_padding_tablet=&#8220;&#8220; custom_padding_phone=&#8220;||35px||false|false&#8220; custom_padding_last_edited=&#8220;on|phone&#8220; global_colors_info=&#8220;{}&#8220;]<\/p>\n<p><strong>Vinaigrette:<\/strong><\/p>\n<ul>\n<li>2 Teel\u00f6ffel Sesam\u00f6l<\/li>\n<li>\u00bd Essl\u00f6ffel Erdnussbutter<\/li>\n<li>3 Essl\u00f6ffel Reisessig oder Apfelessig<\/li>\n<li>Eine Prise Salz<\/li>\n<\/ul>\n<p>[\/et_pb_text][\/et_pb_column_inner][\/et_pb_row_inner][et_pb_row_inner _builder_version=&#8220;4.11.2&#8243; _module_preset=&#8220;default&#8220; custom_margin=&#8220;-63px||0px||false|false&#8220; custom_padding=&#8220;0px||0px||false|false&#8220; global_colors_info=&#8220;{}&#8220;][et_pb_column_inner saved_specialty_column_type=&#8220;1_2&#8243; _builder_version=&#8220;4.11.2&#8243; _module_preset=&#8220;default&#8220; global_colors_info=&#8220;{}&#8220;][et_pb_text _builder_version=&#8220;4.11.2&#8243; _module_preset=&#8220;default&#8220; header_2_font=&#8220;|700|||||||&#8220; header_2_text_align=&#8220;center&#8220; global_colors_info=&#8220;{}&#8220;]<\/p>\n<h2>ZUBEREITUNG<\/h2>\n<p>[\/et_pb_text][\/et_pb_column_inner][\/et_pb_row_inner][et_pb_row_inner _builder_version=&#8220;4.11.2&#8243; _module_preset=&#8220;default&#8220; global_colors_info=&#8220;{}&#8220;][et_pb_column_inner saved_specialty_column_type=&#8220;1_2&#8243; _builder_version=&#8220;4.11.2&#8243; _module_preset=&#8220;default&#8220; global_colors_info=&#8220;{}&#8220;][et_pb_text _builder_version=&#8220;4.11.2&#8243; _module_preset=&#8220;default&#8220; text_font_size=&#8220;16px&#8220; custom_margin_tablet=&#8220;&#8220; custom_margin_phone=&#8220;-12px||||false|false&#8220; custom_margin_last_edited=&#8220;on|phone&#8220; global_colors_info=&#8220;{}&#8220;]<\/p>\n<p>Die Mandarinen sch\u00e4len, dabei alle wei\u00dfen Teile (Albedos) entfernen, bis die Segmente sauber sind.<\/p>\n<p>Den Blattspinat waschen und abtropfen lassen. Wenn die Bl\u00e4tter sehr gro\u00df sind, diese halbieren. Beiseitestellen.<\/p>\n<p>Die Trockenpflaumen in zwei oder drei St\u00fccke schneiden und mit einem halben Teel\u00f6ffel Erdn\u00fcsse, Tamari und Sesam in eine Sch\u00fcssel geben. Mischen und 15 Minuten lang ziehen lassen.<\/p>\n<p>Eine Basis aus Blattspinat, einigen Mandarinensegmenten und einigen St\u00fccken marinierten Trockenpflaumen in tiefe Teller geben. Dazu die zuvor in einem kleinen Krug oder einer Sch\u00fcssel anger\u00fchrte Vinaigrette servieren, je nach Geschmack beim Servieren auf dem Salat verteilen.<\/p>\n<p>[\/et_pb_text][\/et_pb_column_inner][\/et_pb_row_inner][\/et_pb_column][\/et_pb_section][et_pb_section fb_built=&#8220;1&#8243; _builder_version=&#8220;3.27.4&#8243; custom_padding=&#8220;68px||68px||true|&#8220; global_colors_info=&#8220;{}&#8220; global_module=&#8220;2461&#8243;][et_pb_row _builder_version=&#8220;3.27.4&#8243; width=&#8220;100%&#8220; max_width=&#8220;100%&#8220; global_colors_info=&#8220;{}&#8220;][et_pb_column type=&#8220;4_4&#8243; _builder_version=&#8220;3.27.4&#8243; global_colors_info=&#8220;{}&#8220;][dica_divi_carousel show_items_desktop=&#8220;6.25&#8243; centermode=&#8220;on&#8220; loop=&#8220;on&#8220; autoplay=&#8220;on&#8220; arrow_nav=&#8220;on&#8220; item_spacing=&#8220;20px&#8220; item_spacing_last_edited=&#8220;off|desktop&#8220; advanced_effect=&#8220;1&#8243; arrow_nav_color=&#8220;#ffffff&#8220; arrow_bg_color=&#8220;#242424&#8243; title_background=&#8220;RGBA(0,0,0,0)&#8220; content_container_margin=&#8220;-100px||||false|false&#8220; content_container_padding=&#8220;|25px|46px|25px|false|false&#8220; _builder_version=&#8220;4.11.2&#8243; title_font=&#8220;|700|||||||&#8220; title_text_align=&#8220;left&#8220; title_text_color=&#8220;#FFFFFF&#8220; title_font_size=&#8220;15px&#8220; subtitle_font=&#8220;|700|||||||&#8220; subtitle_text_color=&#8220;#ffffff&#8220; subtitle_font_size=&#8220;12px&#8220; border_radii_image=&#8220;on|8px|8px|8px|8px&#8220; global_colors_info=&#8220;{}&#8220;][dica_divi_carouselitem title=&#8220;GR\u00dcNER SALAT MIT ORANGE, GRANATAPFEL UND WALN\u00dcSSEN&#8220; sub_title=&#8220;Salat&#8220; url=&#8220;https:\/\/longlifechallenge.eu\/de\/rezepte\/salate\/gruner-salat-mit-orange-granatapfel-und-walnussen\/&#8220; button_url_new_window=&#8220;1&#8243; image=&#8220;https:\/\/longlifechallenge.eu\/wp-content\/uploads\/2021\/10\/ensalada-naranja-boton-1.jpg&#8220; _builder_version=&#8220;4.11.2&#8243; global_colors_info=&#8220;{}&#8220;][\/dica_divi_carouselitem][dica_divi_carouselitem title=&#8220;BABYSPINAT, MANDARINEN, AVOCADO UND KIRSCHTOMATEN&#8220; sub_title=&#8220;Salat&#8220; url=&#8220;https:\/\/longlifechallenge.eu\/de\/rezepte\/salate\/babyspinat-mandarinen-avocado-und-kirschtomaten\/&#8220; button_url_new_window=&#8220;1&#8243; image=&#8220;https:\/\/longlifechallenge.eu\/wp-content\/uploads\/2021\/10\/ensalada-mandarina-2-boton.jpg&#8220; _builder_version=&#8220;4.11.2&#8243; global_colors_info=&#8220;{}&#8220;][\/dica_divi_carouselitem][dica_divi_carouselitem title=&#8220;THAIL\u00c4NDISCHER SALAT AUS MANDARINEN UND PFLAUMEN&#8220; sub_title=&#8220;Salat&#8220; url=&#8220;https:\/\/longlifechallenge.eu\/de\/rezepte\/salate\/thailandischer-salat-aus-mandarinen-spinat-und-pflaumen\/&#8220; button_url_new_window=&#8220;1&#8243; image=&#8220;https:\/\/longlifechallenge.eu\/wp-content\/uploads\/2021\/10\/ensalada-mandarina-boton.jpg&#8220; _builder_version=&#8220;4.11.2&#8243; global_colors_info=&#8220;{}&#8220;][\/dica_divi_carouselitem][dica_divi_carouselitem title=&#8220;SALAT MIT FELDSALAT, ERDBEEREN, HEIDELBEEREN&#8230;&#8220; sub_title=&#8220;Salat&#8220; url=&#8220;https:\/\/longlifechallenge.eu\/de\/rezepte\/salate\/salat-mit-feldsalat-erdbeeren-heidelbeeren-walnussen-und-tofu\/&#8220; button_url_new_window=&#8220;1&#8243; image=&#8220;https:\/\/longlifechallenge.eu\/wp-content\/uploads\/2021\/10\/ensalada-fresas-boton.jpg&#8220; _builder_version=&#8220;4.11.2&#8243; global_colors_info=&#8220;{}&#8220;][\/dica_divi_carouselitem][dica_divi_carouselitem title=&#8220;SALAT AUS PASTA, BROKKOLI UND H\u00dcHNCHEN&#8220; sub_title=&#8220;Salat&#8220; url=&#8220;https:\/\/longlifechallenge.eu\/de\/rezepte\/salate\/salat-aus-pasta-brokkoli-und-huhnchen\/&#8220; button_url_new_window=&#8220;1&#8243; image=&#8220;https:\/\/longlifechallenge.eu\/wp-content\/uploads\/2021\/10\/Ensalada-brocoli-pasta-boton.jpg&#8220; _builder_version=&#8220;4.11.2&#8243; global_colors_info=&#8220;{}&#8220;][\/dica_divi_carouselitem][dica_divi_carouselitem title=&#8220;SALAT AUS REIS, BROKKOLI, WALN\u00dcSSEN&#8230;&#8220; sub_title=&#8220;Salat&#8220; url=&#8220;https:\/\/longlifechallenge.eu\/de\/rezepte\/salate\/salat-aus-reis-brokkoli-walnussen-und-frischem-koriander\/&#8220; button_url_new_window=&#8220;1&#8243; image=&#8220;https:\/\/longlifechallenge.eu\/wp-content\/uploads\/2021\/10\/ensalada-brocoli-arroz-boton.jpg&#8220; _builder_version=&#8220;4.11.2&#8243; global_colors_info=&#8220;{}&#8220;][\/dica_divi_carouselitem][dica_divi_carouselitem title=&#8220;VITAMINREICHER SALAT MIT SPARGEL, BIMI-BROKKOLI&#8230;&#8220; sub_title=&#8220;Salat&#8220; url=&#8220;https:\/\/longlifechallenge.eu\/de\/rezepte\/salate\/vitaminreicher-salat-mit-spargel-bimi-brokkoli-und-spinat\/&#8220; button_url_new_window=&#8220;1&#8243; image=&#8220;https:\/\/longlifechallenge.eu\/wp-content\/uploads\/2021\/10\/ensalada-esparragos-boton.jpg&#8220; _builder_version=&#8220;4.11.2&#8243; global_colors_info=&#8220;{}&#8220;][\/dica_divi_carouselitem][dica_divi_carouselitem title=&#8220;SALAT MIT SALATHERZEN, APFEL, GRANATAPFEL&#8230;&#8220; sub_title=&#8220;Salat&#8220; url=&#8220;https:\/\/longlifechallenge.eu\/de\/rezepte\/salate\/salat-mit-salatherzen-apfel-granatapfel-walnussen-blauschimmelkase-und-dill\/&#8220; button_url_new_window=&#8220;1&#8243; image=&#8220;https:\/\/longlifechallenge.eu\/wp-content\/uploads\/2021\/10\/ensalada-manzana-boton.jpg&#8220; _builder_version=&#8220;4.11.2&#8243; global_colors_info=&#8220;{}&#8220;][\/dica_divi_carouselitem][\/dica_divi_carousel][\/et_pb_column][\/et_pb_row][\/et_pb_section]<\/p>\n","protected":false},"excerpt":{"rendered":"<p>Zuckerfrei &#8211; glutenfrei &#8211; laktosefrei &#8211; vegetarisch \u2013 veganThail\u00e4ndischer salat aus mandarinen, spinat und pflaumen428 minZUTATEN 2 Mandarinen 150 g Blattspinat 80 g Trockenpflaumen 1\/2 Essl\u00f6ffel Erdnussbutter 3 Essl\u00f6ffel Tamari (glutenfreies Soja) 1 Essl\u00f6ffel Sesamsamen Vinaigrette: 2 Teel\u00f6ffel Sesam\u00f6l \u00bd Essl\u00f6ffel Erdnussbutter 3 Essl\u00f6ffel Reisessig oder Apfelessig Eine Prise Salz ZUBEREITUNGDie Mandarinen sch\u00e4len, dabei alle [&hellip;]<\/p>\n","protected":false},"author":1,"featured_media":0,"parent":2359,"menu_order":3,"comment_status":"closed","ping_status":"closed","template":"","meta":{"_et_pb_use_builder":"on","_et_pb_old_content":"","_et_gb_content_width":"","footnotes":""},"_links":{"self":[{"href":"https:\/\/longlifechallenge.eu\/de\/wp-json\/wp\/v2\/pages\/2364"}],"collection":[{"href":"https:\/\/longlifechallenge.eu\/de\/wp-json\/wp\/v2\/pages"}],"about":[{"href":"https:\/\/longlifechallenge.eu\/de\/wp-json\/wp\/v2\/types\/page"}],"author":[{"embeddable":true,"href":"https:\/\/longlifechallenge.eu\/de\/wp-json\/wp\/v2\/users\/1"}],"replies":[{"embeddable":true,"href":"https:\/\/longlifechallenge.eu\/de\/wp-json\/wp\/v2\/comments?post=2364"}],"version-history":[{"count":3,"href":"https:\/\/longlifechallenge.eu\/de\/wp-json\/wp\/v2\/pages\/2364\/revisions"}],"predecessor-version":[{"id":2784,"href":"https:\/\/longlifechallenge.eu\/de\/wp-json\/wp\/v2\/pages\/2364\/revisions\/2784"}],"up":[{"embeddable":true,"href":"https:\/\/longlifechallenge.eu\/de\/wp-json\/wp\/v2\/pages\/2359"}],"wp:attachment":[{"href":"https:\/\/longlifechallenge.eu\/de\/wp-json\/wp\/v2\/media?parent=2364"}],"curies":[{"name":"wp","href":"https:\/\/api.w.org\/{rel}","templated":true}]}}