{"id":2351,"date":"2021-10-23T16:16:54","date_gmt":"2021-10-23T16:16:54","guid":{"rendered":"https:\/\/tacticseurope.com\/demos\/5aldia\/rezepte\/fruhstuck\/zitruscrepes-mit-orange-beeren-und-kakaocreme\/"},"modified":"2021-10-24T17:00:39","modified_gmt":"2021-10-24T17:00:39","slug":"zitruscrepes-mit-orange-beeren-und-kakaocreme","status":"publish","type":"page","link":"https:\/\/longlifechallenge.eu\/de\/rezepte\/fruhstuck\/zitruscrepes-mit-orange-beeren-und-kakaocreme\/","title":{"rendered":"Zitruscr\u00eapes mit orange, beeren und kakaocreme"},"content":{"rendered":"<p>[et_pb_section fb_built=&#8220;1&#8243; specialty=&#8220;on&#8220; _builder_version=&#8220;4.11.2&#8243; _module_preset=&#8220;default&#8220; global_colors_info=&#8220;{}&#8220;][et_pb_column type=&#8220;1_2&#8243; _builder_version=&#8220;3.25&#8243; custom_padding=&#8220;|||&#8220; global_colors_info=&#8220;{}&#8220; custom_padding__hover=&#8220;|||&#8220;][et_pb_image src=&#8220;https:\/\/longlifechallenge.eu\/wp-content\/uploads\/2021\/10\/receta-desayuno-naranja.jpg&#8220; title_text=&#8220;receta desayuno naranja&#8220; _builder_version=&#8220;4.11.2&#8243; _module_preset=&#8220;default&#8220; custom_margin=&#8220;|-3px||||&#8220; global_colors_info=&#8220;{}&#8220;][\/et_pb_image][et_pb_text _builder_version=&#8220;4.11.2&#8243; _module_preset=&#8220;default&#8220; text_text_color=&#8220;#000000&#8243; text_font_size=&#8220;16px&#8220; global_colors_info=&#8220;{}&#8220;]<\/p>\n<p style=\"text-align: center;\">Zuckerfrei &#8211; glutenfrei &#8211; laktosefrei &#8211; vegetarisch<\/p>\n<p>[\/et_pb_text][\/et_pb_column][et_pb_column type=&#8220;1_2&#8243; specialty_columns=&#8220;2&#8243; _builder_version=&#8220;3.25&#8243; custom_padding=&#8220;|||&#8220; global_colors_info=&#8220;{}&#8220; custom_padding__hover=&#8220;|||&#8220;][et_pb_row_inner _builder_version=&#8220;4.11.2&#8243; _module_preset=&#8220;default&#8220; global_colors_info=&#8220;{}&#8220;][et_pb_column_inner saved_specialty_column_type=&#8220;1_2&#8243; _builder_version=&#8220;4.11.2&#8243; _module_preset=&#8220;default&#8220; global_colors_info=&#8220;{}&#8220;][et_pb_text _builder_version=&#8220;4.11.2&#8243; _module_preset=&#8220;default&#8220; header_font=&#8220;|600|||||||&#8220; header_text_align=&#8220;center&#8220; header_text_color=&#8220;#a3195c&#8220; header_font_size=&#8220;40px&#8220; global_colors_info=&#8220;{}&#8220;]<\/p>\n<h1>Zitruscr\u00eapes mit orange, beeren und kakaocreme<\/h1>\n<p>[\/et_pb_text][\/et_pb_column_inner][\/et_pb_row_inner][et_pb_row_inner column_structure=&#8220;1_3,1_3,1_3&#8243; use_custom_gutter=&#8220;on&#8220; gutter_width=&#8220;1&#8243; _builder_version=&#8220;4.11.2&#8243; _module_preset=&#8220;default&#8220; custom_margin=&#8220;||||false|false&#8220; custom_padding=&#8220;0px||||false|false&#8220; global_colors_info=&#8220;{}&#8220;][et_pb_column_inner type=&#8220;1_3&#8243; saved_specialty_column_type=&#8220;1_2&#8243; _builder_version=&#8220;4.11.2&#8243; _module_preset=&#8220;default&#8220; global_colors_info=&#8220;{}&#8220;][et_pb_image src=&#8220;https:\/\/longlifechallenge.eu\/wp-content\/uploads\/2021\/10\/icon_person_ES.png&#8220; title_text=&#8220;icon_person_ES&#8220; _builder_version=&#8220;4.11.2&#8243; _module_preset=&#8220;default&#8220; width=&#8220;40%&#8220; width_tablet=&#8220;&#8220; width_phone=&#8220;20%&#8220; width_last_edited=&#8220;on|phone&#8220; module_alignment=&#8220;center&#8220; global_colors_info=&#8220;{}&#8220;][\/et_pb_image][et_pb_text _builder_version=&#8220;4.11.2&#8243; _module_preset=&#8220;default&#8220; text_font_size=&#8220;18px&#8220; global_colors_info=&#8220;{}&#8220;]<\/p>\n<p style=\"text-align: center;\"><strong>4<\/strong><\/p>\n<p>[\/et_pb_text][\/et_pb_column_inner][et_pb_column_inner type=&#8220;1_3&#8243; saved_specialty_column_type=&#8220;1_2&#8243; _builder_version=&#8220;4.11.2&#8243; _module_preset=&#8220;default&#8220; global_colors_info=&#8220;{}&#8220;][et_pb_image src=&#8220;https:\/\/longlifechallenge.eu\/wp-content\/uploads\/2021\/10\/icon_dificulty.png&#8220; title_text=&#8220;icon_dificulty&#8220; _builder_version=&#8220;4.11.2&#8243; _module_preset=&#8220;default&#8220; width=&#8220;40%&#8220; width_tablet=&#8220;&#8220; width_phone=&#8220;20%&#8220; width_last_edited=&#8220;on|phone&#8220; module_alignment=&#8220;center&#8220; custom_margin_tablet=&#8220;&#8220; custom_margin_phone=&#8220;12px||||false|false&#8220; custom_margin_last_edited=&#8220;on|phone&#8220; global_colors_info=&#8220;{}&#8220;][\/et_pb_image][et_pb_text _builder_version=&#8220;4.11.2&#8243; _module_preset=&#8220;default&#8220; text_font_size=&#8220;18px&#8220; global_colors_info=&#8220;{}&#8220;]<\/p>\n<p style=\"text-align: center;\"><strong>1<\/strong><\/p>\n<p>[\/et_pb_text][\/et_pb_column_inner][et_pb_column_inner type=&#8220;1_3&#8243; saved_specialty_column_type=&#8220;1_2&#8243; _builder_version=&#8220;4.11.2&#8243; _module_preset=&#8220;default&#8220; global_colors_info=&#8220;{}&#8220;][et_pb_image src=&#8220;https:\/\/longlifechallenge.eu\/wp-content\/uploads\/2021\/10\/icon_timer.png&#8220; title_text=&#8220;icon_timer&#8220; _builder_version=&#8220;4.11.2&#8243; _module_preset=&#8220;default&#8220; width=&#8220;40%&#8220; width_tablet=&#8220;&#8220; width_phone=&#8220;20%&#8220; width_last_edited=&#8220;on|phone&#8220; module_alignment=&#8220;center&#8220; custom_margin_tablet=&#8220;&#8220; custom_margin_phone=&#8220;12px||||false|false&#8220; custom_margin_last_edited=&#8220;on|phone&#8220; global_colors_info=&#8220;{}&#8220;][\/et_pb_image][et_pb_text _builder_version=&#8220;4.11.2&#8243; _module_preset=&#8220;default&#8220; text_font_size=&#8220;18px&#8220; global_colors_info=&#8220;{}&#8220;]<\/p>\n<p style=\"text-align: center;\"><strong>15 min<\/strong><\/p>\n<p>[\/et_pb_text][\/et_pb_column_inner][\/et_pb_row_inner][et_pb_row_inner _builder_version=&#8220;4.11.2&#8243; _module_preset=&#8220;default&#8220; custom_margin=&#8220;0px||||false|false&#8220; custom_padding=&#8220;0px||0px||false|false&#8220; global_colors_info=&#8220;{}&#8220;][et_pb_column_inner saved_specialty_column_type=&#8220;1_2&#8243; _builder_version=&#8220;4.11.2&#8243; _module_preset=&#8220;default&#8220; global_colors_info=&#8220;{}&#8220;][et_pb_text _builder_version=&#8220;4.11.2&#8243; _module_preset=&#8220;default&#8220; header_2_font=&#8220;|700|||||||&#8220; header_2_text_align=&#8220;center&#8220; global_colors_info=&#8220;{}&#8220;]<\/p>\n<h2>ZUTATEN<\/h2>\n<p>[\/et_pb_text][\/et_pb_column_inner][\/et_pb_row_inner][et_pb_row_inner column_structure=&#8220;1_2,1_2&#8243; _builder_version=&#8220;4.11.2&#8243; _module_preset=&#8220;default&#8220; global_colors_info=&#8220;{}&#8220;][et_pb_column_inner type=&#8220;1_2&#8243; saved_specialty_column_type=&#8220;1_2&#8243; _builder_version=&#8220;4.11.2&#8243; _module_preset=&#8220;default&#8220; global_colors_info=&#8220;{}&#8220;][et_pb_text _builder_version=&#8220;4.11.2&#8243; _module_preset=&#8220;default&#8220; text_font_size=&#8220;16px&#8220; custom_margin=&#8220;||0px||false|false&#8220; custom_padding=&#8220;||0px||false|false&#8220; global_colors_info=&#8220;{}&#8220;]<\/p>\n<ul>\n<li>100 g Hafervollkornmehl<\/li>\n<li>250 ml Mandelmilch oder andere Pflanzenmilch<\/li>\n<li>1 Ei<\/li>\n<li>Geriebene Schale einer Zitrone<\/li>\n<li>3 Essl\u00f6ffel natives Oliven\u00f6l extra<\/li>\n<li>Salz nach Geschmack<\/li>\n<li>2 Orangen<\/li>\n<li>\u00bd B\u00fcndel Minze<\/li>\n<\/ul>\n<p>[\/et_pb_text][\/et_pb_column_inner][et_pb_column_inner type=&#8220;1_2&#8243; saved_specialty_column_type=&#8220;1_2&#8243; _builder_version=&#8220;4.11.2&#8243; _module_preset=&#8220;default&#8220; global_colors_info=&#8220;{}&#8220;][et_pb_text _builder_version=&#8220;4.11.2&#8243; _module_preset=&#8220;default&#8220; text_font_size=&#8220;16px&#8220; custom_margin=&#8220;||||false|false&#8220; custom_margin_tablet=&#8220;&#8220; custom_margin_phone=&#8220;-45px||||false|false&#8220; custom_margin_last_edited=&#8220;on|phone&#8220; custom_padding=&#8220;||45px||false|false&#8220; global_colors_info=&#8220;{}&#8220;]<\/p>\n<p><strong>Als Beilage zu den Cr\u00eapes:<\/strong><\/p>\n<ul>\n<li>Kakao-\/Haselnusscreme<\/li>\n<li>Verschiedene Beeren<\/li>\n<li>Honig<\/li>\n<\/ul>\n<p>[\/et_pb_text][\/et_pb_column_inner][\/et_pb_row_inner][et_pb_row_inner _builder_version=&#8220;4.11.2&#8243; _module_preset=&#8220;default&#8220; custom_margin=&#8220;-63px||0px||false|false&#8220; custom_padding=&#8220;0px||0px||false|false&#8220; global_colors_info=&#8220;{}&#8220;][et_pb_column_inner saved_specialty_column_type=&#8220;1_2&#8243; _builder_version=&#8220;4.11.2&#8243; _module_preset=&#8220;default&#8220; global_colors_info=&#8220;{}&#8220;][et_pb_text _builder_version=&#8220;4.11.2&#8243; _module_preset=&#8220;default&#8220; header_2_font=&#8220;|700|||||||&#8220; header_2_text_align=&#8220;center&#8220; global_colors_info=&#8220;{}&#8220;]<\/p>\n<h2>ZUBEREITUNG<\/h2>\n<p>[\/et_pb_text][\/et_pb_column_inner][\/et_pb_row_inner][et_pb_row_inner _builder_version=&#8220;4.11.2&#8243; _module_preset=&#8220;default&#8220; global_colors_info=&#8220;{}&#8220;][et_pb_column_inner saved_specialty_column_type=&#8220;1_2&#8243; _builder_version=&#8220;4.11.2&#8243; _module_preset=&#8220;default&#8220; global_colors_info=&#8220;{}&#8220;][et_pb_text _builder_version=&#8220;4.11.2&#8243; _module_preset=&#8220;default&#8220; text_font_size=&#8220;16px&#8220; global_colors_info=&#8220;{}&#8220;]<\/p>\n<p>In einer Sch\u00fcssel das Hafermehl, die Mandelmilch, die Eier und die Zitronenschale zu einem glatten Teig verarbeiten. Mit Frischhaltefolie abgedeckt 30 Minuten lang im K\u00fchlschrank ruhen lassen.<\/p>\n<p>Eine Pfanne bei mittlerer Hitze erhitzen und ein wenig Oliven\u00f6l hineingeben. Einen Sch\u00f6pfl\u00f6ffel Teig hineingie\u00dfen und garen, bis er an der Oberfl\u00e4che Blasen wirft. Die Cr\u00eapes mit einem Spachtel oder mit Hilfe eines Tellers wenden. Auf der anderen Seite noch ein paar Minuten braten und beiseitestellen.<\/p>\n<p>Den Vorgang mit allen Cr\u00eapes wiederholen.<\/p>\n<p>Die Orangen sch\u00e4len und dabei den wei\u00dfen Teil entfernen. In Scheiben schneiden. Die Minzbl\u00e4tter waschen.<\/p>\n<p>Auf einen Teller einige Cr\u00eapes, einige Orangenscheiben und Minzbl\u00e4tter anrichten.<\/p>\n<p>Anmerkung:<br \/>Cr\u00eapes mit Kakaocreme, roten Fr\u00fcchten, Honig usw. servieren.<\/p>\n<p>[\/et_pb_text][\/et_pb_column_inner][\/et_pb_row_inner][\/et_pb_column][\/et_pb_section][et_pb_section fb_built=&#8220;1&#8243; _builder_version=&#8220;3.27.4&#8243; custom_padding=&#8220;68px||68px||true|&#8220; global_colors_info=&#8220;{}&#8220; global_module=&#8220;2462&#8243;][et_pb_row _builder_version=&#8220;3.27.4&#8243; width=&#8220;100%&#8220; max_width=&#8220;100%&#8220; global_colors_info=&#8220;{}&#8220;][et_pb_column type=&#8220;4_4&#8243; _builder_version=&#8220;3.27.4&#8243; global_colors_info=&#8220;{}&#8220;][dica_divi_carousel show_items_desktop=&#8220;6.25&#8243; centermode=&#8220;on&#8220; loop=&#8220;on&#8220; autoplay=&#8220;on&#8220; arrow_nav=&#8220;on&#8220; item_spacing=&#8220;20px&#8220; item_spacing_last_edited=&#8220;off|desktop&#8220; advanced_effect=&#8220;1&#8243; arrow_nav_color=&#8220;#ffffff&#8220; arrow_bg_color=&#8220;#242424&#8243; title_background=&#8220;RGBA(0,0,0,0)&#8220; content_container_margin=&#8220;-100px||||false|false&#8220; content_container_padding=&#8220;|25px|46px|25px|false|false&#8220; _builder_version=&#8220;4.11.2&#8243; title_font=&#8220;|700|||||||&#8220; title_text_align=&#8220;left&#8220; title_text_color=&#8220;#FFFFFF&#8220; title_font_size=&#8220;15px&#8220; subtitle_font=&#8220;|700|||||||&#8220; subtitle_text_color=&#8220;#ffffff&#8220; subtitle_font_size=&#8220;12px&#8220; border_radii_image=&#8220;on|8px|8px|8px|8px&#8220; global_colors_info=&#8220;{}&#8220;][dica_divi_carouselitem title=&#8220;ZITRUSCR\u00caPES MIT ORANGE, BEEREN UND KAKAOCREME&#8220; sub_title=&#8220;Fr\u00fchst\u00fcck&#8220; url=&#8220;https:\/\/longlifechallenge.eu\/de\/rezepte\/fruhstuck\/zitruscrepes-mit-orange-beeren-und-kakaocreme\/&#8220; button_url_new_window=&#8220;1&#8243; image=&#8220;https:\/\/longlifechallenge.eu\/wp-content\/uploads\/2021\/10\/naranja-boton.jpg&#8220; _builder_version=&#8220;4.11.2&#8243; global_colors_info=&#8220;{}&#8220;][\/dica_divi_carouselitem][dica_divi_carouselitem title=&#8220;PFANNKUCHEN MIT KAKAO UND MANDARINEN&#8220; sub_title=&#8220;Fr\u00fchst\u00fcck&#8220; url=&#8220;https:\/\/longlifechallenge.eu\/de\/rezepte\/fruhstuck\/pfannkuchen-mit-kakao-banane-und-kokos-yoghurtkefir-und-mandarinen\/&#8220; button_url_new_window=&#8220;1&#8243; image=&#8220;https:\/\/longlifechallenge.eu\/wp-content\/uploads\/2021\/10\/Pancake-Mandarinas-boton.jpg&#8220; _builder_version=&#8220;4.11.2&#8243; global_colors_info=&#8220;{}&#8220;][\/dica_divi_carouselitem][dica_divi_carouselitem title=&#8220;GL\u00c4SCHEN VOLLER M\u00dcSLI, NATURJOGHURT UND ERDBEEREN&#8220; sub_title=&#8220;Fr\u00fchst\u00fcck&#8220; url=&#8220;https:\/\/longlifechallenge.eu\/de\/rezepte\/fruhstuck\/glaschen-voller-musli-naturjoghurt-und-erdbeeren\/&#8220; button_url_new_window=&#8220;1&#8243; image=&#8220;https:\/\/longlifechallenge.eu\/wp-content\/uploads\/2021\/10\/vasito-muesli-fresas-boton.jpg&#8220; _builder_version=&#8220;4.11.2&#8243; global_colors_info=&#8220;{}&#8220;][\/dica_divi_carouselitem][dica_divi_carouselitem title=&#8220;REISKEKSE MIT H\u00dcTTENK\u00c4SE UND HONIG, ERDBEEREN&#8230;&#8220; sub_title=&#8220;Fr\u00fchst\u00fcck&#8220; url=&#8220;https:\/\/longlifechallenge.eu\/de\/rezepte\/fruhstuck\/reiskekse-mit-huttenkase-und-honig-erdbeeren-und-sesamsamen\/&#8220; button_url_new_window=&#8220;1&#8243; image=&#8220;https:\/\/longlifechallenge.eu\/wp-content\/uploads\/2021\/10\/tortitas-arroz-fresas-boton.jpg&#8220; _builder_version=&#8220;4.11.2&#8243; global_colors_info=&#8220;{}&#8220;][\/dica_divi_carouselitem][dica_divi_carouselitem title=&#8220;BROKKOLI- UND LACHSQUICHE&#8220; sub_title=&#8220;Fr\u00fchst\u00fcck&#8220; url=&#8220;https:\/\/longlifechallenge.eu\/de\/rezepte\/fruhstuck\/brokkoli-und-lachsquiche\/&#8220; button_url_new_window=&#8220;1&#8243; image=&#8220;https:\/\/longlifechallenge.eu\/wp-content\/uploads\/2021\/10\/quiche-brocoli-boton.jpg&#8220; _builder_version=&#8220;4.11.2&#8243; global_colors_info=&#8220;{}&#8220;][\/dica_divi_carouselitem][dica_divi_carouselitem title=&#8220;OMELETT MIT GR\u00dcNEM SPARGEL UND PARMESAN&#8220; sub_title=&#8220;Fr\u00fchst\u00fcck&#8220; url=&#8220;https:\/\/longlifechallenge.eu\/de\/rezepte\/fruhstuck\/omelett-mit-grunem-spargel-basilikum-und-parmesan\/&#8220; button_url_new_window=&#8220;1&#8243; image=&#8220;https:\/\/longlifechallenge.eu\/wp-content\/uploads\/2021\/10\/tortilla-esparragos-boton.jpg&#8220; _builder_version=&#8220;4.11.2&#8243; global_colors_info=&#8220;{}&#8220;][\/dica_divi_carouselitem][dica_divi_carouselitem title=&#8220;VEGANER PUDDING AUS CHIA, APFEL UND ZIMT&#8220; sub_title=&#8220;Fr\u00fchst\u00fcck&#8220; url=&#8220;https:\/\/longlifechallenge.eu\/de\/rezepte\/fruhstuck\/veganer-pudding-aus-chia-apfel-und-zimt\/&#8220; button_url_new_window=&#8220;1&#8243; image=&#8220;https:\/\/longlifechallenge.eu\/wp-content\/uploads\/2021\/10\/pudin-manzana-boton.jpg&#8220; _builder_version=&#8220;4.11.2&#8243; global_colors_info=&#8220;{}&#8220;][\/dica_divi_carouselitem][dica_divi_carouselitem title=&#8220;GLUTENFREIES FR\u00dcHST\u00dcCK MIT M\u00dcSLI UND HEIDELBEEREN&#8220; sub_title=&#8220;Fr\u00fchst\u00fcck&#8220; url=&#8220;https:\/\/longlifechallenge.eu\/de\/rezepte\/fruhstuck\/glutenfreies-fruhstuck-mit-musli-naturjoghurt-und-heidelbeeren\/&#8220; button_url_new_window=&#8220;1&#8243; image=&#8220;https:\/\/longlifechallenge.eu\/wp-content\/uploads\/2021\/10\/arandanos-boton.jpg&#8220; _builder_version=&#8220;4.11.2&#8243; global_colors_info=&#8220;{}&#8220;][\/dica_divi_carouselitem][\/dica_divi_carousel][\/et_pb_column][\/et_pb_row][\/et_pb_section]<\/p>\n","protected":false},"excerpt":{"rendered":"<p>Zuckerfrei &#8211; glutenfrei &#8211; laktosefrei &#8211; vegetarischZitruscr\u00eapes mit orange, beeren und kakaocreme4115 minZUTATEN 100 g Hafervollkornmehl 250 ml Mandelmilch oder andere Pflanzenmilch 1 Ei Geriebene Schale einer Zitrone 3 Essl\u00f6ffel natives Oliven\u00f6l extra Salz nach Geschmack 2 Orangen \u00bd B\u00fcndel Minze Als Beilage zu den Cr\u00eapes: Kakao-\/Haselnusscreme Verschiedene Beeren Honig ZUBEREITUNGIn einer Sch\u00fcssel das Hafermehl, [&hellip;]<\/p>\n","protected":false},"author":1,"featured_media":0,"parent":2350,"menu_order":1,"comment_status":"closed","ping_status":"closed","template":"","meta":{"_et_pb_use_builder":"on","_et_pb_old_content":"","_et_gb_content_width":"","footnotes":""},"_links":{"self":[{"href":"https:\/\/longlifechallenge.eu\/de\/wp-json\/wp\/v2\/pages\/2351"}],"collection":[{"href":"https:\/\/longlifechallenge.eu\/de\/wp-json\/wp\/v2\/pages"}],"about":[{"href":"https:\/\/longlifechallenge.eu\/de\/wp-json\/wp\/v2\/types\/page"}],"author":[{"embeddable":true,"href":"https:\/\/longlifechallenge.eu\/de\/wp-json\/wp\/v2\/users\/1"}],"replies":[{"embeddable":true,"href":"https:\/\/longlifechallenge.eu\/de\/wp-json\/wp\/v2\/comments?post=2351"}],"version-history":[{"count":3,"href":"https:\/\/longlifechallenge.eu\/de\/wp-json\/wp\/v2\/pages\/2351\/revisions"}],"predecessor-version":[{"id":2774,"href":"https:\/\/longlifechallenge.eu\/de\/wp-json\/wp\/v2\/pages\/2351\/revisions\/2774"}],"up":[{"embeddable":true,"href":"https:\/\/longlifechallenge.eu\/de\/wp-json\/wp\/v2\/pages\/2350"}],"wp:attachment":[{"href":"https:\/\/longlifechallenge.eu\/de\/wp-json\/wp\/v2\/media?parent=2351"}],"curies":[{"name":"wp","href":"https:\/\/api.w.org\/{rel}","templated":true}]}}